{"id":16645,"date":"2022-01-22T10:38:27","date_gmt":"2022-01-22T09:38:27","guid":{"rendered":"https:\/\/demoweb.info\/sexshop001\/producto\/eden-tulip-turquesa-185-cm\/"},"modified":"2022-01-22T10:38:34","modified_gmt":"2022-01-22T09:38:34","slug":"eden-tulip-turquesa-185-cm","status":"publish","type":"product","link":"https:\/\/demoweb.info\/sexshop001\/producto\/eden-tulip-turquesa-185-cm\/","title":{"rendered":"EDEN TULIP &#8211; TURQUESA &#8211; 18,5 CM"},"content":{"rendered":"<p><strong>EDEN TULIP &#8211; AQUA &#8211; 18,5 CM<\/strong><\/p>\n<p>Disfruta de un para\u00edso de placer con el excitante Eden\u2122 Tulip. Este sensacional vibrador cuenta con una punta bulbosa, un dise\u00f1o flexible y 10 potentes funciones de vibraci\u00f3n. La punta en forma de bulbo y el eje flexible son perfectos para acariciar los puntos dulces internos y externos.<\/p>\n<p>Disfruta de un placer personalizado mientras el masajeador curvado pulsa al ritmo de 10 vibraciones vivas, pulsaciones apasionadas y escaladas er\u00f3ticas. Controla esta variedad de opciones org\u00e1smicas con el bot\u00f3n de control de f\u00e1cil pulsaci\u00f3n situado en la base del masajeador.<\/p>\n<p>Tanto si te das un chapuz\u00f3n con tu amante como si te entregas a una t\u00f3rrida sesi\u00f3n en solitario, podr\u00e1s disfrutar de hasta horas de vibraci\u00f3n resistente al agua.<\/p>\n<p>Activa tu vibrador de placer con 2 pilas AAA.<\/p>\n<p>El masajeador flexible est\u00e1 fabricado con una silicona higi\u00e9nicamente superior. Este material, seguro para el cuerpo, no tiene perfume ni ftalatos, para mantener tus puntos m\u00e1s sensibles felices y sanos.<\/p>\n<p><strong>CARACTER\u00cdSTICAS<\/strong><\/p>\n<ul>\n<li>Informaci\u00f3n Adicional: \u25cf Masajeador de silicona de alta calidad con punta bulbosa \u25cf 10 potentes funciones de vibraci\u00f3n, pulsaci\u00f3n y escalada \u25cf Estimulaci\u00f3n puntual con punta bulbosa intensa \u25cf F\u00e1cil control mediante un bot\u00f3n: mant\u00e9ngalo pulsado durante 3 segundos para encenderlo o apagarlo<\/li>\n<li>Dimensiones del producto: 6.25 x 1.25\/16 cm x 3.25 cm (masajeador) | 7.25 x 1.25\/18.5 cm x 3.25 cm (total)<\/li>\n<li>Longitud total: 18.5 cm<\/li>\n<li>Di\u00e1metro: 3.25 cm<\/li>\n<li>Vibrando: Si<\/li>\n<li>Modos de vibraci\u00f3n: 10<\/li>\n<li>Resistencia al agua: Impermeable<\/li>\n<li>Material: Silicona (masajeador, bot\u00f3n) ABS con recubrimiento met\u00e1lico (controlador)<\/li>\n<\/ul>\n","protected":false},"excerpt":{"rendered":"<p>EDEN TULIP &#8211; AQUA &#8211; 18,5 CM Disfruta de un para\u00edso de placer con el excitante Eden\u2122 Tulip. Este sensacional<\/p>\n","protected":false},"featured_media":16646,"comment_status":"open","ping_status":"open","template":"","meta":[],"product_cat":[639],"product_tag":[660,881],"class_list":["post-16645","product","type-product","status-publish","has-post-thumbnail","hentry","product_cat-punto-g","product_tag-calexotics","product_tag-eden"],"bundled_by":[],"bundle_stock_status":"instock","bundle_stock_quantity":1,"bundle_virtual":false,"bundle_layout":"","bundle_add_to_cart_form_location":"","bundle_editable_in_cart":false,"bundle_sold_individually_context":"","bundle_item_grouping":"","bundle_min_size":"","bundle_max_size":"","bundled_items":[],"yoast_head":"<!-- This site is optimized with the Yoast SEO plugin v20.6 - https:\/\/yoast.com\/wordpress\/plugins\/seo\/ -->\n<title>EDEN TULIP - TURQUESA - 18,5 CM - Tienda Er\u00f3tica<\/title>\n<meta name=\"robots\" content=\"noindex, follow, max-snippet:-1, max-image-preview:large, max-video-preview:-1\" \/>\n<meta property=\"og:locale\" content=\"es_ES\" \/>\n<meta property=\"og:type\" content=\"article\" \/>\n<meta property=\"og:title\" content=\"EDEN TULIP - TURQUESA - 18,5 CM - Tienda Er\u00f3tica\" \/>\n<meta property=\"og:description\" content=\"EDEN TULIP &#8211; AQUA &#8211; 18,5 CM Disfruta de un para\u00edso de placer con el excitante Eden\u2122 Tulip. Este sensacional\" \/>\n<meta property=\"og:url\" content=\"https:\/\/demoweb.info\/sexshop001\/producto\/eden-tulip-turquesa-185-cm\/\" \/>\n<meta property=\"og:site_name\" content=\"Tienda Er\u00f3tica\" \/>\n<meta property=\"article:modified_time\" content=\"2022-01-22T09:38:34+00:00\" \/>\n<meta property=\"og:image\" content=\"https:\/\/demoweb.info\/sexshop001\/wp-content\/uploads\/2022\/01\/EDEN-TULIP-TURQUESA-185-CM.jpg\" \/>\n\t<meta property=\"og:image:width\" content=\"550\" \/>\n\t<meta property=\"og:image:height\" content=\"550\" \/>\n\t<meta property=\"og:image:type\" content=\"image\/jpeg\" \/>\n<meta name=\"twitter:card\" content=\"summary_large_image\" \/>\n<meta name=\"twitter:label1\" content=\"Tiempo de lectura\" \/>\n\t<meta name=\"twitter:data1\" content=\"1 minuto\" \/>\n<script type=\"application\/ld+json\" class=\"yoast-schema-graph\">{\"@context\":\"https:\/\/schema.org\",\"@graph\":[{\"@type\":\"WebPage\",\"@id\":\"https:\/\/demoweb.info\/sexshop001\/producto\/eden-tulip-turquesa-185-cm\/\",\"url\":\"https:\/\/demoweb.info\/sexshop001\/producto\/eden-tulip-turquesa-185-cm\/\",\"name\":\"EDEN TULIP - TURQUESA - 18,5 CM - Tienda Er\u00f3tica\",\"isPartOf\":{\"@id\":\"https:\/\/demoweb.info\/sexshop001\/#website\"},\"datePublished\":\"2022-01-22T09:38:27+00:00\",\"dateModified\":\"2022-01-22T09:38:34+00:00\",\"breadcrumb\":{\"@id\":\"https:\/\/demoweb.info\/sexshop001\/producto\/eden-tulip-turquesa-185-cm\/#breadcrumb\"},\"inLanguage\":\"es\",\"potentialAction\":[{\"@type\":\"ReadAction\",\"target\":[\"https:\/\/demoweb.info\/sexshop001\/producto\/eden-tulip-turquesa-185-cm\/\"]}]},{\"@type\":\"BreadcrumbList\",\"@id\":\"https:\/\/demoweb.info\/sexshop001\/producto\/eden-tulip-turquesa-185-cm\/#breadcrumb\",\"itemListElement\":[{\"@type\":\"ListItem\",\"position\":1,\"name\":\"Portada\",\"item\":\"https:\/\/demoweb.info\/sexshop001\/\"},{\"@type\":\"ListItem\",\"position\":2,\"name\":\"Tienda\",\"item\":\"https:\/\/demoweb.info\/sexshop001\/tienda\/\"},{\"@type\":\"ListItem\",\"position\":3,\"name\":\"EDEN TULIP &#8211; TURQUESA &#8211; 18,5 CM\"}]},{\"@type\":\"WebSite\",\"@id\":\"https:\/\/demoweb.info\/sexshop001\/#website\",\"url\":\"https:\/\/demoweb.info\/sexshop001\/\",\"name\":\"Tienda Er\u00f3tica\",\"description\":\"DEMOWEB SL\",\"potentialAction\":[{\"@type\":\"SearchAction\",\"target\":{\"@type\":\"EntryPoint\",\"urlTemplate\":\"https:\/\/demoweb.info\/sexshop001\/?s={search_term_string}\"},\"query-input\":\"required name=search_term_string\"}],\"inLanguage\":\"es\"}]}<\/script>\n<!-- \/ Yoast SEO plugin. -->","yoast_head_json":{"title":"EDEN TULIP - TURQUESA - 18,5 CM - Tienda Er\u00f3tica","robots":{"index":"noindex","follow":"follow","max-snippet":"max-snippet:-1","max-image-preview":"max-image-preview:large","max-video-preview":"max-video-preview:-1"},"og_locale":"es_ES","og_type":"article","og_title":"EDEN TULIP - TURQUESA - 18,5 CM - Tienda Er\u00f3tica","og_description":"EDEN TULIP &#8211; AQUA &#8211; 18,5 CM Disfruta de un para\u00edso de placer con el excitante Eden\u2122 Tulip. Este sensacional","og_url":"https:\/\/demoweb.info\/sexshop001\/producto\/eden-tulip-turquesa-185-cm\/","og_site_name":"Tienda Er\u00f3tica","article_modified_time":"2022-01-22T09:38:34+00:00","og_image":[{"width":550,"height":550,"url":"https:\/\/demoweb.info\/sexshop001\/wp-content\/uploads\/2022\/01\/EDEN-TULIP-TURQUESA-185-CM.jpg","type":"image\/jpeg"}],"twitter_card":"summary_large_image","twitter_misc":{"Tiempo de lectura":"1 minuto"},"schema":{"@context":"https:\/\/schema.org","@graph":[{"@type":"WebPage","@id":"https:\/\/demoweb.info\/sexshop001\/producto\/eden-tulip-turquesa-185-cm\/","url":"https:\/\/demoweb.info\/sexshop001\/producto\/eden-tulip-turquesa-185-cm\/","name":"EDEN TULIP - TURQUESA - 18,5 CM - Tienda Er\u00f3tica","isPartOf":{"@id":"https:\/\/demoweb.info\/sexshop001\/#website"},"datePublished":"2022-01-22T09:38:27+00:00","dateModified":"2022-01-22T09:38:34+00:00","breadcrumb":{"@id":"https:\/\/demoweb.info\/sexshop001\/producto\/eden-tulip-turquesa-185-cm\/#breadcrumb"},"inLanguage":"es","potentialAction":[{"@type":"ReadAction","target":["https:\/\/demoweb.info\/sexshop001\/producto\/eden-tulip-turquesa-185-cm\/"]}]},{"@type":"BreadcrumbList","@id":"https:\/\/demoweb.info\/sexshop001\/producto\/eden-tulip-turquesa-185-cm\/#breadcrumb","itemListElement":[{"@type":"ListItem","position":1,"name":"Portada","item":"https:\/\/demoweb.info\/sexshop001\/"},{"@type":"ListItem","position":2,"name":"Tienda","item":"https:\/\/demoweb.info\/sexshop001\/tienda\/"},{"@type":"ListItem","position":3,"name":"EDEN TULIP &#8211; TURQUESA &#8211; 18,5 CM"}]},{"@type":"WebSite","@id":"https:\/\/demoweb.info\/sexshop001\/#website","url":"https:\/\/demoweb.info\/sexshop001\/","name":"Tienda Er\u00f3tica","description":"DEMOWEB SL","potentialAction":[{"@type":"SearchAction","target":{"@type":"EntryPoint","urlTemplate":"https:\/\/demoweb.info\/sexshop001\/?s={search_term_string}"},"query-input":"required name=search_term_string"}],"inLanguage":"es"}]}},"_links":{"self":[{"href":"https:\/\/demoweb.info\/sexshop001\/wp-json\/wp\/v3\/product\/16645","targetHints":{"allow":["GET"]}}],"collection":[{"href":"https:\/\/demoweb.info\/sexshop001\/wp-json\/wp\/v3\/product"}],"about":[{"href":"https:\/\/demoweb.info\/sexshop001\/wp-json\/wp\/v2\/types\/product"}],"replies":[{"embeddable":true,"href":"https:\/\/demoweb.info\/sexshop001\/wp-json\/wp\/v2\/comments?post=16645"}],"wp:featuredmedia":[{"embeddable":true,"href":"https:\/\/demoweb.info\/sexshop001\/wp-json\/wp\/v2\/media\/16646"}],"wp:attachment":[{"href":"https:\/\/demoweb.info\/sexshop001\/wp-json\/wp\/v2\/media?parent=16645"}],"wp:term":[{"taxonomy":"product_cat","embeddable":true,"href":"https:\/\/demoweb.info\/sexshop001\/wp-json\/wp\/v2\/product_cat?post=16645"},{"taxonomy":"product_tag","embeddable":true,"href":"https:\/\/demoweb.info\/sexshop001\/wp-json\/wp\/v2\/product_tag?post=16645"}],"curies":[{"name":"wp","href":"https:\/\/api.w.org\/{rel}","templated":true}]}}