{"id":16624,"date":"2022-01-22T10:37:39","date_gmt":"2022-01-22T09:37:39","guid":{"rendered":"https:\/\/demoweb.info\/sexshop001\/producto\/vibrador-heated-rotating-g-rabbit-morado\/"},"modified":"2022-01-22T10:38:23","modified_gmt":"2022-01-22T09:38:23","slug":"vibrador-heated-rotating-g-rabbit-morado","status":"publish","type":"product","link":"https:\/\/demoweb.info\/sexshop001\/producto\/vibrador-heated-rotating-g-rabbit-morado\/","title":{"rendered":"VIBRADOR HEATED ROTATING G RABBIT &#8211; MORADO"},"content":{"rendered":"<p><strong>HEATED ROTATING G RABBIT &#8211; PURPLE<\/strong><\/p>\n<p>Despu\u00e9s de m\u00e1s de 30 a\u00f1os de placer, Jack Rabbit\u00ae ha creado su vibrador m\u00e1s lujoso. El G Rabbit Rotatorio de Silicona Caliente es un vibrador de silicona de primera calidad con 7 funciones de vibraci\u00f3n, 3 velocidades de rotaci\u00f3n del eje y un elemento calefactor \u00fanico.<\/p>\n<p>El encantador conejo parpadea al ritmo de las 7 emocionantes funciones de vibraci\u00f3n para provocar, complacer y tentar. Este conejo \u00fanico en su g\u00e9nero sabe c\u00f3mo subir la temperatura en el dormitorio con un elemento calefactor \u00fanico que puede alcanzar los 131\u00b0 F (55\u00b0 F) en s\u00f3lo 4 minutos.<\/p>\n<p>Utiliza el elemento calefactor de control independiente para que las cosas se calienten y se pongan pesadas con s\u00f3lo pulsar un bot\u00f3n.Tanto si te das un chapuz\u00f3n con un amante como si te entregas a una vaporosa sesi\u00f3n en solitario, espera hasta 3 horas de vibraci\u00f3n resistente al agua.<\/p>\n<p>Recarga el placer y vuelve a jugar en s\u00f3lo 2 horas con el cable USB suministrado. El masajeador flexible est\u00e1 fabricado con una silicona higi\u00e9nicamente superior.<\/p>\n<p>Este material, seguro para el cuerpo, no tiene perfume ni ftalatos para mantener tus puntos m\u00e1s sensibles felices y sanos.<\/p>\n<p><strong>CARACTER\u00cdSTICAS<\/strong><\/p>\n<ul>\n<li>Informaci\u00f3n Adicional: \u25cf \u00a1Nuestro Jack Rabbit\u00ae m\u00e1s premium de la historia! \u25cf Incre\u00edble eje calentado que alcanza una temperatura m\u00e1xima de 131 \u00b0F\/55 \u00b0C en s\u00f3lo 4 minutos \u25cf Eje giratorio intensamente calentado m\u00e1s orejas de conejo parpadeantes \u25cf 3 potentes velocidades de acci\u00f3n giratoria \u25cf 7 funciones de vibraci\u00f3n, pulsaci\u00f3n y escalada independientes en el conejo \u25cf Elemento calefactor controlado de forma independiente \u25cf Controles f\u00e1ciles de pulsar con funci\u00f3n de bloqueo de viaje de seguridad y luces LED \u25cf Recargable por USB &#8211; cable de carga incluido.<\/li>\n<li>Longitud total: 21,5 cm<\/li>\n<li>Di\u00e1metro: 3,75 cm<\/li>\n<li>Longitud insertable: 12.75 cm<\/li>\n<li>Vibrando: Si<\/li>\n<li>Modos de vibraci\u00f3n: 7<\/li>\n<li>Modos de velocidad: 3<\/li>\n<li>Resistencia al agua: Impermeable<\/li>\n<li>Material: Silicona (masajeador, botones) ABS con ba\u00f1o de oro (decoraci\u00f3n)<\/li>\n<li>Recargable por USB<\/li>\n<li>Bater\u00edas incluidas: Si<\/li>\n<li>Tiempo de carga en minutos: 120<\/li>\n<li>Tiempo de funcionamiento en minutos: 60<\/li>\n<li>Calienta: Si<\/li>\n<\/ul>\n","protected":false},"excerpt":{"rendered":"<p>HEATED ROTATING G RABBIT &#8211; PURPLE Despu\u00e9s de m\u00e1s de 30 a\u00f1os de placer, Jack Rabbit\u00ae ha creado su vibrador<\/p>\n","protected":false},"featured_media":16625,"comment_status":"open","ping_status":"open","template":"","meta":[],"product_cat":[434],"product_tag":[660,880],"class_list":["post-16624","product","type-product","status-publish","has-post-thumbnail","hentry","product_cat-doble-estimulacion-vibradores-juguetes-xxx","product_tag-calexotics","product_tag-jack-rabbit"],"bundled_by":[],"bundle_stock_status":"instock","bundle_stock_quantity":1,"bundle_virtual":false,"bundle_layout":"","bundle_add_to_cart_form_location":"","bundle_editable_in_cart":false,"bundle_sold_individually_context":"","bundle_item_grouping":"","bundle_min_size":"","bundle_max_size":"","bundled_items":[],"yoast_head":"<!-- This site is optimized with the Yoast SEO plugin v20.6 - https:\/\/yoast.com\/wordpress\/plugins\/seo\/ -->\n<title>VIBRADOR HEATED ROTATING G RABBIT - MORADO - Tienda Er\u00f3tica<\/title>\n<meta name=\"robots\" content=\"noindex, follow, max-snippet:-1, max-image-preview:large, max-video-preview:-1\" \/>\n<meta property=\"og:locale\" content=\"es_ES\" \/>\n<meta property=\"og:type\" content=\"article\" \/>\n<meta property=\"og:title\" content=\"VIBRADOR HEATED ROTATING G RABBIT - MORADO - Tienda Er\u00f3tica\" \/>\n<meta property=\"og:description\" content=\"HEATED ROTATING G RABBIT &#8211; PURPLE Despu\u00e9s de m\u00e1s de 30 a\u00f1os de placer, Jack Rabbit\u00ae ha creado su vibrador\" \/>\n<meta property=\"og:url\" content=\"https:\/\/demoweb.info\/sexshop001\/producto\/vibrador-heated-rotating-g-rabbit-morado\/\" \/>\n<meta property=\"og:site_name\" content=\"Tienda Er\u00f3tica\" \/>\n<meta property=\"article:modified_time\" content=\"2022-01-22T09:38:23+00:00\" \/>\n<meta property=\"og:image\" content=\"https:\/\/demoweb.info\/sexshop001\/wp-content\/uploads\/2022\/01\/VIBRADOR-HEATED-ROTATING-G-RABBIT-MORADO.jpg\" \/>\n\t<meta property=\"og:image:width\" content=\"550\" \/>\n\t<meta property=\"og:image:height\" content=\"550\" \/>\n\t<meta property=\"og:image:type\" content=\"image\/jpeg\" \/>\n<meta name=\"twitter:card\" content=\"summary_large_image\" \/>\n<meta name=\"twitter:label1\" content=\"Tiempo de lectura\" \/>\n\t<meta name=\"twitter:data1\" content=\"2 minutos\" \/>\n<script type=\"application\/ld+json\" class=\"yoast-schema-graph\">{\"@context\":\"https:\/\/schema.org\",\"@graph\":[{\"@type\":\"WebPage\",\"@id\":\"https:\/\/demoweb.info\/sexshop001\/producto\/vibrador-heated-rotating-g-rabbit-morado\/\",\"url\":\"https:\/\/demoweb.info\/sexshop001\/producto\/vibrador-heated-rotating-g-rabbit-morado\/\",\"name\":\"VIBRADOR HEATED ROTATING G RABBIT - MORADO - Tienda Er\u00f3tica\",\"isPartOf\":{\"@id\":\"https:\/\/demoweb.info\/sexshop001\/#website\"},\"datePublished\":\"2022-01-22T09:37:39+00:00\",\"dateModified\":\"2022-01-22T09:38:23+00:00\",\"breadcrumb\":{\"@id\":\"https:\/\/demoweb.info\/sexshop001\/producto\/vibrador-heated-rotating-g-rabbit-morado\/#breadcrumb\"},\"inLanguage\":\"es\",\"potentialAction\":[{\"@type\":\"ReadAction\",\"target\":[\"https:\/\/demoweb.info\/sexshop001\/producto\/vibrador-heated-rotating-g-rabbit-morado\/\"]}]},{\"@type\":\"BreadcrumbList\",\"@id\":\"https:\/\/demoweb.info\/sexshop001\/producto\/vibrador-heated-rotating-g-rabbit-morado\/#breadcrumb\",\"itemListElement\":[{\"@type\":\"ListItem\",\"position\":1,\"name\":\"Portada\",\"item\":\"https:\/\/demoweb.info\/sexshop001\/\"},{\"@type\":\"ListItem\",\"position\":2,\"name\":\"Tienda\",\"item\":\"https:\/\/demoweb.info\/sexshop001\/tienda\/\"},{\"@type\":\"ListItem\",\"position\":3,\"name\":\"VIBRADOR HEATED ROTATING G RABBIT &#8211; MORADO\"}]},{\"@type\":\"WebSite\",\"@id\":\"https:\/\/demoweb.info\/sexshop001\/#website\",\"url\":\"https:\/\/demoweb.info\/sexshop001\/\",\"name\":\"Tienda Er\u00f3tica\",\"description\":\"DEMOWEB SL\",\"potentialAction\":[{\"@type\":\"SearchAction\",\"target\":{\"@type\":\"EntryPoint\",\"urlTemplate\":\"https:\/\/demoweb.info\/sexshop001\/?s={search_term_string}\"},\"query-input\":\"required name=search_term_string\"}],\"inLanguage\":\"es\"}]}<\/script>\n<!-- \/ Yoast SEO plugin. -->","yoast_head_json":{"title":"VIBRADOR HEATED ROTATING G RABBIT - MORADO - Tienda Er\u00f3tica","robots":{"index":"noindex","follow":"follow","max-snippet":"max-snippet:-1","max-image-preview":"max-image-preview:large","max-video-preview":"max-video-preview:-1"},"og_locale":"es_ES","og_type":"article","og_title":"VIBRADOR HEATED ROTATING G RABBIT - MORADO - Tienda Er\u00f3tica","og_description":"HEATED ROTATING G RABBIT &#8211; PURPLE Despu\u00e9s de m\u00e1s de 30 a\u00f1os de placer, Jack Rabbit\u00ae ha creado su vibrador","og_url":"https:\/\/demoweb.info\/sexshop001\/producto\/vibrador-heated-rotating-g-rabbit-morado\/","og_site_name":"Tienda Er\u00f3tica","article_modified_time":"2022-01-22T09:38:23+00:00","og_image":[{"width":550,"height":550,"url":"https:\/\/demoweb.info\/sexshop001\/wp-content\/uploads\/2022\/01\/VIBRADOR-HEATED-ROTATING-G-RABBIT-MORADO.jpg","type":"image\/jpeg"}],"twitter_card":"summary_large_image","twitter_misc":{"Tiempo de lectura":"2 minutos"},"schema":{"@context":"https:\/\/schema.org","@graph":[{"@type":"WebPage","@id":"https:\/\/demoweb.info\/sexshop001\/producto\/vibrador-heated-rotating-g-rabbit-morado\/","url":"https:\/\/demoweb.info\/sexshop001\/producto\/vibrador-heated-rotating-g-rabbit-morado\/","name":"VIBRADOR HEATED ROTATING G RABBIT - MORADO - Tienda Er\u00f3tica","isPartOf":{"@id":"https:\/\/demoweb.info\/sexshop001\/#website"},"datePublished":"2022-01-22T09:37:39+00:00","dateModified":"2022-01-22T09:38:23+00:00","breadcrumb":{"@id":"https:\/\/demoweb.info\/sexshop001\/producto\/vibrador-heated-rotating-g-rabbit-morado\/#breadcrumb"},"inLanguage":"es","potentialAction":[{"@type":"ReadAction","target":["https:\/\/demoweb.info\/sexshop001\/producto\/vibrador-heated-rotating-g-rabbit-morado\/"]}]},{"@type":"BreadcrumbList","@id":"https:\/\/demoweb.info\/sexshop001\/producto\/vibrador-heated-rotating-g-rabbit-morado\/#breadcrumb","itemListElement":[{"@type":"ListItem","position":1,"name":"Portada","item":"https:\/\/demoweb.info\/sexshop001\/"},{"@type":"ListItem","position":2,"name":"Tienda","item":"https:\/\/demoweb.info\/sexshop001\/tienda\/"},{"@type":"ListItem","position":3,"name":"VIBRADOR HEATED ROTATING G RABBIT &#8211; MORADO"}]},{"@type":"WebSite","@id":"https:\/\/demoweb.info\/sexshop001\/#website","url":"https:\/\/demoweb.info\/sexshop001\/","name":"Tienda Er\u00f3tica","description":"DEMOWEB SL","potentialAction":[{"@type":"SearchAction","target":{"@type":"EntryPoint","urlTemplate":"https:\/\/demoweb.info\/sexshop001\/?s={search_term_string}"},"query-input":"required name=search_term_string"}],"inLanguage":"es"}]}},"_links":{"self":[{"href":"https:\/\/demoweb.info\/sexshop001\/wp-json\/wp\/v3\/product\/16624","targetHints":{"allow":["GET"]}}],"collection":[{"href":"https:\/\/demoweb.info\/sexshop001\/wp-json\/wp\/v3\/product"}],"about":[{"href":"https:\/\/demoweb.info\/sexshop001\/wp-json\/wp\/v2\/types\/product"}],"replies":[{"embeddable":true,"href":"https:\/\/demoweb.info\/sexshop001\/wp-json\/wp\/v2\/comments?post=16624"}],"wp:featuredmedia":[{"embeddable":true,"href":"https:\/\/demoweb.info\/sexshop001\/wp-json\/wp\/v2\/media\/16625"}],"wp:attachment":[{"href":"https:\/\/demoweb.info\/sexshop001\/wp-json\/wp\/v2\/media?parent=16624"}],"wp:term":[{"taxonomy":"product_cat","embeddable":true,"href":"https:\/\/demoweb.info\/sexshop001\/wp-json\/wp\/v2\/product_cat?post=16624"},{"taxonomy":"product_tag","embeddable":true,"href":"https:\/\/demoweb.info\/sexshop001\/wp-json\/wp\/v2\/product_tag?post=16624"}],"curies":[{"name":"wp","href":"https:\/\/api.w.org\/{rel}","templated":true}]}}