{"id":16598,"date":"2022-01-22T10:37:39","date_gmt":"2022-01-22T09:37:39","guid":{"rendered":"https:\/\/demoweb.info\/sexshop001\/producto\/ultimate-automatic-douche-limpiador-anal-negro\/"},"modified":"2022-01-22T10:38:09","modified_gmt":"2022-01-22T09:38:09","slug":"ultimate-automatic-douche-limpiador-anal-negro","status":"publish","type":"product","link":"https:\/\/demoweb.info\/sexshop001\/producto\/ultimate-automatic-douche-limpiador-anal-negro\/","title":{"rendered":"ULTIMATE AUTOMATIC DOUCHE &#8211; LIMPIADOR ANAL &#8211; NEGRO"},"content":{"rendered":"<p><strong>ULTIMATE AUTOMATIC DOUCHE &#8211; ANAL CLEANER &#8211; BLACK<\/strong><\/p>\n<p>Para disfrutar de todo lo que el estimulante mundo del juego anal tiene que ofrecer, querr\u00e1s prepararte para garantizar una limpieza total, seguridad y satisfacci\u00f3n. No vuelvas a preocuparte por peque\u00f1os accidentes que estropeen el ambiente, en su lugar, permite que el Ultimate Rechargeable Auto Douche\u2122 te ofrezca una experiencia de limpieza superior.<\/p>\n<p>Este sistema de limpieza totalmente autom\u00e1tico incluye un avanzado dise\u00f1o anti-retorno hecho para una limpieza profunda como ninguna otra. El potente sistema de limpieza se completa con modos de flujo de 3 velocidades, un accesorio de rociado multidireccional de 360\u00b0 y una bombilla de 8,5 fl. Oz.<\/p>\n<p>No importa c\u00f3mo o d\u00f3nde lo use, el dise\u00f1o sin fugas funciona incluso cuando est\u00e1 invertido. Esta duradera bombilla es f\u00e1cil de usar, f\u00e1cil de limpiar y se puede desmontar para su limpieza.<\/p>\n<p>Antes y despu\u00e9s de cada uso, lave la sonda y la bombilla interna y externamente con agua tibia y jab\u00f3n, y luego desinfecte con el limpiador universal de juguetes.<\/p>\n<p>Se recarga en s\u00f3lo 2 horas para una hora de flujo de alta velocidad o 1,5 horas de limpieza de baja velocidad.<\/p>\n<p><strong>CARACTER\u00cdSTICAS<\/strong><\/p>\n<ul>\n<li>Informaci\u00f3n Adicional: \u25cf Sistema de limpieza recargable por USB totalmente autom\u00e1tico con un avanzado dise\u00f1o anti-retorno \u25cf El modo de flujo de 3 velocidades proporciona una limpieza profunda y refrescante \u25cf Accesorio de pulverizaci\u00f3n multidireccional de 360\u00b0 con punta c\u00f3nica suave \u25cf El dise\u00f1o sin fugas tambi\u00e9n funciona mientras est\u00e1 invertido \u25cf Se desmonta para facilitar la limpieza \u25cf F\u00e1cil control de bot\u00f3n &#8211; mantenga durante 3 segundos para encender o apagar \u25cf Recargable por USB &#8211; cable de carga incluido \u25cf Tiene capacidad para 8,5 fl. oz.\/250 mL<\/li>\n<li>Dimensiones del producto Boquilla: 14 x 2.5 cm<\/li>\n<li>Longitud total: 23.5 cm<\/li>\n<li>Di\u00e1metro: 7.5 cm<\/li>\n<li>Modos de vibraci\u00f3n: 3<\/li>\n<li>Resistencia al agua: Impermeable<\/li>\n<li>Material: Silicona (boquilla, tubo) ABS (bombilla, carcasa interior)<\/li>\n<li>Recargable: USB<\/li>\n<li>Bater\u00edas incluidas: Si<\/li>\n<li>Tiempo de carga en minutos: 120<\/li>\n<li>Tiempo de funcionamiento en minutos: 70<\/li>\n<\/ul>\n","protected":false},"excerpt":{"rendered":"<p>ULTIMATE AUTOMATIC DOUCHE &#8211; ANAL CLEANER &#8211; BLACK Para disfrutar de todo lo que el estimulante mundo del juego anal<\/p>\n","protected":false},"featured_media":16599,"comment_status":"open","ping_status":"open","template":"","meta":[],"product_cat":[558],"product_tag":[660,805],"class_list":["post-16598","product","type-product","status-publish","has-post-thumbnail","hentry","product_cat-enemas","product_tag-calexotics","product_tag-water-systems"],"bundled_by":[],"bundle_stock_status":"instock","bundle_stock_quantity":1,"bundle_virtual":false,"bundle_layout":"","bundle_add_to_cart_form_location":"","bundle_editable_in_cart":false,"bundle_sold_individually_context":"","bundle_item_grouping":"","bundle_min_size":"","bundle_max_size":"","bundled_items":[],"yoast_head":"<!-- This site is optimized with the Yoast SEO plugin v20.6 - https:\/\/yoast.com\/wordpress\/plugins\/seo\/ -->\n<title>ULTIMATE AUTOMATIC DOUCHE - LIMPIADOR ANAL - NEGRO - Tienda Er\u00f3tica<\/title>\n<meta name=\"robots\" content=\"noindex, follow, max-snippet:-1, max-image-preview:large, max-video-preview:-1\" \/>\n<meta property=\"og:locale\" content=\"es_ES\" \/>\n<meta property=\"og:type\" content=\"article\" \/>\n<meta property=\"og:title\" content=\"ULTIMATE AUTOMATIC DOUCHE - LIMPIADOR ANAL - NEGRO - Tienda Er\u00f3tica\" \/>\n<meta property=\"og:description\" content=\"ULTIMATE AUTOMATIC DOUCHE &#8211; ANAL CLEANER &#8211; BLACK Para disfrutar de todo lo que el estimulante mundo del juego anal\" \/>\n<meta property=\"og:url\" content=\"https:\/\/demoweb.info\/sexshop001\/producto\/ultimate-automatic-douche-limpiador-anal-negro\/\" \/>\n<meta property=\"og:site_name\" content=\"Tienda Er\u00f3tica\" \/>\n<meta property=\"article:modified_time\" content=\"2022-01-22T09:38:09+00:00\" \/>\n<meta property=\"og:image\" content=\"https:\/\/demoweb.info\/sexshop001\/wp-content\/uploads\/2022\/01\/ULTIMATE-AUTOMATIC-DOUCHE-LIMPIADOR-ANAL-NEGRO.jpg\" \/>\n\t<meta property=\"og:image:width\" content=\"550\" \/>\n\t<meta property=\"og:image:height\" content=\"550\" \/>\n\t<meta property=\"og:image:type\" content=\"image\/jpeg\" \/>\n<meta name=\"twitter:card\" content=\"summary_large_image\" \/>\n<meta name=\"twitter:label1\" content=\"Tiempo de lectura\" \/>\n\t<meta name=\"twitter:data1\" content=\"2 minutos\" \/>\n<script type=\"application\/ld+json\" class=\"yoast-schema-graph\">{\"@context\":\"https:\/\/schema.org\",\"@graph\":[{\"@type\":\"WebPage\",\"@id\":\"https:\/\/demoweb.info\/sexshop001\/producto\/ultimate-automatic-douche-limpiador-anal-negro\/\",\"url\":\"https:\/\/demoweb.info\/sexshop001\/producto\/ultimate-automatic-douche-limpiador-anal-negro\/\",\"name\":\"ULTIMATE AUTOMATIC DOUCHE - LIMPIADOR ANAL - NEGRO - Tienda Er\u00f3tica\",\"isPartOf\":{\"@id\":\"https:\/\/demoweb.info\/sexshop001\/#website\"},\"datePublished\":\"2022-01-22T09:37:39+00:00\",\"dateModified\":\"2022-01-22T09:38:09+00:00\",\"breadcrumb\":{\"@id\":\"https:\/\/demoweb.info\/sexshop001\/producto\/ultimate-automatic-douche-limpiador-anal-negro\/#breadcrumb\"},\"inLanguage\":\"es\",\"potentialAction\":[{\"@type\":\"ReadAction\",\"target\":[\"https:\/\/demoweb.info\/sexshop001\/producto\/ultimate-automatic-douche-limpiador-anal-negro\/\"]}]},{\"@type\":\"BreadcrumbList\",\"@id\":\"https:\/\/demoweb.info\/sexshop001\/producto\/ultimate-automatic-douche-limpiador-anal-negro\/#breadcrumb\",\"itemListElement\":[{\"@type\":\"ListItem\",\"position\":1,\"name\":\"Portada\",\"item\":\"https:\/\/demoweb.info\/sexshop001\/\"},{\"@type\":\"ListItem\",\"position\":2,\"name\":\"Tienda\",\"item\":\"https:\/\/demoweb.info\/sexshop001\/tienda\/\"},{\"@type\":\"ListItem\",\"position\":3,\"name\":\"ULTIMATE AUTOMATIC DOUCHE &#8211; LIMPIADOR ANAL &#8211; NEGRO\"}]},{\"@type\":\"WebSite\",\"@id\":\"https:\/\/demoweb.info\/sexshop001\/#website\",\"url\":\"https:\/\/demoweb.info\/sexshop001\/\",\"name\":\"Tienda Er\u00f3tica\",\"description\":\"DEMOWEB SL\",\"potentialAction\":[{\"@type\":\"SearchAction\",\"target\":{\"@type\":\"EntryPoint\",\"urlTemplate\":\"https:\/\/demoweb.info\/sexshop001\/?s={search_term_string}\"},\"query-input\":\"required name=search_term_string\"}],\"inLanguage\":\"es\"}]}<\/script>\n<!-- \/ Yoast SEO plugin. -->","yoast_head_json":{"title":"ULTIMATE AUTOMATIC DOUCHE - LIMPIADOR ANAL - NEGRO - Tienda Er\u00f3tica","robots":{"index":"noindex","follow":"follow","max-snippet":"max-snippet:-1","max-image-preview":"max-image-preview:large","max-video-preview":"max-video-preview:-1"},"og_locale":"es_ES","og_type":"article","og_title":"ULTIMATE AUTOMATIC DOUCHE - LIMPIADOR ANAL - NEGRO - Tienda Er\u00f3tica","og_description":"ULTIMATE AUTOMATIC DOUCHE &#8211; ANAL CLEANER &#8211; BLACK Para disfrutar de todo lo que el estimulante mundo del juego anal","og_url":"https:\/\/demoweb.info\/sexshop001\/producto\/ultimate-automatic-douche-limpiador-anal-negro\/","og_site_name":"Tienda Er\u00f3tica","article_modified_time":"2022-01-22T09:38:09+00:00","og_image":[{"width":550,"height":550,"url":"https:\/\/demoweb.info\/sexshop001\/wp-content\/uploads\/2022\/01\/ULTIMATE-AUTOMATIC-DOUCHE-LIMPIADOR-ANAL-NEGRO.jpg","type":"image\/jpeg"}],"twitter_card":"summary_large_image","twitter_misc":{"Tiempo de lectura":"2 minutos"},"schema":{"@context":"https:\/\/schema.org","@graph":[{"@type":"WebPage","@id":"https:\/\/demoweb.info\/sexshop001\/producto\/ultimate-automatic-douche-limpiador-anal-negro\/","url":"https:\/\/demoweb.info\/sexshop001\/producto\/ultimate-automatic-douche-limpiador-anal-negro\/","name":"ULTIMATE AUTOMATIC DOUCHE - LIMPIADOR ANAL - NEGRO - Tienda Er\u00f3tica","isPartOf":{"@id":"https:\/\/demoweb.info\/sexshop001\/#website"},"datePublished":"2022-01-22T09:37:39+00:00","dateModified":"2022-01-22T09:38:09+00:00","breadcrumb":{"@id":"https:\/\/demoweb.info\/sexshop001\/producto\/ultimate-automatic-douche-limpiador-anal-negro\/#breadcrumb"},"inLanguage":"es","potentialAction":[{"@type":"ReadAction","target":["https:\/\/demoweb.info\/sexshop001\/producto\/ultimate-automatic-douche-limpiador-anal-negro\/"]}]},{"@type":"BreadcrumbList","@id":"https:\/\/demoweb.info\/sexshop001\/producto\/ultimate-automatic-douche-limpiador-anal-negro\/#breadcrumb","itemListElement":[{"@type":"ListItem","position":1,"name":"Portada","item":"https:\/\/demoweb.info\/sexshop001\/"},{"@type":"ListItem","position":2,"name":"Tienda","item":"https:\/\/demoweb.info\/sexshop001\/tienda\/"},{"@type":"ListItem","position":3,"name":"ULTIMATE AUTOMATIC DOUCHE &#8211; LIMPIADOR ANAL &#8211; NEGRO"}]},{"@type":"WebSite","@id":"https:\/\/demoweb.info\/sexshop001\/#website","url":"https:\/\/demoweb.info\/sexshop001\/","name":"Tienda Er\u00f3tica","description":"DEMOWEB SL","potentialAction":[{"@type":"SearchAction","target":{"@type":"EntryPoint","urlTemplate":"https:\/\/demoweb.info\/sexshop001\/?s={search_term_string}"},"query-input":"required name=search_term_string"}],"inLanguage":"es"}]}},"_links":{"self":[{"href":"https:\/\/demoweb.info\/sexshop001\/wp-json\/wp\/v3\/product\/16598","targetHints":{"allow":["GET"]}}],"collection":[{"href":"https:\/\/demoweb.info\/sexshop001\/wp-json\/wp\/v3\/product"}],"about":[{"href":"https:\/\/demoweb.info\/sexshop001\/wp-json\/wp\/v2\/types\/product"}],"replies":[{"embeddable":true,"href":"https:\/\/demoweb.info\/sexshop001\/wp-json\/wp\/v2\/comments?post=16598"}],"wp:featuredmedia":[{"embeddable":true,"href":"https:\/\/demoweb.info\/sexshop001\/wp-json\/wp\/v2\/media\/16599"}],"wp:attachment":[{"href":"https:\/\/demoweb.info\/sexshop001\/wp-json\/wp\/v2\/media?parent=16598"}],"wp:term":[{"taxonomy":"product_cat","embeddable":true,"href":"https:\/\/demoweb.info\/sexshop001\/wp-json\/wp\/v2\/product_cat?post=16598"},{"taxonomy":"product_tag","embeddable":true,"href":"https:\/\/demoweb.info\/sexshop001\/wp-json\/wp\/v2\/product_tag?post=16598"}],"curies":[{"name":"wp","href":"https:\/\/api.w.org\/{rel}","templated":true}]}}