{"id":16591,"date":"2022-01-22T10:37:39","date_gmt":"2022-01-22T09:37:39","guid":{"rendered":"https:\/\/demoweb.info\/sexshop001\/producto\/set-plug-vibrador-con-control-remoto-y-boxer-negro-2\/"},"modified":"2022-01-22T10:38:06","modified_gmt":"2022-01-22T09:38:06","slug":"set-plug-vibrador-con-control-remoto-y-boxer-negro-2","status":"publish","type":"product","link":"https:\/\/demoweb.info\/sexshop001\/producto\/set-plug-vibrador-con-control-remoto-y-boxer-negro-2\/","title":{"rendered":"SET PLUG VIBRADOR CON CONTROL REMOTO Y BOXER &#8211; NEGRO"},"content":{"rendered":"<p><strong>REMOTE CONTROL BOXER BRIEF SET &#8211; BLACK<\/strong><\/p>\n<p>El conjunto de calzoncillos con mando a distancia est\u00e1 pensado para los aventureros que buscan placer, con un calzoncillo extrac\u00f3modo combinado con un potente mini vibrador y un discreto mando de pulsera.<\/p>\n<p>El elegante y discreto mando de la pulsera hace que t\u00fa o tu amante pod\u00e1is controlar la intensidad de las vibraciones con s\u00f3lo pulsar un bot\u00f3n. Cuando sea o donde sea que te lleve la pasi\u00f3n, este apasionado mini vibrador tiene un radio de acci\u00f3n de 9 metros y 12 intensas funciones de vibraci\u00f3n que est\u00e1n listas para el juego.<\/p>\n<p>Los discretos calzoncillos b\u00f3xer tienen 3 bolsillos internos para colocar el estimulador de forma personalizada. Tanto si decides mantener el control como si dejas el placer en manos de tu pareja, este potente estimulador te proporcionar\u00e1 sensaciones que har\u00e1n temblar tus rodillas.<\/p>\n<p>Desde los principiantes hasta los expertos en erotismo, este juguet\u00f3n conjunto a\u00f1ade vibraciones vers\u00e1tiles a cualquier caja de juguetes.<\/p>\n<p>Recargue su pasi\u00f3n en menos de 1 hora con el cable USB suministrado para obtener hasta 45 minutos de vibraci\u00f3n a baja velocidad o 40 minutos de estimulaci\u00f3n de alta intensidad.<\/p>\n<p><strong>CARACTER\u00cdSTICAS<\/strong><\/p>\n<ul>\n<li>Informaci\u00f3n Adicional: \u25cf Mando a distancia de pulsera compacto y discreto &#8211; \u00a1\u00fasalo solo o en pareja! \u25cf Estimulador discreto y moldeador del cuerpo que cabe c\u00f3modamente en el calzoncillo b\u00f3xer \u25cf Calzoncillo b\u00f3xer el\u00e1stico y c\u00f3modo con 3 bolsillos internos para colocar el estimulador de forma personalizada \u25cf Calzoncillo b\u00f3xer lavable a m\u00e1quina \u25cf 12 funciones intensas de vibraci\u00f3n, pulsaci\u00f3n y escalada \u25cf Chip de memoria de \u00faltima generaci\u00f3n que se reanuda en la \u00faltima funci\u00f3n utilizada \u25cf Estimulador impermeable que puede utilizarse independientemente del mando a distancia \u25cf F\u00e1cil control mediante un bot\u00f3n \u25cf Alcance extendido de 32,75&#39;\/10 m \u25cf Certificado RED incluido \u25cf Recargable por USB (estimulador y mando) &#8211; cable de carga doble incluido<\/li>\n<li>Dimensiones del producto Mu\u00f1equera: 22,75 cm<\/li>\n<li>Longitud total: 10.25 cm<\/li>\n<li>Di\u00e1metro: 3.75 cm<\/li>\n<li>Vibrando: Si<\/li>\n<li>Modos de vibraci\u00f3n: 12<\/li>\n<li>Resistencia al agua: Impermeable<\/li>\n<li>Material: Silicona (estimulador, controlador) ABS con ba\u00f1o de plata (decoraci\u00f3n) Acero inoxidable (cierre) 95% algod\u00f3n, 5% Spandex (calzoncillo)<\/li>\n<li>Recargable por USB<\/li>\n<li>Bater\u00edas incluidas: Si<\/li>\n<li>Tiempo de carga en minutos: 60<\/li>\n<\/ul>\n","protected":false},"excerpt":{"rendered":"<p>REMOTE CONTROL BOXER BRIEF SET &#8211; BLACK El conjunto de calzoncillos con mando a distancia est\u00e1 pensado para los aventureros<\/p>\n","protected":false},"featured_media":16592,"comment_status":"open","ping_status":"open","template":"","meta":[],"product_cat":[295],"product_tag":[660,879],"class_list":["post-16591","product","type-product","status-publish","has-post-thumbnail","hentry","product_cat-vibradores-plugs","product_tag-calexotics","product_tag-remote-controlled-vibes"],"bundled_by":[],"bundle_stock_status":"instock","bundle_stock_quantity":1,"bundle_virtual":false,"bundle_layout":"","bundle_add_to_cart_form_location":"","bundle_editable_in_cart":false,"bundle_sold_individually_context":"","bundle_item_grouping":"","bundle_min_size":"","bundle_max_size":"","bundled_items":[],"yoast_head":"<!-- This site is optimized with the Yoast SEO plugin v20.6 - https:\/\/yoast.com\/wordpress\/plugins\/seo\/ -->\n<title>SET PLUG VIBRADOR CON CONTROL REMOTO Y BOXER - NEGRO - Tienda Er\u00f3tica<\/title>\n<meta name=\"robots\" content=\"noindex, follow, max-snippet:-1, max-image-preview:large, max-video-preview:-1\" \/>\n<meta property=\"og:locale\" content=\"es_ES\" \/>\n<meta property=\"og:type\" content=\"article\" \/>\n<meta property=\"og:title\" content=\"SET PLUG VIBRADOR CON CONTROL REMOTO Y BOXER - NEGRO - Tienda Er\u00f3tica\" \/>\n<meta property=\"og:description\" content=\"REMOTE CONTROL BOXER BRIEF SET &#8211; BLACK El conjunto de calzoncillos con mando a distancia est\u00e1 pensado para los aventureros\" \/>\n<meta property=\"og:url\" content=\"https:\/\/demoweb.info\/sexshop001\/producto\/set-plug-vibrador-con-control-remoto-y-boxer-negro-2\/\" \/>\n<meta property=\"og:site_name\" content=\"Tienda Er\u00f3tica\" \/>\n<meta property=\"article:modified_time\" content=\"2022-01-22T09:38:06+00:00\" \/>\n<meta property=\"og:image\" content=\"https:\/\/demoweb.info\/sexshop001\/wp-content\/uploads\/2022\/01\/SET-PLUG-VIBRADOR-CON-CONTROL-REMOTO-Y-BOXER-NEGRO-6.jpg\" \/>\n\t<meta property=\"og:image:width\" content=\"550\" \/>\n\t<meta property=\"og:image:height\" content=\"550\" \/>\n\t<meta property=\"og:image:type\" content=\"image\/jpeg\" \/>\n<meta name=\"twitter:card\" content=\"summary_large_image\" \/>\n<meta name=\"twitter:label1\" content=\"Tiempo de lectura\" \/>\n\t<meta name=\"twitter:data1\" content=\"2 minutos\" \/>\n<script type=\"application\/ld+json\" class=\"yoast-schema-graph\">{\"@context\":\"https:\/\/schema.org\",\"@graph\":[{\"@type\":\"WebPage\",\"@id\":\"https:\/\/demoweb.info\/sexshop001\/producto\/set-plug-vibrador-con-control-remoto-y-boxer-negro-2\/\",\"url\":\"https:\/\/demoweb.info\/sexshop001\/producto\/set-plug-vibrador-con-control-remoto-y-boxer-negro-2\/\",\"name\":\"SET PLUG VIBRADOR CON CONTROL REMOTO Y BOXER - NEGRO - Tienda Er\u00f3tica\",\"isPartOf\":{\"@id\":\"https:\/\/demoweb.info\/sexshop001\/#website\"},\"datePublished\":\"2022-01-22T09:37:39+00:00\",\"dateModified\":\"2022-01-22T09:38:06+00:00\",\"breadcrumb\":{\"@id\":\"https:\/\/demoweb.info\/sexshop001\/producto\/set-plug-vibrador-con-control-remoto-y-boxer-negro-2\/#breadcrumb\"},\"inLanguage\":\"es\",\"potentialAction\":[{\"@type\":\"ReadAction\",\"target\":[\"https:\/\/demoweb.info\/sexshop001\/producto\/set-plug-vibrador-con-control-remoto-y-boxer-negro-2\/\"]}]},{\"@type\":\"BreadcrumbList\",\"@id\":\"https:\/\/demoweb.info\/sexshop001\/producto\/set-plug-vibrador-con-control-remoto-y-boxer-negro-2\/#breadcrumb\",\"itemListElement\":[{\"@type\":\"ListItem\",\"position\":1,\"name\":\"Portada\",\"item\":\"https:\/\/demoweb.info\/sexshop001\/\"},{\"@type\":\"ListItem\",\"position\":2,\"name\":\"Tienda\",\"item\":\"https:\/\/demoweb.info\/sexshop001\/tienda\/\"},{\"@type\":\"ListItem\",\"position\":3,\"name\":\"SET PLUG VIBRADOR CON CONTROL REMOTO Y BOXER &#8211; NEGRO\"}]},{\"@type\":\"WebSite\",\"@id\":\"https:\/\/demoweb.info\/sexshop001\/#website\",\"url\":\"https:\/\/demoweb.info\/sexshop001\/\",\"name\":\"Tienda Er\u00f3tica\",\"description\":\"DEMOWEB SL\",\"potentialAction\":[{\"@type\":\"SearchAction\",\"target\":{\"@type\":\"EntryPoint\",\"urlTemplate\":\"https:\/\/demoweb.info\/sexshop001\/?s={search_term_string}\"},\"query-input\":\"required name=search_term_string\"}],\"inLanguage\":\"es\"}]}<\/script>\n<!-- \/ Yoast SEO plugin. -->","yoast_head_json":{"title":"SET PLUG VIBRADOR CON CONTROL REMOTO Y BOXER - NEGRO - Tienda Er\u00f3tica","robots":{"index":"noindex","follow":"follow","max-snippet":"max-snippet:-1","max-image-preview":"max-image-preview:large","max-video-preview":"max-video-preview:-1"},"og_locale":"es_ES","og_type":"article","og_title":"SET PLUG VIBRADOR CON CONTROL REMOTO Y BOXER - NEGRO - Tienda Er\u00f3tica","og_description":"REMOTE CONTROL BOXER BRIEF SET &#8211; BLACK El conjunto de calzoncillos con mando a distancia est\u00e1 pensado para los aventureros","og_url":"https:\/\/demoweb.info\/sexshop001\/producto\/set-plug-vibrador-con-control-remoto-y-boxer-negro-2\/","og_site_name":"Tienda Er\u00f3tica","article_modified_time":"2022-01-22T09:38:06+00:00","og_image":[{"width":550,"height":550,"url":"https:\/\/demoweb.info\/sexshop001\/wp-content\/uploads\/2022\/01\/SET-PLUG-VIBRADOR-CON-CONTROL-REMOTO-Y-BOXER-NEGRO-6.jpg","type":"image\/jpeg"}],"twitter_card":"summary_large_image","twitter_misc":{"Tiempo de lectura":"2 minutos"},"schema":{"@context":"https:\/\/schema.org","@graph":[{"@type":"WebPage","@id":"https:\/\/demoweb.info\/sexshop001\/producto\/set-plug-vibrador-con-control-remoto-y-boxer-negro-2\/","url":"https:\/\/demoweb.info\/sexshop001\/producto\/set-plug-vibrador-con-control-remoto-y-boxer-negro-2\/","name":"SET PLUG VIBRADOR CON CONTROL REMOTO Y BOXER - NEGRO - Tienda Er\u00f3tica","isPartOf":{"@id":"https:\/\/demoweb.info\/sexshop001\/#website"},"datePublished":"2022-01-22T09:37:39+00:00","dateModified":"2022-01-22T09:38:06+00:00","breadcrumb":{"@id":"https:\/\/demoweb.info\/sexshop001\/producto\/set-plug-vibrador-con-control-remoto-y-boxer-negro-2\/#breadcrumb"},"inLanguage":"es","potentialAction":[{"@type":"ReadAction","target":["https:\/\/demoweb.info\/sexshop001\/producto\/set-plug-vibrador-con-control-remoto-y-boxer-negro-2\/"]}]},{"@type":"BreadcrumbList","@id":"https:\/\/demoweb.info\/sexshop001\/producto\/set-plug-vibrador-con-control-remoto-y-boxer-negro-2\/#breadcrumb","itemListElement":[{"@type":"ListItem","position":1,"name":"Portada","item":"https:\/\/demoweb.info\/sexshop001\/"},{"@type":"ListItem","position":2,"name":"Tienda","item":"https:\/\/demoweb.info\/sexshop001\/tienda\/"},{"@type":"ListItem","position":3,"name":"SET PLUG VIBRADOR CON CONTROL REMOTO Y BOXER &#8211; NEGRO"}]},{"@type":"WebSite","@id":"https:\/\/demoweb.info\/sexshop001\/#website","url":"https:\/\/demoweb.info\/sexshop001\/","name":"Tienda Er\u00f3tica","description":"DEMOWEB SL","potentialAction":[{"@type":"SearchAction","target":{"@type":"EntryPoint","urlTemplate":"https:\/\/demoweb.info\/sexshop001\/?s={search_term_string}"},"query-input":"required name=search_term_string"}],"inLanguage":"es"}]}},"_links":{"self":[{"href":"https:\/\/demoweb.info\/sexshop001\/wp-json\/wp\/v3\/product\/16591","targetHints":{"allow":["GET"]}}],"collection":[{"href":"https:\/\/demoweb.info\/sexshop001\/wp-json\/wp\/v3\/product"}],"about":[{"href":"https:\/\/demoweb.info\/sexshop001\/wp-json\/wp\/v2\/types\/product"}],"replies":[{"embeddable":true,"href":"https:\/\/demoweb.info\/sexshop001\/wp-json\/wp\/v2\/comments?post=16591"}],"wp:featuredmedia":[{"embeddable":true,"href":"https:\/\/demoweb.info\/sexshop001\/wp-json\/wp\/v2\/media\/16592"}],"wp:attachment":[{"href":"https:\/\/demoweb.info\/sexshop001\/wp-json\/wp\/v2\/media?parent=16591"}],"wp:term":[{"taxonomy":"product_cat","embeddable":true,"href":"https:\/\/demoweb.info\/sexshop001\/wp-json\/wp\/v2\/product_cat?post=16591"},{"taxonomy":"product_tag","embeddable":true,"href":"https:\/\/demoweb.info\/sexshop001\/wp-json\/wp\/v2\/product_tag?post=16591"}],"curies":[{"name":"wp","href":"https:\/\/api.w.org\/{rel}","templated":true}]}}