{"id":16558,"date":"2022-01-22T10:37:39","date_gmt":"2022-01-22T09:37:39","guid":{"rendered":"https:\/\/demoweb.info\/sexshop001\/producto\/arouser-estimulador-de-silicona-punto-g-control-remoto-rosa\/"},"modified":"2022-01-22T10:37:47","modified_gmt":"2022-01-22T09:37:47","slug":"arouser-estimulador-de-silicona-punto-g-control-remoto-rosa","status":"publish","type":"product","link":"https:\/\/demoweb.info\/sexshop001\/producto\/arouser-estimulador-de-silicona-punto-g-control-remoto-rosa\/","title":{"rendered":"AROUSER ESTIMULADOR DE SILICONA PUNTO G CONTROL REMOTO &#8211; ROSA"},"content":{"rendered":"<p><strong>SILICONE REMOTE G-SPOT AROUSER &#8211; PINK<\/strong><\/p>\n<p>CalExotics Silicone Remote G Spot Arouser re\u00fane potentes vibraciones de varias velocidades en un paquete de control remoto \u00edntimamente curvado. Con solo tocar un bot\u00f3n en el discreto control remoto, usted o su amante pueden disfrutar de lo \u00faltimo en placer provocador cuando o donde lo necesite.<\/p>\n<p>El estimulador f\u00e1cil de usar tiene 12 funciones de vibraci\u00f3n con una variedad de intensidades y patrones para elegir. Cuando o donde la pasi\u00f3n lo lleve, el rango de radio de 32 pies de este teaser apasionado y las 12 funciones intensas de vibraci\u00f3n est\u00e1n listos para jugar.<\/p>\n<p>Utilice el controlador discreto o el bot\u00f3n en el teaser panty para recorrer 12 funciones de pulsaciones. Ya sea que elija mantener el control o haya dejado el placer en la mano de su pareja, este poderoso avance seguramente le dar\u00e1 una sensaci\u00f3n de temblor en las rodillas.<\/p>\n<p>Desde principiantes ruborizados hasta expertos en er\u00f3tica, esta vibra de contorno sensual agrega vibraciones vers\u00e1tiles a cualquier caja de juguetes.<\/p>\n<p>Recargue su pasi\u00f3n en solo 1 hora con el cable USB provisto para hasta 1,5 horas de estimulaci\u00f3n de alta intensidad.<\/p>\n<p>Informaci\u00f3n Adicional:<\/p>\n<p>\u25cf Mando a distancia y recargable &#8211; \u00a1\u00daselo solo o con un compa\u00f1ero! \u25cf Punta bulbosa para excitaci\u00f3n del punto G y estimulaci\u00f3n precisa y potente \u25cf 12 funciones intensas de vibraci\u00f3n, pulsaci\u00f3n y escalada \u25cf El chip de memoria de \u00faltima generaci\u00f3n se reanuda en la \u00faltima funci\u00f3n utilizada \u25cf El estimulador impermeable se puede usar independientemente del control remoto \u25cf Empuje f\u00e1cil -bot\u00f3n de control \u25cf Alcance extendido de 32,75 &#39;\/ 10 m \u25cf Certificado ROJO incluido \u25cf USB recargable (estimulador y control remoto) &#8211; cable de carga doble incluido<\/p>\n<p>Dimensiones del producto: 8.25 x 3.75 cm<\/p>\n<p>Longitud total: 10,75 cm<\/p>\n<p>Di\u00e1metro: 3.75 cm<\/p>\n<p>Vibrando: Si<\/p>\n<p>Modos de vibraci\u00f3n: 12<\/p>\n<p>Resistencia al agua: Impermeable<\/p>\n<p>Material: Silicona (estimulador) ABS con PU Cote (controlador) ABS con ba\u00f1o de plata (bot\u00f3n, decoraci\u00f3n)<\/p>\n<p>Recargable: USB recargable<\/p>\n<p>Baterias incluidas: Si<\/p>\n<p>Tiempo de carga en minutos: 60<\/p>\n<p>Tiempo de funcionamiento en minutos: 70<\/p><\/p>\n","protected":false},"excerpt":{"rendered":"<p>SILICONE REMOTE G-SPOT AROUSER &#8211; PINK CalExotics Silicone Remote G Spot Arouser re\u00fane potentes vibraciones de varias velocidades en un<\/p>\n","protected":false},"featured_media":16559,"comment_status":"open","ping_status":"open","template":"","meta":[],"product_cat":[301],"product_tag":[660,879],"class_list":["post-16558","product","type-product","status-publish","has-post-thumbnail","hentry","product_cat-punto-p","product_tag-calexotics","product_tag-remote-controlled-vibes"],"bundled_by":[],"bundle_stock_status":"instock","bundle_stock_quantity":1,"bundle_virtual":false,"bundle_layout":"","bundle_add_to_cart_form_location":"","bundle_editable_in_cart":false,"bundle_sold_individually_context":"","bundle_item_grouping":"","bundle_min_size":"","bundle_max_size":"","bundled_items":[],"yoast_head":"<!-- This site is optimized with the Yoast SEO plugin v20.6 - https:\/\/yoast.com\/wordpress\/plugins\/seo\/ -->\n<title>AROUSER ESTIMULADOR DE SILICONA PUNTO G CONTROL REMOTO - ROSA - Tienda Er\u00f3tica<\/title>\n<meta name=\"robots\" content=\"noindex, follow, max-snippet:-1, max-image-preview:large, max-video-preview:-1\" \/>\n<meta property=\"og:locale\" content=\"es_ES\" \/>\n<meta property=\"og:type\" content=\"article\" \/>\n<meta property=\"og:title\" content=\"AROUSER ESTIMULADOR DE SILICONA PUNTO G CONTROL REMOTO - ROSA - Tienda Er\u00f3tica\" \/>\n<meta property=\"og:description\" content=\"SILICONE REMOTE G-SPOT AROUSER &#8211; PINK CalExotics Silicone Remote G Spot Arouser re\u00fane potentes vibraciones de varias velocidades en un\" \/>\n<meta property=\"og:url\" content=\"https:\/\/demoweb.info\/sexshop001\/producto\/arouser-estimulador-de-silicona-punto-g-control-remoto-rosa\/\" \/>\n<meta property=\"og:site_name\" content=\"Tienda Er\u00f3tica\" \/>\n<meta property=\"article:modified_time\" content=\"2022-01-22T09:37:47+00:00\" \/>\n<meta property=\"og:image\" content=\"https:\/\/demoweb.info\/sexshop001\/wp-content\/uploads\/2022\/01\/AROUSER-ESTIMULADOR-DE-SILICONA-PUNTO-G-CONTROL-REMOTO-ROSA.jpg\" \/>\n\t<meta property=\"og:image:width\" content=\"550\" \/>\n\t<meta property=\"og:image:height\" content=\"550\" \/>\n\t<meta property=\"og:image:type\" content=\"image\/jpeg\" \/>\n<meta name=\"twitter:card\" content=\"summary_large_image\" \/>\n<meta name=\"twitter:label1\" content=\"Tiempo de lectura\" \/>\n\t<meta name=\"twitter:data1\" content=\"2 minutos\" \/>\n<script type=\"application\/ld+json\" class=\"yoast-schema-graph\">{\"@context\":\"https:\/\/schema.org\",\"@graph\":[{\"@type\":\"WebPage\",\"@id\":\"https:\/\/demoweb.info\/sexshop001\/producto\/arouser-estimulador-de-silicona-punto-g-control-remoto-rosa\/\",\"url\":\"https:\/\/demoweb.info\/sexshop001\/producto\/arouser-estimulador-de-silicona-punto-g-control-remoto-rosa\/\",\"name\":\"AROUSER ESTIMULADOR DE SILICONA PUNTO G CONTROL REMOTO - ROSA - Tienda Er\u00f3tica\",\"isPartOf\":{\"@id\":\"https:\/\/demoweb.info\/sexshop001\/#website\"},\"datePublished\":\"2022-01-22T09:37:39+00:00\",\"dateModified\":\"2022-01-22T09:37:47+00:00\",\"breadcrumb\":{\"@id\":\"https:\/\/demoweb.info\/sexshop001\/producto\/arouser-estimulador-de-silicona-punto-g-control-remoto-rosa\/#breadcrumb\"},\"inLanguage\":\"es\",\"potentialAction\":[{\"@type\":\"ReadAction\",\"target\":[\"https:\/\/demoweb.info\/sexshop001\/producto\/arouser-estimulador-de-silicona-punto-g-control-remoto-rosa\/\"]}]},{\"@type\":\"BreadcrumbList\",\"@id\":\"https:\/\/demoweb.info\/sexshop001\/producto\/arouser-estimulador-de-silicona-punto-g-control-remoto-rosa\/#breadcrumb\",\"itemListElement\":[{\"@type\":\"ListItem\",\"position\":1,\"name\":\"Portada\",\"item\":\"https:\/\/demoweb.info\/sexshop001\/\"},{\"@type\":\"ListItem\",\"position\":2,\"name\":\"Tienda\",\"item\":\"https:\/\/demoweb.info\/sexshop001\/tienda\/\"},{\"@type\":\"ListItem\",\"position\":3,\"name\":\"AROUSER ESTIMULADOR DE SILICONA PUNTO G CONTROL REMOTO &#8211; ROSA\"}]},{\"@type\":\"WebSite\",\"@id\":\"https:\/\/demoweb.info\/sexshop001\/#website\",\"url\":\"https:\/\/demoweb.info\/sexshop001\/\",\"name\":\"Tienda Er\u00f3tica\",\"description\":\"DEMOWEB SL\",\"potentialAction\":[{\"@type\":\"SearchAction\",\"target\":{\"@type\":\"EntryPoint\",\"urlTemplate\":\"https:\/\/demoweb.info\/sexshop001\/?s={search_term_string}\"},\"query-input\":\"required name=search_term_string\"}],\"inLanguage\":\"es\"}]}<\/script>\n<!-- \/ Yoast SEO plugin. -->","yoast_head_json":{"title":"AROUSER ESTIMULADOR DE SILICONA PUNTO G CONTROL REMOTO - ROSA - Tienda Er\u00f3tica","robots":{"index":"noindex","follow":"follow","max-snippet":"max-snippet:-1","max-image-preview":"max-image-preview:large","max-video-preview":"max-video-preview:-1"},"og_locale":"es_ES","og_type":"article","og_title":"AROUSER ESTIMULADOR DE SILICONA PUNTO G CONTROL REMOTO - ROSA - Tienda Er\u00f3tica","og_description":"SILICONE REMOTE G-SPOT AROUSER &#8211; PINK CalExotics Silicone Remote G Spot Arouser re\u00fane potentes vibraciones de varias velocidades en un","og_url":"https:\/\/demoweb.info\/sexshop001\/producto\/arouser-estimulador-de-silicona-punto-g-control-remoto-rosa\/","og_site_name":"Tienda Er\u00f3tica","article_modified_time":"2022-01-22T09:37:47+00:00","og_image":[{"width":550,"height":550,"url":"https:\/\/demoweb.info\/sexshop001\/wp-content\/uploads\/2022\/01\/AROUSER-ESTIMULADOR-DE-SILICONA-PUNTO-G-CONTROL-REMOTO-ROSA.jpg","type":"image\/jpeg"}],"twitter_card":"summary_large_image","twitter_misc":{"Tiempo de lectura":"2 minutos"},"schema":{"@context":"https:\/\/schema.org","@graph":[{"@type":"WebPage","@id":"https:\/\/demoweb.info\/sexshop001\/producto\/arouser-estimulador-de-silicona-punto-g-control-remoto-rosa\/","url":"https:\/\/demoweb.info\/sexshop001\/producto\/arouser-estimulador-de-silicona-punto-g-control-remoto-rosa\/","name":"AROUSER ESTIMULADOR DE SILICONA PUNTO G CONTROL REMOTO - ROSA - Tienda Er\u00f3tica","isPartOf":{"@id":"https:\/\/demoweb.info\/sexshop001\/#website"},"datePublished":"2022-01-22T09:37:39+00:00","dateModified":"2022-01-22T09:37:47+00:00","breadcrumb":{"@id":"https:\/\/demoweb.info\/sexshop001\/producto\/arouser-estimulador-de-silicona-punto-g-control-remoto-rosa\/#breadcrumb"},"inLanguage":"es","potentialAction":[{"@type":"ReadAction","target":["https:\/\/demoweb.info\/sexshop001\/producto\/arouser-estimulador-de-silicona-punto-g-control-remoto-rosa\/"]}]},{"@type":"BreadcrumbList","@id":"https:\/\/demoweb.info\/sexshop001\/producto\/arouser-estimulador-de-silicona-punto-g-control-remoto-rosa\/#breadcrumb","itemListElement":[{"@type":"ListItem","position":1,"name":"Portada","item":"https:\/\/demoweb.info\/sexshop001\/"},{"@type":"ListItem","position":2,"name":"Tienda","item":"https:\/\/demoweb.info\/sexshop001\/tienda\/"},{"@type":"ListItem","position":3,"name":"AROUSER ESTIMULADOR DE SILICONA PUNTO G CONTROL REMOTO &#8211; ROSA"}]},{"@type":"WebSite","@id":"https:\/\/demoweb.info\/sexshop001\/#website","url":"https:\/\/demoweb.info\/sexshop001\/","name":"Tienda Er\u00f3tica","description":"DEMOWEB SL","potentialAction":[{"@type":"SearchAction","target":{"@type":"EntryPoint","urlTemplate":"https:\/\/demoweb.info\/sexshop001\/?s={search_term_string}"},"query-input":"required name=search_term_string"}],"inLanguage":"es"}]}},"_links":{"self":[{"href":"https:\/\/demoweb.info\/sexshop001\/wp-json\/wp\/v3\/product\/16558","targetHints":{"allow":["GET"]}}],"collection":[{"href":"https:\/\/demoweb.info\/sexshop001\/wp-json\/wp\/v3\/product"}],"about":[{"href":"https:\/\/demoweb.info\/sexshop001\/wp-json\/wp\/v2\/types\/product"}],"replies":[{"embeddable":true,"href":"https:\/\/demoweb.info\/sexshop001\/wp-json\/wp\/v2\/comments?post=16558"}],"wp:featuredmedia":[{"embeddable":true,"href":"https:\/\/demoweb.info\/sexshop001\/wp-json\/wp\/v2\/media\/16559"}],"wp:attachment":[{"href":"https:\/\/demoweb.info\/sexshop001\/wp-json\/wp\/v2\/media?parent=16558"}],"wp:term":[{"taxonomy":"product_cat","embeddable":true,"href":"https:\/\/demoweb.info\/sexshop001\/wp-json\/wp\/v2\/product_cat?post=16558"},{"taxonomy":"product_tag","embeddable":true,"href":"https:\/\/demoweb.info\/sexshop001\/wp-json\/wp\/v2\/product_tag?post=16558"}],"curies":[{"name":"wp","href":"https:\/\/api.w.org\/{rel}","templated":true}]}}