{"id":16544,"date":"2022-01-22T10:37:39","date_gmt":"2022-01-22T09:37:39","guid":{"rendered":"https:\/\/demoweb.info\/sexshop001\/producto\/plug-de-silicona-hinchable-negro\/"},"modified":"2022-01-22T10:37:41","modified_gmt":"2022-01-22T09:37:41","slug":"plug-de-silicona-hinchable-negro","status":"publish","type":"product","link":"https:\/\/demoweb.info\/sexshop001\/producto\/plug-de-silicona-hinchable-negro\/","title":{"rendered":"PLUG DE SILICONA HINCHABLE &#8211; NEGRO"},"content":{"rendered":"<p><strong>SILICONE INFLATABLE PLUG &#8211; BLACK<\/strong><\/p>\n<p>El tap\u00f3n inflable de silicona ponderado CalExotics es una sonda anal \u00fanica en su tipo con cuerpo inflable ponderado, bulbo de f\u00e1cil apriete y manguera desmontable. Para un mayor placer, esta sonda est\u00e1 perfectamente ponderada con una bola de 1,2 oz.<\/p>\n<p>Para inflar su \u00e9xtasis, simplemente conecte la manguera y presione la pera de apriete f\u00e1cil. Una vez que haya alcanzado el tama\u00f1o deseado, la sonda mantendr\u00e1 su tama\u00f1o incluso cuando se retire la manguera. Un bot\u00f3n de liberaci\u00f3n r\u00e1pida de aire permite desinflar y quitar suavemente.<\/p>\n<p>Para disfrutar al m\u00e1ximo del estimulante mundo del placer anal, la estimulaci\u00f3n sensual es la clave del \u00e9xito. La sonda de silicona c\u00f3nica tiene la cantidad perfecta de flexibilidad para doblarse y moverse naturalmente con su cuerpo. La base con brida duradera es perfecta para la inserci\u00f3n, estimulaci\u00f3n y extracci\u00f3n. La sonda flexible, la manguera y el bulbo est\u00e1n hechos de silicona sin costuras con v\u00e1lvulas de liberaci\u00f3n de pl\u00e1stico ABS. El tap\u00f3n de silicona tiene un tama\u00f1o total de 3 x 1,25 (7,5 cm x 3,25 cm), antes de inflarlo.<\/p>\n<p>Informaci\u00f3n Adicional:<\/p>\n<p>\u25cf Perfectamente ponderado para un mayor placer con una bola de 34 g \/ 1,2 oz. \u25cf El tap\u00f3n inflable con peso adicional permanece en el tama\u00f1o deseado cuando se quita la manguera \u25cf Tap\u00f3n inflable de silicona flexible y duradero con manguera desmontable \u25cf El tap\u00f3n de silicona se infla uniformemente \u25cf Dise\u00f1ado para un uso prolongado \u25cf Base bridada con bot\u00f3n de liberaci\u00f3n r\u00e1pida de aire \u25cf Silicona sin perfume y segura para el cuerpo \u25cf Bulbo de f\u00e1cil apretado \u25cf Manguera desmontable con v\u00e1lvula de liberaci\u00f3n r\u00e1pida de aire<\/p>\n<p>Longitud total: 7,5 cm<\/p>\n<p>Di\u00e1metro: 3.25 cm<\/p>\n<p>Material: Silicona (enchufe, manguera, bombilla) ABS (v\u00e1lvulas de descarga)<\/p><\/p>\n","protected":false},"excerpt":{"rendered":"<p>SILICONE INFLATABLE PLUG &#8211; BLACK El tap\u00f3n inflable de silicona ponderado CalExotics es una sonda anal \u00fanica en su tipo<\/p>\n","protected":false},"featured_media":16545,"comment_status":"open","ping_status":"open","template":"","meta":[],"product_cat":[280],"product_tag":[878,660],"class_list":["post-16544","product","type-product","status-publish","has-post-thumbnail","hentry","product_cat-hinchables","product_tag-anal","product_tag-calexotics"],"bundled_by":[],"bundle_stock_status":"instock","bundle_stock_quantity":2,"bundle_virtual":false,"bundle_layout":"","bundle_add_to_cart_form_location":"","bundle_editable_in_cart":false,"bundle_sold_individually_context":"","bundle_item_grouping":"","bundle_min_size":"","bundle_max_size":"","bundled_items":[],"yoast_head":"<!-- This site is optimized with the Yoast SEO plugin v20.6 - https:\/\/yoast.com\/wordpress\/plugins\/seo\/ -->\n<title>PLUG DE SILICONA HINCHABLE - NEGRO - Tienda Er\u00f3tica<\/title>\n<meta name=\"robots\" content=\"noindex, follow, max-snippet:-1, max-image-preview:large, max-video-preview:-1\" \/>\n<meta property=\"og:locale\" content=\"es_ES\" \/>\n<meta property=\"og:type\" content=\"article\" \/>\n<meta property=\"og:title\" content=\"PLUG DE SILICONA HINCHABLE - NEGRO - Tienda Er\u00f3tica\" \/>\n<meta property=\"og:description\" content=\"SILICONE INFLATABLE PLUG &#8211; BLACK El tap\u00f3n inflable de silicona ponderado CalExotics es una sonda anal \u00fanica en su tipo\" \/>\n<meta property=\"og:url\" content=\"https:\/\/demoweb.info\/sexshop001\/producto\/plug-de-silicona-hinchable-negro\/\" \/>\n<meta property=\"og:site_name\" content=\"Tienda Er\u00f3tica\" \/>\n<meta property=\"article:modified_time\" content=\"2022-01-22T09:37:41+00:00\" \/>\n<meta property=\"og:image\" content=\"https:\/\/demoweb.info\/sexshop001\/wp-content\/uploads\/2022\/01\/PLUG-DE-SILICONA-HINCHABLE-NEGRO.jpg\" \/>\n\t<meta property=\"og:image:width\" content=\"550\" \/>\n\t<meta property=\"og:image:height\" content=\"550\" \/>\n\t<meta property=\"og:image:type\" content=\"image\/jpeg\" \/>\n<meta name=\"twitter:card\" content=\"summary_large_image\" \/>\n<meta name=\"twitter:label1\" content=\"Tiempo de lectura\" \/>\n\t<meta name=\"twitter:data1\" content=\"2 minutos\" \/>\n<script type=\"application\/ld+json\" class=\"yoast-schema-graph\">{\"@context\":\"https:\/\/schema.org\",\"@graph\":[{\"@type\":\"WebPage\",\"@id\":\"https:\/\/demoweb.info\/sexshop001\/producto\/plug-de-silicona-hinchable-negro\/\",\"url\":\"https:\/\/demoweb.info\/sexshop001\/producto\/plug-de-silicona-hinchable-negro\/\",\"name\":\"PLUG DE SILICONA HINCHABLE - NEGRO - Tienda Er\u00f3tica\",\"isPartOf\":{\"@id\":\"https:\/\/demoweb.info\/sexshop001\/#website\"},\"datePublished\":\"2022-01-22T09:37:39+00:00\",\"dateModified\":\"2022-01-22T09:37:41+00:00\",\"breadcrumb\":{\"@id\":\"https:\/\/demoweb.info\/sexshop001\/producto\/plug-de-silicona-hinchable-negro\/#breadcrumb\"},\"inLanguage\":\"es\",\"potentialAction\":[{\"@type\":\"ReadAction\",\"target\":[\"https:\/\/demoweb.info\/sexshop001\/producto\/plug-de-silicona-hinchable-negro\/\"]}]},{\"@type\":\"BreadcrumbList\",\"@id\":\"https:\/\/demoweb.info\/sexshop001\/producto\/plug-de-silicona-hinchable-negro\/#breadcrumb\",\"itemListElement\":[{\"@type\":\"ListItem\",\"position\":1,\"name\":\"Portada\",\"item\":\"https:\/\/demoweb.info\/sexshop001\/\"},{\"@type\":\"ListItem\",\"position\":2,\"name\":\"Tienda\",\"item\":\"https:\/\/demoweb.info\/sexshop001\/tienda\/\"},{\"@type\":\"ListItem\",\"position\":3,\"name\":\"PLUG DE SILICONA HINCHABLE &#8211; NEGRO\"}]},{\"@type\":\"WebSite\",\"@id\":\"https:\/\/demoweb.info\/sexshop001\/#website\",\"url\":\"https:\/\/demoweb.info\/sexshop001\/\",\"name\":\"Tienda Er\u00f3tica\",\"description\":\"DEMOWEB SL\",\"potentialAction\":[{\"@type\":\"SearchAction\",\"target\":{\"@type\":\"EntryPoint\",\"urlTemplate\":\"https:\/\/demoweb.info\/sexshop001\/?s={search_term_string}\"},\"query-input\":\"required name=search_term_string\"}],\"inLanguage\":\"es\"}]}<\/script>\n<!-- \/ Yoast SEO plugin. -->","yoast_head_json":{"title":"PLUG DE SILICONA HINCHABLE - NEGRO - Tienda Er\u00f3tica","robots":{"index":"noindex","follow":"follow","max-snippet":"max-snippet:-1","max-image-preview":"max-image-preview:large","max-video-preview":"max-video-preview:-1"},"og_locale":"es_ES","og_type":"article","og_title":"PLUG DE SILICONA HINCHABLE - NEGRO - Tienda Er\u00f3tica","og_description":"SILICONE INFLATABLE PLUG &#8211; BLACK El tap\u00f3n inflable de silicona ponderado CalExotics es una sonda anal \u00fanica en su tipo","og_url":"https:\/\/demoweb.info\/sexshop001\/producto\/plug-de-silicona-hinchable-negro\/","og_site_name":"Tienda Er\u00f3tica","article_modified_time":"2022-01-22T09:37:41+00:00","og_image":[{"width":550,"height":550,"url":"https:\/\/demoweb.info\/sexshop001\/wp-content\/uploads\/2022\/01\/PLUG-DE-SILICONA-HINCHABLE-NEGRO.jpg","type":"image\/jpeg"}],"twitter_card":"summary_large_image","twitter_misc":{"Tiempo de lectura":"2 minutos"},"schema":{"@context":"https:\/\/schema.org","@graph":[{"@type":"WebPage","@id":"https:\/\/demoweb.info\/sexshop001\/producto\/plug-de-silicona-hinchable-negro\/","url":"https:\/\/demoweb.info\/sexshop001\/producto\/plug-de-silicona-hinchable-negro\/","name":"PLUG DE SILICONA HINCHABLE - NEGRO - Tienda Er\u00f3tica","isPartOf":{"@id":"https:\/\/demoweb.info\/sexshop001\/#website"},"datePublished":"2022-01-22T09:37:39+00:00","dateModified":"2022-01-22T09:37:41+00:00","breadcrumb":{"@id":"https:\/\/demoweb.info\/sexshop001\/producto\/plug-de-silicona-hinchable-negro\/#breadcrumb"},"inLanguage":"es","potentialAction":[{"@type":"ReadAction","target":["https:\/\/demoweb.info\/sexshop001\/producto\/plug-de-silicona-hinchable-negro\/"]}]},{"@type":"BreadcrumbList","@id":"https:\/\/demoweb.info\/sexshop001\/producto\/plug-de-silicona-hinchable-negro\/#breadcrumb","itemListElement":[{"@type":"ListItem","position":1,"name":"Portada","item":"https:\/\/demoweb.info\/sexshop001\/"},{"@type":"ListItem","position":2,"name":"Tienda","item":"https:\/\/demoweb.info\/sexshop001\/tienda\/"},{"@type":"ListItem","position":3,"name":"PLUG DE SILICONA HINCHABLE &#8211; NEGRO"}]},{"@type":"WebSite","@id":"https:\/\/demoweb.info\/sexshop001\/#website","url":"https:\/\/demoweb.info\/sexshop001\/","name":"Tienda Er\u00f3tica","description":"DEMOWEB SL","potentialAction":[{"@type":"SearchAction","target":{"@type":"EntryPoint","urlTemplate":"https:\/\/demoweb.info\/sexshop001\/?s={search_term_string}"},"query-input":"required name=search_term_string"}],"inLanguage":"es"}]}},"_links":{"self":[{"href":"https:\/\/demoweb.info\/sexshop001\/wp-json\/wp\/v3\/product\/16544","targetHints":{"allow":["GET"]}}],"collection":[{"href":"https:\/\/demoweb.info\/sexshop001\/wp-json\/wp\/v3\/product"}],"about":[{"href":"https:\/\/demoweb.info\/sexshop001\/wp-json\/wp\/v2\/types\/product"}],"replies":[{"embeddable":true,"href":"https:\/\/demoweb.info\/sexshop001\/wp-json\/wp\/v2\/comments?post=16544"}],"wp:featuredmedia":[{"embeddable":true,"href":"https:\/\/demoweb.info\/sexshop001\/wp-json\/wp\/v2\/media\/16545"}],"wp:attachment":[{"href":"https:\/\/demoweb.info\/sexshop001\/wp-json\/wp\/v2\/media?parent=16544"}],"wp:term":[{"taxonomy":"product_cat","embeddable":true,"href":"https:\/\/demoweb.info\/sexshop001\/wp-json\/wp\/v2\/product_cat?post=16544"},{"taxonomy":"product_tag","embeddable":true,"href":"https:\/\/demoweb.info\/sexshop001\/wp-json\/wp\/v2\/product_tag?post=16544"}],"curies":[{"name":"wp","href":"https:\/\/api.w.org\/{rel}","templated":true}]}}