{"id":16538,"date":"2022-01-22T10:36:53","date_gmt":"2022-01-22T09:36:53","guid":{"rendered":"https:\/\/demoweb.info\/sexshop001\/producto\/s8-desinfectante-de-manos-500ml\/"},"modified":"2022-01-22T10:37:36","modified_gmt":"2022-01-22T09:37:36","slug":"s8-desinfectante-de-manos-500ml","status":"publish","type":"product","link":"https:\/\/demoweb.info\/sexshop001\/producto\/s8-desinfectante-de-manos-500ml\/","title":{"rendered":"S8 DESINFECTANTE DE MANOS 500ML"},"content":{"rendered":"<p><strong>S8 DISINFECT HANDGEL 500ML<\/strong><\/p>\n<p>El gel de manos S8 Disinfect 500 ml (70% de alcohol) es un producto ideal para la limpieza y desinfecci\u00f3n higi\u00e9nica de las manos. El envase de 500 ml viene con una pr\u00e1ctica bomba, ideal para lugares donde se re\u00fanen varias personas. El envase de 500 ml resulta muy pr\u00e1ctico cuando hay varios usuarios. Es f\u00e1cil de colocar en la entrada de tiendas, empresas y oficinas para uso de clientes y empleados.<\/p>\n<p><strong>CARACTER\u00cdSTICAS<\/strong><\/p>\n<ul>\n<li>Longitud total: 21 cm<\/li>\n<li>Di\u00e1metro: \u00d8 7 cm<\/li>\n<\/ul>\n","protected":false},"excerpt":{"rendered":"<p>S8 DISINFECT HANDGEL 500ML El gel de manos S8 Disinfect 500 ml (70% de alcohol) es un producto ideal para<\/p>\n","protected":false},"featured_media":16539,"comment_status":"open","ping_status":"open","template":"","meta":[],"product_cat":[329],"product_tag":[672],"class_list":["post-16538","product","type-product","status-publish","has-post-thumbnail","hentry","product_cat-limpieza-y-conserv","product_tag-stimul8"],"bundled_by":[],"bundle_stock_status":"instock","bundle_stock_quantity":1,"bundle_virtual":false,"bundle_layout":"","bundle_add_to_cart_form_location":"","bundle_editable_in_cart":false,"bundle_sold_individually_context":"","bundle_item_grouping":"","bundle_min_size":"","bundle_max_size":"","bundled_items":[],"yoast_head":"<!-- This site is optimized with the Yoast SEO plugin v20.6 - https:\/\/yoast.com\/wordpress\/plugins\/seo\/ -->\n<title>S8 DESINFECTANTE DE MANOS 500ML - Tienda Er\u00f3tica<\/title>\n<meta name=\"robots\" content=\"noindex, follow, max-snippet:-1, max-image-preview:large, max-video-preview:-1\" \/>\n<meta property=\"og:locale\" content=\"es_ES\" \/>\n<meta property=\"og:type\" content=\"article\" \/>\n<meta property=\"og:title\" content=\"S8 DESINFECTANTE DE MANOS 500ML - Tienda Er\u00f3tica\" \/>\n<meta property=\"og:description\" content=\"S8 DISINFECT HANDGEL 500ML El gel de manos S8 Disinfect 500 ml (70% de alcohol) es un producto ideal para\" \/>\n<meta property=\"og:url\" content=\"https:\/\/demoweb.info\/sexshop001\/producto\/s8-desinfectante-de-manos-500ml\/\" \/>\n<meta property=\"og:site_name\" content=\"Tienda Er\u00f3tica\" \/>\n<meta property=\"article:modified_time\" content=\"2022-01-22T09:37:36+00:00\" \/>\n<meta property=\"og:image\" content=\"https:\/\/demoweb.info\/sexshop001\/wp-content\/uploads\/2022\/01\/S8-DESINFECTANTE-DE-MANOS-500ML.jpg\" \/>\n\t<meta property=\"og:image:width\" content=\"550\" \/>\n\t<meta property=\"og:image:height\" content=\"550\" \/>\n\t<meta property=\"og:image:type\" content=\"image\/jpeg\" \/>\n<meta name=\"twitter:card\" content=\"summary_large_image\" \/>\n<script type=\"application\/ld+json\" class=\"yoast-schema-graph\">{\"@context\":\"https:\/\/schema.org\",\"@graph\":[{\"@type\":\"WebPage\",\"@id\":\"https:\/\/demoweb.info\/sexshop001\/producto\/s8-desinfectante-de-manos-500ml\/\",\"url\":\"https:\/\/demoweb.info\/sexshop001\/producto\/s8-desinfectante-de-manos-500ml\/\",\"name\":\"S8 DESINFECTANTE DE MANOS 500ML - Tienda Er\u00f3tica\",\"isPartOf\":{\"@id\":\"https:\/\/demoweb.info\/sexshop001\/#website\"},\"datePublished\":\"2022-01-22T09:36:53+00:00\",\"dateModified\":\"2022-01-22T09:37:36+00:00\",\"breadcrumb\":{\"@id\":\"https:\/\/demoweb.info\/sexshop001\/producto\/s8-desinfectante-de-manos-500ml\/#breadcrumb\"},\"inLanguage\":\"es\",\"potentialAction\":[{\"@type\":\"ReadAction\",\"target\":[\"https:\/\/demoweb.info\/sexshop001\/producto\/s8-desinfectante-de-manos-500ml\/\"]}]},{\"@type\":\"BreadcrumbList\",\"@id\":\"https:\/\/demoweb.info\/sexshop001\/producto\/s8-desinfectante-de-manos-500ml\/#breadcrumb\",\"itemListElement\":[{\"@type\":\"ListItem\",\"position\":1,\"name\":\"Portada\",\"item\":\"https:\/\/demoweb.info\/sexshop001\/\"},{\"@type\":\"ListItem\",\"position\":2,\"name\":\"Tienda\",\"item\":\"https:\/\/demoweb.info\/sexshop001\/tienda\/\"},{\"@type\":\"ListItem\",\"position\":3,\"name\":\"S8 DESINFECTANTE DE MANOS 500ML\"}]},{\"@type\":\"WebSite\",\"@id\":\"https:\/\/demoweb.info\/sexshop001\/#website\",\"url\":\"https:\/\/demoweb.info\/sexshop001\/\",\"name\":\"Tienda Er\u00f3tica\",\"description\":\"DEMOWEB SL\",\"potentialAction\":[{\"@type\":\"SearchAction\",\"target\":{\"@type\":\"EntryPoint\",\"urlTemplate\":\"https:\/\/demoweb.info\/sexshop001\/?s={search_term_string}\"},\"query-input\":\"required name=search_term_string\"}],\"inLanguage\":\"es\"}]}<\/script>\n<!-- \/ Yoast SEO plugin. -->","yoast_head_json":{"title":"S8 DESINFECTANTE DE MANOS 500ML - Tienda Er\u00f3tica","robots":{"index":"noindex","follow":"follow","max-snippet":"max-snippet:-1","max-image-preview":"max-image-preview:large","max-video-preview":"max-video-preview:-1"},"og_locale":"es_ES","og_type":"article","og_title":"S8 DESINFECTANTE DE MANOS 500ML - Tienda Er\u00f3tica","og_description":"S8 DISINFECT HANDGEL 500ML El gel de manos S8 Disinfect 500 ml (70% de alcohol) es un producto ideal para","og_url":"https:\/\/demoweb.info\/sexshop001\/producto\/s8-desinfectante-de-manos-500ml\/","og_site_name":"Tienda Er\u00f3tica","article_modified_time":"2022-01-22T09:37:36+00:00","og_image":[{"width":550,"height":550,"url":"https:\/\/demoweb.info\/sexshop001\/wp-content\/uploads\/2022\/01\/S8-DESINFECTANTE-DE-MANOS-500ML.jpg","type":"image\/jpeg"}],"twitter_card":"summary_large_image","schema":{"@context":"https:\/\/schema.org","@graph":[{"@type":"WebPage","@id":"https:\/\/demoweb.info\/sexshop001\/producto\/s8-desinfectante-de-manos-500ml\/","url":"https:\/\/demoweb.info\/sexshop001\/producto\/s8-desinfectante-de-manos-500ml\/","name":"S8 DESINFECTANTE DE MANOS 500ML - Tienda Er\u00f3tica","isPartOf":{"@id":"https:\/\/demoweb.info\/sexshop001\/#website"},"datePublished":"2022-01-22T09:36:53+00:00","dateModified":"2022-01-22T09:37:36+00:00","breadcrumb":{"@id":"https:\/\/demoweb.info\/sexshop001\/producto\/s8-desinfectante-de-manos-500ml\/#breadcrumb"},"inLanguage":"es","potentialAction":[{"@type":"ReadAction","target":["https:\/\/demoweb.info\/sexshop001\/producto\/s8-desinfectante-de-manos-500ml\/"]}]},{"@type":"BreadcrumbList","@id":"https:\/\/demoweb.info\/sexshop001\/producto\/s8-desinfectante-de-manos-500ml\/#breadcrumb","itemListElement":[{"@type":"ListItem","position":1,"name":"Portada","item":"https:\/\/demoweb.info\/sexshop001\/"},{"@type":"ListItem","position":2,"name":"Tienda","item":"https:\/\/demoweb.info\/sexshop001\/tienda\/"},{"@type":"ListItem","position":3,"name":"S8 DESINFECTANTE DE MANOS 500ML"}]},{"@type":"WebSite","@id":"https:\/\/demoweb.info\/sexshop001\/#website","url":"https:\/\/demoweb.info\/sexshop001\/","name":"Tienda Er\u00f3tica","description":"DEMOWEB SL","potentialAction":[{"@type":"SearchAction","target":{"@type":"EntryPoint","urlTemplate":"https:\/\/demoweb.info\/sexshop001\/?s={search_term_string}"},"query-input":"required name=search_term_string"}],"inLanguage":"es"}]}},"_links":{"self":[{"href":"https:\/\/demoweb.info\/sexshop001\/wp-json\/wp\/v3\/product\/16538","targetHints":{"allow":["GET"]}}],"collection":[{"href":"https:\/\/demoweb.info\/sexshop001\/wp-json\/wp\/v3\/product"}],"about":[{"href":"https:\/\/demoweb.info\/sexshop001\/wp-json\/wp\/v2\/types\/product"}],"replies":[{"embeddable":true,"href":"https:\/\/demoweb.info\/sexshop001\/wp-json\/wp\/v2\/comments?post=16538"}],"wp:featuredmedia":[{"embeddable":true,"href":"https:\/\/demoweb.info\/sexshop001\/wp-json\/wp\/v2\/media\/16539"}],"wp:attachment":[{"href":"https:\/\/demoweb.info\/sexshop001\/wp-json\/wp\/v2\/media?parent=16538"}],"wp:term":[{"taxonomy":"product_cat","embeddable":true,"href":"https:\/\/demoweb.info\/sexshop001\/wp-json\/wp\/v2\/product_cat?post=16538"},{"taxonomy":"product_tag","embeddable":true,"href":"https:\/\/demoweb.info\/sexshop001\/wp-json\/wp\/v2\/product_tag?post=16538"}],"curies":[{"name":"wp","href":"https:\/\/api.w.org\/{rel}","templated":true}]}}