{"id":16508,"date":"2022-01-22T10:36:53","date_gmt":"2022-01-22T09:36:53","guid":{"rendered":"https:\/\/demoweb.info\/sexshop001\/producto\/s8-wb-pride-glide-lube-125ml\/"},"modified":"2022-01-22T10:37:20","modified_gmt":"2022-01-22T09:37:20","slug":"s8-wb-pride-glide-lube-125ml","status":"publish","type":"product","link":"https:\/\/demoweb.info\/sexshop001\/producto\/s8-wb-pride-glide-lube-125ml\/","title":{"rendered":"S8 WB PRIDE GLIDE LUBE 125ML"},"content":{"rendered":"<p><strong>S8 WB PRIDE GLIDE LUBE 125ML<\/strong><\/p>\n<p>El S8 Pride Glide 125ml es un deslizamiento a base de agua extra espeso y duradero; perfecto para cualquier aventura sexy!<\/p>\n<p>La f\u00f3rmula de calidad est\u00e1 desarrollada para garantizar el tacto m\u00e1s suave, al mismo tiempo que es suave con la piel y las membranas \u00edntimas. Este lubricante de calidad no contiene gluten, sulfatos, parabenos, ftalatos y no contiene conservantes agresivos ni colorantes a\u00f1adidos.<\/p>\n<p>Con aprobaci\u00f3n de grado m\u00e9dico, el lubricante S8 Pride Glide tambi\u00e9n se adhiere a todas las regulaciones actuales de la UE con respecto a productos para el cuidado \u00edntimo y constituye una alternativa confiable, transparente y con precios competitivos a otras opciones no aprobadas en el mercado.<\/p>\n<p><strong>CARACTER\u00cdSTICAS<\/strong><\/p>\n<ul>\n<li>Dimensiones del producto: 125 ml<\/li>\n<li>Longitud total: 15 cm<\/li>\n<li>Di\u00e1metro: 4 cm<\/li>\n<li>Seguro para el cuerpo: S\u00ed<\/li>\n<li>En una base de agua: S\u00ed<\/li>\n<li>Sin olor: S\u00ed<\/li>\n<li>Sin parabenos: S\u00ed<\/li>\n<\/ul>\n","protected":false},"excerpt":{"rendered":"<p>S8 WB PRIDE GLIDE LUBE 125ML El S8 Pride Glide 125ml es un deslizamiento a base de agua extra espeso<\/p>\n","protected":false},"featured_media":16509,"comment_status":"open","ping_status":"open","template":"","meta":[],"product_cat":[265],"product_tag":[672],"class_list":["post-16508","product","type-product","status-publish","has-post-thumbnail","hentry","product_cat-base-agua-lubricantes","product_tag-stimul8"],"bundled_by":[],"bundle_stock_status":"instock","bundle_stock_quantity":3,"bundle_virtual":false,"bundle_layout":"","bundle_add_to_cart_form_location":"","bundle_editable_in_cart":false,"bundle_sold_individually_context":"","bundle_item_grouping":"","bundle_min_size":"","bundle_max_size":"","bundled_items":[],"yoast_head":"<!-- This site is optimized with the Yoast SEO plugin v20.6 - https:\/\/yoast.com\/wordpress\/plugins\/seo\/ -->\n<title>S8 WB PRIDE GLIDE LUBE 125ML - Tienda Er\u00f3tica<\/title>\n<meta name=\"robots\" content=\"noindex, follow, max-snippet:-1, max-image-preview:large, max-video-preview:-1\" \/>\n<meta property=\"og:locale\" content=\"es_ES\" \/>\n<meta property=\"og:type\" content=\"article\" \/>\n<meta property=\"og:title\" content=\"S8 WB PRIDE GLIDE LUBE 125ML - Tienda Er\u00f3tica\" \/>\n<meta property=\"og:description\" content=\"S8 WB PRIDE GLIDE LUBE 125ML El S8 Pride Glide 125ml es un deslizamiento a base de agua extra espeso\" \/>\n<meta property=\"og:url\" content=\"https:\/\/demoweb.info\/sexshop001\/producto\/s8-wb-pride-glide-lube-125ml\/\" \/>\n<meta property=\"og:site_name\" content=\"Tienda Er\u00f3tica\" \/>\n<meta property=\"article:modified_time\" content=\"2022-01-22T09:37:20+00:00\" \/>\n<meta property=\"og:image\" content=\"https:\/\/demoweb.info\/sexshop001\/wp-content\/uploads\/2022\/01\/S8-WB-PRIDE-GLIDE-LUBE-125ML.jpg\" \/>\n\t<meta property=\"og:image:width\" content=\"550\" \/>\n\t<meta property=\"og:image:height\" content=\"550\" \/>\n\t<meta property=\"og:image:type\" content=\"image\/jpeg\" \/>\n<meta name=\"twitter:card\" content=\"summary_large_image\" \/>\n<meta name=\"twitter:label1\" content=\"Tiempo de lectura\" \/>\n\t<meta name=\"twitter:data1\" content=\"1 minuto\" \/>\n<script type=\"application\/ld+json\" class=\"yoast-schema-graph\">{\"@context\":\"https:\/\/schema.org\",\"@graph\":[{\"@type\":\"WebPage\",\"@id\":\"https:\/\/demoweb.info\/sexshop001\/producto\/s8-wb-pride-glide-lube-125ml\/\",\"url\":\"https:\/\/demoweb.info\/sexshop001\/producto\/s8-wb-pride-glide-lube-125ml\/\",\"name\":\"S8 WB PRIDE GLIDE LUBE 125ML - Tienda Er\u00f3tica\",\"isPartOf\":{\"@id\":\"https:\/\/demoweb.info\/sexshop001\/#website\"},\"datePublished\":\"2022-01-22T09:36:53+00:00\",\"dateModified\":\"2022-01-22T09:37:20+00:00\",\"breadcrumb\":{\"@id\":\"https:\/\/demoweb.info\/sexshop001\/producto\/s8-wb-pride-glide-lube-125ml\/#breadcrumb\"},\"inLanguage\":\"es\",\"potentialAction\":[{\"@type\":\"ReadAction\",\"target\":[\"https:\/\/demoweb.info\/sexshop001\/producto\/s8-wb-pride-glide-lube-125ml\/\"]}]},{\"@type\":\"BreadcrumbList\",\"@id\":\"https:\/\/demoweb.info\/sexshop001\/producto\/s8-wb-pride-glide-lube-125ml\/#breadcrumb\",\"itemListElement\":[{\"@type\":\"ListItem\",\"position\":1,\"name\":\"Portada\",\"item\":\"https:\/\/demoweb.info\/sexshop001\/\"},{\"@type\":\"ListItem\",\"position\":2,\"name\":\"Tienda\",\"item\":\"https:\/\/demoweb.info\/sexshop001\/tienda\/\"},{\"@type\":\"ListItem\",\"position\":3,\"name\":\"S8 WB PRIDE GLIDE LUBE 125ML\"}]},{\"@type\":\"WebSite\",\"@id\":\"https:\/\/demoweb.info\/sexshop001\/#website\",\"url\":\"https:\/\/demoweb.info\/sexshop001\/\",\"name\":\"Tienda Er\u00f3tica\",\"description\":\"DEMOWEB SL\",\"potentialAction\":[{\"@type\":\"SearchAction\",\"target\":{\"@type\":\"EntryPoint\",\"urlTemplate\":\"https:\/\/demoweb.info\/sexshop001\/?s={search_term_string}\"},\"query-input\":\"required name=search_term_string\"}],\"inLanguage\":\"es\"}]}<\/script>\n<!-- \/ Yoast SEO plugin. -->","yoast_head_json":{"title":"S8 WB PRIDE GLIDE LUBE 125ML - Tienda Er\u00f3tica","robots":{"index":"noindex","follow":"follow","max-snippet":"max-snippet:-1","max-image-preview":"max-image-preview:large","max-video-preview":"max-video-preview:-1"},"og_locale":"es_ES","og_type":"article","og_title":"S8 WB PRIDE GLIDE LUBE 125ML - Tienda Er\u00f3tica","og_description":"S8 WB PRIDE GLIDE LUBE 125ML El S8 Pride Glide 125ml es un deslizamiento a base de agua extra espeso","og_url":"https:\/\/demoweb.info\/sexshop001\/producto\/s8-wb-pride-glide-lube-125ml\/","og_site_name":"Tienda Er\u00f3tica","article_modified_time":"2022-01-22T09:37:20+00:00","og_image":[{"width":550,"height":550,"url":"https:\/\/demoweb.info\/sexshop001\/wp-content\/uploads\/2022\/01\/S8-WB-PRIDE-GLIDE-LUBE-125ML.jpg","type":"image\/jpeg"}],"twitter_card":"summary_large_image","twitter_misc":{"Tiempo de lectura":"1 minuto"},"schema":{"@context":"https:\/\/schema.org","@graph":[{"@type":"WebPage","@id":"https:\/\/demoweb.info\/sexshop001\/producto\/s8-wb-pride-glide-lube-125ml\/","url":"https:\/\/demoweb.info\/sexshop001\/producto\/s8-wb-pride-glide-lube-125ml\/","name":"S8 WB PRIDE GLIDE LUBE 125ML - Tienda Er\u00f3tica","isPartOf":{"@id":"https:\/\/demoweb.info\/sexshop001\/#website"},"datePublished":"2022-01-22T09:36:53+00:00","dateModified":"2022-01-22T09:37:20+00:00","breadcrumb":{"@id":"https:\/\/demoweb.info\/sexshop001\/producto\/s8-wb-pride-glide-lube-125ml\/#breadcrumb"},"inLanguage":"es","potentialAction":[{"@type":"ReadAction","target":["https:\/\/demoweb.info\/sexshop001\/producto\/s8-wb-pride-glide-lube-125ml\/"]}]},{"@type":"BreadcrumbList","@id":"https:\/\/demoweb.info\/sexshop001\/producto\/s8-wb-pride-glide-lube-125ml\/#breadcrumb","itemListElement":[{"@type":"ListItem","position":1,"name":"Portada","item":"https:\/\/demoweb.info\/sexshop001\/"},{"@type":"ListItem","position":2,"name":"Tienda","item":"https:\/\/demoweb.info\/sexshop001\/tienda\/"},{"@type":"ListItem","position":3,"name":"S8 WB PRIDE GLIDE LUBE 125ML"}]},{"@type":"WebSite","@id":"https:\/\/demoweb.info\/sexshop001\/#website","url":"https:\/\/demoweb.info\/sexshop001\/","name":"Tienda Er\u00f3tica","description":"DEMOWEB SL","potentialAction":[{"@type":"SearchAction","target":{"@type":"EntryPoint","urlTemplate":"https:\/\/demoweb.info\/sexshop001\/?s={search_term_string}"},"query-input":"required name=search_term_string"}],"inLanguage":"es"}]}},"_links":{"self":[{"href":"https:\/\/demoweb.info\/sexshop001\/wp-json\/wp\/v3\/product\/16508","targetHints":{"allow":["GET"]}}],"collection":[{"href":"https:\/\/demoweb.info\/sexshop001\/wp-json\/wp\/v3\/product"}],"about":[{"href":"https:\/\/demoweb.info\/sexshop001\/wp-json\/wp\/v2\/types\/product"}],"replies":[{"embeddable":true,"href":"https:\/\/demoweb.info\/sexshop001\/wp-json\/wp\/v2\/comments?post=16508"}],"wp:featuredmedia":[{"embeddable":true,"href":"https:\/\/demoweb.info\/sexshop001\/wp-json\/wp\/v2\/media\/16509"}],"wp:attachment":[{"href":"https:\/\/demoweb.info\/sexshop001\/wp-json\/wp\/v2\/media?parent=16508"}],"wp:term":[{"taxonomy":"product_cat","embeddable":true,"href":"https:\/\/demoweb.info\/sexshop001\/wp-json\/wp\/v2\/product_cat?post=16508"},{"taxonomy":"product_tag","embeddable":true,"href":"https:\/\/demoweb.info\/sexshop001\/wp-json\/wp\/v2\/product_tag?post=16508"}],"curies":[{"name":"wp","href":"https:\/\/api.w.org\/{rel}","templated":true}]}}