{"id":16448,"date":"2022-01-22T10:36:24","date_gmt":"2022-01-22T09:36:24","guid":{"rendered":"https:\/\/demoweb.info\/sexshop001\/producto\/big-dick-dipper-masturbador-realistico\/"},"modified":"2022-01-22T10:36:39","modified_gmt":"2022-01-22T09:36:39","slug":"big-dick-dipper-masturbador-realistico","status":"publish","type":"product","link":"https:\/\/demoweb.info\/sexshop001\/producto\/big-dick-dipper-masturbador-realistico\/","title":{"rendered":"BIG DICK DIPPER MASTURBADOR REAL\u00cdSTICO"},"content":{"rendered":"<p><strong>BIG DICK DIPPER &#8211; SKIN<\/strong><\/p>\n<p>\u00bfTe gusta la acci\u00f3n de puerta trasera ajustada, c\u00f3moda y realista?<\/p>\n<p>\u00a1Entonces te encantar\u00e1 el Big Dick Dipper de la colecci\u00f3n Bangers de Hidden Desire! Este masturbador anal de mano est\u00e1 hecho de TPR ultra realista que se siente deliciosamente sedoso al tacto.<\/p>\n<p>Con un orificio anal detallado, deliciosos pliegues y una acci\u00f3n de caricias incre\u00edblemente apretada, el Big Dick Dipper de calidad est\u00e1 listo para un placer emocionante sobre la marcha, cuando y donde lo desee.<\/p>\n<p>(Nuestros expertos dicen que este juguete premium incluso podr\u00eda sentirse mejor que el real, simplemente no se lo digas a tu pareja o podr\u00edas meterte en problemas &#8230;)<\/p>\n<p><strong>CARACTER\u00cdSTICAS<\/strong><\/p>\n<ul>\n<li>Longitud total: 4 x 23 cm \/ 1.8 x 9.1 inch<\/li>\n<li>Resistencia al agua: Impermeable<\/li>\n<li>Bodysafe: Si<\/li>\n<li>Material: Realistic-Love Skin, TPR<\/li>\n<\/ul>\n","protected":false},"excerpt":{"rendered":"<p>BIG DICK DIPPER &#8211; SKIN \u00bfTe gusta la acci\u00f3n de puerta trasera ajustada, c\u00f3moda y realista? \u00a1Entonces te encantar\u00e1 el<\/p>\n","protected":false},"featured_media":16449,"comment_status":"open","ping_status":"open","template":"","meta":[],"product_cat":[687],"product_tag":[873],"class_list":["post-16448","product","type-product","status-publish","has-post-thumbnail","hentry","product_cat-dobles-masturbadores","product_tag-hidden-desire"],"bundled_by":[],"bundle_stock_status":"outofstock","bundle_stock_quantity":0,"bundle_virtual":false,"bundle_layout":"","bundle_add_to_cart_form_location":"","bundle_editable_in_cart":false,"bundle_sold_individually_context":"","bundle_item_grouping":"","bundle_min_size":"","bundle_max_size":"","bundled_items":[],"yoast_head":"<!-- This site is optimized with the Yoast SEO plugin v20.6 - https:\/\/yoast.com\/wordpress\/plugins\/seo\/ -->\n<title>BIG DICK DIPPER MASTURBADOR REAL\u00cdSTICO - Tienda Er\u00f3tica<\/title>\n<meta name=\"robots\" content=\"noindex, follow, max-snippet:-1, max-image-preview:large, max-video-preview:-1\" \/>\n<meta property=\"og:locale\" content=\"es_ES\" \/>\n<meta property=\"og:type\" content=\"article\" \/>\n<meta property=\"og:title\" content=\"BIG DICK DIPPER MASTURBADOR REAL\u00cdSTICO - Tienda Er\u00f3tica\" \/>\n<meta property=\"og:description\" content=\"BIG DICK DIPPER &#8211; SKIN \u00bfTe gusta la acci\u00f3n de puerta trasera ajustada, c\u00f3moda y realista? \u00a1Entonces te encantar\u00e1 el\" \/>\n<meta property=\"og:url\" content=\"https:\/\/demoweb.info\/sexshop001\/producto\/big-dick-dipper-masturbador-realistico\/\" \/>\n<meta property=\"og:site_name\" content=\"Tienda Er\u00f3tica\" \/>\n<meta property=\"article:modified_time\" content=\"2022-01-22T09:36:39+00:00\" \/>\n<meta property=\"og:image\" content=\"https:\/\/demoweb.info\/sexshop001\/wp-content\/uploads\/2022\/01\/BIG-DICK-DIPPER-MASTURBADOR-REALISTICO.jpg\" \/>\n\t<meta property=\"og:image:width\" content=\"550\" \/>\n\t<meta property=\"og:image:height\" content=\"550\" \/>\n\t<meta property=\"og:image:type\" content=\"image\/jpeg\" \/>\n<meta name=\"twitter:card\" content=\"summary_large_image\" \/>\n<meta name=\"twitter:label1\" content=\"Tiempo de lectura\" \/>\n\t<meta name=\"twitter:data1\" content=\"1 minuto\" \/>\n<script type=\"application\/ld+json\" class=\"yoast-schema-graph\">{\"@context\":\"https:\/\/schema.org\",\"@graph\":[{\"@type\":\"WebPage\",\"@id\":\"https:\/\/demoweb.info\/sexshop001\/producto\/big-dick-dipper-masturbador-realistico\/\",\"url\":\"https:\/\/demoweb.info\/sexshop001\/producto\/big-dick-dipper-masturbador-realistico\/\",\"name\":\"BIG DICK DIPPER MASTURBADOR REAL\u00cdSTICO - Tienda Er\u00f3tica\",\"isPartOf\":{\"@id\":\"https:\/\/demoweb.info\/sexshop001\/#website\"},\"datePublished\":\"2022-01-22T09:36:24+00:00\",\"dateModified\":\"2022-01-22T09:36:39+00:00\",\"breadcrumb\":{\"@id\":\"https:\/\/demoweb.info\/sexshop001\/producto\/big-dick-dipper-masturbador-realistico\/#breadcrumb\"},\"inLanguage\":\"es\",\"potentialAction\":[{\"@type\":\"ReadAction\",\"target\":[\"https:\/\/demoweb.info\/sexshop001\/producto\/big-dick-dipper-masturbador-realistico\/\"]}]},{\"@type\":\"BreadcrumbList\",\"@id\":\"https:\/\/demoweb.info\/sexshop001\/producto\/big-dick-dipper-masturbador-realistico\/#breadcrumb\",\"itemListElement\":[{\"@type\":\"ListItem\",\"position\":1,\"name\":\"Portada\",\"item\":\"https:\/\/demoweb.info\/sexshop001\/\"},{\"@type\":\"ListItem\",\"position\":2,\"name\":\"Tienda\",\"item\":\"https:\/\/demoweb.info\/sexshop001\/tienda\/\"},{\"@type\":\"ListItem\",\"position\":3,\"name\":\"BIG DICK DIPPER MASTURBADOR REAL\u00cdSTICO\"}]},{\"@type\":\"WebSite\",\"@id\":\"https:\/\/demoweb.info\/sexshop001\/#website\",\"url\":\"https:\/\/demoweb.info\/sexshop001\/\",\"name\":\"Tienda Er\u00f3tica\",\"description\":\"DEMOWEB SL\",\"potentialAction\":[{\"@type\":\"SearchAction\",\"target\":{\"@type\":\"EntryPoint\",\"urlTemplate\":\"https:\/\/demoweb.info\/sexshop001\/?s={search_term_string}\"},\"query-input\":\"required name=search_term_string\"}],\"inLanguage\":\"es\"}]}<\/script>\n<!-- \/ Yoast SEO plugin. -->","yoast_head_json":{"title":"BIG DICK DIPPER MASTURBADOR REAL\u00cdSTICO - Tienda Er\u00f3tica","robots":{"index":"noindex","follow":"follow","max-snippet":"max-snippet:-1","max-image-preview":"max-image-preview:large","max-video-preview":"max-video-preview:-1"},"og_locale":"es_ES","og_type":"article","og_title":"BIG DICK DIPPER MASTURBADOR REAL\u00cdSTICO - Tienda Er\u00f3tica","og_description":"BIG DICK DIPPER &#8211; SKIN \u00bfTe gusta la acci\u00f3n de puerta trasera ajustada, c\u00f3moda y realista? \u00a1Entonces te encantar\u00e1 el","og_url":"https:\/\/demoweb.info\/sexshop001\/producto\/big-dick-dipper-masturbador-realistico\/","og_site_name":"Tienda Er\u00f3tica","article_modified_time":"2022-01-22T09:36:39+00:00","og_image":[{"width":550,"height":550,"url":"https:\/\/demoweb.info\/sexshop001\/wp-content\/uploads\/2022\/01\/BIG-DICK-DIPPER-MASTURBADOR-REALISTICO.jpg","type":"image\/jpeg"}],"twitter_card":"summary_large_image","twitter_misc":{"Tiempo de lectura":"1 minuto"},"schema":{"@context":"https:\/\/schema.org","@graph":[{"@type":"WebPage","@id":"https:\/\/demoweb.info\/sexshop001\/producto\/big-dick-dipper-masturbador-realistico\/","url":"https:\/\/demoweb.info\/sexshop001\/producto\/big-dick-dipper-masturbador-realistico\/","name":"BIG DICK DIPPER MASTURBADOR REAL\u00cdSTICO - Tienda Er\u00f3tica","isPartOf":{"@id":"https:\/\/demoweb.info\/sexshop001\/#website"},"datePublished":"2022-01-22T09:36:24+00:00","dateModified":"2022-01-22T09:36:39+00:00","breadcrumb":{"@id":"https:\/\/demoweb.info\/sexshop001\/producto\/big-dick-dipper-masturbador-realistico\/#breadcrumb"},"inLanguage":"es","potentialAction":[{"@type":"ReadAction","target":["https:\/\/demoweb.info\/sexshop001\/producto\/big-dick-dipper-masturbador-realistico\/"]}]},{"@type":"BreadcrumbList","@id":"https:\/\/demoweb.info\/sexshop001\/producto\/big-dick-dipper-masturbador-realistico\/#breadcrumb","itemListElement":[{"@type":"ListItem","position":1,"name":"Portada","item":"https:\/\/demoweb.info\/sexshop001\/"},{"@type":"ListItem","position":2,"name":"Tienda","item":"https:\/\/demoweb.info\/sexshop001\/tienda\/"},{"@type":"ListItem","position":3,"name":"BIG DICK DIPPER MASTURBADOR REAL\u00cdSTICO"}]},{"@type":"WebSite","@id":"https:\/\/demoweb.info\/sexshop001\/#website","url":"https:\/\/demoweb.info\/sexshop001\/","name":"Tienda Er\u00f3tica","description":"DEMOWEB SL","potentialAction":[{"@type":"SearchAction","target":{"@type":"EntryPoint","urlTemplate":"https:\/\/demoweb.info\/sexshop001\/?s={search_term_string}"},"query-input":"required name=search_term_string"}],"inLanguage":"es"}]}},"_links":{"self":[{"href":"https:\/\/demoweb.info\/sexshop001\/wp-json\/wp\/v3\/product\/16448","targetHints":{"allow":["GET"]}}],"collection":[{"href":"https:\/\/demoweb.info\/sexshop001\/wp-json\/wp\/v3\/product"}],"about":[{"href":"https:\/\/demoweb.info\/sexshop001\/wp-json\/wp\/v2\/types\/product"}],"replies":[{"embeddable":true,"href":"https:\/\/demoweb.info\/sexshop001\/wp-json\/wp\/v2\/comments?post=16448"}],"wp:featuredmedia":[{"embeddable":true,"href":"https:\/\/demoweb.info\/sexshop001\/wp-json\/wp\/v2\/media\/16449"}],"wp:attachment":[{"href":"https:\/\/demoweb.info\/sexshop001\/wp-json\/wp\/v2\/media?parent=16448"}],"wp:term":[{"taxonomy":"product_cat","embeddable":true,"href":"https:\/\/demoweb.info\/sexshop001\/wp-json\/wp\/v2\/product_cat?post=16448"},{"taxonomy":"product_tag","embeddable":true,"href":"https:\/\/demoweb.info\/sexshop001\/wp-json\/wp\/v2\/product_tag?post=16448"}],"curies":[{"name":"wp","href":"https:\/\/api.w.org\/{rel}","templated":true}]}}