{"id":16389,"date":"2022-01-22T10:35:53","date_gmt":"2022-01-22T09:35:53","guid":{"rendered":"https:\/\/demoweb.info\/sexshop001\/producto\/advanced-wearable-kit-de-dilatadores\/"},"modified":"2022-01-22T10:36:11","modified_gmt":"2022-01-22T09:36:11","slug":"advanced-wearable-kit-de-dilatadores","status":"publish","type":"product","link":"https:\/\/demoweb.info\/sexshop001\/producto\/advanced-wearable-kit-de-dilatadores\/","title":{"rendered":"ADVANCED WEARABLE KIT DE DILATADORES"},"content":{"rendered":"<p><strong>ADVANCED WEARABLE DILATOR SET<\/strong><\/p>\n<p>Revitalice y fortalezca los m\u00fasculos vaginales con el juego de dilatadores vaginales port\u00e1tiles contorneados She-ology \u2122 Advanced de 3 piezas. El kit dilatador de 3 piezas de dise\u00f1o exclusivo tiene una curvatura ergon\u00f3mica y un tama\u00f1o gradual para permitir una dilataci\u00f3n suave. Las sondas de silicona de tama\u00f1o avanzado tienen una base curva para una inserci\u00f3n y estimulaci\u00f3n suaves, \u00a1comb\u00ednelas con una mini bala para intensificar la sensaci\u00f3n!<\/p>\n<p>El juego graduado ha sido creado para reactivar la fuerza de los m\u00fasculos vaginales y reducir la incomodidad de la inserci\u00f3n con cada uso. Use el dilatador peque\u00f1o para comenzar y, a medida que hace ejercicio suave y aumenta la elasticidad de los m\u00fasculos, avance a las sondas m\u00e1s grandes.<\/p>\n<p>Con un dise\u00f1o port\u00e1til \u00fanico, cada sonda tiene un acabado con una base con bridas flexible para mayor comodidad y f\u00e1cil movilidad. La silicona de primera calidad hipoalerg\u00e9nica es segura para el cuerpo, sin perfume y sin ftalatos para mantener los puntos m\u00e1s sensibles, felices y saludables.<\/p>\n<p><strong>CARACTER\u00cdSTICAS<\/strong><\/p>\n<ul>\n<li>Informaci\u00f3n Adicional<\/li>\n<li>Puede restaurar y revivir la fuerza y la comodidad de la vagina<\/li>\n<li>Juego de dilatadores de silicona de 3 piezas con tama\u00f1os expandidos para una dilataci\u00f3n gradual avanzada<\/li>\n<li>Dise\u00f1o \u00fanico y port\u00e1til para mayor comodidad y f\u00e1cil movilidad<\/li>\n<li>Ergon\u00f3micamente curvado para facilitar su uso<\/li>\n<li>Los dilatadores pueden acomodar un estimulador si se desea (no incluido)<\/li>\n<li>Incluye gu\u00eda dilatador del Dr. Sherry<\/li>\n<li>Dimensiones del producto: Dilatador 1: 8 x 3,3 cm | Dilatador 2: 8,6 x 4,5 cm | Dilatador 3: 9,5 x 4,9 cm<\/li>\n<li>Resistencia al agua: Impermeable<\/li>\n<li>Material: Silicona<\/li>\n<\/ul>\n","protected":false},"excerpt":{"rendered":"<p>ADVANCED WEARABLE DILATOR SET Revitalice y fortalezca los m\u00fasculos vaginales con el juego de dilatadores vaginales port\u00e1tiles contorneados She-ology \u2122<\/p>\n","protected":false},"featured_media":16390,"comment_status":"open","ping_status":"open","template":"","meta":[],"product_cat":[428],"product_tag":[660,872],"class_list":["post-16389","product","type-product","status-publish","has-post-thumbnail","hentry","product_cat-suelo-pelvico","product_tag-calexotics","product_tag-she-ology"],"bundled_by":[],"bundle_stock_status":"outofstock","bundle_stock_quantity":0,"bundle_virtual":false,"bundle_layout":"","bundle_add_to_cart_form_location":"","bundle_editable_in_cart":false,"bundle_sold_individually_context":"","bundle_item_grouping":"","bundle_min_size":"","bundle_max_size":"","bundled_items":[],"yoast_head":"<!-- This site is optimized with the Yoast SEO plugin v20.6 - https:\/\/yoast.com\/wordpress\/plugins\/seo\/ -->\n<title>ADVANCED WEARABLE KIT DE DILATADORES - Tienda Er\u00f3tica<\/title>\n<meta name=\"robots\" content=\"noindex, follow, max-snippet:-1, max-image-preview:large, max-video-preview:-1\" \/>\n<meta property=\"og:locale\" content=\"es_ES\" \/>\n<meta property=\"og:type\" content=\"article\" \/>\n<meta property=\"og:title\" content=\"ADVANCED WEARABLE KIT DE DILATADORES - Tienda Er\u00f3tica\" \/>\n<meta property=\"og:description\" content=\"ADVANCED WEARABLE DILATOR SET Revitalice y fortalezca los m\u00fasculos vaginales con el juego de dilatadores vaginales port\u00e1tiles contorneados She-ology \u2122\" \/>\n<meta property=\"og:url\" content=\"https:\/\/demoweb.info\/sexshop001\/producto\/advanced-wearable-kit-de-dilatadores\/\" \/>\n<meta property=\"og:site_name\" content=\"Tienda Er\u00f3tica\" \/>\n<meta property=\"article:modified_time\" content=\"2022-01-22T09:36:11+00:00\" \/>\n<meta property=\"og:image\" content=\"https:\/\/demoweb.info\/sexshop001\/wp-content\/uploads\/2022\/01\/ADVANCED-WEARABLE-KIT-DE-DILATADORES.jpg\" \/>\n\t<meta property=\"og:image:width\" content=\"550\" \/>\n\t<meta property=\"og:image:height\" content=\"550\" \/>\n\t<meta property=\"og:image:type\" content=\"image\/jpeg\" \/>\n<meta name=\"twitter:card\" content=\"summary_large_image\" \/>\n<meta name=\"twitter:label1\" content=\"Tiempo de lectura\" \/>\n\t<meta name=\"twitter:data1\" content=\"1 minuto\" \/>\n<script type=\"application\/ld+json\" class=\"yoast-schema-graph\">{\"@context\":\"https:\/\/schema.org\",\"@graph\":[{\"@type\":\"WebPage\",\"@id\":\"https:\/\/demoweb.info\/sexshop001\/producto\/advanced-wearable-kit-de-dilatadores\/\",\"url\":\"https:\/\/demoweb.info\/sexshop001\/producto\/advanced-wearable-kit-de-dilatadores\/\",\"name\":\"ADVANCED WEARABLE KIT DE DILATADORES - Tienda Er\u00f3tica\",\"isPartOf\":{\"@id\":\"https:\/\/demoweb.info\/sexshop001\/#website\"},\"datePublished\":\"2022-01-22T09:35:53+00:00\",\"dateModified\":\"2022-01-22T09:36:11+00:00\",\"breadcrumb\":{\"@id\":\"https:\/\/demoweb.info\/sexshop001\/producto\/advanced-wearable-kit-de-dilatadores\/#breadcrumb\"},\"inLanguage\":\"es\",\"potentialAction\":[{\"@type\":\"ReadAction\",\"target\":[\"https:\/\/demoweb.info\/sexshop001\/producto\/advanced-wearable-kit-de-dilatadores\/\"]}]},{\"@type\":\"BreadcrumbList\",\"@id\":\"https:\/\/demoweb.info\/sexshop001\/producto\/advanced-wearable-kit-de-dilatadores\/#breadcrumb\",\"itemListElement\":[{\"@type\":\"ListItem\",\"position\":1,\"name\":\"Portada\",\"item\":\"https:\/\/demoweb.info\/sexshop001\/\"},{\"@type\":\"ListItem\",\"position\":2,\"name\":\"Tienda\",\"item\":\"https:\/\/demoweb.info\/sexshop001\/tienda\/\"},{\"@type\":\"ListItem\",\"position\":3,\"name\":\"ADVANCED WEARABLE KIT DE DILATADORES\"}]},{\"@type\":\"WebSite\",\"@id\":\"https:\/\/demoweb.info\/sexshop001\/#website\",\"url\":\"https:\/\/demoweb.info\/sexshop001\/\",\"name\":\"Tienda Er\u00f3tica\",\"description\":\"DEMOWEB SL\",\"potentialAction\":[{\"@type\":\"SearchAction\",\"target\":{\"@type\":\"EntryPoint\",\"urlTemplate\":\"https:\/\/demoweb.info\/sexshop001\/?s={search_term_string}\"},\"query-input\":\"required name=search_term_string\"}],\"inLanguage\":\"es\"}]}<\/script>\n<!-- \/ Yoast SEO plugin. -->","yoast_head_json":{"title":"ADVANCED WEARABLE KIT DE DILATADORES - Tienda Er\u00f3tica","robots":{"index":"noindex","follow":"follow","max-snippet":"max-snippet:-1","max-image-preview":"max-image-preview:large","max-video-preview":"max-video-preview:-1"},"og_locale":"es_ES","og_type":"article","og_title":"ADVANCED WEARABLE KIT DE DILATADORES - Tienda Er\u00f3tica","og_description":"ADVANCED WEARABLE DILATOR SET Revitalice y fortalezca los m\u00fasculos vaginales con el juego de dilatadores vaginales port\u00e1tiles contorneados She-ology \u2122","og_url":"https:\/\/demoweb.info\/sexshop001\/producto\/advanced-wearable-kit-de-dilatadores\/","og_site_name":"Tienda Er\u00f3tica","article_modified_time":"2022-01-22T09:36:11+00:00","og_image":[{"width":550,"height":550,"url":"https:\/\/demoweb.info\/sexshop001\/wp-content\/uploads\/2022\/01\/ADVANCED-WEARABLE-KIT-DE-DILATADORES.jpg","type":"image\/jpeg"}],"twitter_card":"summary_large_image","twitter_misc":{"Tiempo de lectura":"1 minuto"},"schema":{"@context":"https:\/\/schema.org","@graph":[{"@type":"WebPage","@id":"https:\/\/demoweb.info\/sexshop001\/producto\/advanced-wearable-kit-de-dilatadores\/","url":"https:\/\/demoweb.info\/sexshop001\/producto\/advanced-wearable-kit-de-dilatadores\/","name":"ADVANCED WEARABLE KIT DE DILATADORES - Tienda Er\u00f3tica","isPartOf":{"@id":"https:\/\/demoweb.info\/sexshop001\/#website"},"datePublished":"2022-01-22T09:35:53+00:00","dateModified":"2022-01-22T09:36:11+00:00","breadcrumb":{"@id":"https:\/\/demoweb.info\/sexshop001\/producto\/advanced-wearable-kit-de-dilatadores\/#breadcrumb"},"inLanguage":"es","potentialAction":[{"@type":"ReadAction","target":["https:\/\/demoweb.info\/sexshop001\/producto\/advanced-wearable-kit-de-dilatadores\/"]}]},{"@type":"BreadcrumbList","@id":"https:\/\/demoweb.info\/sexshop001\/producto\/advanced-wearable-kit-de-dilatadores\/#breadcrumb","itemListElement":[{"@type":"ListItem","position":1,"name":"Portada","item":"https:\/\/demoweb.info\/sexshop001\/"},{"@type":"ListItem","position":2,"name":"Tienda","item":"https:\/\/demoweb.info\/sexshop001\/tienda\/"},{"@type":"ListItem","position":3,"name":"ADVANCED WEARABLE KIT DE DILATADORES"}]},{"@type":"WebSite","@id":"https:\/\/demoweb.info\/sexshop001\/#website","url":"https:\/\/demoweb.info\/sexshop001\/","name":"Tienda Er\u00f3tica","description":"DEMOWEB SL","potentialAction":[{"@type":"SearchAction","target":{"@type":"EntryPoint","urlTemplate":"https:\/\/demoweb.info\/sexshop001\/?s={search_term_string}"},"query-input":"required name=search_term_string"}],"inLanguage":"es"}]}},"_links":{"self":[{"href":"https:\/\/demoweb.info\/sexshop001\/wp-json\/wp\/v3\/product\/16389","targetHints":{"allow":["GET"]}}],"collection":[{"href":"https:\/\/demoweb.info\/sexshop001\/wp-json\/wp\/v3\/product"}],"about":[{"href":"https:\/\/demoweb.info\/sexshop001\/wp-json\/wp\/v2\/types\/product"}],"replies":[{"embeddable":true,"href":"https:\/\/demoweb.info\/sexshop001\/wp-json\/wp\/v2\/comments?post=16389"}],"wp:featuredmedia":[{"embeddable":true,"href":"https:\/\/demoweb.info\/sexshop001\/wp-json\/wp\/v2\/media\/16390"}],"wp:attachment":[{"href":"https:\/\/demoweb.info\/sexshop001\/wp-json\/wp\/v2\/media?parent=16389"}],"wp:term":[{"taxonomy":"product_cat","embeddable":true,"href":"https:\/\/demoweb.info\/sexshop001\/wp-json\/wp\/v2\/product_cat?post=16389"},{"taxonomy":"product_tag","embeddable":true,"href":"https:\/\/demoweb.info\/sexshop001\/wp-json\/wp\/v2\/product_tag?post=16389"}],"curies":[{"name":"wp","href":"https:\/\/api.w.org\/{rel}","templated":true}]}}