{"id":16359,"date":"2022-01-22T10:35:53","date_gmt":"2022-01-22T09:35:53","guid":{"rendered":"https:\/\/demoweb.info\/sexshop001\/producto\/twilight-booty-jewel-grande-multicolor\/"},"modified":"2022-01-22T10:35:58","modified_gmt":"2022-01-22T09:35:58","slug":"twilight-booty-jewel-grande-multicolor","status":"publish","type":"product","link":"https:\/\/demoweb.info\/sexshop001\/producto\/twilight-booty-jewel-grande-multicolor\/","title":{"rendered":"TWILIGHT BOOTY JEWEL GRANDE &#8211; MULTICOLOR"},"content":{"rendered":"<p><strong>TWILIGHT BOOTY JEWEL LARGE &#8211; MULTICOLOR<\/strong><\/p>\n<p>El Twilight Booty Jewel es un tap\u00f3n anal de calidad con una joya de arco\u00edris en la base, \u00a1que hace que tu puerta trasera brille con color! El elegante tap\u00f3n presenta una silueta c\u00f3nica y una base acampanada, realzada con una joya de arco\u00edris.<\/p>\n<p>Hecha de aluminio, la Twilight Booty Jewel es suave al tacto y completamente segura para el cuerpo. Un imprescindible de la colecci\u00f3n Anal Play de TOYJOY. Es el complemento unisex perfecto para agregar un toque glamoroso y colorido a tus aventuras anales.<\/p>\n<p><strong>CARACTER\u00cdSTICAS<\/strong><\/p>\n<ul>\n<li>Longitud total: 9.5 cm<\/li>\n<li>Di\u00e1metro: 4.1 cm<\/li>\n<li>Longitud insertable: 7 cm<\/li>\n<li>Bodysafe: Si<\/li>\n<li>Material: Aluminio | Vidrio acr\u00edlico<\/li>\n<\/ul><\/p>\n","protected":false},"excerpt":{"rendered":"<p>TWILIGHT BOOTY JEWEL LARGE &#8211; MULTICOLOR El Twilight Booty Jewel es un tap\u00f3n anal de calidad con una joya de<\/p>\n","protected":false},"featured_media":16360,"comment_status":"open","ping_status":"open","template":"","meta":[],"product_cat":[462],"product_tag":[256,247],"class_list":["post-16359","product","type-product","status-publish","has-post-thumbnail","hentry","product_cat-cristal","product_tag-anal-play","product_tag-toyjoy"],"bundled_by":[],"bundle_stock_status":"instock","bundle_stock_quantity":2,"bundle_virtual":false,"bundle_layout":"","bundle_add_to_cart_form_location":"","bundle_editable_in_cart":false,"bundle_sold_individually_context":"","bundle_item_grouping":"","bundle_min_size":"","bundle_max_size":"","bundled_items":[],"yoast_head":"<!-- This site is optimized with the Yoast SEO plugin v20.6 - https:\/\/yoast.com\/wordpress\/plugins\/seo\/ -->\n<title>TWILIGHT BOOTY JEWEL GRANDE - MULTICOLOR - Tienda Er\u00f3tica<\/title>\n<meta name=\"robots\" content=\"noindex, follow, max-snippet:-1, max-image-preview:large, max-video-preview:-1\" \/>\n<meta property=\"og:locale\" content=\"es_ES\" \/>\n<meta property=\"og:type\" content=\"article\" \/>\n<meta property=\"og:title\" content=\"TWILIGHT BOOTY JEWEL GRANDE - MULTICOLOR - Tienda Er\u00f3tica\" \/>\n<meta property=\"og:description\" content=\"TWILIGHT BOOTY JEWEL LARGE &#8211; MULTICOLOR El Twilight Booty Jewel es un tap\u00f3n anal de calidad con una joya de\" \/>\n<meta property=\"og:url\" content=\"https:\/\/demoweb.info\/sexshop001\/producto\/twilight-booty-jewel-grande-multicolor\/\" \/>\n<meta property=\"og:site_name\" content=\"Tienda Er\u00f3tica\" \/>\n<meta property=\"article:modified_time\" content=\"2022-01-22T09:35:58+00:00\" \/>\n<meta property=\"og:image\" content=\"https:\/\/demoweb.info\/sexshop001\/wp-content\/uploads\/2022\/01\/TWILIGHT-BOOTY-JEWEL-GRANDE-MULTICOLOR.jpg\" \/>\n\t<meta property=\"og:image:width\" content=\"550\" \/>\n\t<meta property=\"og:image:height\" content=\"550\" \/>\n\t<meta property=\"og:image:type\" content=\"image\/jpeg\" \/>\n<meta name=\"twitter:card\" content=\"summary_large_image\" \/>\n<meta name=\"twitter:label1\" content=\"Tiempo de lectura\" \/>\n\t<meta name=\"twitter:data1\" content=\"1 minuto\" \/>\n<script type=\"application\/ld+json\" class=\"yoast-schema-graph\">{\"@context\":\"https:\/\/schema.org\",\"@graph\":[{\"@type\":\"WebPage\",\"@id\":\"https:\/\/demoweb.info\/sexshop001\/producto\/twilight-booty-jewel-grande-multicolor\/\",\"url\":\"https:\/\/demoweb.info\/sexshop001\/producto\/twilight-booty-jewel-grande-multicolor\/\",\"name\":\"TWILIGHT BOOTY JEWEL GRANDE - MULTICOLOR - Tienda Er\u00f3tica\",\"isPartOf\":{\"@id\":\"https:\/\/demoweb.info\/sexshop001\/#website\"},\"datePublished\":\"2022-01-22T09:35:53+00:00\",\"dateModified\":\"2022-01-22T09:35:58+00:00\",\"breadcrumb\":{\"@id\":\"https:\/\/demoweb.info\/sexshop001\/producto\/twilight-booty-jewel-grande-multicolor\/#breadcrumb\"},\"inLanguage\":\"es\",\"potentialAction\":[{\"@type\":\"ReadAction\",\"target\":[\"https:\/\/demoweb.info\/sexshop001\/producto\/twilight-booty-jewel-grande-multicolor\/\"]}]},{\"@type\":\"BreadcrumbList\",\"@id\":\"https:\/\/demoweb.info\/sexshop001\/producto\/twilight-booty-jewel-grande-multicolor\/#breadcrumb\",\"itemListElement\":[{\"@type\":\"ListItem\",\"position\":1,\"name\":\"Portada\",\"item\":\"https:\/\/demoweb.info\/sexshop001\/\"},{\"@type\":\"ListItem\",\"position\":2,\"name\":\"Tienda\",\"item\":\"https:\/\/demoweb.info\/sexshop001\/tienda\/\"},{\"@type\":\"ListItem\",\"position\":3,\"name\":\"TWILIGHT BOOTY JEWEL GRANDE &#8211; MULTICOLOR\"}]},{\"@type\":\"WebSite\",\"@id\":\"https:\/\/demoweb.info\/sexshop001\/#website\",\"url\":\"https:\/\/demoweb.info\/sexshop001\/\",\"name\":\"Tienda Er\u00f3tica\",\"description\":\"DEMOWEB SL\",\"potentialAction\":[{\"@type\":\"SearchAction\",\"target\":{\"@type\":\"EntryPoint\",\"urlTemplate\":\"https:\/\/demoweb.info\/sexshop001\/?s={search_term_string}\"},\"query-input\":\"required name=search_term_string\"}],\"inLanguage\":\"es\"}]}<\/script>\n<!-- \/ Yoast SEO plugin. -->","yoast_head_json":{"title":"TWILIGHT BOOTY JEWEL GRANDE - MULTICOLOR - Tienda Er\u00f3tica","robots":{"index":"noindex","follow":"follow","max-snippet":"max-snippet:-1","max-image-preview":"max-image-preview:large","max-video-preview":"max-video-preview:-1"},"og_locale":"es_ES","og_type":"article","og_title":"TWILIGHT BOOTY JEWEL GRANDE - MULTICOLOR - Tienda Er\u00f3tica","og_description":"TWILIGHT BOOTY JEWEL LARGE &#8211; MULTICOLOR El Twilight Booty Jewel es un tap\u00f3n anal de calidad con una joya de","og_url":"https:\/\/demoweb.info\/sexshop001\/producto\/twilight-booty-jewel-grande-multicolor\/","og_site_name":"Tienda Er\u00f3tica","article_modified_time":"2022-01-22T09:35:58+00:00","og_image":[{"width":550,"height":550,"url":"https:\/\/demoweb.info\/sexshop001\/wp-content\/uploads\/2022\/01\/TWILIGHT-BOOTY-JEWEL-GRANDE-MULTICOLOR.jpg","type":"image\/jpeg"}],"twitter_card":"summary_large_image","twitter_misc":{"Tiempo de lectura":"1 minuto"},"schema":{"@context":"https:\/\/schema.org","@graph":[{"@type":"WebPage","@id":"https:\/\/demoweb.info\/sexshop001\/producto\/twilight-booty-jewel-grande-multicolor\/","url":"https:\/\/demoweb.info\/sexshop001\/producto\/twilight-booty-jewel-grande-multicolor\/","name":"TWILIGHT BOOTY JEWEL GRANDE - MULTICOLOR - Tienda Er\u00f3tica","isPartOf":{"@id":"https:\/\/demoweb.info\/sexshop001\/#website"},"datePublished":"2022-01-22T09:35:53+00:00","dateModified":"2022-01-22T09:35:58+00:00","breadcrumb":{"@id":"https:\/\/demoweb.info\/sexshop001\/producto\/twilight-booty-jewel-grande-multicolor\/#breadcrumb"},"inLanguage":"es","potentialAction":[{"@type":"ReadAction","target":["https:\/\/demoweb.info\/sexshop001\/producto\/twilight-booty-jewel-grande-multicolor\/"]}]},{"@type":"BreadcrumbList","@id":"https:\/\/demoweb.info\/sexshop001\/producto\/twilight-booty-jewel-grande-multicolor\/#breadcrumb","itemListElement":[{"@type":"ListItem","position":1,"name":"Portada","item":"https:\/\/demoweb.info\/sexshop001\/"},{"@type":"ListItem","position":2,"name":"Tienda","item":"https:\/\/demoweb.info\/sexshop001\/tienda\/"},{"@type":"ListItem","position":3,"name":"TWILIGHT BOOTY JEWEL GRANDE &#8211; MULTICOLOR"}]},{"@type":"WebSite","@id":"https:\/\/demoweb.info\/sexshop001\/#website","url":"https:\/\/demoweb.info\/sexshop001\/","name":"Tienda Er\u00f3tica","description":"DEMOWEB SL","potentialAction":[{"@type":"SearchAction","target":{"@type":"EntryPoint","urlTemplate":"https:\/\/demoweb.info\/sexshop001\/?s={search_term_string}"},"query-input":"required name=search_term_string"}],"inLanguage":"es"}]}},"_links":{"self":[{"href":"https:\/\/demoweb.info\/sexshop001\/wp-json\/wp\/v3\/product\/16359","targetHints":{"allow":["GET"]}}],"collection":[{"href":"https:\/\/demoweb.info\/sexshop001\/wp-json\/wp\/v3\/product"}],"about":[{"href":"https:\/\/demoweb.info\/sexshop001\/wp-json\/wp\/v2\/types\/product"}],"replies":[{"embeddable":true,"href":"https:\/\/demoweb.info\/sexshop001\/wp-json\/wp\/v2\/comments?post=16359"}],"wp:featuredmedia":[{"embeddable":true,"href":"https:\/\/demoweb.info\/sexshop001\/wp-json\/wp\/v2\/media\/16360"}],"wp:attachment":[{"href":"https:\/\/demoweb.info\/sexshop001\/wp-json\/wp\/v2\/media?parent=16359"}],"wp:term":[{"taxonomy":"product_cat","embeddable":true,"href":"https:\/\/demoweb.info\/sexshop001\/wp-json\/wp\/v2\/product_cat?post=16359"},{"taxonomy":"product_tag","embeddable":true,"href":"https:\/\/demoweb.info\/sexshop001\/wp-json\/wp\/v2\/product_tag?post=16359"}],"curies":[{"name":"wp","href":"https:\/\/api.w.org\/{rel}","templated":true}]}}