{"id":16346,"date":"2022-01-22T10:35:53","date_gmt":"2022-01-22T09:35:53","guid":{"rendered":"https:\/\/demoweb.info\/sexshop001\/producto\/dual-density-smooth-vibrator-225-cm\/"},"modified":"2022-01-22T10:35:53","modified_gmt":"2022-01-22T09:35:53","slug":"dual-density-smooth-vibrator-225-cm","status":"publish","type":"product","link":"https:\/\/demoweb.info\/sexshop001\/producto\/dual-density-smooth-vibrator-225-cm\/","title":{"rendered":"DUAL DENSITY SMOOTH VIBRATOR &#8211; 22,5 CM"},"content":{"rendered":"<p><strong>DUAL DENSITY SMOOTH VIBRATOR &#8211; SKIN<\/strong><\/p>\n<p>El Vibrador Suave de Doble Densidad es un vibrador realista de primera calidad de la colecci\u00f3n Get Real by TOYJOY, dise\u00f1ado para llegar a todos sus puntos calientes \u00edntimos.<\/p>\n<p>Este agradable dise\u00f1o tiene un color de tono de piel y tiene una silueta natural y modos de vibraci\u00f3n potentes y multifunci\u00f3n: brind\u00e1ndote una experiencia realista y emocionante.<\/p>\n<p>El material de doble densidad del vibrador ofrece el doble de diversi\u00f3n \u00edntima. Su exterior suave al tacto y su n\u00facleo s\u00f3lido forman una combinaci\u00f3n sensacional que te dejar\u00e1 boquiabierto con su sensaci\u00f3n indulgente. Hecho de TPE \/ TPR de calidad y empaquetado de una manera contempor\u00e1nea, el vibrador suave de densidad dual es imprescindible para todos los amantes de la diversi\u00f3n realista.<\/p>\n<p><strong>CARACTER\u00cdSTICAS<\/strong><\/p>\n<ul>\n<li>Longitud total: 22.5 cm \/ 8.8 inch<\/li>\n<li>Di\u00e1metro: \u00d8 4.3 cm \/ 1.7 inch<\/li>\n<li>Resistencia al agua: A prueba de salpicaduras<\/li>\n<li>Bodysafe: Si<\/li>\n<li>Material: Made Of Phthalate Free TPE<\/li>\n<li>Bater\u00edas requeridas: USB Cable<\/li>\n<li>Cantidad de la bater\u00eda: 2<\/li>\n<li>Baterias incluidas: No<\/li>\n<\/ul>\n","protected":false},"excerpt":{"rendered":"<p>DUAL DENSITY SMOOTH VIBRATOR &#8211; SKIN El Vibrador Suave de Doble Densidad es un vibrador realista de primera calidad de<\/p>\n","protected":false},"featured_media":16347,"comment_status":"open","ping_status":"open","template":"","meta":[],"product_cat":[317],"product_tag":[655,247],"class_list":["post-16346","product","type-product","status-publish","has-post-thumbnail","hentry","product_cat-con-vibrador","product_tag-get-real","product_tag-toyjoy"],"bundled_by":[],"bundle_stock_status":"outofstock","bundle_stock_quantity":0,"bundle_virtual":false,"bundle_layout":"","bundle_add_to_cart_form_location":"","bundle_editable_in_cart":false,"bundle_sold_individually_context":"","bundle_item_grouping":"","bundle_min_size":"","bundle_max_size":"","bundled_items":[],"yoast_head":"<!-- This site is optimized with the Yoast SEO plugin v20.6 - https:\/\/yoast.com\/wordpress\/plugins\/seo\/ -->\n<title>DUAL DENSITY SMOOTH VIBRATOR - 22,5 CM - Tienda Er\u00f3tica<\/title>\n<meta name=\"robots\" content=\"noindex, follow, max-snippet:-1, max-image-preview:large, max-video-preview:-1\" \/>\n<meta property=\"og:locale\" content=\"es_ES\" \/>\n<meta property=\"og:type\" content=\"article\" \/>\n<meta property=\"og:title\" content=\"DUAL DENSITY SMOOTH VIBRATOR - 22,5 CM - Tienda Er\u00f3tica\" \/>\n<meta property=\"og:description\" content=\"DUAL DENSITY SMOOTH VIBRATOR &#8211; SKIN El Vibrador Suave de Doble Densidad es un vibrador realista de primera calidad de\" \/>\n<meta property=\"og:url\" content=\"https:\/\/demoweb.info\/sexshop001\/producto\/dual-density-smooth-vibrator-225-cm\/\" \/>\n<meta property=\"og:site_name\" content=\"Tienda Er\u00f3tica\" \/>\n<meta property=\"og:image\" content=\"https:\/\/demoweb.info\/sexshop001\/wp-content\/uploads\/2022\/01\/DUAL-DENSITY-SMOOTH-VIBRATOR-225-CM.jpg\" \/>\n\t<meta property=\"og:image:width\" content=\"550\" \/>\n\t<meta property=\"og:image:height\" content=\"550\" \/>\n\t<meta property=\"og:image:type\" content=\"image\/jpeg\" \/>\n<meta name=\"twitter:card\" content=\"summary_large_image\" \/>\n<meta name=\"twitter:label1\" content=\"Tiempo de lectura\" \/>\n\t<meta name=\"twitter:data1\" content=\"1 minuto\" \/>\n<script type=\"application\/ld+json\" class=\"yoast-schema-graph\">{\"@context\":\"https:\/\/schema.org\",\"@graph\":[{\"@type\":\"WebPage\",\"@id\":\"https:\/\/demoweb.info\/sexshop001\/producto\/dual-density-smooth-vibrator-225-cm\/\",\"url\":\"https:\/\/demoweb.info\/sexshop001\/producto\/dual-density-smooth-vibrator-225-cm\/\",\"name\":\"DUAL DENSITY SMOOTH VIBRATOR - 22,5 CM - Tienda Er\u00f3tica\",\"isPartOf\":{\"@id\":\"https:\/\/demoweb.info\/sexshop001\/#website\"},\"datePublished\":\"2022-01-22T09:35:53+00:00\",\"dateModified\":\"2022-01-22T09:35:53+00:00\",\"breadcrumb\":{\"@id\":\"https:\/\/demoweb.info\/sexshop001\/producto\/dual-density-smooth-vibrator-225-cm\/#breadcrumb\"},\"inLanguage\":\"es\",\"potentialAction\":[{\"@type\":\"ReadAction\",\"target\":[\"https:\/\/demoweb.info\/sexshop001\/producto\/dual-density-smooth-vibrator-225-cm\/\"]}]},{\"@type\":\"BreadcrumbList\",\"@id\":\"https:\/\/demoweb.info\/sexshop001\/producto\/dual-density-smooth-vibrator-225-cm\/#breadcrumb\",\"itemListElement\":[{\"@type\":\"ListItem\",\"position\":1,\"name\":\"Portada\",\"item\":\"https:\/\/demoweb.info\/sexshop001\/\"},{\"@type\":\"ListItem\",\"position\":2,\"name\":\"Tienda\",\"item\":\"https:\/\/demoweb.info\/sexshop001\/tienda\/\"},{\"@type\":\"ListItem\",\"position\":3,\"name\":\"DUAL DENSITY SMOOTH VIBRATOR &#8211; 22,5 CM\"}]},{\"@type\":\"WebSite\",\"@id\":\"https:\/\/demoweb.info\/sexshop001\/#website\",\"url\":\"https:\/\/demoweb.info\/sexshop001\/\",\"name\":\"Tienda Er\u00f3tica\",\"description\":\"DEMOWEB SL\",\"potentialAction\":[{\"@type\":\"SearchAction\",\"target\":{\"@type\":\"EntryPoint\",\"urlTemplate\":\"https:\/\/demoweb.info\/sexshop001\/?s={search_term_string}\"},\"query-input\":\"required name=search_term_string\"}],\"inLanguage\":\"es\"}]}<\/script>\n<!-- \/ Yoast SEO plugin. -->","yoast_head_json":{"title":"DUAL DENSITY SMOOTH VIBRATOR - 22,5 CM - Tienda Er\u00f3tica","robots":{"index":"noindex","follow":"follow","max-snippet":"max-snippet:-1","max-image-preview":"max-image-preview:large","max-video-preview":"max-video-preview:-1"},"og_locale":"es_ES","og_type":"article","og_title":"DUAL DENSITY SMOOTH VIBRATOR - 22,5 CM - Tienda Er\u00f3tica","og_description":"DUAL DENSITY SMOOTH VIBRATOR &#8211; SKIN El Vibrador Suave de Doble Densidad es un vibrador realista de primera calidad de","og_url":"https:\/\/demoweb.info\/sexshop001\/producto\/dual-density-smooth-vibrator-225-cm\/","og_site_name":"Tienda Er\u00f3tica","og_image":[{"width":550,"height":550,"url":"https:\/\/demoweb.info\/sexshop001\/wp-content\/uploads\/2022\/01\/DUAL-DENSITY-SMOOTH-VIBRATOR-225-CM.jpg","type":"image\/jpeg"}],"twitter_card":"summary_large_image","twitter_misc":{"Tiempo de lectura":"1 minuto"},"schema":{"@context":"https:\/\/schema.org","@graph":[{"@type":"WebPage","@id":"https:\/\/demoweb.info\/sexshop001\/producto\/dual-density-smooth-vibrator-225-cm\/","url":"https:\/\/demoweb.info\/sexshop001\/producto\/dual-density-smooth-vibrator-225-cm\/","name":"DUAL DENSITY SMOOTH VIBRATOR - 22,5 CM - Tienda Er\u00f3tica","isPartOf":{"@id":"https:\/\/demoweb.info\/sexshop001\/#website"},"datePublished":"2022-01-22T09:35:53+00:00","dateModified":"2022-01-22T09:35:53+00:00","breadcrumb":{"@id":"https:\/\/demoweb.info\/sexshop001\/producto\/dual-density-smooth-vibrator-225-cm\/#breadcrumb"},"inLanguage":"es","potentialAction":[{"@type":"ReadAction","target":["https:\/\/demoweb.info\/sexshop001\/producto\/dual-density-smooth-vibrator-225-cm\/"]}]},{"@type":"BreadcrumbList","@id":"https:\/\/demoweb.info\/sexshop001\/producto\/dual-density-smooth-vibrator-225-cm\/#breadcrumb","itemListElement":[{"@type":"ListItem","position":1,"name":"Portada","item":"https:\/\/demoweb.info\/sexshop001\/"},{"@type":"ListItem","position":2,"name":"Tienda","item":"https:\/\/demoweb.info\/sexshop001\/tienda\/"},{"@type":"ListItem","position":3,"name":"DUAL DENSITY SMOOTH VIBRATOR &#8211; 22,5 CM"}]},{"@type":"WebSite","@id":"https:\/\/demoweb.info\/sexshop001\/#website","url":"https:\/\/demoweb.info\/sexshop001\/","name":"Tienda Er\u00f3tica","description":"DEMOWEB SL","potentialAction":[{"@type":"SearchAction","target":{"@type":"EntryPoint","urlTemplate":"https:\/\/demoweb.info\/sexshop001\/?s={search_term_string}"},"query-input":"required name=search_term_string"}],"inLanguage":"es"}]}},"_links":{"self":[{"href":"https:\/\/demoweb.info\/sexshop001\/wp-json\/wp\/v3\/product\/16346","targetHints":{"allow":["GET"]}}],"collection":[{"href":"https:\/\/demoweb.info\/sexshop001\/wp-json\/wp\/v3\/product"}],"about":[{"href":"https:\/\/demoweb.info\/sexshop001\/wp-json\/wp\/v2\/types\/product"}],"replies":[{"embeddable":true,"href":"https:\/\/demoweb.info\/sexshop001\/wp-json\/wp\/v2\/comments?post=16346"}],"wp:featuredmedia":[{"embeddable":true,"href":"https:\/\/demoweb.info\/sexshop001\/wp-json\/wp\/v2\/media\/16347"}],"wp:attachment":[{"href":"https:\/\/demoweb.info\/sexshop001\/wp-json\/wp\/v2\/media?parent=16346"}],"wp:term":[{"taxonomy":"product_cat","embeddable":true,"href":"https:\/\/demoweb.info\/sexshop001\/wp-json\/wp\/v2\/product_cat?post=16346"},{"taxonomy":"product_tag","embeddable":true,"href":"https:\/\/demoweb.info\/sexshop001\/wp-json\/wp\/v2\/product_tag?post=16346"}],"curies":[{"name":"wp","href":"https:\/\/api.w.org\/{rel}","templated":true}]}}