{"id":16323,"date":"2022-01-22T10:35:18","date_gmt":"2022-01-22T09:35:18","guid":{"rendered":"https:\/\/demoweb.info\/sexshop001\/producto\/explore-silicona-g-spot-vibe-rosa\/"},"modified":"2022-01-22T10:35:41","modified_gmt":"2022-01-22T09:35:41","slug":"explore-silicona-g-spot-vibe-rosa","status":"publish","type":"product","link":"https:\/\/demoweb.info\/sexshop001\/producto\/explore-silicona-g-spot-vibe-rosa\/","title":{"rendered":"EXPLORE SILICONA G-SPOT VIBE &#8211; ROSA"},"content":{"rendered":"<p><strong>EXPLORE SILICONE G-SPOT VIBE &#8211; PINK<\/strong><\/p>\n<p>Emb\u00e1rcate en una aventura sensual con la vibraci\u00f3n del punto G de Explore Soft Silicone.<\/p>\n<p>Este elegante dise\u00f1o de SILK de TOYJOY est\u00e1 hecho de silicona l\u00edquida, que se siente tan suave y lujosa al tacto como la seda real. La vibra cuenta con un poderoso motor gemelo y te permite usar ambos lados de la silueta para una estimulaci\u00f3n \u00edntima.<\/p>\n<p>\u00a1Eso significa el doble de diversi\u00f3n al golpear el punto G! El Explore est\u00e1 hecho de silicona hipoalerg\u00e9nica, segura para el cuerpo y de alta calidad. Este proveedor de placer ofrece 6 modos de pulsaci\u00f3n, 4 velocidades de vibraci\u00f3n y tambi\u00e9n es recargable por USB.<\/p>\n<p><strong>CARACTER\u00cdSTICAS<\/strong><\/p>\n<ul>\n<li>Longitud total: 25 cm \/ 9.8 inch<\/li>\n<li>Di\u00e1metro: \u00d8 4.3 cm \/ 1.7 inch<\/li>\n<li>Vibrando: Si<\/li>\n<li>Modos de vibraci\u00f3n: 6<\/li>\n<li>Modos de velocidad: 4<\/li>\n<li>Bodysafe: Si<\/li>\n<li>Material: Hypoallergenic Silicone<\/li>\n<li>Motores: 2<\/li>\n<li>Recargable: Si<\/li>\n<li>Tiempo de carga en minutos: 240<\/li>\n<li>Tiempo de funcionamiento en minutos: 90<\/li>\n<\/ul>\n","protected":false},"excerpt":{"rendered":"<p>EXPLORE SILICONE G-SPOT VIBE &#8211; PINK Emb\u00e1rcate en una aventura sensual con la vibraci\u00f3n del punto G de Explore Soft<\/p>\n","protected":false},"featured_media":16324,"comment_status":"open","ping_status":"open","template":"","meta":[],"product_cat":[639],"product_tag":[248,247],"class_list":["post-16323","product","type-product","status-publish","has-post-thumbnail","hentry","product_cat-punto-g","product_tag-silk","product_tag-toyjoy"],"bundled_by":[],"bundle_stock_status":"instock","bundle_stock_quantity":1,"bundle_virtual":false,"bundle_layout":"","bundle_add_to_cart_form_location":"","bundle_editable_in_cart":false,"bundle_sold_individually_context":"","bundle_item_grouping":"","bundle_min_size":"","bundle_max_size":"","bundled_items":[],"yoast_head":"<!-- This site is optimized with the Yoast SEO plugin v20.6 - https:\/\/yoast.com\/wordpress\/plugins\/seo\/ -->\n<title>EXPLORE SILICONA G-SPOT VIBE - ROSA - Tienda Er\u00f3tica<\/title>\n<meta name=\"robots\" content=\"noindex, follow, max-snippet:-1, max-image-preview:large, max-video-preview:-1\" \/>\n<meta property=\"og:locale\" content=\"es_ES\" \/>\n<meta property=\"og:type\" content=\"article\" \/>\n<meta property=\"og:title\" content=\"EXPLORE SILICONA G-SPOT VIBE - ROSA - Tienda Er\u00f3tica\" \/>\n<meta property=\"og:description\" content=\"EXPLORE SILICONE G-SPOT VIBE &#8211; PINK Emb\u00e1rcate en una aventura sensual con la vibraci\u00f3n del punto G de Explore Soft\" \/>\n<meta property=\"og:url\" content=\"https:\/\/demoweb.info\/sexshop001\/producto\/explore-silicona-g-spot-vibe-rosa\/\" \/>\n<meta property=\"og:site_name\" content=\"Tienda Er\u00f3tica\" \/>\n<meta property=\"article:modified_time\" content=\"2022-01-22T09:35:41+00:00\" \/>\n<meta property=\"og:image\" content=\"https:\/\/demoweb.info\/sexshop001\/wp-content\/uploads\/2022\/01\/EXPLORE-SILICONA-G-SPOT-VIBE-ROSA.jpg\" \/>\n\t<meta property=\"og:image:width\" content=\"550\" \/>\n\t<meta property=\"og:image:height\" content=\"550\" \/>\n\t<meta property=\"og:image:type\" content=\"image\/jpeg\" \/>\n<meta name=\"twitter:card\" content=\"summary_large_image\" \/>\n<meta name=\"twitter:label1\" content=\"Tiempo de lectura\" \/>\n\t<meta name=\"twitter:data1\" content=\"1 minuto\" \/>\n<script type=\"application\/ld+json\" class=\"yoast-schema-graph\">{\"@context\":\"https:\/\/schema.org\",\"@graph\":[{\"@type\":\"WebPage\",\"@id\":\"https:\/\/demoweb.info\/sexshop001\/producto\/explore-silicona-g-spot-vibe-rosa\/\",\"url\":\"https:\/\/demoweb.info\/sexshop001\/producto\/explore-silicona-g-spot-vibe-rosa\/\",\"name\":\"EXPLORE SILICONA G-SPOT VIBE - ROSA - Tienda Er\u00f3tica\",\"isPartOf\":{\"@id\":\"https:\/\/demoweb.info\/sexshop001\/#website\"},\"datePublished\":\"2022-01-22T09:35:18+00:00\",\"dateModified\":\"2022-01-22T09:35:41+00:00\",\"breadcrumb\":{\"@id\":\"https:\/\/demoweb.info\/sexshop001\/producto\/explore-silicona-g-spot-vibe-rosa\/#breadcrumb\"},\"inLanguage\":\"es\",\"potentialAction\":[{\"@type\":\"ReadAction\",\"target\":[\"https:\/\/demoweb.info\/sexshop001\/producto\/explore-silicona-g-spot-vibe-rosa\/\"]}]},{\"@type\":\"BreadcrumbList\",\"@id\":\"https:\/\/demoweb.info\/sexshop001\/producto\/explore-silicona-g-spot-vibe-rosa\/#breadcrumb\",\"itemListElement\":[{\"@type\":\"ListItem\",\"position\":1,\"name\":\"Portada\",\"item\":\"https:\/\/demoweb.info\/sexshop001\/\"},{\"@type\":\"ListItem\",\"position\":2,\"name\":\"Tienda\",\"item\":\"https:\/\/demoweb.info\/sexshop001\/tienda\/\"},{\"@type\":\"ListItem\",\"position\":3,\"name\":\"EXPLORE SILICONA G-SPOT VIBE &#8211; ROSA\"}]},{\"@type\":\"WebSite\",\"@id\":\"https:\/\/demoweb.info\/sexshop001\/#website\",\"url\":\"https:\/\/demoweb.info\/sexshop001\/\",\"name\":\"Tienda Er\u00f3tica\",\"description\":\"DEMOWEB SL\",\"potentialAction\":[{\"@type\":\"SearchAction\",\"target\":{\"@type\":\"EntryPoint\",\"urlTemplate\":\"https:\/\/demoweb.info\/sexshop001\/?s={search_term_string}\"},\"query-input\":\"required name=search_term_string\"}],\"inLanguage\":\"es\"}]}<\/script>\n<!-- \/ Yoast SEO plugin. -->","yoast_head_json":{"title":"EXPLORE SILICONA G-SPOT VIBE - ROSA - Tienda Er\u00f3tica","robots":{"index":"noindex","follow":"follow","max-snippet":"max-snippet:-1","max-image-preview":"max-image-preview:large","max-video-preview":"max-video-preview:-1"},"og_locale":"es_ES","og_type":"article","og_title":"EXPLORE SILICONA G-SPOT VIBE - ROSA - Tienda Er\u00f3tica","og_description":"EXPLORE SILICONE G-SPOT VIBE &#8211; PINK Emb\u00e1rcate en una aventura sensual con la vibraci\u00f3n del punto G de Explore Soft","og_url":"https:\/\/demoweb.info\/sexshop001\/producto\/explore-silicona-g-spot-vibe-rosa\/","og_site_name":"Tienda Er\u00f3tica","article_modified_time":"2022-01-22T09:35:41+00:00","og_image":[{"width":550,"height":550,"url":"https:\/\/demoweb.info\/sexshop001\/wp-content\/uploads\/2022\/01\/EXPLORE-SILICONA-G-SPOT-VIBE-ROSA.jpg","type":"image\/jpeg"}],"twitter_card":"summary_large_image","twitter_misc":{"Tiempo de lectura":"1 minuto"},"schema":{"@context":"https:\/\/schema.org","@graph":[{"@type":"WebPage","@id":"https:\/\/demoweb.info\/sexshop001\/producto\/explore-silicona-g-spot-vibe-rosa\/","url":"https:\/\/demoweb.info\/sexshop001\/producto\/explore-silicona-g-spot-vibe-rosa\/","name":"EXPLORE SILICONA G-SPOT VIBE - ROSA - Tienda Er\u00f3tica","isPartOf":{"@id":"https:\/\/demoweb.info\/sexshop001\/#website"},"datePublished":"2022-01-22T09:35:18+00:00","dateModified":"2022-01-22T09:35:41+00:00","breadcrumb":{"@id":"https:\/\/demoweb.info\/sexshop001\/producto\/explore-silicona-g-spot-vibe-rosa\/#breadcrumb"},"inLanguage":"es","potentialAction":[{"@type":"ReadAction","target":["https:\/\/demoweb.info\/sexshop001\/producto\/explore-silicona-g-spot-vibe-rosa\/"]}]},{"@type":"BreadcrumbList","@id":"https:\/\/demoweb.info\/sexshop001\/producto\/explore-silicona-g-spot-vibe-rosa\/#breadcrumb","itemListElement":[{"@type":"ListItem","position":1,"name":"Portada","item":"https:\/\/demoweb.info\/sexshop001\/"},{"@type":"ListItem","position":2,"name":"Tienda","item":"https:\/\/demoweb.info\/sexshop001\/tienda\/"},{"@type":"ListItem","position":3,"name":"EXPLORE SILICONA G-SPOT VIBE &#8211; ROSA"}]},{"@type":"WebSite","@id":"https:\/\/demoweb.info\/sexshop001\/#website","url":"https:\/\/demoweb.info\/sexshop001\/","name":"Tienda Er\u00f3tica","description":"DEMOWEB SL","potentialAction":[{"@type":"SearchAction","target":{"@type":"EntryPoint","urlTemplate":"https:\/\/demoweb.info\/sexshop001\/?s={search_term_string}"},"query-input":"required name=search_term_string"}],"inLanguage":"es"}]}},"_links":{"self":[{"href":"https:\/\/demoweb.info\/sexshop001\/wp-json\/wp\/v3\/product\/16323","targetHints":{"allow":["GET"]}}],"collection":[{"href":"https:\/\/demoweb.info\/sexshop001\/wp-json\/wp\/v3\/product"}],"about":[{"href":"https:\/\/demoweb.info\/sexshop001\/wp-json\/wp\/v2\/types\/product"}],"replies":[{"embeddable":true,"href":"https:\/\/demoweb.info\/sexshop001\/wp-json\/wp\/v2\/comments?post=16323"}],"wp:featuredmedia":[{"embeddable":true,"href":"https:\/\/demoweb.info\/sexshop001\/wp-json\/wp\/v2\/media\/16324"}],"wp:attachment":[{"href":"https:\/\/demoweb.info\/sexshop001\/wp-json\/wp\/v2\/media?parent=16323"}],"wp:term":[{"taxonomy":"product_cat","embeddable":true,"href":"https:\/\/demoweb.info\/sexshop001\/wp-json\/wp\/v2\/product_cat?post=16323"},{"taxonomy":"product_tag","embeddable":true,"href":"https:\/\/demoweb.info\/sexshop001\/wp-json\/wp\/v2\/product_tag?post=16323"}],"curies":[{"name":"wp","href":"https:\/\/api.w.org\/{rel}","templated":true}]}}