{"id":16292,"date":"2022-01-22T10:35:18","date_gmt":"2022-01-22T09:35:18","guid":{"rendered":"https:\/\/demoweb.info\/sexshop001\/producto\/adira-allure-masturbador-vagina-ultraskyn-vainilla-2\/"},"modified":"2022-01-22T10:35:24","modified_gmt":"2022-01-22T09:35:24","slug":"adira-allure-masturbador-vagina-ultraskyn-vainilla-2","status":"publish","type":"product","link":"https:\/\/demoweb.info\/sexshop001\/producto\/adira-allure-masturbador-vagina-ultraskyn-vainilla-2\/","title":{"rendered":"ADIRA ALLURE &#8211; MASTURBADOR VAGINA ULTRASKYN &#8211; VAINILLA"},"content":{"rendered":"<p><strong>ADIRA ALLURE &#8211; ULTRASKYN STROKER &#8211; PUSSY <\/strong><\/p>\n<p>Ella siempre est\u00e1 a tu alcance. La l\u00ednea Main Squeeze de Doc Johnson de masturbadores de estuche r\u00edgido protagonizada por nuestros moldes de estrellas porno m\u00e1s populares est\u00e1 dise\u00f1ada para poner el poder en tus manos, con un agarre apretable que te permite variar la tensi\u00f3n de cada golpe y una tapa de extremo de ajuste de succi\u00f3n.<\/p>\n<p>Moldeada directamente a partir del cuerpo de la rubia hardcore Adira Allure, esta acariciadora ULTRASKYN se ve y se siente como una penetraci\u00f3n en su co\u00f1o perfecto. Cada funda ULTRASKYN presenta un interior de textura diferente, lo que hace que su experiencia sea tan \u00fanica como cada una de nuestras sexys chicas Main Squeeze.<\/p>\n<p>El dise\u00f1o r\u00edgido de doble tapa funciona como un discreto estuche de viaje y almacenamiento, lo que mantiene su Main Squeeze fresco y listo para cuando le apetezca.<\/p>\n<p>Caracter\u00edsticas:<\/p>\n<ul>\n<li>Dimensiones del producto    22,9 x 8,4 x 8,4 cm<\/li>\n<li>Peso del producto    625 gram<\/li>\n<li>Di\u00e1metro del producto    8,4 cm<\/li>\n<li>Longitud insertable    22,1 cm<\/li>\n<li>A prueba de agua    S\u00ed<\/li>\n<li>A prueba de salpicaduras    S\u00ed<\/li>\n<li>Libre de ftalato    S\u00ed<\/li>\n<li>Materiales    TPE\/ABS<\/li>\n<\/ul>\n","protected":false},"excerpt":{"rendered":"<p>ADIRA ALLURE &#8211; ULTRASKYN STROKER &#8211; PUSSY Ella siempre est\u00e1 a tu alcance. La l\u00ednea Main Squeeze de Doc Johnson<\/p>\n","protected":false},"featured_media":16293,"comment_status":"open","ping_status":"open","template":"","meta":[],"product_cat":[541],"product_tag":[460,652],"class_list":["post-16292","product","type-product","status-publish","has-post-thumbnail","hentry","product_cat-vaginas","product_tag-doc-johnson","product_tag-main-squeeze"],"bundled_by":[],"bundle_stock_status":"instock","bundle_stock_quantity":1,"bundle_virtual":false,"bundle_layout":"","bundle_add_to_cart_form_location":"","bundle_editable_in_cart":false,"bundle_sold_individually_context":"","bundle_item_grouping":"","bundle_min_size":"","bundle_max_size":"","bundled_items":[],"yoast_head":"<!-- This site is optimized with the Yoast SEO plugin v20.6 - https:\/\/yoast.com\/wordpress\/plugins\/seo\/ -->\n<title>ADIRA ALLURE - MASTURBADOR VAGINA ULTRASKYN - VAINILLA - Tienda Er\u00f3tica<\/title>\n<meta name=\"robots\" content=\"noindex, follow, max-snippet:-1, max-image-preview:large, max-video-preview:-1\" \/>\n<meta property=\"og:locale\" content=\"es_ES\" \/>\n<meta property=\"og:type\" content=\"article\" \/>\n<meta property=\"og:title\" content=\"ADIRA ALLURE - MASTURBADOR VAGINA ULTRASKYN - VAINILLA - Tienda Er\u00f3tica\" \/>\n<meta property=\"og:description\" content=\"ADIRA ALLURE &#8211; ULTRASKYN STROKER &#8211; PUSSY Ella siempre est\u00e1 a tu alcance. La l\u00ednea Main Squeeze de Doc Johnson\" \/>\n<meta property=\"og:url\" content=\"https:\/\/demoweb.info\/sexshop001\/producto\/adira-allure-masturbador-vagina-ultraskyn-vainilla-2\/\" \/>\n<meta property=\"og:site_name\" content=\"Tienda Er\u00f3tica\" \/>\n<meta property=\"article:modified_time\" content=\"2022-01-22T09:35:24+00:00\" \/>\n<meta property=\"og:image\" content=\"https:\/\/demoweb.info\/sexshop001\/wp-content\/uploads\/2022\/01\/ADIRA-ALLURE-MASTURBADOR-VAGINA-ULTRASKYN-VAINILLA-2.jpg\" \/>\n\t<meta property=\"og:image:width\" content=\"550\" \/>\n\t<meta property=\"og:image:height\" content=\"550\" \/>\n\t<meta property=\"og:image:type\" content=\"image\/jpeg\" \/>\n<meta name=\"twitter:card\" content=\"summary_large_image\" \/>\n<meta name=\"twitter:label1\" content=\"Tiempo de lectura\" \/>\n\t<meta name=\"twitter:data1\" content=\"1 minuto\" \/>\n<script type=\"application\/ld+json\" class=\"yoast-schema-graph\">{\"@context\":\"https:\/\/schema.org\",\"@graph\":[{\"@type\":\"WebPage\",\"@id\":\"https:\/\/demoweb.info\/sexshop001\/producto\/adira-allure-masturbador-vagina-ultraskyn-vainilla-2\/\",\"url\":\"https:\/\/demoweb.info\/sexshop001\/producto\/adira-allure-masturbador-vagina-ultraskyn-vainilla-2\/\",\"name\":\"ADIRA ALLURE - MASTURBADOR VAGINA ULTRASKYN - VAINILLA - Tienda Er\u00f3tica\",\"isPartOf\":{\"@id\":\"https:\/\/demoweb.info\/sexshop001\/#website\"},\"datePublished\":\"2022-01-22T09:35:18+00:00\",\"dateModified\":\"2022-01-22T09:35:24+00:00\",\"breadcrumb\":{\"@id\":\"https:\/\/demoweb.info\/sexshop001\/producto\/adira-allure-masturbador-vagina-ultraskyn-vainilla-2\/#breadcrumb\"},\"inLanguage\":\"es\",\"potentialAction\":[{\"@type\":\"ReadAction\",\"target\":[\"https:\/\/demoweb.info\/sexshop001\/producto\/adira-allure-masturbador-vagina-ultraskyn-vainilla-2\/\"]}]},{\"@type\":\"BreadcrumbList\",\"@id\":\"https:\/\/demoweb.info\/sexshop001\/producto\/adira-allure-masturbador-vagina-ultraskyn-vainilla-2\/#breadcrumb\",\"itemListElement\":[{\"@type\":\"ListItem\",\"position\":1,\"name\":\"Portada\",\"item\":\"https:\/\/demoweb.info\/sexshop001\/\"},{\"@type\":\"ListItem\",\"position\":2,\"name\":\"Tienda\",\"item\":\"https:\/\/demoweb.info\/sexshop001\/tienda\/\"},{\"@type\":\"ListItem\",\"position\":3,\"name\":\"ADIRA ALLURE &#8211; MASTURBADOR VAGINA ULTRASKYN &#8211; VAINILLA\"}]},{\"@type\":\"WebSite\",\"@id\":\"https:\/\/demoweb.info\/sexshop001\/#website\",\"url\":\"https:\/\/demoweb.info\/sexshop001\/\",\"name\":\"Tienda Er\u00f3tica\",\"description\":\"DEMOWEB SL\",\"potentialAction\":[{\"@type\":\"SearchAction\",\"target\":{\"@type\":\"EntryPoint\",\"urlTemplate\":\"https:\/\/demoweb.info\/sexshop001\/?s={search_term_string}\"},\"query-input\":\"required name=search_term_string\"}],\"inLanguage\":\"es\"}]}<\/script>\n<!-- \/ Yoast SEO plugin. -->","yoast_head_json":{"title":"ADIRA ALLURE - MASTURBADOR VAGINA ULTRASKYN - VAINILLA - Tienda Er\u00f3tica","robots":{"index":"noindex","follow":"follow","max-snippet":"max-snippet:-1","max-image-preview":"max-image-preview:large","max-video-preview":"max-video-preview:-1"},"og_locale":"es_ES","og_type":"article","og_title":"ADIRA ALLURE - MASTURBADOR VAGINA ULTRASKYN - VAINILLA - Tienda Er\u00f3tica","og_description":"ADIRA ALLURE &#8211; ULTRASKYN STROKER &#8211; PUSSY Ella siempre est\u00e1 a tu alcance. La l\u00ednea Main Squeeze de Doc Johnson","og_url":"https:\/\/demoweb.info\/sexshop001\/producto\/adira-allure-masturbador-vagina-ultraskyn-vainilla-2\/","og_site_name":"Tienda Er\u00f3tica","article_modified_time":"2022-01-22T09:35:24+00:00","og_image":[{"width":550,"height":550,"url":"https:\/\/demoweb.info\/sexshop001\/wp-content\/uploads\/2022\/01\/ADIRA-ALLURE-MASTURBADOR-VAGINA-ULTRASKYN-VAINILLA-2.jpg","type":"image\/jpeg"}],"twitter_card":"summary_large_image","twitter_misc":{"Tiempo de lectura":"1 minuto"},"schema":{"@context":"https:\/\/schema.org","@graph":[{"@type":"WebPage","@id":"https:\/\/demoweb.info\/sexshop001\/producto\/adira-allure-masturbador-vagina-ultraskyn-vainilla-2\/","url":"https:\/\/demoweb.info\/sexshop001\/producto\/adira-allure-masturbador-vagina-ultraskyn-vainilla-2\/","name":"ADIRA ALLURE - MASTURBADOR VAGINA ULTRASKYN - VAINILLA - Tienda Er\u00f3tica","isPartOf":{"@id":"https:\/\/demoweb.info\/sexshop001\/#website"},"datePublished":"2022-01-22T09:35:18+00:00","dateModified":"2022-01-22T09:35:24+00:00","breadcrumb":{"@id":"https:\/\/demoweb.info\/sexshop001\/producto\/adira-allure-masturbador-vagina-ultraskyn-vainilla-2\/#breadcrumb"},"inLanguage":"es","potentialAction":[{"@type":"ReadAction","target":["https:\/\/demoweb.info\/sexshop001\/producto\/adira-allure-masturbador-vagina-ultraskyn-vainilla-2\/"]}]},{"@type":"BreadcrumbList","@id":"https:\/\/demoweb.info\/sexshop001\/producto\/adira-allure-masturbador-vagina-ultraskyn-vainilla-2\/#breadcrumb","itemListElement":[{"@type":"ListItem","position":1,"name":"Portada","item":"https:\/\/demoweb.info\/sexshop001\/"},{"@type":"ListItem","position":2,"name":"Tienda","item":"https:\/\/demoweb.info\/sexshop001\/tienda\/"},{"@type":"ListItem","position":3,"name":"ADIRA ALLURE &#8211; MASTURBADOR VAGINA ULTRASKYN &#8211; VAINILLA"}]},{"@type":"WebSite","@id":"https:\/\/demoweb.info\/sexshop001\/#website","url":"https:\/\/demoweb.info\/sexshop001\/","name":"Tienda Er\u00f3tica","description":"DEMOWEB SL","potentialAction":[{"@type":"SearchAction","target":{"@type":"EntryPoint","urlTemplate":"https:\/\/demoweb.info\/sexshop001\/?s={search_term_string}"},"query-input":"required name=search_term_string"}],"inLanguage":"es"}]}},"_links":{"self":[{"href":"https:\/\/demoweb.info\/sexshop001\/wp-json\/wp\/v3\/product\/16292","targetHints":{"allow":["GET"]}}],"collection":[{"href":"https:\/\/demoweb.info\/sexshop001\/wp-json\/wp\/v3\/product"}],"about":[{"href":"https:\/\/demoweb.info\/sexshop001\/wp-json\/wp\/v2\/types\/product"}],"replies":[{"embeddable":true,"href":"https:\/\/demoweb.info\/sexshop001\/wp-json\/wp\/v2\/comments?post=16292"}],"wp:featuredmedia":[{"embeddable":true,"href":"https:\/\/demoweb.info\/sexshop001\/wp-json\/wp\/v2\/media\/16293"}],"wp:attachment":[{"href":"https:\/\/demoweb.info\/sexshop001\/wp-json\/wp\/v2\/media?parent=16292"}],"wp:term":[{"taxonomy":"product_cat","embeddable":true,"href":"https:\/\/demoweb.info\/sexshop001\/wp-json\/wp\/v2\/product_cat?post=16292"},{"taxonomy":"product_tag","embeddable":true,"href":"https:\/\/demoweb.info\/sexshop001\/wp-json\/wp\/v2\/product_tag?post=16292"}],"curies":[{"name":"wp","href":"https:\/\/api.w.org\/{rel}","templated":true}]}}