{"id":16153,"date":"2022-01-22T10:34:10","date_gmt":"2022-01-22T09:34:10","guid":{"rendered":"https:\/\/demoweb.info\/sexshop001\/producto\/chemise-and-g-string-dmd-leopardo\/"},"modified":"2022-01-22T10:34:15","modified_gmt":"2022-01-22T09:34:15","slug":"chemise-and-g-string-dmd-leopardo","status":"publish","type":"product","link":"https:\/\/demoweb.info\/sexshop001\/producto\/chemise-and-g-string-dmd-leopardo\/","title":{"rendered":"CHEMISE AND G-STRING DMD &#8211; LEOPARDO"},"content":{"rendered":"<p><strong>CHEMISE AND G-STRING DMD &#8211; OS<\/strong><\/p>\n<p>Desde cors\u00e9s sexys hasta monos, bodys y m\u00e1s, experimente looks que transforman el estilo de su dormitorio y definen su estado de \u00e1nimo diario.<\/p>\n<p>Explora lo \u00faltimo de Dreamgirls en lencer\u00eda sexy para mujeres de todas las formas y tama\u00f1os<\/p>\n","protected":false},"excerpt":{"rendered":"<p>CHEMISE AND G-STRING DMD &#8211; OS Desde cors\u00e9s sexys hasta monos, bodys y m\u00e1s, experimente looks que transforman el estilo<\/p>\n","protected":false},"featured_media":16154,"comment_status":"open","ping_status":"open","template":"","meta":[],"product_cat":[453],"product_tag":[863],"class_list":["post-16153","product","type-product","status-publish","has-post-thumbnail","hentry","product_cat-sin-mangas","product_tag-dreamgirl"],"bundled_by":[],"bundle_stock_status":"instock","bundle_stock_quantity":1,"bundle_virtual":false,"bundle_layout":"","bundle_add_to_cart_form_location":"","bundle_editable_in_cart":false,"bundle_sold_individually_context":"","bundle_item_grouping":"","bundle_min_size":"","bundle_max_size":"","bundled_items":[],"yoast_head":"<!-- This site is optimized with the Yoast SEO plugin v20.6 - https:\/\/yoast.com\/wordpress\/plugins\/seo\/ -->\n<title>CHEMISE AND G-STRING DMD - LEOPARDO - Tienda Er\u00f3tica<\/title>\n<meta name=\"robots\" content=\"noindex, follow, max-snippet:-1, max-image-preview:large, max-video-preview:-1\" \/>\n<meta property=\"og:locale\" content=\"es_ES\" \/>\n<meta property=\"og:type\" content=\"article\" \/>\n<meta property=\"og:title\" content=\"CHEMISE AND G-STRING DMD - LEOPARDO - Tienda Er\u00f3tica\" \/>\n<meta property=\"og:description\" content=\"CHEMISE AND G-STRING DMD &#8211; OS Desde cors\u00e9s sexys hasta monos, bodys y m\u00e1s, experimente looks que transforman el estilo\" \/>\n<meta property=\"og:url\" content=\"https:\/\/demoweb.info\/sexshop001\/producto\/chemise-and-g-string-dmd-leopardo\/\" \/>\n<meta property=\"og:site_name\" content=\"Tienda Er\u00f3tica\" \/>\n<meta property=\"article:modified_time\" content=\"2022-01-22T09:34:15+00:00\" \/>\n<meta property=\"og:image\" content=\"https:\/\/demoweb.info\/sexshop001\/wp-content\/uploads\/2022\/01\/CHEMISE-AND-G-STRING-DMD-LEOPARDO.jpg\" \/>\n\t<meta property=\"og:image:width\" content=\"550\" \/>\n\t<meta property=\"og:image:height\" content=\"550\" \/>\n\t<meta property=\"og:image:type\" content=\"image\/jpeg\" \/>\n<meta name=\"twitter:card\" content=\"summary_large_image\" \/>\n<script type=\"application\/ld+json\" class=\"yoast-schema-graph\">{\"@context\":\"https:\/\/schema.org\",\"@graph\":[{\"@type\":\"WebPage\",\"@id\":\"https:\/\/demoweb.info\/sexshop001\/producto\/chemise-and-g-string-dmd-leopardo\/\",\"url\":\"https:\/\/demoweb.info\/sexshop001\/producto\/chemise-and-g-string-dmd-leopardo\/\",\"name\":\"CHEMISE AND G-STRING DMD - LEOPARDO - Tienda Er\u00f3tica\",\"isPartOf\":{\"@id\":\"https:\/\/demoweb.info\/sexshop001\/#website\"},\"datePublished\":\"2022-01-22T09:34:10+00:00\",\"dateModified\":\"2022-01-22T09:34:15+00:00\",\"breadcrumb\":{\"@id\":\"https:\/\/demoweb.info\/sexshop001\/producto\/chemise-and-g-string-dmd-leopardo\/#breadcrumb\"},\"inLanguage\":\"es\",\"potentialAction\":[{\"@type\":\"ReadAction\",\"target\":[\"https:\/\/demoweb.info\/sexshop001\/producto\/chemise-and-g-string-dmd-leopardo\/\"]}]},{\"@type\":\"BreadcrumbList\",\"@id\":\"https:\/\/demoweb.info\/sexshop001\/producto\/chemise-and-g-string-dmd-leopardo\/#breadcrumb\",\"itemListElement\":[{\"@type\":\"ListItem\",\"position\":1,\"name\":\"Portada\",\"item\":\"https:\/\/demoweb.info\/sexshop001\/\"},{\"@type\":\"ListItem\",\"position\":2,\"name\":\"Tienda\",\"item\":\"https:\/\/demoweb.info\/sexshop001\/tienda\/\"},{\"@type\":\"ListItem\",\"position\":3,\"name\":\"CHEMISE AND G-STRING DMD &#8211; LEOPARDO\"}]},{\"@type\":\"WebSite\",\"@id\":\"https:\/\/demoweb.info\/sexshop001\/#website\",\"url\":\"https:\/\/demoweb.info\/sexshop001\/\",\"name\":\"Tienda Er\u00f3tica\",\"description\":\"DEMOWEB SL\",\"potentialAction\":[{\"@type\":\"SearchAction\",\"target\":{\"@type\":\"EntryPoint\",\"urlTemplate\":\"https:\/\/demoweb.info\/sexshop001\/?s={search_term_string}\"},\"query-input\":\"required name=search_term_string\"}],\"inLanguage\":\"es\"}]}<\/script>\n<!-- \/ Yoast SEO plugin. -->","yoast_head_json":{"title":"CHEMISE AND G-STRING DMD - LEOPARDO - Tienda Er\u00f3tica","robots":{"index":"noindex","follow":"follow","max-snippet":"max-snippet:-1","max-image-preview":"max-image-preview:large","max-video-preview":"max-video-preview:-1"},"og_locale":"es_ES","og_type":"article","og_title":"CHEMISE AND G-STRING DMD - LEOPARDO - Tienda Er\u00f3tica","og_description":"CHEMISE AND G-STRING DMD &#8211; OS Desde cors\u00e9s sexys hasta monos, bodys y m\u00e1s, experimente looks que transforman el estilo","og_url":"https:\/\/demoweb.info\/sexshop001\/producto\/chemise-and-g-string-dmd-leopardo\/","og_site_name":"Tienda Er\u00f3tica","article_modified_time":"2022-01-22T09:34:15+00:00","og_image":[{"width":550,"height":550,"url":"https:\/\/demoweb.info\/sexshop001\/wp-content\/uploads\/2022\/01\/CHEMISE-AND-G-STRING-DMD-LEOPARDO.jpg","type":"image\/jpeg"}],"twitter_card":"summary_large_image","schema":{"@context":"https:\/\/schema.org","@graph":[{"@type":"WebPage","@id":"https:\/\/demoweb.info\/sexshop001\/producto\/chemise-and-g-string-dmd-leopardo\/","url":"https:\/\/demoweb.info\/sexshop001\/producto\/chemise-and-g-string-dmd-leopardo\/","name":"CHEMISE AND G-STRING DMD - LEOPARDO - Tienda Er\u00f3tica","isPartOf":{"@id":"https:\/\/demoweb.info\/sexshop001\/#website"},"datePublished":"2022-01-22T09:34:10+00:00","dateModified":"2022-01-22T09:34:15+00:00","breadcrumb":{"@id":"https:\/\/demoweb.info\/sexshop001\/producto\/chemise-and-g-string-dmd-leopardo\/#breadcrumb"},"inLanguage":"es","potentialAction":[{"@type":"ReadAction","target":["https:\/\/demoweb.info\/sexshop001\/producto\/chemise-and-g-string-dmd-leopardo\/"]}]},{"@type":"BreadcrumbList","@id":"https:\/\/demoweb.info\/sexshop001\/producto\/chemise-and-g-string-dmd-leopardo\/#breadcrumb","itemListElement":[{"@type":"ListItem","position":1,"name":"Portada","item":"https:\/\/demoweb.info\/sexshop001\/"},{"@type":"ListItem","position":2,"name":"Tienda","item":"https:\/\/demoweb.info\/sexshop001\/tienda\/"},{"@type":"ListItem","position":3,"name":"CHEMISE AND G-STRING DMD &#8211; LEOPARDO"}]},{"@type":"WebSite","@id":"https:\/\/demoweb.info\/sexshop001\/#website","url":"https:\/\/demoweb.info\/sexshop001\/","name":"Tienda Er\u00f3tica","description":"DEMOWEB SL","potentialAction":[{"@type":"SearchAction","target":{"@type":"EntryPoint","urlTemplate":"https:\/\/demoweb.info\/sexshop001\/?s={search_term_string}"},"query-input":"required name=search_term_string"}],"inLanguage":"es"}]}},"_links":{"self":[{"href":"https:\/\/demoweb.info\/sexshop001\/wp-json\/wp\/v3\/product\/16153","targetHints":{"allow":["GET"]}}],"collection":[{"href":"https:\/\/demoweb.info\/sexshop001\/wp-json\/wp\/v3\/product"}],"about":[{"href":"https:\/\/demoweb.info\/sexshop001\/wp-json\/wp\/v2\/types\/product"}],"replies":[{"embeddable":true,"href":"https:\/\/demoweb.info\/sexshop001\/wp-json\/wp\/v2\/comments?post=16153"}],"wp:featuredmedia":[{"embeddable":true,"href":"https:\/\/demoweb.info\/sexshop001\/wp-json\/wp\/v2\/media\/16154"}],"wp:attachment":[{"href":"https:\/\/demoweb.info\/sexshop001\/wp-json\/wp\/v2\/media?parent=16153"}],"wp:term":[{"taxonomy":"product_cat","embeddable":true,"href":"https:\/\/demoweb.info\/sexshop001\/wp-json\/wp\/v2\/product_cat?post=16153"},{"taxonomy":"product_tag","embeddable":true,"href":"https:\/\/demoweb.info\/sexshop001\/wp-json\/wp\/v2\/product_tag?post=16153"}],"curies":[{"name":"wp","href":"https:\/\/api.w.org\/{rel}","templated":true}]}}