{"id":15930,"date":"2022-01-22T10:32:14","date_gmt":"2022-01-22T09:32:14","guid":{"rendered":"https:\/\/demoweb.info\/sexshop001\/producto\/dazey-plug-lila\/"},"modified":"2022-01-22T10:32:29","modified_gmt":"2022-01-22T09:32:29","slug":"dazey-plug-lila","status":"publish","type":"product","link":"https:\/\/demoweb.info\/sexshop001\/producto\/dazey-plug-lila\/","title":{"rendered":"DAZEY &#8211; PLUG &#8211; LILA"},"content":{"rendered":"<p><strong>DAZEY &#8211; PURPLE<\/strong><\/p>\n<p>Dazey es un lujoso dong de silicona suave al tacto. Silicona 100% de grado m\u00e9dico. Patr\u00f3n de remolino. Base de ventosa muy resistente.<\/p>\n<p>Este suave y s\u00faper fuerte dong con base de succi\u00f3n brinda placer al mismo tiempo que brinda una sensaci\u00f3n gratificante.<\/p>\n<p>Dildo con patr\u00f3n de torsi\u00f3n y acabado sedoso<br \/>\n100% silicona completa de grado m\u00e9dico superior<br \/>\nBase de hoja de cannabis de succi\u00f3n fuerte<br \/>\nColor lila<\/p>\n<p>Caracter\u00edsticas:<\/p>\n<ul>\n<li>Dimensiones del producto    9 x 8 x 17,8 cm<\/li>\n<li>Peso del producto    300 gram<\/li>\n<li>Di\u00e1metro del producto    3,5 cm<\/li>\n<li>Longitud insertable    17 cm<\/li>\n<li>A prueba de agua    S\u00ed<\/li>\n<li>A prueba de salpicaduras    S\u00ed<\/li>\n<li>Libre de ftalato    S\u00ed<\/li>\n<li>Materiales    Medical Grade Silicone<\/li>\n<\/ul>\n","protected":false},"excerpt":{"rendered":"<p>DAZEY &#8211; PURPLE Dazey es un lujoso dong de silicona suave al tacto. Silicona 100% de grado m\u00e9dico. Patr\u00f3n de<\/p>\n","protected":false},"featured_media":15931,"comment_status":"open","ping_status":"open","template":"","meta":[],"product_cat":[338],"product_tag":[844],"class_list":["post-15930","product","type-product","status-publish","has-post-thumbnail","hentry","product_cat-silicona-plugs","product_tag-maia-toys"],"bundled_by":[],"bundle_stock_status":"instock","bundle_stock_quantity":1,"bundle_virtual":false,"bundle_layout":"","bundle_add_to_cart_form_location":"","bundle_editable_in_cart":false,"bundle_sold_individually_context":"","bundle_item_grouping":"","bundle_min_size":"","bundle_max_size":"","bundled_items":[],"yoast_head":"<!-- This site is optimized with the Yoast SEO plugin v20.6 - https:\/\/yoast.com\/wordpress\/plugins\/seo\/ -->\n<title>DAZEY - PLUG - LILA - Tienda Er\u00f3tica<\/title>\n<meta name=\"robots\" content=\"noindex, follow, max-snippet:-1, max-image-preview:large, max-video-preview:-1\" \/>\n<meta property=\"og:locale\" content=\"es_ES\" \/>\n<meta property=\"og:type\" content=\"article\" \/>\n<meta property=\"og:title\" content=\"DAZEY - PLUG - LILA - Tienda Er\u00f3tica\" \/>\n<meta property=\"og:description\" content=\"DAZEY &#8211; PURPLE Dazey es un lujoso dong de silicona suave al tacto. Silicona 100% de grado m\u00e9dico. Patr\u00f3n de\" \/>\n<meta property=\"og:url\" content=\"https:\/\/demoweb.info\/sexshop001\/producto\/dazey-plug-lila\/\" \/>\n<meta property=\"og:site_name\" content=\"Tienda Er\u00f3tica\" \/>\n<meta property=\"article:modified_time\" content=\"2022-01-22T09:32:29+00:00\" \/>\n<meta property=\"og:image\" content=\"https:\/\/demoweb.info\/sexshop001\/wp-content\/uploads\/2022\/01\/DAZEY-PLUG-LILA.jpg\" \/>\n\t<meta property=\"og:image:width\" content=\"550\" \/>\n\t<meta property=\"og:image:height\" content=\"550\" \/>\n\t<meta property=\"og:image:type\" content=\"image\/jpeg\" \/>\n<meta name=\"twitter:card\" content=\"summary_large_image\" \/>\n<meta name=\"twitter:label1\" content=\"Tiempo de lectura\" \/>\n\t<meta name=\"twitter:data1\" content=\"1 minuto\" \/>\n<script type=\"application\/ld+json\" class=\"yoast-schema-graph\">{\"@context\":\"https:\/\/schema.org\",\"@graph\":[{\"@type\":\"WebPage\",\"@id\":\"https:\/\/demoweb.info\/sexshop001\/producto\/dazey-plug-lila\/\",\"url\":\"https:\/\/demoweb.info\/sexshop001\/producto\/dazey-plug-lila\/\",\"name\":\"DAZEY - PLUG - LILA - Tienda Er\u00f3tica\",\"isPartOf\":{\"@id\":\"https:\/\/demoweb.info\/sexshop001\/#website\"},\"datePublished\":\"2022-01-22T09:32:14+00:00\",\"dateModified\":\"2022-01-22T09:32:29+00:00\",\"breadcrumb\":{\"@id\":\"https:\/\/demoweb.info\/sexshop001\/producto\/dazey-plug-lila\/#breadcrumb\"},\"inLanguage\":\"es\",\"potentialAction\":[{\"@type\":\"ReadAction\",\"target\":[\"https:\/\/demoweb.info\/sexshop001\/producto\/dazey-plug-lila\/\"]}]},{\"@type\":\"BreadcrumbList\",\"@id\":\"https:\/\/demoweb.info\/sexshop001\/producto\/dazey-plug-lila\/#breadcrumb\",\"itemListElement\":[{\"@type\":\"ListItem\",\"position\":1,\"name\":\"Portada\",\"item\":\"https:\/\/demoweb.info\/sexshop001\/\"},{\"@type\":\"ListItem\",\"position\":2,\"name\":\"Tienda\",\"item\":\"https:\/\/demoweb.info\/sexshop001\/tienda\/\"},{\"@type\":\"ListItem\",\"position\":3,\"name\":\"DAZEY &#8211; PLUG &#8211; LILA\"}]},{\"@type\":\"WebSite\",\"@id\":\"https:\/\/demoweb.info\/sexshop001\/#website\",\"url\":\"https:\/\/demoweb.info\/sexshop001\/\",\"name\":\"Tienda Er\u00f3tica\",\"description\":\"DEMOWEB SL\",\"potentialAction\":[{\"@type\":\"SearchAction\",\"target\":{\"@type\":\"EntryPoint\",\"urlTemplate\":\"https:\/\/demoweb.info\/sexshop001\/?s={search_term_string}\"},\"query-input\":\"required name=search_term_string\"}],\"inLanguage\":\"es\"}]}<\/script>\n<!-- \/ Yoast SEO plugin. -->","yoast_head_json":{"title":"DAZEY - PLUG - LILA - Tienda Er\u00f3tica","robots":{"index":"noindex","follow":"follow","max-snippet":"max-snippet:-1","max-image-preview":"max-image-preview:large","max-video-preview":"max-video-preview:-1"},"og_locale":"es_ES","og_type":"article","og_title":"DAZEY - PLUG - LILA - Tienda Er\u00f3tica","og_description":"DAZEY &#8211; PURPLE Dazey es un lujoso dong de silicona suave al tacto. Silicona 100% de grado m\u00e9dico. Patr\u00f3n de","og_url":"https:\/\/demoweb.info\/sexshop001\/producto\/dazey-plug-lila\/","og_site_name":"Tienda Er\u00f3tica","article_modified_time":"2022-01-22T09:32:29+00:00","og_image":[{"width":550,"height":550,"url":"https:\/\/demoweb.info\/sexshop001\/wp-content\/uploads\/2022\/01\/DAZEY-PLUG-LILA.jpg","type":"image\/jpeg"}],"twitter_card":"summary_large_image","twitter_misc":{"Tiempo de lectura":"1 minuto"},"schema":{"@context":"https:\/\/schema.org","@graph":[{"@type":"WebPage","@id":"https:\/\/demoweb.info\/sexshop001\/producto\/dazey-plug-lila\/","url":"https:\/\/demoweb.info\/sexshop001\/producto\/dazey-plug-lila\/","name":"DAZEY - PLUG - LILA - Tienda Er\u00f3tica","isPartOf":{"@id":"https:\/\/demoweb.info\/sexshop001\/#website"},"datePublished":"2022-01-22T09:32:14+00:00","dateModified":"2022-01-22T09:32:29+00:00","breadcrumb":{"@id":"https:\/\/demoweb.info\/sexshop001\/producto\/dazey-plug-lila\/#breadcrumb"},"inLanguage":"es","potentialAction":[{"@type":"ReadAction","target":["https:\/\/demoweb.info\/sexshop001\/producto\/dazey-plug-lila\/"]}]},{"@type":"BreadcrumbList","@id":"https:\/\/demoweb.info\/sexshop001\/producto\/dazey-plug-lila\/#breadcrumb","itemListElement":[{"@type":"ListItem","position":1,"name":"Portada","item":"https:\/\/demoweb.info\/sexshop001\/"},{"@type":"ListItem","position":2,"name":"Tienda","item":"https:\/\/demoweb.info\/sexshop001\/tienda\/"},{"@type":"ListItem","position":3,"name":"DAZEY &#8211; PLUG &#8211; LILA"}]},{"@type":"WebSite","@id":"https:\/\/demoweb.info\/sexshop001\/#website","url":"https:\/\/demoweb.info\/sexshop001\/","name":"Tienda Er\u00f3tica","description":"DEMOWEB SL","potentialAction":[{"@type":"SearchAction","target":{"@type":"EntryPoint","urlTemplate":"https:\/\/demoweb.info\/sexshop001\/?s={search_term_string}"},"query-input":"required name=search_term_string"}],"inLanguage":"es"}]}},"_links":{"self":[{"href":"https:\/\/demoweb.info\/sexshop001\/wp-json\/wp\/v3\/product\/15930","targetHints":{"allow":["GET"]}}],"collection":[{"href":"https:\/\/demoweb.info\/sexshop001\/wp-json\/wp\/v3\/product"}],"about":[{"href":"https:\/\/demoweb.info\/sexshop001\/wp-json\/wp\/v2\/types\/product"}],"replies":[{"embeddable":true,"href":"https:\/\/demoweb.info\/sexshop001\/wp-json\/wp\/v2\/comments?post=15930"}],"wp:featuredmedia":[{"embeddable":true,"href":"https:\/\/demoweb.info\/sexshop001\/wp-json\/wp\/v2\/media\/15931"}],"wp:attachment":[{"href":"https:\/\/demoweb.info\/sexshop001\/wp-json\/wp\/v2\/media?parent=15930"}],"wp:term":[{"taxonomy":"product_cat","embeddable":true,"href":"https:\/\/demoweb.info\/sexshop001\/wp-json\/wp\/v2\/product_cat?post=15930"},{"taxonomy":"product_tag","embeddable":true,"href":"https:\/\/demoweb.info\/sexshop001\/wp-json\/wp\/v2\/product_tag?post=15930"}],"curies":[{"name":"wp","href":"https:\/\/api.w.org\/{rel}","templated":true}]}}