{"id":15776,"date":"2022-01-22T10:31:17","date_gmt":"2022-01-22T09:31:17","guid":{"rendered":"https:\/\/demoweb.info\/sexshop001\/producto\/fetish-fantasy-edicion-limitada-succionador-de-silicona-para-pezones-vibrador\/"},"modified":"2022-01-22T10:31:19","modified_gmt":"2022-01-22T09:31:19","slug":"fetish-fantasy-edicion-limitada-succionador-de-silicona-para-pezones-vibrador","status":"publish","type":"product","link":"https:\/\/demoweb.info\/sexshop001\/producto\/fetish-fantasy-edicion-limitada-succionador-de-silicona-para-pezones-vibrador\/","title":{"rendered":"FETISH FANTASY EDICION LIMITADA SUCCIONADOR DE SILICONA PARA PEZONES VIBRADOR"},"content":{"rendered":"<p><strong>FETISH FANTASY VIBRATING SILICONE NIPPLE LASSONS<\/strong><\/p>\n<p>Disfrute incre\u00edble estimulaci\u00f3n con el estimulador para pezones. Estas maravillosas pinzas de silicona son elegantes y se activan con un solo interruptor para proporcionar vibraciones de gran alcance justo donde lo deseas. El motor silencioso hace cosquilla, mientras que la silicona s\u00faper suave se siente muy bien contra la piel.<\/p>\n<p>Simplemente coloque su pez\u00f3n dentro del bucle, a continuaci\u00f3n, tirar de la cincha hacia abajo para ajustar la tensi\u00f3n. Retire la bala de la manga para reemplazar las bater\u00edas LR41 incluidas<\/p>\n<p>&#8211; Incluye 2 motores silenciosos de gran alcance con bater\u00edas LR41.<\/p>\n","protected":false},"excerpt":{"rendered":"<p>FETISH FANTASY VIBRATING SILICONE NIPPLE LASSONS Disfrute incre\u00edble estimulaci\u00f3n con el estimulador para pezones. Estas maravillosas pinzas de silicona son<\/p>\n","protected":false},"featured_media":15777,"comment_status":"open","ping_status":"open","template":"","meta":[],"product_cat":[705],"product_tag":[841,259],"class_list":["post-15776","product","type-product","status-publish","has-post-thumbnail","hentry","product_cat-con-vibracion-pinzas-pezones","product_tag-fetish-fantasy-limited-edition","product_tag-pipedream"],"bundled_by":[],"bundle_stock_status":"instock","bundle_stock_quantity":10,"bundle_virtual":false,"bundle_layout":"","bundle_add_to_cart_form_location":"","bundle_editable_in_cart":false,"bundle_sold_individually_context":"","bundle_item_grouping":"","bundle_min_size":"","bundle_max_size":"","bundled_items":[],"yoast_head":"<!-- This site is optimized with the Yoast SEO plugin v20.6 - https:\/\/yoast.com\/wordpress\/plugins\/seo\/ -->\n<title>FETISH FANTASY EDICION LIMITADA SUCCIONADOR DE SILICONA PARA PEZONES VIBRADOR - Tienda Er\u00f3tica<\/title>\n<meta name=\"robots\" content=\"noindex, follow, max-snippet:-1, max-image-preview:large, max-video-preview:-1\" \/>\n<meta property=\"og:locale\" content=\"es_ES\" \/>\n<meta property=\"og:type\" content=\"article\" \/>\n<meta property=\"og:title\" content=\"FETISH FANTASY EDICION LIMITADA SUCCIONADOR DE SILICONA PARA PEZONES VIBRADOR - Tienda Er\u00f3tica\" \/>\n<meta property=\"og:description\" content=\"FETISH FANTASY VIBRATING SILICONE NIPPLE LASSONS Disfrute incre\u00edble estimulaci\u00f3n con el estimulador para pezones. Estas maravillosas pinzas de silicona son\" \/>\n<meta property=\"og:url\" content=\"https:\/\/demoweb.info\/sexshop001\/producto\/fetish-fantasy-edicion-limitada-succionador-de-silicona-para-pezones-vibrador\/\" \/>\n<meta property=\"og:site_name\" content=\"Tienda Er\u00f3tica\" \/>\n<meta property=\"article:modified_time\" content=\"2022-01-22T09:31:19+00:00\" \/>\n<meta property=\"og:image\" content=\"https:\/\/demoweb.info\/sexshop001\/wp-content\/uploads\/2022\/01\/FETISH-FANTASY-EDICION-LIMITADA-SUCCIONADOR-DE-SILICONA-PARA-PEZONES-VIBRADOR.jpg\" \/>\n\t<meta property=\"og:image:width\" content=\"550\" \/>\n\t<meta property=\"og:image:height\" content=\"550\" \/>\n\t<meta property=\"og:image:type\" content=\"image\/jpeg\" \/>\n<meta name=\"twitter:card\" content=\"summary_large_image\" \/>\n<meta name=\"twitter:label1\" content=\"Tiempo de lectura\" \/>\n\t<meta name=\"twitter:data1\" content=\"1 minuto\" \/>\n<script type=\"application\/ld+json\" class=\"yoast-schema-graph\">{\"@context\":\"https:\/\/schema.org\",\"@graph\":[{\"@type\":\"WebPage\",\"@id\":\"https:\/\/demoweb.info\/sexshop001\/producto\/fetish-fantasy-edicion-limitada-succionador-de-silicona-para-pezones-vibrador\/\",\"url\":\"https:\/\/demoweb.info\/sexshop001\/producto\/fetish-fantasy-edicion-limitada-succionador-de-silicona-para-pezones-vibrador\/\",\"name\":\"FETISH FANTASY EDICION LIMITADA SUCCIONADOR DE SILICONA PARA PEZONES VIBRADOR - Tienda Er\u00f3tica\",\"isPartOf\":{\"@id\":\"https:\/\/demoweb.info\/sexshop001\/#website\"},\"datePublished\":\"2022-01-22T09:31:17+00:00\",\"dateModified\":\"2022-01-22T09:31:19+00:00\",\"breadcrumb\":{\"@id\":\"https:\/\/demoweb.info\/sexshop001\/producto\/fetish-fantasy-edicion-limitada-succionador-de-silicona-para-pezones-vibrador\/#breadcrumb\"},\"inLanguage\":\"es\",\"potentialAction\":[{\"@type\":\"ReadAction\",\"target\":[\"https:\/\/demoweb.info\/sexshop001\/producto\/fetish-fantasy-edicion-limitada-succionador-de-silicona-para-pezones-vibrador\/\"]}]},{\"@type\":\"BreadcrumbList\",\"@id\":\"https:\/\/demoweb.info\/sexshop001\/producto\/fetish-fantasy-edicion-limitada-succionador-de-silicona-para-pezones-vibrador\/#breadcrumb\",\"itemListElement\":[{\"@type\":\"ListItem\",\"position\":1,\"name\":\"Portada\",\"item\":\"https:\/\/demoweb.info\/sexshop001\/\"},{\"@type\":\"ListItem\",\"position\":2,\"name\":\"Tienda\",\"item\":\"https:\/\/demoweb.info\/sexshop001\/tienda\/\"},{\"@type\":\"ListItem\",\"position\":3,\"name\":\"FETISH FANTASY EDICION LIMITADA SUCCIONADOR DE SILICONA PARA PEZONES VIBRADOR\"}]},{\"@type\":\"WebSite\",\"@id\":\"https:\/\/demoweb.info\/sexshop001\/#website\",\"url\":\"https:\/\/demoweb.info\/sexshop001\/\",\"name\":\"Tienda Er\u00f3tica\",\"description\":\"DEMOWEB SL\",\"potentialAction\":[{\"@type\":\"SearchAction\",\"target\":{\"@type\":\"EntryPoint\",\"urlTemplate\":\"https:\/\/demoweb.info\/sexshop001\/?s={search_term_string}\"},\"query-input\":\"required name=search_term_string\"}],\"inLanguage\":\"es\"}]}<\/script>\n<!-- \/ Yoast SEO plugin. -->","yoast_head_json":{"title":"FETISH FANTASY EDICION LIMITADA SUCCIONADOR DE SILICONA PARA PEZONES VIBRADOR - Tienda Er\u00f3tica","robots":{"index":"noindex","follow":"follow","max-snippet":"max-snippet:-1","max-image-preview":"max-image-preview:large","max-video-preview":"max-video-preview:-1"},"og_locale":"es_ES","og_type":"article","og_title":"FETISH FANTASY EDICION LIMITADA SUCCIONADOR DE SILICONA PARA PEZONES VIBRADOR - Tienda Er\u00f3tica","og_description":"FETISH FANTASY VIBRATING SILICONE NIPPLE LASSONS Disfrute incre\u00edble estimulaci\u00f3n con el estimulador para pezones. Estas maravillosas pinzas de silicona son","og_url":"https:\/\/demoweb.info\/sexshop001\/producto\/fetish-fantasy-edicion-limitada-succionador-de-silicona-para-pezones-vibrador\/","og_site_name":"Tienda Er\u00f3tica","article_modified_time":"2022-01-22T09:31:19+00:00","og_image":[{"width":550,"height":550,"url":"https:\/\/demoweb.info\/sexshop001\/wp-content\/uploads\/2022\/01\/FETISH-FANTASY-EDICION-LIMITADA-SUCCIONADOR-DE-SILICONA-PARA-PEZONES-VIBRADOR.jpg","type":"image\/jpeg"}],"twitter_card":"summary_large_image","twitter_misc":{"Tiempo de lectura":"1 minuto"},"schema":{"@context":"https:\/\/schema.org","@graph":[{"@type":"WebPage","@id":"https:\/\/demoweb.info\/sexshop001\/producto\/fetish-fantasy-edicion-limitada-succionador-de-silicona-para-pezones-vibrador\/","url":"https:\/\/demoweb.info\/sexshop001\/producto\/fetish-fantasy-edicion-limitada-succionador-de-silicona-para-pezones-vibrador\/","name":"FETISH FANTASY EDICION LIMITADA SUCCIONADOR DE SILICONA PARA PEZONES VIBRADOR - Tienda Er\u00f3tica","isPartOf":{"@id":"https:\/\/demoweb.info\/sexshop001\/#website"},"datePublished":"2022-01-22T09:31:17+00:00","dateModified":"2022-01-22T09:31:19+00:00","breadcrumb":{"@id":"https:\/\/demoweb.info\/sexshop001\/producto\/fetish-fantasy-edicion-limitada-succionador-de-silicona-para-pezones-vibrador\/#breadcrumb"},"inLanguage":"es","potentialAction":[{"@type":"ReadAction","target":["https:\/\/demoweb.info\/sexshop001\/producto\/fetish-fantasy-edicion-limitada-succionador-de-silicona-para-pezones-vibrador\/"]}]},{"@type":"BreadcrumbList","@id":"https:\/\/demoweb.info\/sexshop001\/producto\/fetish-fantasy-edicion-limitada-succionador-de-silicona-para-pezones-vibrador\/#breadcrumb","itemListElement":[{"@type":"ListItem","position":1,"name":"Portada","item":"https:\/\/demoweb.info\/sexshop001\/"},{"@type":"ListItem","position":2,"name":"Tienda","item":"https:\/\/demoweb.info\/sexshop001\/tienda\/"},{"@type":"ListItem","position":3,"name":"FETISH FANTASY EDICION LIMITADA SUCCIONADOR DE SILICONA PARA PEZONES VIBRADOR"}]},{"@type":"WebSite","@id":"https:\/\/demoweb.info\/sexshop001\/#website","url":"https:\/\/demoweb.info\/sexshop001\/","name":"Tienda Er\u00f3tica","description":"DEMOWEB SL","potentialAction":[{"@type":"SearchAction","target":{"@type":"EntryPoint","urlTemplate":"https:\/\/demoweb.info\/sexshop001\/?s={search_term_string}"},"query-input":"required name=search_term_string"}],"inLanguage":"es"}]}},"_links":{"self":[{"href":"https:\/\/demoweb.info\/sexshop001\/wp-json\/wp\/v3\/product\/15776","targetHints":{"allow":["GET"]}}],"collection":[{"href":"https:\/\/demoweb.info\/sexshop001\/wp-json\/wp\/v3\/product"}],"about":[{"href":"https:\/\/demoweb.info\/sexshop001\/wp-json\/wp\/v2\/types\/product"}],"replies":[{"embeddable":true,"href":"https:\/\/demoweb.info\/sexshop001\/wp-json\/wp\/v2\/comments?post=15776"}],"wp:featuredmedia":[{"embeddable":true,"href":"https:\/\/demoweb.info\/sexshop001\/wp-json\/wp\/v2\/media\/15777"}],"wp:attachment":[{"href":"https:\/\/demoweb.info\/sexshop001\/wp-json\/wp\/v2\/media?parent=15776"}],"wp:term":[{"taxonomy":"product_cat","embeddable":true,"href":"https:\/\/demoweb.info\/sexshop001\/wp-json\/wp\/v2\/product_cat?post=15776"},{"taxonomy":"product_tag","embeddable":true,"href":"https:\/\/demoweb.info\/sexshop001\/wp-json\/wp\/v2\/product_tag?post=15776"}],"curies":[{"name":"wp","href":"https:\/\/api.w.org\/{rel}","templated":true}]}}