{"id":15672,"date":"2022-01-22T10:30:29","date_gmt":"2022-01-22T09:30:29","guid":{"rendered":"https:\/\/demoweb.info\/sexshop001\/producto\/fetish-fantasy-edicion-limitada-dildo-ribeteado\/"},"modified":"2022-01-22T10:30:37","modified_gmt":"2022-01-22T09:30:37","slug":"fetish-fantasy-edicion-limitada-dildo-ribeteado","status":"publish","type":"product","link":"https:\/\/demoweb.info\/sexshop001\/producto\/fetish-fantasy-edicion-limitada-dildo-ribeteado\/","title":{"rendered":"FETISH FANTASY EDICION LIMITADA DILDO RIBETEADO"},"content":{"rendered":"<p><strong>FETISH FANTASY RIBBED DOUBLE TROUBLE<\/strong><\/p>\n<p>El ribeteado <strong>Double Trouble arn\u00e9s<\/strong>  le permite disfrutar de la emoci\u00f3n de la doble penetraci\u00f3n sin la participaci\u00f3n de nadie m\u00e1s! El anillo de PVC en la parte superior actu\u00e1 como un anillo para el pene para mejorar el rendimiento, mientras que el anillo m\u00e1s grande alrededor de los test\u00edculos los matiene bien apretado. El consolador cuenta con una punta c\u00f3nica para facilitar la entrada y un eje acanalado para la estimulaci\u00f3n incre\u00edble.<\/p>\n","protected":false},"excerpt":{"rendered":"<p>FETISH FANTASY RIBBED DOUBLE TROUBLE El ribeteado Double Trouble arn\u00e9s le permite disfrutar de la emoci\u00f3n de la doble penetraci\u00f3n<\/p>\n","protected":false},"featured_media":15673,"comment_status":"open","ping_status":"open","template":"","meta":[],"product_cat":[559],"product_tag":[841,259],"class_list":["post-15672","product","type-product","status-publish","has-post-thumbnail","hentry","product_cat-con-dildo","product_tag-fetish-fantasy-limited-edition","product_tag-pipedream"],"bundled_by":[],"bundle_stock_status":"instock","bundle_stock_quantity":2,"bundle_virtual":false,"bundle_layout":"","bundle_add_to_cart_form_location":"","bundle_editable_in_cart":false,"bundle_sold_individually_context":"","bundle_item_grouping":"","bundle_min_size":"","bundle_max_size":"","bundled_items":[],"yoast_head":"<!-- This site is optimized with the Yoast SEO plugin v20.6 - https:\/\/yoast.com\/wordpress\/plugins\/seo\/ -->\n<title>FETISH FANTASY EDICION LIMITADA DILDO RIBETEADO - Tienda Er\u00f3tica<\/title>\n<meta name=\"robots\" content=\"noindex, follow, max-snippet:-1, max-image-preview:large, max-video-preview:-1\" \/>\n<meta property=\"og:locale\" content=\"es_ES\" \/>\n<meta property=\"og:type\" content=\"article\" \/>\n<meta property=\"og:title\" content=\"FETISH FANTASY EDICION LIMITADA DILDO RIBETEADO - Tienda Er\u00f3tica\" \/>\n<meta property=\"og:description\" content=\"FETISH FANTASY RIBBED DOUBLE TROUBLE El ribeteado Double Trouble arn\u00e9s le permite disfrutar de la emoci\u00f3n de la doble penetraci\u00f3n\" \/>\n<meta property=\"og:url\" content=\"https:\/\/demoweb.info\/sexshop001\/producto\/fetish-fantasy-edicion-limitada-dildo-ribeteado\/\" \/>\n<meta property=\"og:site_name\" content=\"Tienda Er\u00f3tica\" \/>\n<meta property=\"article:modified_time\" content=\"2022-01-22T09:30:37+00:00\" \/>\n<meta property=\"og:image\" content=\"https:\/\/demoweb.info\/sexshop001\/wp-content\/uploads\/2022\/01\/FETISH-FANTASY-EDICION-LIMITADA-DILDO-RIBETEADO.jpg\" \/>\n\t<meta property=\"og:image:width\" content=\"550\" \/>\n\t<meta property=\"og:image:height\" content=\"550\" \/>\n\t<meta property=\"og:image:type\" content=\"image\/jpeg\" \/>\n<meta name=\"twitter:card\" content=\"summary_large_image\" \/>\n<script type=\"application\/ld+json\" class=\"yoast-schema-graph\">{\"@context\":\"https:\/\/schema.org\",\"@graph\":[{\"@type\":\"WebPage\",\"@id\":\"https:\/\/demoweb.info\/sexshop001\/producto\/fetish-fantasy-edicion-limitada-dildo-ribeteado\/\",\"url\":\"https:\/\/demoweb.info\/sexshop001\/producto\/fetish-fantasy-edicion-limitada-dildo-ribeteado\/\",\"name\":\"FETISH FANTASY EDICION LIMITADA DILDO RIBETEADO - Tienda Er\u00f3tica\",\"isPartOf\":{\"@id\":\"https:\/\/demoweb.info\/sexshop001\/#website\"},\"datePublished\":\"2022-01-22T09:30:29+00:00\",\"dateModified\":\"2022-01-22T09:30:37+00:00\",\"breadcrumb\":{\"@id\":\"https:\/\/demoweb.info\/sexshop001\/producto\/fetish-fantasy-edicion-limitada-dildo-ribeteado\/#breadcrumb\"},\"inLanguage\":\"es\",\"potentialAction\":[{\"@type\":\"ReadAction\",\"target\":[\"https:\/\/demoweb.info\/sexshop001\/producto\/fetish-fantasy-edicion-limitada-dildo-ribeteado\/\"]}]},{\"@type\":\"BreadcrumbList\",\"@id\":\"https:\/\/demoweb.info\/sexshop001\/producto\/fetish-fantasy-edicion-limitada-dildo-ribeteado\/#breadcrumb\",\"itemListElement\":[{\"@type\":\"ListItem\",\"position\":1,\"name\":\"Portada\",\"item\":\"https:\/\/demoweb.info\/sexshop001\/\"},{\"@type\":\"ListItem\",\"position\":2,\"name\":\"Tienda\",\"item\":\"https:\/\/demoweb.info\/sexshop001\/tienda\/\"},{\"@type\":\"ListItem\",\"position\":3,\"name\":\"FETISH FANTASY EDICION LIMITADA DILDO RIBETEADO\"}]},{\"@type\":\"WebSite\",\"@id\":\"https:\/\/demoweb.info\/sexshop001\/#website\",\"url\":\"https:\/\/demoweb.info\/sexshop001\/\",\"name\":\"Tienda Er\u00f3tica\",\"description\":\"DEMOWEB SL\",\"potentialAction\":[{\"@type\":\"SearchAction\",\"target\":{\"@type\":\"EntryPoint\",\"urlTemplate\":\"https:\/\/demoweb.info\/sexshop001\/?s={search_term_string}\"},\"query-input\":\"required name=search_term_string\"}],\"inLanguage\":\"es\"}]}<\/script>\n<!-- \/ Yoast SEO plugin. -->","yoast_head_json":{"title":"FETISH FANTASY EDICION LIMITADA DILDO RIBETEADO - Tienda Er\u00f3tica","robots":{"index":"noindex","follow":"follow","max-snippet":"max-snippet:-1","max-image-preview":"max-image-preview:large","max-video-preview":"max-video-preview:-1"},"og_locale":"es_ES","og_type":"article","og_title":"FETISH FANTASY EDICION LIMITADA DILDO RIBETEADO - Tienda Er\u00f3tica","og_description":"FETISH FANTASY RIBBED DOUBLE TROUBLE El ribeteado Double Trouble arn\u00e9s le permite disfrutar de la emoci\u00f3n de la doble penetraci\u00f3n","og_url":"https:\/\/demoweb.info\/sexshop001\/producto\/fetish-fantasy-edicion-limitada-dildo-ribeteado\/","og_site_name":"Tienda Er\u00f3tica","article_modified_time":"2022-01-22T09:30:37+00:00","og_image":[{"width":550,"height":550,"url":"https:\/\/demoweb.info\/sexshop001\/wp-content\/uploads\/2022\/01\/FETISH-FANTASY-EDICION-LIMITADA-DILDO-RIBETEADO.jpg","type":"image\/jpeg"}],"twitter_card":"summary_large_image","schema":{"@context":"https:\/\/schema.org","@graph":[{"@type":"WebPage","@id":"https:\/\/demoweb.info\/sexshop001\/producto\/fetish-fantasy-edicion-limitada-dildo-ribeteado\/","url":"https:\/\/demoweb.info\/sexshop001\/producto\/fetish-fantasy-edicion-limitada-dildo-ribeteado\/","name":"FETISH FANTASY EDICION LIMITADA DILDO RIBETEADO - Tienda Er\u00f3tica","isPartOf":{"@id":"https:\/\/demoweb.info\/sexshop001\/#website"},"datePublished":"2022-01-22T09:30:29+00:00","dateModified":"2022-01-22T09:30:37+00:00","breadcrumb":{"@id":"https:\/\/demoweb.info\/sexshop001\/producto\/fetish-fantasy-edicion-limitada-dildo-ribeteado\/#breadcrumb"},"inLanguage":"es","potentialAction":[{"@type":"ReadAction","target":["https:\/\/demoweb.info\/sexshop001\/producto\/fetish-fantasy-edicion-limitada-dildo-ribeteado\/"]}]},{"@type":"BreadcrumbList","@id":"https:\/\/demoweb.info\/sexshop001\/producto\/fetish-fantasy-edicion-limitada-dildo-ribeteado\/#breadcrumb","itemListElement":[{"@type":"ListItem","position":1,"name":"Portada","item":"https:\/\/demoweb.info\/sexshop001\/"},{"@type":"ListItem","position":2,"name":"Tienda","item":"https:\/\/demoweb.info\/sexshop001\/tienda\/"},{"@type":"ListItem","position":3,"name":"FETISH FANTASY EDICION LIMITADA DILDO RIBETEADO"}]},{"@type":"WebSite","@id":"https:\/\/demoweb.info\/sexshop001\/#website","url":"https:\/\/demoweb.info\/sexshop001\/","name":"Tienda Er\u00f3tica","description":"DEMOWEB SL","potentialAction":[{"@type":"SearchAction","target":{"@type":"EntryPoint","urlTemplate":"https:\/\/demoweb.info\/sexshop001\/?s={search_term_string}"},"query-input":"required name=search_term_string"}],"inLanguage":"es"}]}},"_links":{"self":[{"href":"https:\/\/demoweb.info\/sexshop001\/wp-json\/wp\/v3\/product\/15672","targetHints":{"allow":["GET"]}}],"collection":[{"href":"https:\/\/demoweb.info\/sexshop001\/wp-json\/wp\/v3\/product"}],"about":[{"href":"https:\/\/demoweb.info\/sexshop001\/wp-json\/wp\/v2\/types\/product"}],"replies":[{"embeddable":true,"href":"https:\/\/demoweb.info\/sexshop001\/wp-json\/wp\/v2\/comments?post=15672"}],"wp:featuredmedia":[{"embeddable":true,"href":"https:\/\/demoweb.info\/sexshop001\/wp-json\/wp\/v2\/media\/15673"}],"wp:attachment":[{"href":"https:\/\/demoweb.info\/sexshop001\/wp-json\/wp\/v2\/media?parent=15672"}],"wp:term":[{"taxonomy":"product_cat","embeddable":true,"href":"https:\/\/demoweb.info\/sexshop001\/wp-json\/wp\/v2\/product_cat?post=15672"},{"taxonomy":"product_tag","embeddable":true,"href":"https:\/\/demoweb.info\/sexshop001\/wp-json\/wp\/v2\/product_tag?post=15672"}],"curies":[{"name":"wp","href":"https:\/\/api.w.org\/{rel}","templated":true}]}}