{"id":15566,"date":"2022-01-22T10:29:37","date_gmt":"2022-01-22T09:29:37","guid":{"rendered":"https:\/\/demoweb.info\/sexshop001\/producto\/titanmen-anillos-de-silicona-pack-doble-negro\/"},"modified":"2022-01-22T10:29:45","modified_gmt":"2022-01-22T09:29:45","slug":"titanmen-anillos-de-silicona-pack-doble-negro","status":"publish","type":"product","link":"https:\/\/demoweb.info\/sexshop001\/producto\/titanmen-anillos-de-silicona-pack-doble-negro\/","title":{"rendered":"TITANMEN &#8211; ANILLOS DE SILICONA &#8211; PACK DOBLE NEGRO"},"content":{"rendered":"<p><strong>TITANMEN &#8211; SILICONE COCK RINGS &#8211; DOUBLE PACK BLACK<\/strong><\/p>\n<p>\u00a1El paquete doble de anillos en C de silicona TitanMen\u00ae hace que sea f\u00e1cil ser m\u00e1s duro!<\/p>\n<p>Este juego de dos piezas incluye anillos para el pene de ajuste el\u00e1stico en dos tama\u00f1os, fabricados en silicona suave y segura para el cuerpo para un ajuste ce\u00f1ido pero c\u00f3modo.<\/p>\n<p>El anillo grande tiene un di\u00e1metro de 5 cm ideal para uso est\u00e1ndar en la base del pene (detr\u00e1s de los testiculos), mientras que el di\u00e1metro de3,55 cm del anillo peque\u00f1o lo hace adecuado para usar m\u00e1s abajo del eje o en la base para un erecci\u00f3n m\u00e1s intensa y duradera.<\/p>\n<p>Peque\u00f1o: 3,3 x 3,3 x 1,7 cm<br \/>\nGrande: 5,3 x 5,3 x 1,7 cm<\/p>\n","protected":false},"excerpt":{"rendered":"<p>TITANMEN &#8211; SILICONE COCK RINGS &#8211; DOUBLE PACK BLACK \u00a1El paquete doble de anillos en C de silicona TitanMen\u00ae hace<\/p>\n","protected":false},"featured_media":15567,"comment_status":"open","ping_status":"open","template":"","meta":[],"product_cat":[323],"product_tag":[460,849],"class_list":["post-15566","product","type-product","status-publish","has-post-thumbnail","hentry","product_cat-silicona-anillos","product_tag-doc-johnson","product_tag-titanmen"],"bundled_by":[],"bundle_stock_status":"instock","bundle_stock_quantity":2,"bundle_virtual":false,"bundle_layout":"","bundle_add_to_cart_form_location":"","bundle_editable_in_cart":false,"bundle_sold_individually_context":"","bundle_item_grouping":"","bundle_min_size":"","bundle_max_size":"","bundled_items":[],"yoast_head":"<!-- This site is optimized with the Yoast SEO plugin v20.6 - https:\/\/yoast.com\/wordpress\/plugins\/seo\/ -->\n<title>TITANMEN - ANILLOS DE SILICONA - PACK DOBLE NEGRO - Tienda Er\u00f3tica<\/title>\n<meta name=\"robots\" content=\"noindex, follow, max-snippet:-1, max-image-preview:large, max-video-preview:-1\" \/>\n<meta property=\"og:locale\" content=\"es_ES\" \/>\n<meta property=\"og:type\" content=\"article\" \/>\n<meta property=\"og:title\" content=\"TITANMEN - ANILLOS DE SILICONA - PACK DOBLE NEGRO - Tienda Er\u00f3tica\" \/>\n<meta property=\"og:description\" content=\"TITANMEN &#8211; SILICONE COCK RINGS &#8211; DOUBLE PACK BLACK \u00a1El paquete doble de anillos en C de silicona TitanMen\u00ae hace\" \/>\n<meta property=\"og:url\" content=\"https:\/\/demoweb.info\/sexshop001\/producto\/titanmen-anillos-de-silicona-pack-doble-negro\/\" \/>\n<meta property=\"og:site_name\" content=\"Tienda Er\u00f3tica\" \/>\n<meta property=\"article:modified_time\" content=\"2022-01-22T09:29:45+00:00\" \/>\n<meta property=\"og:image\" content=\"https:\/\/demoweb.info\/sexshop001\/wp-content\/uploads\/2022\/01\/TITANMEN-ANILLOS-DE-SILICONA-PACK-DOBLE-NEGRO.jpg\" \/>\n\t<meta property=\"og:image:width\" content=\"550\" \/>\n\t<meta property=\"og:image:height\" content=\"550\" \/>\n\t<meta property=\"og:image:type\" content=\"image\/jpeg\" \/>\n<meta name=\"twitter:card\" content=\"summary_large_image\" \/>\n<meta name=\"twitter:label1\" content=\"Tiempo de lectura\" \/>\n\t<meta name=\"twitter:data1\" content=\"1 minuto\" \/>\n<script type=\"application\/ld+json\" class=\"yoast-schema-graph\">{\"@context\":\"https:\/\/schema.org\",\"@graph\":[{\"@type\":\"WebPage\",\"@id\":\"https:\/\/demoweb.info\/sexshop001\/producto\/titanmen-anillos-de-silicona-pack-doble-negro\/\",\"url\":\"https:\/\/demoweb.info\/sexshop001\/producto\/titanmen-anillos-de-silicona-pack-doble-negro\/\",\"name\":\"TITANMEN - ANILLOS DE SILICONA - PACK DOBLE NEGRO - Tienda Er\u00f3tica\",\"isPartOf\":{\"@id\":\"https:\/\/demoweb.info\/sexshop001\/#website\"},\"datePublished\":\"2022-01-22T09:29:37+00:00\",\"dateModified\":\"2022-01-22T09:29:45+00:00\",\"breadcrumb\":{\"@id\":\"https:\/\/demoweb.info\/sexshop001\/producto\/titanmen-anillos-de-silicona-pack-doble-negro\/#breadcrumb\"},\"inLanguage\":\"es\",\"potentialAction\":[{\"@type\":\"ReadAction\",\"target\":[\"https:\/\/demoweb.info\/sexshop001\/producto\/titanmen-anillos-de-silicona-pack-doble-negro\/\"]}]},{\"@type\":\"BreadcrumbList\",\"@id\":\"https:\/\/demoweb.info\/sexshop001\/producto\/titanmen-anillos-de-silicona-pack-doble-negro\/#breadcrumb\",\"itemListElement\":[{\"@type\":\"ListItem\",\"position\":1,\"name\":\"Portada\",\"item\":\"https:\/\/demoweb.info\/sexshop001\/\"},{\"@type\":\"ListItem\",\"position\":2,\"name\":\"Tienda\",\"item\":\"https:\/\/demoweb.info\/sexshop001\/tienda\/\"},{\"@type\":\"ListItem\",\"position\":3,\"name\":\"TITANMEN &#8211; ANILLOS DE SILICONA &#8211; PACK DOBLE NEGRO\"}]},{\"@type\":\"WebSite\",\"@id\":\"https:\/\/demoweb.info\/sexshop001\/#website\",\"url\":\"https:\/\/demoweb.info\/sexshop001\/\",\"name\":\"Tienda Er\u00f3tica\",\"description\":\"DEMOWEB SL\",\"potentialAction\":[{\"@type\":\"SearchAction\",\"target\":{\"@type\":\"EntryPoint\",\"urlTemplate\":\"https:\/\/demoweb.info\/sexshop001\/?s={search_term_string}\"},\"query-input\":\"required name=search_term_string\"}],\"inLanguage\":\"es\"}]}<\/script>\n<!-- \/ Yoast SEO plugin. -->","yoast_head_json":{"title":"TITANMEN - ANILLOS DE SILICONA - PACK DOBLE NEGRO - Tienda Er\u00f3tica","robots":{"index":"noindex","follow":"follow","max-snippet":"max-snippet:-1","max-image-preview":"max-image-preview:large","max-video-preview":"max-video-preview:-1"},"og_locale":"es_ES","og_type":"article","og_title":"TITANMEN - ANILLOS DE SILICONA - PACK DOBLE NEGRO - Tienda Er\u00f3tica","og_description":"TITANMEN &#8211; SILICONE COCK RINGS &#8211; DOUBLE PACK BLACK \u00a1El paquete doble de anillos en C de silicona TitanMen\u00ae hace","og_url":"https:\/\/demoweb.info\/sexshop001\/producto\/titanmen-anillos-de-silicona-pack-doble-negro\/","og_site_name":"Tienda Er\u00f3tica","article_modified_time":"2022-01-22T09:29:45+00:00","og_image":[{"width":550,"height":550,"url":"https:\/\/demoweb.info\/sexshop001\/wp-content\/uploads\/2022\/01\/TITANMEN-ANILLOS-DE-SILICONA-PACK-DOBLE-NEGRO.jpg","type":"image\/jpeg"}],"twitter_card":"summary_large_image","twitter_misc":{"Tiempo de lectura":"1 minuto"},"schema":{"@context":"https:\/\/schema.org","@graph":[{"@type":"WebPage","@id":"https:\/\/demoweb.info\/sexshop001\/producto\/titanmen-anillos-de-silicona-pack-doble-negro\/","url":"https:\/\/demoweb.info\/sexshop001\/producto\/titanmen-anillos-de-silicona-pack-doble-negro\/","name":"TITANMEN - ANILLOS DE SILICONA - PACK DOBLE NEGRO - Tienda Er\u00f3tica","isPartOf":{"@id":"https:\/\/demoweb.info\/sexshop001\/#website"},"datePublished":"2022-01-22T09:29:37+00:00","dateModified":"2022-01-22T09:29:45+00:00","breadcrumb":{"@id":"https:\/\/demoweb.info\/sexshop001\/producto\/titanmen-anillos-de-silicona-pack-doble-negro\/#breadcrumb"},"inLanguage":"es","potentialAction":[{"@type":"ReadAction","target":["https:\/\/demoweb.info\/sexshop001\/producto\/titanmen-anillos-de-silicona-pack-doble-negro\/"]}]},{"@type":"BreadcrumbList","@id":"https:\/\/demoweb.info\/sexshop001\/producto\/titanmen-anillos-de-silicona-pack-doble-negro\/#breadcrumb","itemListElement":[{"@type":"ListItem","position":1,"name":"Portada","item":"https:\/\/demoweb.info\/sexshop001\/"},{"@type":"ListItem","position":2,"name":"Tienda","item":"https:\/\/demoweb.info\/sexshop001\/tienda\/"},{"@type":"ListItem","position":3,"name":"TITANMEN &#8211; ANILLOS DE SILICONA &#8211; PACK DOBLE NEGRO"}]},{"@type":"WebSite","@id":"https:\/\/demoweb.info\/sexshop001\/#website","url":"https:\/\/demoweb.info\/sexshop001\/","name":"Tienda Er\u00f3tica","description":"DEMOWEB SL","potentialAction":[{"@type":"SearchAction","target":{"@type":"EntryPoint","urlTemplate":"https:\/\/demoweb.info\/sexshop001\/?s={search_term_string}"},"query-input":"required name=search_term_string"}],"inLanguage":"es"}]}},"_links":{"self":[{"href":"https:\/\/demoweb.info\/sexshop001\/wp-json\/wp\/v3\/product\/15566","targetHints":{"allow":["GET"]}}],"collection":[{"href":"https:\/\/demoweb.info\/sexshop001\/wp-json\/wp\/v3\/product"}],"about":[{"href":"https:\/\/demoweb.info\/sexshop001\/wp-json\/wp\/v2\/types\/product"}],"replies":[{"embeddable":true,"href":"https:\/\/demoweb.info\/sexshop001\/wp-json\/wp\/v2\/comments?post=15566"}],"wp:featuredmedia":[{"embeddable":true,"href":"https:\/\/demoweb.info\/sexshop001\/wp-json\/wp\/v2\/media\/15567"}],"wp:attachment":[{"href":"https:\/\/demoweb.info\/sexshop001\/wp-json\/wp\/v2\/media?parent=15566"}],"wp:term":[{"taxonomy":"product_cat","embeddable":true,"href":"https:\/\/demoweb.info\/sexshop001\/wp-json\/wp\/v2\/product_cat?post=15566"},{"taxonomy":"product_tag","embeddable":true,"href":"https:\/\/demoweb.info\/sexshop001\/wp-json\/wp\/v2\/product_tag?post=15566"}],"curies":[{"name":"wp","href":"https:\/\/api.w.org\/{rel}","templated":true}]}}