{"id":15552,"date":"2022-01-22T10:29:37","date_gmt":"2022-01-22T09:29:37","guid":{"rendered":"https:\/\/demoweb.info\/sexshop001\/producto\/vac-u-lock-pene-realistico-30cm-ultraskyn-con-arnes\/"},"modified":"2022-01-22T10:29:39","modified_gmt":"2022-01-22T09:29:39","slug":"vac-u-lock-pene-realistico-30cm-ultraskyn-con-arnes","status":"publish","type":"product","link":"https:\/\/demoweb.info\/sexshop001\/producto\/vac-u-lock-pene-realistico-30cm-ultraskyn-con-arnes\/","title":{"rendered":"VAC-U-LOCK &#8211; PENE REAL\u00cdSTICO 30CM ULTRASKYN CON ARN\u00c9S"},"content":{"rendered":"<p><strong>VAC-U-LOCK &#8211; 7 INCH ULTRASKYN COCK W\/ULTRA HARNESS <\/strong><\/p>\n<p>\u00bfBuscas lo \u00faltimo en diversi\u00f3n con arn\u00e9s? \u00a1No busque m\u00e1s!<\/p>\n<p>Este kit Vac-U-Lock incluye el pone m\u00e1s realista que existe.<\/p>\n<p>El kit viene completo con un arn\u00e9s ultra c\u00f3modo y ajustable a casi todas las tallas, un plug Vac-U-Lock de dise\u00f1o patentado y un dispensador Vac-U para que la colocaci\u00f3n y desconexi\u00f3n sea f\u00e1cil y sencilla.<\/p>\n<p>Hecho de material libre de ftalatos, seguro para el cuerpo y fabricado con orgullo en Estados Unidos.<\/p>\n<ul>\n<li>Medidas del pene real\u00edstico: 30 cm x 4,32 cm<\/li>\n<li>Longitud insertable: 15,70 cm<\/li>\n<li>Di\u00e1metro insertable: 4,32 cm<\/li>\n<\/ul>\n","protected":false},"excerpt":{"rendered":"<p>VAC-U-LOCK &#8211; 7 INCH ULTRASKYN COCK W\/ULTRA HARNESS \u00bfBuscas lo \u00faltimo en diversi\u00f3n con arn\u00e9s? \u00a1No busque m\u00e1s! Este kit<\/p>\n","protected":false},"featured_media":15553,"comment_status":"open","ping_status":"open","template":"","meta":[],"product_cat":[386],"product_tag":[460,794],"class_list":["post-15552","product","type-product","status-publish","has-post-thumbnail","hentry","product_cat-realisticos","product_tag-doc-johnson","product_tag-vac-u-lock"],"bundled_by":[],"bundle_stock_status":"instock","bundle_stock_quantity":1,"bundle_virtual":false,"bundle_layout":"","bundle_add_to_cart_form_location":"","bundle_editable_in_cart":false,"bundle_sold_individually_context":"","bundle_item_grouping":"","bundle_min_size":"","bundle_max_size":"","bundled_items":[],"yoast_head":"<!-- This site is optimized with the Yoast SEO plugin v20.6 - https:\/\/yoast.com\/wordpress\/plugins\/seo\/ -->\n<title>VAC-U-LOCK - PENE REAL\u00cdSTICO 30CM ULTRASKYN CON ARN\u00c9S - Tienda Er\u00f3tica<\/title>\n<meta name=\"robots\" content=\"noindex, follow, max-snippet:-1, max-image-preview:large, max-video-preview:-1\" \/>\n<meta property=\"og:locale\" content=\"es_ES\" \/>\n<meta property=\"og:type\" content=\"article\" \/>\n<meta property=\"og:title\" content=\"VAC-U-LOCK - PENE REAL\u00cdSTICO 30CM ULTRASKYN CON ARN\u00c9S - Tienda Er\u00f3tica\" \/>\n<meta property=\"og:description\" content=\"VAC-U-LOCK &#8211; 7 INCH ULTRASKYN COCK W\/ULTRA HARNESS \u00bfBuscas lo \u00faltimo en diversi\u00f3n con arn\u00e9s? \u00a1No busque m\u00e1s! Este kit\" \/>\n<meta property=\"og:url\" content=\"https:\/\/demoweb.info\/sexshop001\/producto\/vac-u-lock-pene-realistico-30cm-ultraskyn-con-arnes\/\" \/>\n<meta property=\"og:site_name\" content=\"Tienda Er\u00f3tica\" \/>\n<meta property=\"article:modified_time\" content=\"2022-01-22T09:29:39+00:00\" \/>\n<meta property=\"og:image\" content=\"https:\/\/demoweb.info\/sexshop001\/wp-content\/uploads\/2022\/01\/VAC-U-LOCK-PENE-REALISTICO-30CM-ULTRASKYN-CON-ARNES.jpg\" \/>\n\t<meta property=\"og:image:width\" content=\"550\" \/>\n\t<meta property=\"og:image:height\" content=\"550\" \/>\n\t<meta property=\"og:image:type\" content=\"image\/jpeg\" \/>\n<meta name=\"twitter:card\" content=\"summary_large_image\" \/>\n<meta name=\"twitter:label1\" content=\"Tiempo de lectura\" \/>\n\t<meta name=\"twitter:data1\" content=\"1 minuto\" \/>\n<script type=\"application\/ld+json\" class=\"yoast-schema-graph\">{\"@context\":\"https:\/\/schema.org\",\"@graph\":[{\"@type\":\"WebPage\",\"@id\":\"https:\/\/demoweb.info\/sexshop001\/producto\/vac-u-lock-pene-realistico-30cm-ultraskyn-con-arnes\/\",\"url\":\"https:\/\/demoweb.info\/sexshop001\/producto\/vac-u-lock-pene-realistico-30cm-ultraskyn-con-arnes\/\",\"name\":\"VAC-U-LOCK - PENE REAL\u00cdSTICO 30CM ULTRASKYN CON ARN\u00c9S - Tienda Er\u00f3tica\",\"isPartOf\":{\"@id\":\"https:\/\/demoweb.info\/sexshop001\/#website\"},\"datePublished\":\"2022-01-22T09:29:37+00:00\",\"dateModified\":\"2022-01-22T09:29:39+00:00\",\"breadcrumb\":{\"@id\":\"https:\/\/demoweb.info\/sexshop001\/producto\/vac-u-lock-pene-realistico-30cm-ultraskyn-con-arnes\/#breadcrumb\"},\"inLanguage\":\"es\",\"potentialAction\":[{\"@type\":\"ReadAction\",\"target\":[\"https:\/\/demoweb.info\/sexshop001\/producto\/vac-u-lock-pene-realistico-30cm-ultraskyn-con-arnes\/\"]}]},{\"@type\":\"BreadcrumbList\",\"@id\":\"https:\/\/demoweb.info\/sexshop001\/producto\/vac-u-lock-pene-realistico-30cm-ultraskyn-con-arnes\/#breadcrumb\",\"itemListElement\":[{\"@type\":\"ListItem\",\"position\":1,\"name\":\"Portada\",\"item\":\"https:\/\/demoweb.info\/sexshop001\/\"},{\"@type\":\"ListItem\",\"position\":2,\"name\":\"Tienda\",\"item\":\"https:\/\/demoweb.info\/sexshop001\/tienda\/\"},{\"@type\":\"ListItem\",\"position\":3,\"name\":\"VAC-U-LOCK &#8211; PENE REAL\u00cdSTICO 30CM ULTRASKYN CON ARN\u00c9S\"}]},{\"@type\":\"WebSite\",\"@id\":\"https:\/\/demoweb.info\/sexshop001\/#website\",\"url\":\"https:\/\/demoweb.info\/sexshop001\/\",\"name\":\"Tienda Er\u00f3tica\",\"description\":\"DEMOWEB SL\",\"potentialAction\":[{\"@type\":\"SearchAction\",\"target\":{\"@type\":\"EntryPoint\",\"urlTemplate\":\"https:\/\/demoweb.info\/sexshop001\/?s={search_term_string}\"},\"query-input\":\"required name=search_term_string\"}],\"inLanguage\":\"es\"}]}<\/script>\n<!-- \/ Yoast SEO plugin. -->","yoast_head_json":{"title":"VAC-U-LOCK - PENE REAL\u00cdSTICO 30CM ULTRASKYN CON ARN\u00c9S - Tienda Er\u00f3tica","robots":{"index":"noindex","follow":"follow","max-snippet":"max-snippet:-1","max-image-preview":"max-image-preview:large","max-video-preview":"max-video-preview:-1"},"og_locale":"es_ES","og_type":"article","og_title":"VAC-U-LOCK - PENE REAL\u00cdSTICO 30CM ULTRASKYN CON ARN\u00c9S - Tienda Er\u00f3tica","og_description":"VAC-U-LOCK &#8211; 7 INCH ULTRASKYN COCK W\/ULTRA HARNESS \u00bfBuscas lo \u00faltimo en diversi\u00f3n con arn\u00e9s? \u00a1No busque m\u00e1s! Este kit","og_url":"https:\/\/demoweb.info\/sexshop001\/producto\/vac-u-lock-pene-realistico-30cm-ultraskyn-con-arnes\/","og_site_name":"Tienda Er\u00f3tica","article_modified_time":"2022-01-22T09:29:39+00:00","og_image":[{"width":550,"height":550,"url":"https:\/\/demoweb.info\/sexshop001\/wp-content\/uploads\/2022\/01\/VAC-U-LOCK-PENE-REALISTICO-30CM-ULTRASKYN-CON-ARNES.jpg","type":"image\/jpeg"}],"twitter_card":"summary_large_image","twitter_misc":{"Tiempo de lectura":"1 minuto"},"schema":{"@context":"https:\/\/schema.org","@graph":[{"@type":"WebPage","@id":"https:\/\/demoweb.info\/sexshop001\/producto\/vac-u-lock-pene-realistico-30cm-ultraskyn-con-arnes\/","url":"https:\/\/demoweb.info\/sexshop001\/producto\/vac-u-lock-pene-realistico-30cm-ultraskyn-con-arnes\/","name":"VAC-U-LOCK - PENE REAL\u00cdSTICO 30CM ULTRASKYN CON ARN\u00c9S - Tienda Er\u00f3tica","isPartOf":{"@id":"https:\/\/demoweb.info\/sexshop001\/#website"},"datePublished":"2022-01-22T09:29:37+00:00","dateModified":"2022-01-22T09:29:39+00:00","breadcrumb":{"@id":"https:\/\/demoweb.info\/sexshop001\/producto\/vac-u-lock-pene-realistico-30cm-ultraskyn-con-arnes\/#breadcrumb"},"inLanguage":"es","potentialAction":[{"@type":"ReadAction","target":["https:\/\/demoweb.info\/sexshop001\/producto\/vac-u-lock-pene-realistico-30cm-ultraskyn-con-arnes\/"]}]},{"@type":"BreadcrumbList","@id":"https:\/\/demoweb.info\/sexshop001\/producto\/vac-u-lock-pene-realistico-30cm-ultraskyn-con-arnes\/#breadcrumb","itemListElement":[{"@type":"ListItem","position":1,"name":"Portada","item":"https:\/\/demoweb.info\/sexshop001\/"},{"@type":"ListItem","position":2,"name":"Tienda","item":"https:\/\/demoweb.info\/sexshop001\/tienda\/"},{"@type":"ListItem","position":3,"name":"VAC-U-LOCK &#8211; PENE REAL\u00cdSTICO 30CM ULTRASKYN CON ARN\u00c9S"}]},{"@type":"WebSite","@id":"https:\/\/demoweb.info\/sexshop001\/#website","url":"https:\/\/demoweb.info\/sexshop001\/","name":"Tienda Er\u00f3tica","description":"DEMOWEB SL","potentialAction":[{"@type":"SearchAction","target":{"@type":"EntryPoint","urlTemplate":"https:\/\/demoweb.info\/sexshop001\/?s={search_term_string}"},"query-input":"required name=search_term_string"}],"inLanguage":"es"}]}},"_links":{"self":[{"href":"https:\/\/demoweb.info\/sexshop001\/wp-json\/wp\/v3\/product\/15552","targetHints":{"allow":["GET"]}}],"collection":[{"href":"https:\/\/demoweb.info\/sexshop001\/wp-json\/wp\/v3\/product"}],"about":[{"href":"https:\/\/demoweb.info\/sexshop001\/wp-json\/wp\/v2\/types\/product"}],"replies":[{"embeddable":true,"href":"https:\/\/demoweb.info\/sexshop001\/wp-json\/wp\/v2\/comments?post=15552"}],"wp:featuredmedia":[{"embeddable":true,"href":"https:\/\/demoweb.info\/sexshop001\/wp-json\/wp\/v2\/media\/15553"}],"wp:attachment":[{"href":"https:\/\/demoweb.info\/sexshop001\/wp-json\/wp\/v2\/media?parent=15552"}],"wp:term":[{"taxonomy":"product_cat","embeddable":true,"href":"https:\/\/demoweb.info\/sexshop001\/wp-json\/wp\/v2\/product_cat?post=15552"},{"taxonomy":"product_tag","embeddable":true,"href":"https:\/\/demoweb.info\/sexshop001\/wp-json\/wp\/v2\/product_tag?post=15552"}],"curies":[{"name":"wp","href":"https:\/\/api.w.org\/{rel}","templated":true}]}}