{"id":15539,"date":"2022-01-22T10:29:17","date_gmt":"2022-01-22T09:29:17","guid":{"rendered":"https:\/\/demoweb.info\/sexshop001\/producto\/anillos-silicona-tower-of-power-6-pack-negro\/"},"modified":"2022-01-22T10:29:31","modified_gmt":"2022-01-22T09:29:31","slug":"anillos-silicona-tower-of-power-6-pack-negro","status":"publish","type":"product","link":"https:\/\/demoweb.info\/sexshop001\/producto\/anillos-silicona-tower-of-power-6-pack-negro\/","title":{"rendered":"ANILLOS SILICONA &#8211; TOWER OF POWER &#8211; 6 PACK NEGRO"},"content":{"rendered":"<p><strong>TOWER OF POWER &#8211; 6 PACK BLACK<\/strong><\/p>\n<p>Reg\u00e1late el conjunto de anillos de gallo de la torre del poder.<\/p>\n<p>Una gran selecci\u00f3n de 6 formas son suyas para elegir con esta deliciosa selecci\u00f3n de anillos para el pene de color negro. Hechos de TPE s\u00faper el\u00e1stico, estos anillos para el pene agregar\u00e1n emoci\u00f3n a su tiempo de juego.<\/p>\n<p>Haga que la diversi\u00f3n dure m\u00e1s tiempo con la Torre del Poder de Doc Johnson.<\/p>\n<p>Caracter\u00edsticas:<\/p>\n<ul>\n<li>Dimensiones del producto    4 x 4 x 1 cm<\/li>\n<li>Peso del producto    6 gram<\/li>\n<li>Libre de ftalato    S\u00ed<\/li>\n<li>Materiales    TPR<\/li>\n<\/ul>\n","protected":false},"excerpt":{"rendered":"<p>TOWER OF POWER &#8211; 6 PACK BLACK Reg\u00e1late el conjunto de anillos de gallo de la torre del poder. Una<\/p>\n","protected":false},"featured_media":15540,"comment_status":"open","ping_status":"open","template":"","meta":[],"product_cat":[323],"product_tag":[460],"class_list":["post-15539","product","type-product","status-publish","has-post-thumbnail","hentry","product_cat-silicona-anillos","product_tag-doc-johnson"],"bundled_by":[],"bundle_stock_status":"outofstock","bundle_stock_quantity":0,"bundle_virtual":false,"bundle_layout":"","bundle_add_to_cart_form_location":"","bundle_editable_in_cart":false,"bundle_sold_individually_context":"","bundle_item_grouping":"","bundle_min_size":"","bundle_max_size":"","bundled_items":[],"yoast_head":"<!-- This site is optimized with the Yoast SEO plugin v20.6 - https:\/\/yoast.com\/wordpress\/plugins\/seo\/ -->\n<title>ANILLOS SILICONA - TOWER OF POWER - 6 PACK NEGRO - Tienda Er\u00f3tica<\/title>\n<meta name=\"robots\" content=\"noindex, follow, max-snippet:-1, max-image-preview:large, max-video-preview:-1\" \/>\n<meta property=\"og:locale\" content=\"es_ES\" \/>\n<meta property=\"og:type\" content=\"article\" \/>\n<meta property=\"og:title\" content=\"ANILLOS SILICONA - TOWER OF POWER - 6 PACK NEGRO - Tienda Er\u00f3tica\" \/>\n<meta property=\"og:description\" content=\"TOWER OF POWER &#8211; 6 PACK BLACK Reg\u00e1late el conjunto de anillos de gallo de la torre del poder. Una\" \/>\n<meta property=\"og:url\" content=\"https:\/\/demoweb.info\/sexshop001\/producto\/anillos-silicona-tower-of-power-6-pack-negro\/\" \/>\n<meta property=\"og:site_name\" content=\"Tienda Er\u00f3tica\" \/>\n<meta property=\"article:modified_time\" content=\"2022-01-22T09:29:31+00:00\" \/>\n<meta property=\"og:image\" content=\"https:\/\/demoweb.info\/sexshop001\/wp-content\/uploads\/2022\/01\/ANILLOS-SILICONA-TOWER-OF-POWER-6-PACK-NEGRO.jpg\" \/>\n\t<meta property=\"og:image:width\" content=\"550\" \/>\n\t<meta property=\"og:image:height\" content=\"550\" \/>\n\t<meta property=\"og:image:type\" content=\"image\/jpeg\" \/>\n<meta name=\"twitter:card\" content=\"summary_large_image\" \/>\n<script type=\"application\/ld+json\" class=\"yoast-schema-graph\">{\"@context\":\"https:\/\/schema.org\",\"@graph\":[{\"@type\":\"WebPage\",\"@id\":\"https:\/\/demoweb.info\/sexshop001\/producto\/anillos-silicona-tower-of-power-6-pack-negro\/\",\"url\":\"https:\/\/demoweb.info\/sexshop001\/producto\/anillos-silicona-tower-of-power-6-pack-negro\/\",\"name\":\"ANILLOS SILICONA - TOWER OF POWER - 6 PACK NEGRO - Tienda Er\u00f3tica\",\"isPartOf\":{\"@id\":\"https:\/\/demoweb.info\/sexshop001\/#website\"},\"datePublished\":\"2022-01-22T09:29:17+00:00\",\"dateModified\":\"2022-01-22T09:29:31+00:00\",\"breadcrumb\":{\"@id\":\"https:\/\/demoweb.info\/sexshop001\/producto\/anillos-silicona-tower-of-power-6-pack-negro\/#breadcrumb\"},\"inLanguage\":\"es\",\"potentialAction\":[{\"@type\":\"ReadAction\",\"target\":[\"https:\/\/demoweb.info\/sexshop001\/producto\/anillos-silicona-tower-of-power-6-pack-negro\/\"]}]},{\"@type\":\"BreadcrumbList\",\"@id\":\"https:\/\/demoweb.info\/sexshop001\/producto\/anillos-silicona-tower-of-power-6-pack-negro\/#breadcrumb\",\"itemListElement\":[{\"@type\":\"ListItem\",\"position\":1,\"name\":\"Portada\",\"item\":\"https:\/\/demoweb.info\/sexshop001\/\"},{\"@type\":\"ListItem\",\"position\":2,\"name\":\"Tienda\",\"item\":\"https:\/\/demoweb.info\/sexshop001\/tienda\/\"},{\"@type\":\"ListItem\",\"position\":3,\"name\":\"ANILLOS SILICONA &#8211; TOWER OF POWER &#8211; 6 PACK NEGRO\"}]},{\"@type\":\"WebSite\",\"@id\":\"https:\/\/demoweb.info\/sexshop001\/#website\",\"url\":\"https:\/\/demoweb.info\/sexshop001\/\",\"name\":\"Tienda Er\u00f3tica\",\"description\":\"DEMOWEB SL\",\"potentialAction\":[{\"@type\":\"SearchAction\",\"target\":{\"@type\":\"EntryPoint\",\"urlTemplate\":\"https:\/\/demoweb.info\/sexshop001\/?s={search_term_string}\"},\"query-input\":\"required name=search_term_string\"}],\"inLanguage\":\"es\"}]}<\/script>\n<!-- \/ Yoast SEO plugin. -->","yoast_head_json":{"title":"ANILLOS SILICONA - TOWER OF POWER - 6 PACK NEGRO - Tienda Er\u00f3tica","robots":{"index":"noindex","follow":"follow","max-snippet":"max-snippet:-1","max-image-preview":"max-image-preview:large","max-video-preview":"max-video-preview:-1"},"og_locale":"es_ES","og_type":"article","og_title":"ANILLOS SILICONA - TOWER OF POWER - 6 PACK NEGRO - Tienda Er\u00f3tica","og_description":"TOWER OF POWER &#8211; 6 PACK BLACK Reg\u00e1late el conjunto de anillos de gallo de la torre del poder. Una","og_url":"https:\/\/demoweb.info\/sexshop001\/producto\/anillos-silicona-tower-of-power-6-pack-negro\/","og_site_name":"Tienda Er\u00f3tica","article_modified_time":"2022-01-22T09:29:31+00:00","og_image":[{"width":550,"height":550,"url":"https:\/\/demoweb.info\/sexshop001\/wp-content\/uploads\/2022\/01\/ANILLOS-SILICONA-TOWER-OF-POWER-6-PACK-NEGRO.jpg","type":"image\/jpeg"}],"twitter_card":"summary_large_image","schema":{"@context":"https:\/\/schema.org","@graph":[{"@type":"WebPage","@id":"https:\/\/demoweb.info\/sexshop001\/producto\/anillos-silicona-tower-of-power-6-pack-negro\/","url":"https:\/\/demoweb.info\/sexshop001\/producto\/anillos-silicona-tower-of-power-6-pack-negro\/","name":"ANILLOS SILICONA - TOWER OF POWER - 6 PACK NEGRO - Tienda Er\u00f3tica","isPartOf":{"@id":"https:\/\/demoweb.info\/sexshop001\/#website"},"datePublished":"2022-01-22T09:29:17+00:00","dateModified":"2022-01-22T09:29:31+00:00","breadcrumb":{"@id":"https:\/\/demoweb.info\/sexshop001\/producto\/anillos-silicona-tower-of-power-6-pack-negro\/#breadcrumb"},"inLanguage":"es","potentialAction":[{"@type":"ReadAction","target":["https:\/\/demoweb.info\/sexshop001\/producto\/anillos-silicona-tower-of-power-6-pack-negro\/"]}]},{"@type":"BreadcrumbList","@id":"https:\/\/demoweb.info\/sexshop001\/producto\/anillos-silicona-tower-of-power-6-pack-negro\/#breadcrumb","itemListElement":[{"@type":"ListItem","position":1,"name":"Portada","item":"https:\/\/demoweb.info\/sexshop001\/"},{"@type":"ListItem","position":2,"name":"Tienda","item":"https:\/\/demoweb.info\/sexshop001\/tienda\/"},{"@type":"ListItem","position":3,"name":"ANILLOS SILICONA &#8211; TOWER OF POWER &#8211; 6 PACK NEGRO"}]},{"@type":"WebSite","@id":"https:\/\/demoweb.info\/sexshop001\/#website","url":"https:\/\/demoweb.info\/sexshop001\/","name":"Tienda Er\u00f3tica","description":"DEMOWEB SL","potentialAction":[{"@type":"SearchAction","target":{"@type":"EntryPoint","urlTemplate":"https:\/\/demoweb.info\/sexshop001\/?s={search_term_string}"},"query-input":"required name=search_term_string"}],"inLanguage":"es"}]}},"_links":{"self":[{"href":"https:\/\/demoweb.info\/sexshop001\/wp-json\/wp\/v3\/product\/15539","targetHints":{"allow":["GET"]}}],"collection":[{"href":"https:\/\/demoweb.info\/sexshop001\/wp-json\/wp\/v3\/product"}],"about":[{"href":"https:\/\/demoweb.info\/sexshop001\/wp-json\/wp\/v2\/types\/product"}],"replies":[{"embeddable":true,"href":"https:\/\/demoweb.info\/sexshop001\/wp-json\/wp\/v2\/comments?post=15539"}],"wp:featuredmedia":[{"embeddable":true,"href":"https:\/\/demoweb.info\/sexshop001\/wp-json\/wp\/v2\/media\/15540"}],"wp:attachment":[{"href":"https:\/\/demoweb.info\/sexshop001\/wp-json\/wp\/v2\/media?parent=15539"}],"wp:term":[{"taxonomy":"product_cat","embeddable":true,"href":"https:\/\/demoweb.info\/sexshop001\/wp-json\/wp\/v2\/product_cat?post=15539"},{"taxonomy":"product_tag","embeddable":true,"href":"https:\/\/demoweb.info\/sexshop001\/wp-json\/wp\/v2\/product_tag?post=15539"}],"curies":[{"name":"wp","href":"https:\/\/api.w.org\/{rel}","templated":true}]}}