{"id":15407,"date":"2022-01-22T10:28:26","date_gmt":"2022-01-22T09:28:26","guid":{"rendered":"https:\/\/demoweb.info\/sexshop001\/producto\/swiss-navy-viva-cream-59ml\/"},"modified":"2022-01-22T10:28:36","modified_gmt":"2022-01-22T09:28:36","slug":"swiss-navy-viva-cream-59ml","status":"publish","type":"product","link":"https:\/\/demoweb.info\/sexshop001\/producto\/swiss-navy-viva-cream-59ml\/","title":{"rendered":"SWISS NAVY\u00a0VIVA CREAM &#8211; 59ML"},"content":{"rendered":"<p><strong>SWISS NAVY VIVA CREAM &#8211; 59ML<\/strong><\/p>\n<p>Viva Cream\u00ae Ya sean de 18 u 80, las mujeres buscan formas de enriquecer su vida y traer m\u00e1s pasi\u00f3n e intimidad a sus relaciones.<\/p>\n<p>Los estudios muestran que hasta el 50% de las mujeres experimentar\u00e1n una disfunci\u00f3n sexual en su vida y que la mayor\u00eda de las mujeres no alcanzan el orgasmo solo con el coito. Si se logra el orgasmo, la mayor\u00eda de las veces se debe a la estimulaci\u00f3n del cl\u00edtoris.<\/p>\n<p>Ahora, con Viva Cream\u00ae, la sensibilidad y la intimidad pueden aumentar y es posible una nueva y rica vida sexual org\u00e1smica. Viva Cream\u00ae es una combinaci\u00f3n \u00fanica de extractos de hierbas, vitaminas y amino\u00e1cidos en un gel transparente y no pegajoso.<\/p>\n<p>Cada ingrediente ha sido elegido por sus efectos probados en los tejidos sensibles de la mujer. El uso de Viva Cream\u00ae puede estimular y potenciar el deseo de una mujer, ayudando a intensificar la excitaci\u00f3n. Viva Cream\u00ae est\u00e1 hecho para las demandas de cada mujer que quiere m\u00e1s.<\/p>\n<p>Contiene: 59 ml<\/p>\n","protected":false},"excerpt":{"rendered":"<p>SWISS NAVY VIVA CREAM &#8211; 59ML Viva Cream\u00ae Ya sean de 18 u 80, las mujeres buscan formas de enriquecer<\/p>\n","protected":false},"featured_media":15408,"comment_status":"open","ping_status":"open","template":"","meta":[],"product_cat":[530],"product_tag":[753],"class_list":["post-15407","product","type-product","status-publish","has-post-thumbnail","hentry","product_cat-para-ella-cremas","product_tag-swiss-navy"],"bundled_by":[],"bundle_stock_status":"instock","bundle_stock_quantity":6,"bundle_virtual":false,"bundle_layout":"","bundle_add_to_cart_form_location":"","bundle_editable_in_cart":false,"bundle_sold_individually_context":"","bundle_item_grouping":"","bundle_min_size":"","bundle_max_size":"","bundled_items":[],"yoast_head":"<!-- This site is optimized with the Yoast SEO plugin v20.6 - https:\/\/yoast.com\/wordpress\/plugins\/seo\/ -->\n<title>SWISS NAVY\u00a0VIVA CREAM - 59ML - Tienda Er\u00f3tica<\/title>\n<meta name=\"robots\" content=\"noindex, follow, max-snippet:-1, max-image-preview:large, max-video-preview:-1\" \/>\n<meta property=\"og:locale\" content=\"es_ES\" \/>\n<meta property=\"og:type\" content=\"article\" \/>\n<meta property=\"og:title\" content=\"SWISS NAVY\u00a0VIVA CREAM - 59ML - Tienda Er\u00f3tica\" \/>\n<meta property=\"og:description\" content=\"SWISS NAVY VIVA CREAM &#8211; 59ML Viva Cream\u00ae Ya sean de 18 u 80, las mujeres buscan formas de enriquecer\" \/>\n<meta property=\"og:url\" content=\"https:\/\/demoweb.info\/sexshop001\/producto\/swiss-navy-viva-cream-59ml\/\" \/>\n<meta property=\"og:site_name\" content=\"Tienda Er\u00f3tica\" \/>\n<meta property=\"article:modified_time\" content=\"2022-01-22T09:28:36+00:00\" \/>\n<meta property=\"og:image\" content=\"https:\/\/demoweb.info\/sexshop001\/wp-content\/uploads\/2022\/01\/SWISS-NAVY-VIVA-CREAM-59ML.jpg\" \/>\n\t<meta property=\"og:image:width\" content=\"550\" \/>\n\t<meta property=\"og:image:height\" content=\"550\" \/>\n\t<meta property=\"og:image:type\" content=\"image\/jpeg\" \/>\n<meta name=\"twitter:card\" content=\"summary_large_image\" \/>\n<meta name=\"twitter:label1\" content=\"Tiempo de lectura\" \/>\n\t<meta name=\"twitter:data1\" content=\"1 minuto\" \/>\n<script type=\"application\/ld+json\" class=\"yoast-schema-graph\">{\"@context\":\"https:\/\/schema.org\",\"@graph\":[{\"@type\":\"WebPage\",\"@id\":\"https:\/\/demoweb.info\/sexshop001\/producto\/swiss-navy-viva-cream-59ml\/\",\"url\":\"https:\/\/demoweb.info\/sexshop001\/producto\/swiss-navy-viva-cream-59ml\/\",\"name\":\"SWISS NAVY\u00a0VIVA CREAM - 59ML - Tienda Er\u00f3tica\",\"isPartOf\":{\"@id\":\"https:\/\/demoweb.info\/sexshop001\/#website\"},\"datePublished\":\"2022-01-22T09:28:26+00:00\",\"dateModified\":\"2022-01-22T09:28:36+00:00\",\"breadcrumb\":{\"@id\":\"https:\/\/demoweb.info\/sexshop001\/producto\/swiss-navy-viva-cream-59ml\/#breadcrumb\"},\"inLanguage\":\"es\",\"potentialAction\":[{\"@type\":\"ReadAction\",\"target\":[\"https:\/\/demoweb.info\/sexshop001\/producto\/swiss-navy-viva-cream-59ml\/\"]}]},{\"@type\":\"BreadcrumbList\",\"@id\":\"https:\/\/demoweb.info\/sexshop001\/producto\/swiss-navy-viva-cream-59ml\/#breadcrumb\",\"itemListElement\":[{\"@type\":\"ListItem\",\"position\":1,\"name\":\"Portada\",\"item\":\"https:\/\/demoweb.info\/sexshop001\/\"},{\"@type\":\"ListItem\",\"position\":2,\"name\":\"Tienda\",\"item\":\"https:\/\/demoweb.info\/sexshop001\/tienda\/\"},{\"@type\":\"ListItem\",\"position\":3,\"name\":\"SWISS NAVY\u00a0VIVA CREAM &#8211; 59ML\"}]},{\"@type\":\"WebSite\",\"@id\":\"https:\/\/demoweb.info\/sexshop001\/#website\",\"url\":\"https:\/\/demoweb.info\/sexshop001\/\",\"name\":\"Tienda Er\u00f3tica\",\"description\":\"DEMOWEB SL\",\"potentialAction\":[{\"@type\":\"SearchAction\",\"target\":{\"@type\":\"EntryPoint\",\"urlTemplate\":\"https:\/\/demoweb.info\/sexshop001\/?s={search_term_string}\"},\"query-input\":\"required name=search_term_string\"}],\"inLanguage\":\"es\"}]}<\/script>\n<!-- \/ Yoast SEO plugin. -->","yoast_head_json":{"title":"SWISS NAVY\u00a0VIVA CREAM - 59ML - Tienda Er\u00f3tica","robots":{"index":"noindex","follow":"follow","max-snippet":"max-snippet:-1","max-image-preview":"max-image-preview:large","max-video-preview":"max-video-preview:-1"},"og_locale":"es_ES","og_type":"article","og_title":"SWISS NAVY\u00a0VIVA CREAM - 59ML - Tienda Er\u00f3tica","og_description":"SWISS NAVY VIVA CREAM &#8211; 59ML Viva Cream\u00ae Ya sean de 18 u 80, las mujeres buscan formas de enriquecer","og_url":"https:\/\/demoweb.info\/sexshop001\/producto\/swiss-navy-viva-cream-59ml\/","og_site_name":"Tienda Er\u00f3tica","article_modified_time":"2022-01-22T09:28:36+00:00","og_image":[{"width":550,"height":550,"url":"https:\/\/demoweb.info\/sexshop001\/wp-content\/uploads\/2022\/01\/SWISS-NAVY-VIVA-CREAM-59ML.jpg","type":"image\/jpeg"}],"twitter_card":"summary_large_image","twitter_misc":{"Tiempo de lectura":"1 minuto"},"schema":{"@context":"https:\/\/schema.org","@graph":[{"@type":"WebPage","@id":"https:\/\/demoweb.info\/sexshop001\/producto\/swiss-navy-viva-cream-59ml\/","url":"https:\/\/demoweb.info\/sexshop001\/producto\/swiss-navy-viva-cream-59ml\/","name":"SWISS NAVY\u00a0VIVA CREAM - 59ML - Tienda Er\u00f3tica","isPartOf":{"@id":"https:\/\/demoweb.info\/sexshop001\/#website"},"datePublished":"2022-01-22T09:28:26+00:00","dateModified":"2022-01-22T09:28:36+00:00","breadcrumb":{"@id":"https:\/\/demoweb.info\/sexshop001\/producto\/swiss-navy-viva-cream-59ml\/#breadcrumb"},"inLanguage":"es","potentialAction":[{"@type":"ReadAction","target":["https:\/\/demoweb.info\/sexshop001\/producto\/swiss-navy-viva-cream-59ml\/"]}]},{"@type":"BreadcrumbList","@id":"https:\/\/demoweb.info\/sexshop001\/producto\/swiss-navy-viva-cream-59ml\/#breadcrumb","itemListElement":[{"@type":"ListItem","position":1,"name":"Portada","item":"https:\/\/demoweb.info\/sexshop001\/"},{"@type":"ListItem","position":2,"name":"Tienda","item":"https:\/\/demoweb.info\/sexshop001\/tienda\/"},{"@type":"ListItem","position":3,"name":"SWISS NAVY\u00a0VIVA CREAM &#8211; 59ML"}]},{"@type":"WebSite","@id":"https:\/\/demoweb.info\/sexshop001\/#website","url":"https:\/\/demoweb.info\/sexshop001\/","name":"Tienda Er\u00f3tica","description":"DEMOWEB SL","potentialAction":[{"@type":"SearchAction","target":{"@type":"EntryPoint","urlTemplate":"https:\/\/demoweb.info\/sexshop001\/?s={search_term_string}"},"query-input":"required name=search_term_string"}],"inLanguage":"es"}]}},"_links":{"self":[{"href":"https:\/\/demoweb.info\/sexshop001\/wp-json\/wp\/v3\/product\/15407","targetHints":{"allow":["GET"]}}],"collection":[{"href":"https:\/\/demoweb.info\/sexshop001\/wp-json\/wp\/v3\/product"}],"about":[{"href":"https:\/\/demoweb.info\/sexshop001\/wp-json\/wp\/v2\/types\/product"}],"replies":[{"embeddable":true,"href":"https:\/\/demoweb.info\/sexshop001\/wp-json\/wp\/v2\/comments?post=15407"}],"wp:featuredmedia":[{"embeddable":true,"href":"https:\/\/demoweb.info\/sexshop001\/wp-json\/wp\/v2\/media\/15408"}],"wp:attachment":[{"href":"https:\/\/demoweb.info\/sexshop001\/wp-json\/wp\/v2\/media?parent=15407"}],"wp:term":[{"taxonomy":"product_cat","embeddable":true,"href":"https:\/\/demoweb.info\/sexshop001\/wp-json\/wp\/v2\/product_cat?post=15407"},{"taxonomy":"product_tag","embeddable":true,"href":"https:\/\/demoweb.info\/sexshop001\/wp-json\/wp\/v2\/product_tag?post=15407"}],"curies":[{"name":"wp","href":"https:\/\/api.w.org\/{rel}","templated":true}]}}