{"id":15375,"date":"2022-01-22T10:28:06","date_gmt":"2022-01-22T09:28:06","guid":{"rendered":"https:\/\/demoweb.info\/sexshop001\/producto\/revelation-estimulador-de-clitoris\/"},"modified":"2022-01-22T10:28:21","modified_gmt":"2022-01-22T09:28:21","slug":"revelation-estimulador-de-clitoris","status":"publish","type":"product","link":"https:\/\/demoweb.info\/sexshop001\/producto\/revelation-estimulador-de-clitoris\/","title":{"rendered":"REVELATION &#8211; ESTIMULADOR DE CLITORIS"},"content":{"rendered":"<p><strong>REVELATION<\/strong><\/p>\n<p>Disfruta con el nuevo estimulador clitorial por succi\u00f3n de Adrien Lastic: Revelation.<\/p>\n<p>Se maximiza su potencia a trav\u00e9s de un solo click para llegar al cl\u00edmax clitorial.<\/p>\n<p>Modelo ergon\u00f3mico hecho con silicona extra suave para facilitar su uso.<\/p>\n<ul>\n<li>Material: ABS\/ SILICONA<\/li>\n<li>Medidas: 10,2 x 4,5 cm<\/li>\n<\/ul>\n","protected":false},"excerpt":{"rendered":"<p>REVELATION Disfruta con el nuevo estimulador clitorial por succi\u00f3n de Adrien Lastic: Revelation. Se maximiza su potencia a trav\u00e9s de<\/p>\n","protected":false},"featured_media":15376,"comment_status":"open","ping_status":"open","template":"","meta":[],"product_cat":[405],"product_tag":[435],"class_list":["post-15375","product","type-product","status-publish","has-post-thumbnail","hentry","product_cat-succionadores","product_tag-adrien-lastic"],"bundled_by":[],"bundle_stock_status":"instock","bundle_stock_quantity":22,"bundle_virtual":false,"bundle_layout":"","bundle_add_to_cart_form_location":"","bundle_editable_in_cart":false,"bundle_sold_individually_context":"","bundle_item_grouping":"","bundle_min_size":"","bundle_max_size":"","bundled_items":[],"yoast_head":"<!-- This site is optimized with the Yoast SEO plugin v20.6 - https:\/\/yoast.com\/wordpress\/plugins\/seo\/ -->\n<title>REVELATION - ESTIMULADOR DE CLITORIS - Tienda Er\u00f3tica<\/title>\n<meta name=\"robots\" content=\"noindex, follow, max-snippet:-1, max-image-preview:large, max-video-preview:-1\" \/>\n<meta property=\"og:locale\" content=\"es_ES\" \/>\n<meta property=\"og:type\" content=\"article\" \/>\n<meta property=\"og:title\" content=\"REVELATION - ESTIMULADOR DE CLITORIS - Tienda Er\u00f3tica\" \/>\n<meta property=\"og:description\" content=\"REVELATION Disfruta con el nuevo estimulador clitorial por succi\u00f3n de Adrien Lastic: Revelation. Se maximiza su potencia a trav\u00e9s de\" \/>\n<meta property=\"og:url\" content=\"https:\/\/demoweb.info\/sexshop001\/producto\/revelation-estimulador-de-clitoris\/\" \/>\n<meta property=\"og:site_name\" content=\"Tienda Er\u00f3tica\" \/>\n<meta property=\"article:modified_time\" content=\"2022-01-22T09:28:21+00:00\" \/>\n<meta property=\"og:image\" content=\"https:\/\/demoweb.info\/sexshop001\/wp-content\/uploads\/2022\/01\/REVELATION-ESTIMULADOR-DE-CLITORIS.jpg\" \/>\n\t<meta property=\"og:image:width\" content=\"550\" \/>\n\t<meta property=\"og:image:height\" content=\"550\" \/>\n\t<meta property=\"og:image:type\" content=\"image\/jpeg\" \/>\n<meta name=\"twitter:card\" content=\"summary_large_image\" \/>\n<script type=\"application\/ld+json\" class=\"yoast-schema-graph\">{\"@context\":\"https:\/\/schema.org\",\"@graph\":[{\"@type\":\"WebPage\",\"@id\":\"https:\/\/demoweb.info\/sexshop001\/producto\/revelation-estimulador-de-clitoris\/\",\"url\":\"https:\/\/demoweb.info\/sexshop001\/producto\/revelation-estimulador-de-clitoris\/\",\"name\":\"REVELATION - ESTIMULADOR DE CLITORIS - Tienda Er\u00f3tica\",\"isPartOf\":{\"@id\":\"https:\/\/demoweb.info\/sexshop001\/#website\"},\"datePublished\":\"2022-01-22T09:28:06+00:00\",\"dateModified\":\"2022-01-22T09:28:21+00:00\",\"breadcrumb\":{\"@id\":\"https:\/\/demoweb.info\/sexshop001\/producto\/revelation-estimulador-de-clitoris\/#breadcrumb\"},\"inLanguage\":\"es\",\"potentialAction\":[{\"@type\":\"ReadAction\",\"target\":[\"https:\/\/demoweb.info\/sexshop001\/producto\/revelation-estimulador-de-clitoris\/\"]}]},{\"@type\":\"BreadcrumbList\",\"@id\":\"https:\/\/demoweb.info\/sexshop001\/producto\/revelation-estimulador-de-clitoris\/#breadcrumb\",\"itemListElement\":[{\"@type\":\"ListItem\",\"position\":1,\"name\":\"Portada\",\"item\":\"https:\/\/demoweb.info\/sexshop001\/\"},{\"@type\":\"ListItem\",\"position\":2,\"name\":\"Tienda\",\"item\":\"https:\/\/demoweb.info\/sexshop001\/tienda\/\"},{\"@type\":\"ListItem\",\"position\":3,\"name\":\"REVELATION &#8211; ESTIMULADOR DE CLITORIS\"}]},{\"@type\":\"WebSite\",\"@id\":\"https:\/\/demoweb.info\/sexshop001\/#website\",\"url\":\"https:\/\/demoweb.info\/sexshop001\/\",\"name\":\"Tienda Er\u00f3tica\",\"description\":\"DEMOWEB SL\",\"potentialAction\":[{\"@type\":\"SearchAction\",\"target\":{\"@type\":\"EntryPoint\",\"urlTemplate\":\"https:\/\/demoweb.info\/sexshop001\/?s={search_term_string}\"},\"query-input\":\"required name=search_term_string\"}],\"inLanguage\":\"es\"}]}<\/script>\n<!-- \/ Yoast SEO plugin. -->","yoast_head_json":{"title":"REVELATION - ESTIMULADOR DE CLITORIS - Tienda Er\u00f3tica","robots":{"index":"noindex","follow":"follow","max-snippet":"max-snippet:-1","max-image-preview":"max-image-preview:large","max-video-preview":"max-video-preview:-1"},"og_locale":"es_ES","og_type":"article","og_title":"REVELATION - ESTIMULADOR DE CLITORIS - Tienda Er\u00f3tica","og_description":"REVELATION Disfruta con el nuevo estimulador clitorial por succi\u00f3n de Adrien Lastic: Revelation. Se maximiza su potencia a trav\u00e9s de","og_url":"https:\/\/demoweb.info\/sexshop001\/producto\/revelation-estimulador-de-clitoris\/","og_site_name":"Tienda Er\u00f3tica","article_modified_time":"2022-01-22T09:28:21+00:00","og_image":[{"width":550,"height":550,"url":"https:\/\/demoweb.info\/sexshop001\/wp-content\/uploads\/2022\/01\/REVELATION-ESTIMULADOR-DE-CLITORIS.jpg","type":"image\/jpeg"}],"twitter_card":"summary_large_image","schema":{"@context":"https:\/\/schema.org","@graph":[{"@type":"WebPage","@id":"https:\/\/demoweb.info\/sexshop001\/producto\/revelation-estimulador-de-clitoris\/","url":"https:\/\/demoweb.info\/sexshop001\/producto\/revelation-estimulador-de-clitoris\/","name":"REVELATION - ESTIMULADOR DE CLITORIS - Tienda Er\u00f3tica","isPartOf":{"@id":"https:\/\/demoweb.info\/sexshop001\/#website"},"datePublished":"2022-01-22T09:28:06+00:00","dateModified":"2022-01-22T09:28:21+00:00","breadcrumb":{"@id":"https:\/\/demoweb.info\/sexshop001\/producto\/revelation-estimulador-de-clitoris\/#breadcrumb"},"inLanguage":"es","potentialAction":[{"@type":"ReadAction","target":["https:\/\/demoweb.info\/sexshop001\/producto\/revelation-estimulador-de-clitoris\/"]}]},{"@type":"BreadcrumbList","@id":"https:\/\/demoweb.info\/sexshop001\/producto\/revelation-estimulador-de-clitoris\/#breadcrumb","itemListElement":[{"@type":"ListItem","position":1,"name":"Portada","item":"https:\/\/demoweb.info\/sexshop001\/"},{"@type":"ListItem","position":2,"name":"Tienda","item":"https:\/\/demoweb.info\/sexshop001\/tienda\/"},{"@type":"ListItem","position":3,"name":"REVELATION &#8211; ESTIMULADOR DE CLITORIS"}]},{"@type":"WebSite","@id":"https:\/\/demoweb.info\/sexshop001\/#website","url":"https:\/\/demoweb.info\/sexshop001\/","name":"Tienda Er\u00f3tica","description":"DEMOWEB SL","potentialAction":[{"@type":"SearchAction","target":{"@type":"EntryPoint","urlTemplate":"https:\/\/demoweb.info\/sexshop001\/?s={search_term_string}"},"query-input":"required name=search_term_string"}],"inLanguage":"es"}]}},"_links":{"self":[{"href":"https:\/\/demoweb.info\/sexshop001\/wp-json\/wp\/v3\/product\/15375","targetHints":{"allow":["GET"]}}],"collection":[{"href":"https:\/\/demoweb.info\/sexshop001\/wp-json\/wp\/v3\/product"}],"about":[{"href":"https:\/\/demoweb.info\/sexshop001\/wp-json\/wp\/v2\/types\/product"}],"replies":[{"embeddable":true,"href":"https:\/\/demoweb.info\/sexshop001\/wp-json\/wp\/v2\/comments?post=15375"}],"wp:featuredmedia":[{"embeddable":true,"href":"https:\/\/demoweb.info\/sexshop001\/wp-json\/wp\/v2\/media\/15376"}],"wp:attachment":[{"href":"https:\/\/demoweb.info\/sexshop001\/wp-json\/wp\/v2\/media?parent=15375"}],"wp:term":[{"taxonomy":"product_cat","embeddable":true,"href":"https:\/\/demoweb.info\/sexshop001\/wp-json\/wp\/v2\/product_cat?post=15375"},{"taxonomy":"product_tag","embeddable":true,"href":"https:\/\/demoweb.info\/sexshop001\/wp-json\/wp\/v2\/product_tag?post=15375"}],"curies":[{"name":"wp","href":"https:\/\/api.w.org\/{rel}","templated":true}]}}