{"id":15327,"date":"2022-01-22T10:27:48","date_gmt":"2022-01-22T09:27:48","guid":{"rendered":"https:\/\/demoweb.info\/sexshop001\/producto\/cobeco-toy-cleaner-limpia-juguetes-espuma-limon-160-ml\/"},"modified":"2022-01-22T10:28:01","modified_gmt":"2022-01-22T09:28:01","slug":"cobeco-toy-cleaner-limpia-juguetes-espuma-limon-160-ml","status":"publish","type":"product","link":"https:\/\/demoweb.info\/sexshop001\/producto\/cobeco-toy-cleaner-limpia-juguetes-espuma-limon-160-ml\/","title":{"rendered":"COBECO TOY CLEANER LIMPIA JUGUETES ESPUMA LIMON 160 ML"},"content":{"rendered":"<p><strong>COBECO TOY CLEANER LEMON FOAM 160 ML<\/strong> es un desinfectante antibacteriano <strong>sin alcohol<\/strong> en espuma que limpia todos tus accesorios.<\/p>\n<p>Limpia todos tus juguetes er\u00f3ticos higi\u00e9nicamente antes y despu\u00e9s de cada momento de juego. Mantendr\u00e1s y prolongar\u00e1s el tiempo de vida de tus queridos juguetes y estar\u00e1n en una buena condici\u00f3n.<\/p>\n<p>Lo m\u00e1s importante es que de esta manera se eliminan todas las bacterias y otras contaminaciones.<\/p>\n<p>Es seguro usar <strong>Toy Cleaner<\/strong> para los vibradores, consoladores, vaginas artificiales o mu\u00f1ecas hinchables de pl\u00e1stico, etc. Se puede usar con todo tipo de materiales.<\/p>\n<p><strong>Es un art\u00edculo imprescindible<\/strong>.<\/p>\n<p>Envase de 160 ml.<\/p>\n","protected":false},"excerpt":{"rendered":"<p>COBECO TOY CLEANER LEMON FOAM 160 ML es un desinfectante antibacteriano sin alcohol en espuma que limpia todos tus accesorios.<\/p>\n","protected":false},"featured_media":15328,"comment_status":"open","ping_status":"open","template":"","meta":[],"product_cat":[329],"product_tag":[698,409],"class_list":["post-15327","product","type-product","status-publish","has-post-thumbnail","hentry","product_cat-limpieza-y-conserv","product_tag-cobeco-bodylube","product_tag-cobeco-pharma"],"bundled_by":[],"bundle_stock_status":"instock","bundle_stock_quantity":7,"bundle_virtual":false,"bundle_layout":"","bundle_add_to_cart_form_location":"","bundle_editable_in_cart":false,"bundle_sold_individually_context":"","bundle_item_grouping":"","bundle_min_size":"","bundle_max_size":"","bundled_items":[],"yoast_head":"<!-- This site is optimized with the Yoast SEO plugin v20.6 - https:\/\/yoast.com\/wordpress\/plugins\/seo\/ -->\n<title>COBECO TOY CLEANER LIMPIA JUGUETES ESPUMA LIMON 160 ML - Tienda Er\u00f3tica<\/title>\n<meta name=\"robots\" content=\"noindex, follow, max-snippet:-1, max-image-preview:large, max-video-preview:-1\" \/>\n<meta property=\"og:locale\" content=\"es_ES\" \/>\n<meta property=\"og:type\" content=\"article\" \/>\n<meta property=\"og:title\" content=\"COBECO TOY CLEANER LIMPIA JUGUETES ESPUMA LIMON 160 ML - Tienda Er\u00f3tica\" \/>\n<meta property=\"og:description\" content=\"COBECO TOY CLEANER LEMON FOAM 160 ML es un desinfectante antibacteriano sin alcohol en espuma que limpia todos tus accesorios.\" \/>\n<meta property=\"og:url\" content=\"https:\/\/demoweb.info\/sexshop001\/producto\/cobeco-toy-cleaner-limpia-juguetes-espuma-limon-160-ml\/\" \/>\n<meta property=\"og:site_name\" content=\"Tienda Er\u00f3tica\" \/>\n<meta property=\"article:modified_time\" content=\"2022-01-22T09:28:01+00:00\" \/>\n<meta property=\"og:image\" content=\"https:\/\/demoweb.info\/sexshop001\/wp-content\/uploads\/2022\/01\/COBECO-TOY-CLEANER-LIMPIA-JUGUETES-ESPUMA-LIMON-160-ML.jpg\" \/>\n\t<meta property=\"og:image:width\" content=\"550\" \/>\n\t<meta property=\"og:image:height\" content=\"550\" \/>\n\t<meta property=\"og:image:type\" content=\"image\/jpeg\" \/>\n<meta name=\"twitter:card\" content=\"summary_large_image\" \/>\n<meta name=\"twitter:label1\" content=\"Tiempo de lectura\" \/>\n\t<meta name=\"twitter:data1\" content=\"1 minuto\" \/>\n<script type=\"application\/ld+json\" class=\"yoast-schema-graph\">{\"@context\":\"https:\/\/schema.org\",\"@graph\":[{\"@type\":\"WebPage\",\"@id\":\"https:\/\/demoweb.info\/sexshop001\/producto\/cobeco-toy-cleaner-limpia-juguetes-espuma-limon-160-ml\/\",\"url\":\"https:\/\/demoweb.info\/sexshop001\/producto\/cobeco-toy-cleaner-limpia-juguetes-espuma-limon-160-ml\/\",\"name\":\"COBECO TOY CLEANER LIMPIA JUGUETES ESPUMA LIMON 160 ML - Tienda Er\u00f3tica\",\"isPartOf\":{\"@id\":\"https:\/\/demoweb.info\/sexshop001\/#website\"},\"datePublished\":\"2022-01-22T09:27:48+00:00\",\"dateModified\":\"2022-01-22T09:28:01+00:00\",\"breadcrumb\":{\"@id\":\"https:\/\/demoweb.info\/sexshop001\/producto\/cobeco-toy-cleaner-limpia-juguetes-espuma-limon-160-ml\/#breadcrumb\"},\"inLanguage\":\"es\",\"potentialAction\":[{\"@type\":\"ReadAction\",\"target\":[\"https:\/\/demoweb.info\/sexshop001\/producto\/cobeco-toy-cleaner-limpia-juguetes-espuma-limon-160-ml\/\"]}]},{\"@type\":\"BreadcrumbList\",\"@id\":\"https:\/\/demoweb.info\/sexshop001\/producto\/cobeco-toy-cleaner-limpia-juguetes-espuma-limon-160-ml\/#breadcrumb\",\"itemListElement\":[{\"@type\":\"ListItem\",\"position\":1,\"name\":\"Portada\",\"item\":\"https:\/\/demoweb.info\/sexshop001\/\"},{\"@type\":\"ListItem\",\"position\":2,\"name\":\"Tienda\",\"item\":\"https:\/\/demoweb.info\/sexshop001\/tienda\/\"},{\"@type\":\"ListItem\",\"position\":3,\"name\":\"COBECO TOY CLEANER LIMPIA JUGUETES ESPUMA LIMON 160 ML\"}]},{\"@type\":\"WebSite\",\"@id\":\"https:\/\/demoweb.info\/sexshop001\/#website\",\"url\":\"https:\/\/demoweb.info\/sexshop001\/\",\"name\":\"Tienda Er\u00f3tica\",\"description\":\"DEMOWEB SL\",\"potentialAction\":[{\"@type\":\"SearchAction\",\"target\":{\"@type\":\"EntryPoint\",\"urlTemplate\":\"https:\/\/demoweb.info\/sexshop001\/?s={search_term_string}\"},\"query-input\":\"required name=search_term_string\"}],\"inLanguage\":\"es\"}]}<\/script>\n<!-- \/ Yoast SEO plugin. -->","yoast_head_json":{"title":"COBECO TOY CLEANER LIMPIA JUGUETES ESPUMA LIMON 160 ML - Tienda Er\u00f3tica","robots":{"index":"noindex","follow":"follow","max-snippet":"max-snippet:-1","max-image-preview":"max-image-preview:large","max-video-preview":"max-video-preview:-1"},"og_locale":"es_ES","og_type":"article","og_title":"COBECO TOY CLEANER LIMPIA JUGUETES ESPUMA LIMON 160 ML - Tienda Er\u00f3tica","og_description":"COBECO TOY CLEANER LEMON FOAM 160 ML es un desinfectante antibacteriano sin alcohol en espuma que limpia todos tus accesorios.","og_url":"https:\/\/demoweb.info\/sexshop001\/producto\/cobeco-toy-cleaner-limpia-juguetes-espuma-limon-160-ml\/","og_site_name":"Tienda Er\u00f3tica","article_modified_time":"2022-01-22T09:28:01+00:00","og_image":[{"width":550,"height":550,"url":"https:\/\/demoweb.info\/sexshop001\/wp-content\/uploads\/2022\/01\/COBECO-TOY-CLEANER-LIMPIA-JUGUETES-ESPUMA-LIMON-160-ML.jpg","type":"image\/jpeg"}],"twitter_card":"summary_large_image","twitter_misc":{"Tiempo de lectura":"1 minuto"},"schema":{"@context":"https:\/\/schema.org","@graph":[{"@type":"WebPage","@id":"https:\/\/demoweb.info\/sexshop001\/producto\/cobeco-toy-cleaner-limpia-juguetes-espuma-limon-160-ml\/","url":"https:\/\/demoweb.info\/sexshop001\/producto\/cobeco-toy-cleaner-limpia-juguetes-espuma-limon-160-ml\/","name":"COBECO TOY CLEANER LIMPIA JUGUETES ESPUMA LIMON 160 ML - Tienda Er\u00f3tica","isPartOf":{"@id":"https:\/\/demoweb.info\/sexshop001\/#website"},"datePublished":"2022-01-22T09:27:48+00:00","dateModified":"2022-01-22T09:28:01+00:00","breadcrumb":{"@id":"https:\/\/demoweb.info\/sexshop001\/producto\/cobeco-toy-cleaner-limpia-juguetes-espuma-limon-160-ml\/#breadcrumb"},"inLanguage":"es","potentialAction":[{"@type":"ReadAction","target":["https:\/\/demoweb.info\/sexshop001\/producto\/cobeco-toy-cleaner-limpia-juguetes-espuma-limon-160-ml\/"]}]},{"@type":"BreadcrumbList","@id":"https:\/\/demoweb.info\/sexshop001\/producto\/cobeco-toy-cleaner-limpia-juguetes-espuma-limon-160-ml\/#breadcrumb","itemListElement":[{"@type":"ListItem","position":1,"name":"Portada","item":"https:\/\/demoweb.info\/sexshop001\/"},{"@type":"ListItem","position":2,"name":"Tienda","item":"https:\/\/demoweb.info\/sexshop001\/tienda\/"},{"@type":"ListItem","position":3,"name":"COBECO TOY CLEANER LIMPIA JUGUETES ESPUMA LIMON 160 ML"}]},{"@type":"WebSite","@id":"https:\/\/demoweb.info\/sexshop001\/#website","url":"https:\/\/demoweb.info\/sexshop001\/","name":"Tienda Er\u00f3tica","description":"DEMOWEB SL","potentialAction":[{"@type":"SearchAction","target":{"@type":"EntryPoint","urlTemplate":"https:\/\/demoweb.info\/sexshop001\/?s={search_term_string}"},"query-input":"required name=search_term_string"}],"inLanguage":"es"}]}},"_links":{"self":[{"href":"https:\/\/demoweb.info\/sexshop001\/wp-json\/wp\/v3\/product\/15327","targetHints":{"allow":["GET"]}}],"collection":[{"href":"https:\/\/demoweb.info\/sexshop001\/wp-json\/wp\/v3\/product"}],"about":[{"href":"https:\/\/demoweb.info\/sexshop001\/wp-json\/wp\/v2\/types\/product"}],"replies":[{"embeddable":true,"href":"https:\/\/demoweb.info\/sexshop001\/wp-json\/wp\/v2\/comments?post=15327"}],"wp:featuredmedia":[{"embeddable":true,"href":"https:\/\/demoweb.info\/sexshop001\/wp-json\/wp\/v2\/media\/15328"}],"wp:attachment":[{"href":"https:\/\/demoweb.info\/sexshop001\/wp-json\/wp\/v2\/media?parent=15327"}],"wp:term":[{"taxonomy":"product_cat","embeddable":true,"href":"https:\/\/demoweb.info\/sexshop001\/wp-json\/wp\/v2\/product_cat?post=15327"},{"taxonomy":"product_tag","embeddable":true,"href":"https:\/\/demoweb.info\/sexshop001\/wp-json\/wp\/v2\/product_tag?post=15327"}],"curies":[{"name":"wp","href":"https:\/\/api.w.org\/{rel}","templated":true}]}}