{"id":15289,"date":"2022-01-22T10:27:25","date_gmt":"2022-01-22T09:27:25","guid":{"rendered":"https:\/\/demoweb.info\/sexshop001\/producto\/system-jo-h2o-lubricante-efecto-calor-30-ml\/"},"modified":"2022-01-22T10:27:45","modified_gmt":"2022-01-22T09:27:45","slug":"system-jo-h2o-lubricante-efecto-calor-30-ml","status":"publish","type":"product","link":"https:\/\/demoweb.info\/sexshop001\/producto\/system-jo-h2o-lubricante-efecto-calor-30-ml\/","title":{"rendered":"SYSTEM JO &#8211; H2O LUBRICANTE EFECTO CALOR 30 ML"},"content":{"rendered":"<p><strong>SYSTEM JO &#8211; H2O LUBRICANT WARMING 30 ML<\/strong><\/p>\n<p>El \u00fanico lubricante Warming a base de agua que se siente como silicona. JO H2O Warming es el JO H2O sedoso que te encanta con una sensaci\u00f3n de calentamiento que comienza con el contacto. Experimente un placer sensual mejorado con nuestro mejor lubricante Warming a base de agua.<\/p>\n<p>&#8211; F\u00f3rmula a base de agua que se siente como silicona<br \/>\n&#8211; S\u00faper duradero, nunca pegajoso ni pegajoso<br \/>\n&#8211; Se calienta al contacto sin soplar ni frotar<br \/>\n&#8211; 100% l\u00e1tex seguro<br \/>\n&#8211; Compatible con todos los juguetes.<\/p>\n<p>Agregue una chispa a su experiencia sensual con JO H2O Warming, el \u00fanico lubricante Warming a base de agua que se siente como silicona.<\/p>\n<p>JO H2O Warming proporciona mayor comodidad y facilidad sensual sin volverse pegajoso o pegajoso. Est\u00e1 elaborado con los mejores ingredientes de grado farmac\u00e9utico del mercado infundidos con una sensaci\u00f3n de calor que comienza con el contacto.<\/p>\n<p>A diferencia de otros lubricantes Warming, JO H2O Warming se activa en segundos sin soplar ni frotar. Sienta una chispa de calor que excita los sentidos y aumenta la respuesta.<\/p>\n<p>Al igual que todos los productos System JO, JO H2O Warming se fabrica solo con los mejores materiales de grado farmac\u00e9utico en una instalaci\u00f3n de EE. UU. Siguiendo estrictas pautas de seguridad de la FDA. Esta f\u00f3rmula humectante resbaladiza no utiliza subproductos animales, por lo que no causa irritaci\u00f3n ni altera el pH.<\/p>\n<p>JO H2O Warming es seguro para usar con condones y todos los juguetes. No contiene silicona, cera ni aceite.<\/p>\n<p>Ingredientes:<br \/>\nGlicerina, Agua (Aqua), Chicle de Celulosa, Extracto de Mentha Piperita (Menta), Metilparabeno, Propilparabeno<\/p>\n","protected":false},"excerpt":{"rendered":"<p>SYSTEM JO &#8211; H2O LUBRICANT WARMING 30 ML El \u00fanico lubricante Warming a base de agua que se siente como<\/p>\n","protected":false},"featured_media":15290,"comment_status":"open","ping_status":"open","template":"","meta":[],"product_cat":[532],"product_tag":[617],"class_list":["post-15289","product","type-product","status-publish","has-post-thumbnail","hentry","product_cat-efecto-calor","product_tag-jo"],"bundled_by":[],"bundle_stock_status":"instock","bundle_stock_quantity":3,"bundle_virtual":false,"bundle_layout":"","bundle_add_to_cart_form_location":"","bundle_editable_in_cart":false,"bundle_sold_individually_context":"","bundle_item_grouping":"","bundle_min_size":"","bundle_max_size":"","bundled_items":[],"yoast_head":"<!-- This site is optimized with the Yoast SEO plugin v20.6 - https:\/\/yoast.com\/wordpress\/plugins\/seo\/ -->\n<title>SYSTEM JO - H2O LUBRICANTE EFECTO CALOR 30 ML - Tienda Er\u00f3tica<\/title>\n<meta name=\"robots\" content=\"noindex, follow, max-snippet:-1, max-image-preview:large, max-video-preview:-1\" \/>\n<meta property=\"og:locale\" content=\"es_ES\" \/>\n<meta property=\"og:type\" content=\"article\" \/>\n<meta property=\"og:title\" content=\"SYSTEM JO - H2O LUBRICANTE EFECTO CALOR 30 ML - Tienda Er\u00f3tica\" \/>\n<meta property=\"og:description\" content=\"SYSTEM JO &#8211; H2O LUBRICANT WARMING 30 ML El \u00fanico lubricante Warming a base de agua que se siente como\" \/>\n<meta property=\"og:url\" content=\"https:\/\/demoweb.info\/sexshop001\/producto\/system-jo-h2o-lubricante-efecto-calor-30-ml\/\" \/>\n<meta property=\"og:site_name\" content=\"Tienda Er\u00f3tica\" \/>\n<meta property=\"article:modified_time\" content=\"2022-01-22T09:27:45+00:00\" \/>\n<meta property=\"og:image\" content=\"https:\/\/demoweb.info\/sexshop001\/wp-content\/uploads\/2022\/01\/SYSTEM-JO-H2O-LUBRICANTE-EFECTO-CALOR-30-ML.jpg\" \/>\n\t<meta property=\"og:image:width\" content=\"550\" \/>\n\t<meta property=\"og:image:height\" content=\"550\" \/>\n\t<meta property=\"og:image:type\" content=\"image\/jpeg\" \/>\n<meta name=\"twitter:card\" content=\"summary_large_image\" \/>\n<meta name=\"twitter:label1\" content=\"Tiempo de lectura\" \/>\n\t<meta name=\"twitter:data1\" content=\"1 minuto\" \/>\n<script type=\"application\/ld+json\" class=\"yoast-schema-graph\">{\"@context\":\"https:\/\/schema.org\",\"@graph\":[{\"@type\":\"WebPage\",\"@id\":\"https:\/\/demoweb.info\/sexshop001\/producto\/system-jo-h2o-lubricante-efecto-calor-30-ml\/\",\"url\":\"https:\/\/demoweb.info\/sexshop001\/producto\/system-jo-h2o-lubricante-efecto-calor-30-ml\/\",\"name\":\"SYSTEM JO - H2O LUBRICANTE EFECTO CALOR 30 ML - Tienda Er\u00f3tica\",\"isPartOf\":{\"@id\":\"https:\/\/demoweb.info\/sexshop001\/#website\"},\"datePublished\":\"2022-01-22T09:27:25+00:00\",\"dateModified\":\"2022-01-22T09:27:45+00:00\",\"breadcrumb\":{\"@id\":\"https:\/\/demoweb.info\/sexshop001\/producto\/system-jo-h2o-lubricante-efecto-calor-30-ml\/#breadcrumb\"},\"inLanguage\":\"es\",\"potentialAction\":[{\"@type\":\"ReadAction\",\"target\":[\"https:\/\/demoweb.info\/sexshop001\/producto\/system-jo-h2o-lubricante-efecto-calor-30-ml\/\"]}]},{\"@type\":\"BreadcrumbList\",\"@id\":\"https:\/\/demoweb.info\/sexshop001\/producto\/system-jo-h2o-lubricante-efecto-calor-30-ml\/#breadcrumb\",\"itemListElement\":[{\"@type\":\"ListItem\",\"position\":1,\"name\":\"Portada\",\"item\":\"https:\/\/demoweb.info\/sexshop001\/\"},{\"@type\":\"ListItem\",\"position\":2,\"name\":\"Tienda\",\"item\":\"https:\/\/demoweb.info\/sexshop001\/tienda\/\"},{\"@type\":\"ListItem\",\"position\":3,\"name\":\"SYSTEM JO &#8211; H2O LUBRICANTE EFECTO CALOR 30 ML\"}]},{\"@type\":\"WebSite\",\"@id\":\"https:\/\/demoweb.info\/sexshop001\/#website\",\"url\":\"https:\/\/demoweb.info\/sexshop001\/\",\"name\":\"Tienda Er\u00f3tica\",\"description\":\"DEMOWEB SL\",\"potentialAction\":[{\"@type\":\"SearchAction\",\"target\":{\"@type\":\"EntryPoint\",\"urlTemplate\":\"https:\/\/demoweb.info\/sexshop001\/?s={search_term_string}\"},\"query-input\":\"required name=search_term_string\"}],\"inLanguage\":\"es\"}]}<\/script>\n<!-- \/ Yoast SEO plugin. -->","yoast_head_json":{"title":"SYSTEM JO - H2O LUBRICANTE EFECTO CALOR 30 ML - Tienda Er\u00f3tica","robots":{"index":"noindex","follow":"follow","max-snippet":"max-snippet:-1","max-image-preview":"max-image-preview:large","max-video-preview":"max-video-preview:-1"},"og_locale":"es_ES","og_type":"article","og_title":"SYSTEM JO - H2O LUBRICANTE EFECTO CALOR 30 ML - Tienda Er\u00f3tica","og_description":"SYSTEM JO &#8211; H2O LUBRICANT WARMING 30 ML El \u00fanico lubricante Warming a base de agua que se siente como","og_url":"https:\/\/demoweb.info\/sexshop001\/producto\/system-jo-h2o-lubricante-efecto-calor-30-ml\/","og_site_name":"Tienda Er\u00f3tica","article_modified_time":"2022-01-22T09:27:45+00:00","og_image":[{"width":550,"height":550,"url":"https:\/\/demoweb.info\/sexshop001\/wp-content\/uploads\/2022\/01\/SYSTEM-JO-H2O-LUBRICANTE-EFECTO-CALOR-30-ML.jpg","type":"image\/jpeg"}],"twitter_card":"summary_large_image","twitter_misc":{"Tiempo de lectura":"1 minuto"},"schema":{"@context":"https:\/\/schema.org","@graph":[{"@type":"WebPage","@id":"https:\/\/demoweb.info\/sexshop001\/producto\/system-jo-h2o-lubricante-efecto-calor-30-ml\/","url":"https:\/\/demoweb.info\/sexshop001\/producto\/system-jo-h2o-lubricante-efecto-calor-30-ml\/","name":"SYSTEM JO - H2O LUBRICANTE EFECTO CALOR 30 ML - Tienda Er\u00f3tica","isPartOf":{"@id":"https:\/\/demoweb.info\/sexshop001\/#website"},"datePublished":"2022-01-22T09:27:25+00:00","dateModified":"2022-01-22T09:27:45+00:00","breadcrumb":{"@id":"https:\/\/demoweb.info\/sexshop001\/producto\/system-jo-h2o-lubricante-efecto-calor-30-ml\/#breadcrumb"},"inLanguage":"es","potentialAction":[{"@type":"ReadAction","target":["https:\/\/demoweb.info\/sexshop001\/producto\/system-jo-h2o-lubricante-efecto-calor-30-ml\/"]}]},{"@type":"BreadcrumbList","@id":"https:\/\/demoweb.info\/sexshop001\/producto\/system-jo-h2o-lubricante-efecto-calor-30-ml\/#breadcrumb","itemListElement":[{"@type":"ListItem","position":1,"name":"Portada","item":"https:\/\/demoweb.info\/sexshop001\/"},{"@type":"ListItem","position":2,"name":"Tienda","item":"https:\/\/demoweb.info\/sexshop001\/tienda\/"},{"@type":"ListItem","position":3,"name":"SYSTEM JO &#8211; H2O LUBRICANTE EFECTO CALOR 30 ML"}]},{"@type":"WebSite","@id":"https:\/\/demoweb.info\/sexshop001\/#website","url":"https:\/\/demoweb.info\/sexshop001\/","name":"Tienda Er\u00f3tica","description":"DEMOWEB SL","potentialAction":[{"@type":"SearchAction","target":{"@type":"EntryPoint","urlTemplate":"https:\/\/demoweb.info\/sexshop001\/?s={search_term_string}"},"query-input":"required name=search_term_string"}],"inLanguage":"es"}]}},"_links":{"self":[{"href":"https:\/\/demoweb.info\/sexshop001\/wp-json\/wp\/v3\/product\/15289","targetHints":{"allow":["GET"]}}],"collection":[{"href":"https:\/\/demoweb.info\/sexshop001\/wp-json\/wp\/v3\/product"}],"about":[{"href":"https:\/\/demoweb.info\/sexshop001\/wp-json\/wp\/v2\/types\/product"}],"replies":[{"embeddable":true,"href":"https:\/\/demoweb.info\/sexshop001\/wp-json\/wp\/v2\/comments?post=15289"}],"wp:featuredmedia":[{"embeddable":true,"href":"https:\/\/demoweb.info\/sexshop001\/wp-json\/wp\/v2\/media\/15290"}],"wp:attachment":[{"href":"https:\/\/demoweb.info\/sexshop001\/wp-json\/wp\/v2\/media?parent=15289"}],"wp:term":[{"taxonomy":"product_cat","embeddable":true,"href":"https:\/\/demoweb.info\/sexshop001\/wp-json\/wp\/v2\/product_cat?post=15289"},{"taxonomy":"product_tag","embeddable":true,"href":"https:\/\/demoweb.info\/sexshop001\/wp-json\/wp\/v2\/product_tag?post=15289"}],"curies":[{"name":"wp","href":"https:\/\/api.w.org\/{rel}","templated":true}]}}