{"id":15286,"date":"2022-01-22T10:27:25","date_gmt":"2022-01-22T09:27:25","guid":{"rendered":"https:\/\/demoweb.info\/sexshop001\/producto\/system-jo-gel-aromatizado-mint-chip-chill-10-ml\/"},"modified":"2022-01-22T10:27:44","modified_gmt":"2022-01-22T09:27:44","slug":"system-jo-gel-aromatizado-mint-chip-chill-10-ml","status":"publish","type":"product","link":"https:\/\/demoweb.info\/sexshop001\/producto\/system-jo-gel-aromatizado-mint-chip-chill-10-ml\/","title":{"rendered":"SYSTEM JO &#8211; GEL AROMATIZADO MINT CHIP CHILL 10 ML"},"content":{"rendered":"<p><strong>SYSTEM JO &#8211; FLAVORED AROUSAL GEL MINT CHIP CHILL 10 ML<\/strong><\/p>\n<p>Un fresco aliento de menta hormiguea sobre los c\u00e1lidos matices del rico chocolate en este gel de excitaci\u00f3n besable a base de agua que combina dos sabores cl\u00e1sicos para una estimulaci\u00f3n del cl\u00edtoris extraordinariamente arom\u00e1tica. Deja que los sabores se fundan en tu zona er\u00f3gena m\u00e1s sensible para una experiencia verdaderamente er\u00f3tica.<\/p>\n<p>10 ml<\/p>\n","protected":false},"excerpt":{"rendered":"<p>SYSTEM JO &#8211; FLAVORED AROUSAL GEL MINT CHIP CHILL 10 ML Un fresco aliento de menta hormiguea sobre los c\u00e1lidos<\/p>\n","protected":false},"featured_media":15287,"comment_status":"open","ping_status":"open","template":"","meta":[],"product_cat":[361],"product_tag":[617],"class_list":["post-15286","product","type-product","status-publish","has-post-thumbnail","hentry","product_cat-geles-estimulantes","product_tag-jo"],"bundled_by":[],"bundle_stock_status":"instock","bundle_stock_quantity":4,"bundle_virtual":false,"bundle_layout":"","bundle_add_to_cart_form_location":"","bundle_editable_in_cart":false,"bundle_sold_individually_context":"","bundle_item_grouping":"","bundle_min_size":"","bundle_max_size":"","bundled_items":[],"yoast_head":"<!-- This site is optimized with the Yoast SEO plugin v20.6 - https:\/\/yoast.com\/wordpress\/plugins\/seo\/ -->\n<title>SYSTEM JO - GEL AROMATIZADO MINT CHIP CHILL 10 ML - Tienda Er\u00f3tica<\/title>\n<meta name=\"robots\" content=\"noindex, follow, max-snippet:-1, max-image-preview:large, max-video-preview:-1\" \/>\n<meta property=\"og:locale\" content=\"es_ES\" \/>\n<meta property=\"og:type\" content=\"article\" \/>\n<meta property=\"og:title\" content=\"SYSTEM JO - GEL AROMATIZADO MINT CHIP CHILL 10 ML - Tienda Er\u00f3tica\" \/>\n<meta property=\"og:description\" content=\"SYSTEM JO &#8211; FLAVORED AROUSAL GEL MINT CHIP CHILL 10 ML Un fresco aliento de menta hormiguea sobre los c\u00e1lidos\" \/>\n<meta property=\"og:url\" content=\"https:\/\/demoweb.info\/sexshop001\/producto\/system-jo-gel-aromatizado-mint-chip-chill-10-ml\/\" \/>\n<meta property=\"og:site_name\" content=\"Tienda Er\u00f3tica\" \/>\n<meta property=\"article:modified_time\" content=\"2022-01-22T09:27:44+00:00\" \/>\n<meta property=\"og:image\" content=\"https:\/\/demoweb.info\/sexshop001\/wp-content\/uploads\/2022\/01\/SYSTEM-JO-GEL-AROMATIZADO-MINT-CHIP-CHILL-10-ML.jpg\" \/>\n\t<meta property=\"og:image:width\" content=\"550\" \/>\n\t<meta property=\"og:image:height\" content=\"550\" \/>\n\t<meta property=\"og:image:type\" content=\"image\/jpeg\" \/>\n<meta name=\"twitter:card\" content=\"summary_large_image\" \/>\n<script type=\"application\/ld+json\" class=\"yoast-schema-graph\">{\"@context\":\"https:\/\/schema.org\",\"@graph\":[{\"@type\":\"WebPage\",\"@id\":\"https:\/\/demoweb.info\/sexshop001\/producto\/system-jo-gel-aromatizado-mint-chip-chill-10-ml\/\",\"url\":\"https:\/\/demoweb.info\/sexshop001\/producto\/system-jo-gel-aromatizado-mint-chip-chill-10-ml\/\",\"name\":\"SYSTEM JO - GEL AROMATIZADO MINT CHIP CHILL 10 ML - Tienda Er\u00f3tica\",\"isPartOf\":{\"@id\":\"https:\/\/demoweb.info\/sexshop001\/#website\"},\"datePublished\":\"2022-01-22T09:27:25+00:00\",\"dateModified\":\"2022-01-22T09:27:44+00:00\",\"breadcrumb\":{\"@id\":\"https:\/\/demoweb.info\/sexshop001\/producto\/system-jo-gel-aromatizado-mint-chip-chill-10-ml\/#breadcrumb\"},\"inLanguage\":\"es\",\"potentialAction\":[{\"@type\":\"ReadAction\",\"target\":[\"https:\/\/demoweb.info\/sexshop001\/producto\/system-jo-gel-aromatizado-mint-chip-chill-10-ml\/\"]}]},{\"@type\":\"BreadcrumbList\",\"@id\":\"https:\/\/demoweb.info\/sexshop001\/producto\/system-jo-gel-aromatizado-mint-chip-chill-10-ml\/#breadcrumb\",\"itemListElement\":[{\"@type\":\"ListItem\",\"position\":1,\"name\":\"Portada\",\"item\":\"https:\/\/demoweb.info\/sexshop001\/\"},{\"@type\":\"ListItem\",\"position\":2,\"name\":\"Tienda\",\"item\":\"https:\/\/demoweb.info\/sexshop001\/tienda\/\"},{\"@type\":\"ListItem\",\"position\":3,\"name\":\"SYSTEM JO &#8211; GEL AROMATIZADO MINT CHIP CHILL 10 ML\"}]},{\"@type\":\"WebSite\",\"@id\":\"https:\/\/demoweb.info\/sexshop001\/#website\",\"url\":\"https:\/\/demoweb.info\/sexshop001\/\",\"name\":\"Tienda Er\u00f3tica\",\"description\":\"DEMOWEB SL\",\"potentialAction\":[{\"@type\":\"SearchAction\",\"target\":{\"@type\":\"EntryPoint\",\"urlTemplate\":\"https:\/\/demoweb.info\/sexshop001\/?s={search_term_string}\"},\"query-input\":\"required name=search_term_string\"}],\"inLanguage\":\"es\"}]}<\/script>\n<!-- \/ Yoast SEO plugin. -->","yoast_head_json":{"title":"SYSTEM JO - GEL AROMATIZADO MINT CHIP CHILL 10 ML - Tienda Er\u00f3tica","robots":{"index":"noindex","follow":"follow","max-snippet":"max-snippet:-1","max-image-preview":"max-image-preview:large","max-video-preview":"max-video-preview:-1"},"og_locale":"es_ES","og_type":"article","og_title":"SYSTEM JO - GEL AROMATIZADO MINT CHIP CHILL 10 ML - Tienda Er\u00f3tica","og_description":"SYSTEM JO &#8211; FLAVORED AROUSAL GEL MINT CHIP CHILL 10 ML Un fresco aliento de menta hormiguea sobre los c\u00e1lidos","og_url":"https:\/\/demoweb.info\/sexshop001\/producto\/system-jo-gel-aromatizado-mint-chip-chill-10-ml\/","og_site_name":"Tienda Er\u00f3tica","article_modified_time":"2022-01-22T09:27:44+00:00","og_image":[{"width":550,"height":550,"url":"https:\/\/demoweb.info\/sexshop001\/wp-content\/uploads\/2022\/01\/SYSTEM-JO-GEL-AROMATIZADO-MINT-CHIP-CHILL-10-ML.jpg","type":"image\/jpeg"}],"twitter_card":"summary_large_image","schema":{"@context":"https:\/\/schema.org","@graph":[{"@type":"WebPage","@id":"https:\/\/demoweb.info\/sexshop001\/producto\/system-jo-gel-aromatizado-mint-chip-chill-10-ml\/","url":"https:\/\/demoweb.info\/sexshop001\/producto\/system-jo-gel-aromatizado-mint-chip-chill-10-ml\/","name":"SYSTEM JO - GEL AROMATIZADO MINT CHIP CHILL 10 ML - Tienda Er\u00f3tica","isPartOf":{"@id":"https:\/\/demoweb.info\/sexshop001\/#website"},"datePublished":"2022-01-22T09:27:25+00:00","dateModified":"2022-01-22T09:27:44+00:00","breadcrumb":{"@id":"https:\/\/demoweb.info\/sexshop001\/producto\/system-jo-gel-aromatizado-mint-chip-chill-10-ml\/#breadcrumb"},"inLanguage":"es","potentialAction":[{"@type":"ReadAction","target":["https:\/\/demoweb.info\/sexshop001\/producto\/system-jo-gel-aromatizado-mint-chip-chill-10-ml\/"]}]},{"@type":"BreadcrumbList","@id":"https:\/\/demoweb.info\/sexshop001\/producto\/system-jo-gel-aromatizado-mint-chip-chill-10-ml\/#breadcrumb","itemListElement":[{"@type":"ListItem","position":1,"name":"Portada","item":"https:\/\/demoweb.info\/sexshop001\/"},{"@type":"ListItem","position":2,"name":"Tienda","item":"https:\/\/demoweb.info\/sexshop001\/tienda\/"},{"@type":"ListItem","position":3,"name":"SYSTEM JO &#8211; GEL AROMATIZADO MINT CHIP CHILL 10 ML"}]},{"@type":"WebSite","@id":"https:\/\/demoweb.info\/sexshop001\/#website","url":"https:\/\/demoweb.info\/sexshop001\/","name":"Tienda Er\u00f3tica","description":"DEMOWEB SL","potentialAction":[{"@type":"SearchAction","target":{"@type":"EntryPoint","urlTemplate":"https:\/\/demoweb.info\/sexshop001\/?s={search_term_string}"},"query-input":"required name=search_term_string"}],"inLanguage":"es"}]}},"_links":{"self":[{"href":"https:\/\/demoweb.info\/sexshop001\/wp-json\/wp\/v3\/product\/15286","targetHints":{"allow":["GET"]}}],"collection":[{"href":"https:\/\/demoweb.info\/sexshop001\/wp-json\/wp\/v3\/product"}],"about":[{"href":"https:\/\/demoweb.info\/sexshop001\/wp-json\/wp\/v2\/types\/product"}],"replies":[{"embeddable":true,"href":"https:\/\/demoweb.info\/sexshop001\/wp-json\/wp\/v2\/comments?post=15286"}],"wp:featuredmedia":[{"embeddable":true,"href":"https:\/\/demoweb.info\/sexshop001\/wp-json\/wp\/v2\/media\/15287"}],"wp:attachment":[{"href":"https:\/\/demoweb.info\/sexshop001\/wp-json\/wp\/v2\/media?parent=15286"}],"wp:term":[{"taxonomy":"product_cat","embeddable":true,"href":"https:\/\/demoweb.info\/sexshop001\/wp-json\/wp\/v2\/product_cat?post=15286"},{"taxonomy":"product_tag","embeddable":true,"href":"https:\/\/demoweb.info\/sexshop001\/wp-json\/wp\/v2\/product_tag?post=15286"}],"curies":[{"name":"wp","href":"https:\/\/api.w.org\/{rel}","templated":true}]}}