{"id":15275,"date":"2022-01-22T10:27:25","date_gmt":"2022-01-22T09:27:25","guid":{"rendered":"https:\/\/demoweb.info\/sexshop001\/producto\/mision-intima-caja-ampliacion-es\/"},"modified":"2022-01-22T10:27:39","modified_gmt":"2022-01-22T09:27:39","slug":"mision-intima-caja-ampliacion-es","status":"publish","type":"product","link":"https:\/\/demoweb.info\/sexshop001\/producto\/mision-intima-caja-ampliacion-es\/","title":{"rendered":"MISION INTIMA CAJA AMPLIACION (ES)"},"content":{"rendered":"<p><strong>MISION INTIMA CAJA AMPLIACION (ES)<\/strong><\/p>\n<p>\nMisi\u00f3n \u00cdntima Edici\u00f3n Original goza de un \u00e9xito sin precedentes tanto en Holanda como en otros pa\u00edses. Aparece en diferentes idiomas importantes y se vende por todo el mundo en m\u00e1s de 30 pa\u00edses. A petici\u00f3n de miles de clientes lanza MOODZZ a la venta una caja ampliaci\u00f3n (volumen 1). Esta caja ampliaci\u00f3n contiene 240 pruebas y preguntas nuevas.<\/p>\n<p>S\u00f3lo es posible jugar con la caja ampliaci\u00f3n en combinaci\u00f3n con el juego Misi\u00f3n \u00cdntima Edici\u00f3n Original.<\/p>\n<p>Esta ampliaci\u00f3n del juego, junto con Misi\u00f3n \u00cdntima Edici\u00f3n Original , os conducir\u00e1 a un viaje de descubrimientos er\u00f3ticos, en el cual el placer juega el papel principal. Con esta preguntas y pruebas extras t\u00fa y tu pareja descubrir\u00e9is nuevas posibilidades.<\/p>\n<p>El juego comienza con pruebas suaves, rom\u00e1nticas, siguiendo con pruebas m\u00e1s \u00edntimas y acabando con pruebas ardientes donde todo esta permitido y nada es obligado. De manera l\u00fadica se rompen las barreras aumentando la aproximaci\u00f3n del uno al otro. El juego es desarmante, excitante, directo y atrevido, a veces incluso c\u00f3mico, pero siempre guardando el respeto.<\/p>\n<p>En este juego nada est\u00e1 obligado y todo se puede ejecutar de la manera deseada. Antes de que el juego comience cada jugador hace saber cu\u00e1l es su m\u00e1ximo deseo. \u00c9ste puede tratarse de un deseo er\u00f3tico o simplemente de un desayuno en la cama, por ejemplo. El ganador ve realizado su deseo y su pareja es la encargada de hacerlo realidad. As\u00ed que en este juego no hay realmente perdedores.<\/p>\n<p>En resumen: el juego es una necesidad absoluta para todas aquellas personas que quieran tener y mantener una relaci\u00f3n sexual juguetona, \u00edntima y desafiante. Una de las muchas reacciones de jugadores es que debido al alto grado de sensualidad el final de juego no se acaba siguiendo las reglas del juego, sino &#8230;<\/p>\n","protected":false},"excerpt":{"rendered":"<p>MISION INTIMA CAJA AMPLIACION (ES) Misi\u00f3n \u00cdntima Edici\u00f3n Original goza de un \u00e9xito sin precedentes tanto en Holanda como en<\/p>\n","protected":false},"featured_media":15276,"comment_status":"open","ping_status":"open","template":"","meta":[],"product_cat":[367],"product_tag":[368],"class_list":["post-15275","product","type-product","status-publish","has-post-thumbnail","hentry","product_cat-juegos-pareja","product_tag-tease-and-please"],"bundled_by":[],"bundle_stock_status":"instock","bundle_stock_quantity":4,"bundle_virtual":false,"bundle_layout":"","bundle_add_to_cart_form_location":"","bundle_editable_in_cart":false,"bundle_sold_individually_context":"","bundle_item_grouping":"","bundle_min_size":"","bundle_max_size":"","bundled_items":[],"yoast_head":"<!-- This site is optimized with the Yoast SEO plugin v20.6 - https:\/\/yoast.com\/wordpress\/plugins\/seo\/ -->\n<title>MISION INTIMA CAJA AMPLIACION (ES) - Tienda Er\u00f3tica<\/title>\n<meta name=\"robots\" content=\"noindex, follow, max-snippet:-1, max-image-preview:large, max-video-preview:-1\" \/>\n<meta property=\"og:locale\" content=\"es_ES\" \/>\n<meta property=\"og:type\" content=\"article\" \/>\n<meta property=\"og:title\" content=\"MISION INTIMA CAJA AMPLIACION (ES) - Tienda Er\u00f3tica\" \/>\n<meta property=\"og:description\" content=\"MISION INTIMA CAJA AMPLIACION (ES) Misi\u00f3n \u00cdntima Edici\u00f3n Original goza de un \u00e9xito sin precedentes tanto en Holanda como en\" \/>\n<meta property=\"og:url\" content=\"https:\/\/demoweb.info\/sexshop001\/producto\/mision-intima-caja-ampliacion-es\/\" \/>\n<meta property=\"og:site_name\" content=\"Tienda Er\u00f3tica\" \/>\n<meta property=\"article:modified_time\" content=\"2022-01-22T09:27:39+00:00\" \/>\n<meta property=\"og:image\" content=\"https:\/\/demoweb.info\/sexshop001\/wp-content\/uploads\/2022\/01\/MISION-INTIMA-CAJA-AMPLIACION-ES.jpg\" \/>\n\t<meta property=\"og:image:width\" content=\"550\" \/>\n\t<meta property=\"og:image:height\" content=\"550\" \/>\n\t<meta property=\"og:image:type\" content=\"image\/jpeg\" \/>\n<meta name=\"twitter:card\" content=\"summary_large_image\" \/>\n<meta name=\"twitter:label1\" content=\"Tiempo de lectura\" \/>\n\t<meta name=\"twitter:data1\" content=\"2 minutos\" \/>\n<script type=\"application\/ld+json\" class=\"yoast-schema-graph\">{\"@context\":\"https:\/\/schema.org\",\"@graph\":[{\"@type\":\"WebPage\",\"@id\":\"https:\/\/demoweb.info\/sexshop001\/producto\/mision-intima-caja-ampliacion-es\/\",\"url\":\"https:\/\/demoweb.info\/sexshop001\/producto\/mision-intima-caja-ampliacion-es\/\",\"name\":\"MISION INTIMA CAJA AMPLIACION (ES) - Tienda Er\u00f3tica\",\"isPartOf\":{\"@id\":\"https:\/\/demoweb.info\/sexshop001\/#website\"},\"datePublished\":\"2022-01-22T09:27:25+00:00\",\"dateModified\":\"2022-01-22T09:27:39+00:00\",\"breadcrumb\":{\"@id\":\"https:\/\/demoweb.info\/sexshop001\/producto\/mision-intima-caja-ampliacion-es\/#breadcrumb\"},\"inLanguage\":\"es\",\"potentialAction\":[{\"@type\":\"ReadAction\",\"target\":[\"https:\/\/demoweb.info\/sexshop001\/producto\/mision-intima-caja-ampliacion-es\/\"]}]},{\"@type\":\"BreadcrumbList\",\"@id\":\"https:\/\/demoweb.info\/sexshop001\/producto\/mision-intima-caja-ampliacion-es\/#breadcrumb\",\"itemListElement\":[{\"@type\":\"ListItem\",\"position\":1,\"name\":\"Portada\",\"item\":\"https:\/\/demoweb.info\/sexshop001\/\"},{\"@type\":\"ListItem\",\"position\":2,\"name\":\"Tienda\",\"item\":\"https:\/\/demoweb.info\/sexshop001\/tienda\/\"},{\"@type\":\"ListItem\",\"position\":3,\"name\":\"MISION INTIMA CAJA AMPLIACION (ES)\"}]},{\"@type\":\"WebSite\",\"@id\":\"https:\/\/demoweb.info\/sexshop001\/#website\",\"url\":\"https:\/\/demoweb.info\/sexshop001\/\",\"name\":\"Tienda Er\u00f3tica\",\"description\":\"DEMOWEB SL\",\"potentialAction\":[{\"@type\":\"SearchAction\",\"target\":{\"@type\":\"EntryPoint\",\"urlTemplate\":\"https:\/\/demoweb.info\/sexshop001\/?s={search_term_string}\"},\"query-input\":\"required name=search_term_string\"}],\"inLanguage\":\"es\"}]}<\/script>\n<!-- \/ Yoast SEO plugin. -->","yoast_head_json":{"title":"MISION INTIMA CAJA AMPLIACION (ES) - Tienda Er\u00f3tica","robots":{"index":"noindex","follow":"follow","max-snippet":"max-snippet:-1","max-image-preview":"max-image-preview:large","max-video-preview":"max-video-preview:-1"},"og_locale":"es_ES","og_type":"article","og_title":"MISION INTIMA CAJA AMPLIACION (ES) - Tienda Er\u00f3tica","og_description":"MISION INTIMA CAJA AMPLIACION (ES) Misi\u00f3n \u00cdntima Edici\u00f3n Original goza de un \u00e9xito sin precedentes tanto en Holanda como en","og_url":"https:\/\/demoweb.info\/sexshop001\/producto\/mision-intima-caja-ampliacion-es\/","og_site_name":"Tienda Er\u00f3tica","article_modified_time":"2022-01-22T09:27:39+00:00","og_image":[{"width":550,"height":550,"url":"https:\/\/demoweb.info\/sexshop001\/wp-content\/uploads\/2022\/01\/MISION-INTIMA-CAJA-AMPLIACION-ES.jpg","type":"image\/jpeg"}],"twitter_card":"summary_large_image","twitter_misc":{"Tiempo de lectura":"2 minutos"},"schema":{"@context":"https:\/\/schema.org","@graph":[{"@type":"WebPage","@id":"https:\/\/demoweb.info\/sexshop001\/producto\/mision-intima-caja-ampliacion-es\/","url":"https:\/\/demoweb.info\/sexshop001\/producto\/mision-intima-caja-ampliacion-es\/","name":"MISION INTIMA CAJA AMPLIACION (ES) - Tienda Er\u00f3tica","isPartOf":{"@id":"https:\/\/demoweb.info\/sexshop001\/#website"},"datePublished":"2022-01-22T09:27:25+00:00","dateModified":"2022-01-22T09:27:39+00:00","breadcrumb":{"@id":"https:\/\/demoweb.info\/sexshop001\/producto\/mision-intima-caja-ampliacion-es\/#breadcrumb"},"inLanguage":"es","potentialAction":[{"@type":"ReadAction","target":["https:\/\/demoweb.info\/sexshop001\/producto\/mision-intima-caja-ampliacion-es\/"]}]},{"@type":"BreadcrumbList","@id":"https:\/\/demoweb.info\/sexshop001\/producto\/mision-intima-caja-ampliacion-es\/#breadcrumb","itemListElement":[{"@type":"ListItem","position":1,"name":"Portada","item":"https:\/\/demoweb.info\/sexshop001\/"},{"@type":"ListItem","position":2,"name":"Tienda","item":"https:\/\/demoweb.info\/sexshop001\/tienda\/"},{"@type":"ListItem","position":3,"name":"MISION INTIMA CAJA AMPLIACION (ES)"}]},{"@type":"WebSite","@id":"https:\/\/demoweb.info\/sexshop001\/#website","url":"https:\/\/demoweb.info\/sexshop001\/","name":"Tienda Er\u00f3tica","description":"DEMOWEB SL","potentialAction":[{"@type":"SearchAction","target":{"@type":"EntryPoint","urlTemplate":"https:\/\/demoweb.info\/sexshop001\/?s={search_term_string}"},"query-input":"required name=search_term_string"}],"inLanguage":"es"}]}},"_links":{"self":[{"href":"https:\/\/demoweb.info\/sexshop001\/wp-json\/wp\/v3\/product\/15275","targetHints":{"allow":["GET"]}}],"collection":[{"href":"https:\/\/demoweb.info\/sexshop001\/wp-json\/wp\/v3\/product"}],"about":[{"href":"https:\/\/demoweb.info\/sexshop001\/wp-json\/wp\/v2\/types\/product"}],"replies":[{"embeddable":true,"href":"https:\/\/demoweb.info\/sexshop001\/wp-json\/wp\/v2\/comments?post=15275"}],"wp:featuredmedia":[{"embeddable":true,"href":"https:\/\/demoweb.info\/sexshop001\/wp-json\/wp\/v2\/media\/15276"}],"wp:attachment":[{"href":"https:\/\/demoweb.info\/sexshop001\/wp-json\/wp\/v2\/media?parent=15275"}],"wp:term":[{"taxonomy":"product_cat","embeddable":true,"href":"https:\/\/demoweb.info\/sexshop001\/wp-json\/wp\/v2\/product_cat?post=15275"},{"taxonomy":"product_tag","embeddable":true,"href":"https:\/\/demoweb.info\/sexshop001\/wp-json\/wp\/v2\/product_tag?post=15275"}],"curies":[{"name":"wp","href":"https:\/\/api.w.org\/{rel}","templated":true}]}}