{"id":15251,"date":"2022-01-22T10:27:25","date_gmt":"2022-01-22T09:27:25","guid":{"rendered":"https:\/\/demoweb.info\/sexshop001\/producto\/dona-aceite-de-masaje-esencial-reinvigorar-lima-coco-120-ml\/"},"modified":"2022-01-22T10:27:29","modified_gmt":"2022-01-22T09:27:29","slug":"dona-aceite-de-masaje-esencial-reinvigorar-lima-coco-120-ml","status":"publish","type":"product","link":"https:\/\/demoweb.info\/sexshop001\/producto\/dona-aceite-de-masaje-esencial-reinvigorar-lima-coco-120-ml\/","title":{"rendered":"DONA &#8211; ACEITE DE MASAJE ESENCIAL REINVIGORAR LIMA COCO 120 ML"},"content":{"rendered":"<p><strong>DONA &#8211; ESSENTIAL MASSAGE OIL REINVIGORATE COCONUT LIME 120 ML<\/strong><\/p>\n<p>Este aceite de masaje cuidadosamente mezclado se crea agregando aceites esenciales estimulantes a una mezcla de aceites naturales, nutritivos y ricos en vitaminas. Adecuado para una variedad de tipos de piel y usos.<\/p>\n<p>Indicaciones para el uso:<br \/>\nDona Reinvigorate Essential Massage Oil es un deslizamiento de masaje a base de aceite dise\u00f1ado para usar en la piel para m\u00fasculos tensos y cansados.<\/p>\n<p>Direcciones:<br \/>\nAplique una peque\u00f1a cantidad de aceite en el \u00e1rea deseada y masajee suavemente la piel.<\/p>\n<p>Advertencia:<br \/>\nPuede manchar las s\u00e1banas. Si se produce irritaci\u00f3n o malestar, suspenda su uso inmediatamente. Mantener fuera del alcance de los ni\u00f1os.<\/p>\n<p>Caracter\u00edsticas:<br \/>\n&#8211; 100% natural<br \/>\n&#8211; Vegano<br \/>\n&#8211; F\u00f3rmula rica de larga duraci\u00f3n<br \/>\n&#8211; Hidrata y rejuvenece la piel.<br \/>\n&#8211; Beneficios de la aromaterapia<br \/>\n&#8211; Estimulante y refrescante<\/p>\n<p>Ingredientes:<br \/>\nAceite de glicina de soja (soja), acetato de vitamina E, aceite de semilla de Passiflora edulis (maracuy\u00e1), aceite de semilla de Simmondsia chinensis (jojoba), aceite de fruta de Olea Europaea (oliva), <br \/>\naceite de semilla de pistacia vera (pistacho), Prunus Amygdalus Dulcis (almendra dulce) ) Aceite, Aceite de Cocos Nucifera (Coco), Citrus Aurantifolia (Lima), Fragancia<\/p>\n","protected":false},"excerpt":{"rendered":"<p>DONA &#8211; ESSENTIAL MASSAGE OIL REINVIGORATE COCONUT LIME 120 ML Este aceite de masaje cuidadosamente mezclado se crea agregando aceites<\/p>\n","protected":false},"featured_media":15252,"comment_status":"open","ping_status":"open","template":"","meta":[],"product_cat":[517],"product_tag":[823,617],"class_list":["post-15251","product","type-product","status-publish","has-post-thumbnail","hentry","product_cat-de-masaje","product_tag-dona","product_tag-jo"],"bundled_by":[],"bundle_stock_status":"instock","bundle_stock_quantity":3,"bundle_virtual":false,"bundle_layout":"","bundle_add_to_cart_form_location":"","bundle_editable_in_cart":false,"bundle_sold_individually_context":"","bundle_item_grouping":"","bundle_min_size":"","bundle_max_size":"","bundled_items":[],"yoast_head":"<!-- This site is optimized with the Yoast SEO plugin v20.6 - https:\/\/yoast.com\/wordpress\/plugins\/seo\/ -->\n<title>DONA - ACEITE DE MASAJE ESENCIAL REINVIGORAR LIMA COCO 120 ML - Tienda Er\u00f3tica<\/title>\n<meta name=\"robots\" content=\"noindex, follow, max-snippet:-1, max-image-preview:large, max-video-preview:-1\" \/>\n<meta property=\"og:locale\" content=\"es_ES\" \/>\n<meta property=\"og:type\" content=\"article\" \/>\n<meta property=\"og:title\" content=\"DONA - ACEITE DE MASAJE ESENCIAL REINVIGORAR LIMA COCO 120 ML - Tienda Er\u00f3tica\" \/>\n<meta property=\"og:description\" content=\"DONA &#8211; ESSENTIAL MASSAGE OIL REINVIGORATE COCONUT LIME 120 ML Este aceite de masaje cuidadosamente mezclado se crea agregando aceites\" \/>\n<meta property=\"og:url\" content=\"https:\/\/demoweb.info\/sexshop001\/producto\/dona-aceite-de-masaje-esencial-reinvigorar-lima-coco-120-ml\/\" \/>\n<meta property=\"og:site_name\" content=\"Tienda Er\u00f3tica\" \/>\n<meta property=\"article:modified_time\" content=\"2022-01-22T09:27:29+00:00\" \/>\n<meta property=\"og:image\" content=\"https:\/\/demoweb.info\/sexshop001\/wp-content\/uploads\/2022\/01\/DONA-ACEITE-DE-MASAJE-ESENCIAL-REINVIGORAR-LIMA-COCO-120-ML.jpg\" \/>\n\t<meta property=\"og:image:width\" content=\"550\" \/>\n\t<meta property=\"og:image:height\" content=\"550\" \/>\n\t<meta property=\"og:image:type\" content=\"image\/jpeg\" \/>\n<meta name=\"twitter:card\" content=\"summary_large_image\" \/>\n<meta name=\"twitter:label1\" content=\"Tiempo de lectura\" \/>\n\t<meta name=\"twitter:data1\" content=\"1 minuto\" \/>\n<script type=\"application\/ld+json\" class=\"yoast-schema-graph\">{\"@context\":\"https:\/\/schema.org\",\"@graph\":[{\"@type\":\"WebPage\",\"@id\":\"https:\/\/demoweb.info\/sexshop001\/producto\/dona-aceite-de-masaje-esencial-reinvigorar-lima-coco-120-ml\/\",\"url\":\"https:\/\/demoweb.info\/sexshop001\/producto\/dona-aceite-de-masaje-esencial-reinvigorar-lima-coco-120-ml\/\",\"name\":\"DONA - ACEITE DE MASAJE ESENCIAL REINVIGORAR LIMA COCO 120 ML - Tienda Er\u00f3tica\",\"isPartOf\":{\"@id\":\"https:\/\/demoweb.info\/sexshop001\/#website\"},\"datePublished\":\"2022-01-22T09:27:25+00:00\",\"dateModified\":\"2022-01-22T09:27:29+00:00\",\"breadcrumb\":{\"@id\":\"https:\/\/demoweb.info\/sexshop001\/producto\/dona-aceite-de-masaje-esencial-reinvigorar-lima-coco-120-ml\/#breadcrumb\"},\"inLanguage\":\"es\",\"potentialAction\":[{\"@type\":\"ReadAction\",\"target\":[\"https:\/\/demoweb.info\/sexshop001\/producto\/dona-aceite-de-masaje-esencial-reinvigorar-lima-coco-120-ml\/\"]}]},{\"@type\":\"BreadcrumbList\",\"@id\":\"https:\/\/demoweb.info\/sexshop001\/producto\/dona-aceite-de-masaje-esencial-reinvigorar-lima-coco-120-ml\/#breadcrumb\",\"itemListElement\":[{\"@type\":\"ListItem\",\"position\":1,\"name\":\"Portada\",\"item\":\"https:\/\/demoweb.info\/sexshop001\/\"},{\"@type\":\"ListItem\",\"position\":2,\"name\":\"Tienda\",\"item\":\"https:\/\/demoweb.info\/sexshop001\/tienda\/\"},{\"@type\":\"ListItem\",\"position\":3,\"name\":\"DONA &#8211; ACEITE DE MASAJE ESENCIAL REINVIGORAR LIMA COCO 120 ML\"}]},{\"@type\":\"WebSite\",\"@id\":\"https:\/\/demoweb.info\/sexshop001\/#website\",\"url\":\"https:\/\/demoweb.info\/sexshop001\/\",\"name\":\"Tienda Er\u00f3tica\",\"description\":\"DEMOWEB SL\",\"potentialAction\":[{\"@type\":\"SearchAction\",\"target\":{\"@type\":\"EntryPoint\",\"urlTemplate\":\"https:\/\/demoweb.info\/sexshop001\/?s={search_term_string}\"},\"query-input\":\"required name=search_term_string\"}],\"inLanguage\":\"es\"}]}<\/script>\n<!-- \/ Yoast SEO plugin. -->","yoast_head_json":{"title":"DONA - ACEITE DE MASAJE ESENCIAL REINVIGORAR LIMA COCO 120 ML - Tienda Er\u00f3tica","robots":{"index":"noindex","follow":"follow","max-snippet":"max-snippet:-1","max-image-preview":"max-image-preview:large","max-video-preview":"max-video-preview:-1"},"og_locale":"es_ES","og_type":"article","og_title":"DONA - ACEITE DE MASAJE ESENCIAL REINVIGORAR LIMA COCO 120 ML - Tienda Er\u00f3tica","og_description":"DONA &#8211; ESSENTIAL MASSAGE OIL REINVIGORATE COCONUT LIME 120 ML Este aceite de masaje cuidadosamente mezclado se crea agregando aceites","og_url":"https:\/\/demoweb.info\/sexshop001\/producto\/dona-aceite-de-masaje-esencial-reinvigorar-lima-coco-120-ml\/","og_site_name":"Tienda Er\u00f3tica","article_modified_time":"2022-01-22T09:27:29+00:00","og_image":[{"width":550,"height":550,"url":"https:\/\/demoweb.info\/sexshop001\/wp-content\/uploads\/2022\/01\/DONA-ACEITE-DE-MASAJE-ESENCIAL-REINVIGORAR-LIMA-COCO-120-ML.jpg","type":"image\/jpeg"}],"twitter_card":"summary_large_image","twitter_misc":{"Tiempo de lectura":"1 minuto"},"schema":{"@context":"https:\/\/schema.org","@graph":[{"@type":"WebPage","@id":"https:\/\/demoweb.info\/sexshop001\/producto\/dona-aceite-de-masaje-esencial-reinvigorar-lima-coco-120-ml\/","url":"https:\/\/demoweb.info\/sexshop001\/producto\/dona-aceite-de-masaje-esencial-reinvigorar-lima-coco-120-ml\/","name":"DONA - ACEITE DE MASAJE ESENCIAL REINVIGORAR LIMA COCO 120 ML - Tienda Er\u00f3tica","isPartOf":{"@id":"https:\/\/demoweb.info\/sexshop001\/#website"},"datePublished":"2022-01-22T09:27:25+00:00","dateModified":"2022-01-22T09:27:29+00:00","breadcrumb":{"@id":"https:\/\/demoweb.info\/sexshop001\/producto\/dona-aceite-de-masaje-esencial-reinvigorar-lima-coco-120-ml\/#breadcrumb"},"inLanguage":"es","potentialAction":[{"@type":"ReadAction","target":["https:\/\/demoweb.info\/sexshop001\/producto\/dona-aceite-de-masaje-esencial-reinvigorar-lima-coco-120-ml\/"]}]},{"@type":"BreadcrumbList","@id":"https:\/\/demoweb.info\/sexshop001\/producto\/dona-aceite-de-masaje-esencial-reinvigorar-lima-coco-120-ml\/#breadcrumb","itemListElement":[{"@type":"ListItem","position":1,"name":"Portada","item":"https:\/\/demoweb.info\/sexshop001\/"},{"@type":"ListItem","position":2,"name":"Tienda","item":"https:\/\/demoweb.info\/sexshop001\/tienda\/"},{"@type":"ListItem","position":3,"name":"DONA &#8211; ACEITE DE MASAJE ESENCIAL REINVIGORAR LIMA COCO 120 ML"}]},{"@type":"WebSite","@id":"https:\/\/demoweb.info\/sexshop001\/#website","url":"https:\/\/demoweb.info\/sexshop001\/","name":"Tienda Er\u00f3tica","description":"DEMOWEB SL","potentialAction":[{"@type":"SearchAction","target":{"@type":"EntryPoint","urlTemplate":"https:\/\/demoweb.info\/sexshop001\/?s={search_term_string}"},"query-input":"required name=search_term_string"}],"inLanguage":"es"}]}},"_links":{"self":[{"href":"https:\/\/demoweb.info\/sexshop001\/wp-json\/wp\/v3\/product\/15251","targetHints":{"allow":["GET"]}}],"collection":[{"href":"https:\/\/demoweb.info\/sexshop001\/wp-json\/wp\/v3\/product"}],"about":[{"href":"https:\/\/demoweb.info\/sexshop001\/wp-json\/wp\/v2\/types\/product"}],"replies":[{"embeddable":true,"href":"https:\/\/demoweb.info\/sexshop001\/wp-json\/wp\/v2\/comments?post=15251"}],"wp:featuredmedia":[{"embeddable":true,"href":"https:\/\/demoweb.info\/sexshop001\/wp-json\/wp\/v2\/media\/15252"}],"wp:attachment":[{"href":"https:\/\/demoweb.info\/sexshop001\/wp-json\/wp\/v2\/media?parent=15251"}],"wp:term":[{"taxonomy":"product_cat","embeddable":true,"href":"https:\/\/demoweb.info\/sexshop001\/wp-json\/wp\/v2\/product_cat?post=15251"},{"taxonomy":"product_tag","embeddable":true,"href":"https:\/\/demoweb.info\/sexshop001\/wp-json\/wp\/v2\/product_tag?post=15251"}],"curies":[{"name":"wp","href":"https:\/\/api.w.org\/{rel}","templated":true}]}}