{"id":15249,"date":"2022-01-22T10:27:25","date_gmt":"2022-01-22T09:27:25","guid":{"rendered":"https:\/\/demoweb.info\/sexshop001\/producto\/system-jo-hidratante-vaginal-renew-original-hygiene-120-ml\/"},"modified":"2022-01-22T10:27:28","modified_gmt":"2022-01-22T09:27:28","slug":"system-jo-hidratante-vaginal-renew-original-hygiene-120-ml","status":"publish","type":"product","link":"https:\/\/demoweb.info\/sexshop001\/producto\/system-jo-hidratante-vaginal-renew-original-hygiene-120-ml\/","title":{"rendered":"SYSTEM JO &#8211; HIDRATANTE VAGINAL RENEW ORIGINAL HYGIENE 120 ML"},"content":{"rendered":"<p><strong>SYSTEM JO &#8211; RENEW VAGINAL MOISTURIZER ORIGINAL HYGIENE 120 ML<\/strong><\/p>\n<p>JO RENEW VAGINAL MOISTURIZER es una crema hidratante intensiva dise\u00f1ada espec\u00edficamente para mujeres. La combinaci\u00f3n de humectantes que incluyen bisabolol, aloe vera y pepino proporciona una f\u00f3rmula suave de uso diario dise\u00f1ada para aliviar la sequedad vaginal. La crema rica y sedosa ofrece una aplicaci\u00f3n sin goteo para facilitar su uso de d\u00eda o de noche.<\/p>\n<p>&#8211; Infundido con una mezcla hidratante intensiva, mejorada con vitamina E.<br \/>\n&#8211; Sin parabenos ni fragancias.<br \/>\n&#8211; Ideal para usar de d\u00eda o de noche.<br \/>\n&#8211; F\u00e1cil aplicaci\u00f3n, sin goteo.<br \/>\n&#8211; Comodidad duradera sin adherencias ni tachuelas.<\/p>\n<p>120 ml<\/p>\n<p>Instrucciones: Aplique la crema directamente en el interior de la vagina, usando la punta celan de un dedo. Masajea la crema a fondo en las paredes vaginales. Vuelva a aplicar seg\u00fan sea necesario o deseado.<\/p>\n<p>Ingredientes:<br \/>\nAgua (Aqua), Dimeticona, Extracto de Fruta de Cucumis Sativus (Pepino), Poliacrilato 13, Bisabolol, Extracto de Jugo de Hoja de Aloe Barbadensis, Alanto\u00edna, Poliisobuteno, Hidroxietilcelulosa, Polisorbato 20, Acetato de Vitamina E, PEG-45M, Yodopropinilo, Butilcarbapinilo, Dimeticonol, clorfenesina<\/p>\n","protected":false},"excerpt":{"rendered":"<p>SYSTEM JO &#8211; RENEW VAGINAL MOISTURIZER ORIGINAL HYGIENE 120 ML JO RENEW VAGINAL MOISTURIZER es una crema hidratante intensiva dise\u00f1ada<\/p>\n","protected":false},"featured_media":15250,"comment_status":"open","ping_status":"open","template":"","meta":[],"product_cat":[824],"product_tag":[617],"class_list":["post-15249","product","type-product","status-publish","has-post-thumbnail","hentry","product_cat-para-ellas-lubricantes-salud-sexual","product_tag-jo"],"bundled_by":[],"bundle_stock_status":"instock","bundle_stock_quantity":4,"bundle_virtual":false,"bundle_layout":"","bundle_add_to_cart_form_location":"","bundle_editable_in_cart":false,"bundle_sold_individually_context":"","bundle_item_grouping":"","bundle_min_size":"","bundle_max_size":"","bundled_items":[],"yoast_head":"<!-- This site is optimized with the Yoast SEO plugin v20.6 - https:\/\/yoast.com\/wordpress\/plugins\/seo\/ -->\n<title>SYSTEM JO - HIDRATANTE VAGINAL RENEW ORIGINAL HYGIENE 120 ML - Tienda Er\u00f3tica<\/title>\n<meta name=\"robots\" content=\"noindex, follow, max-snippet:-1, max-image-preview:large, max-video-preview:-1\" \/>\n<meta property=\"og:locale\" content=\"es_ES\" \/>\n<meta property=\"og:type\" content=\"article\" \/>\n<meta property=\"og:title\" content=\"SYSTEM JO - HIDRATANTE VAGINAL RENEW ORIGINAL HYGIENE 120 ML - Tienda Er\u00f3tica\" \/>\n<meta property=\"og:description\" content=\"SYSTEM JO &#8211; RENEW VAGINAL MOISTURIZER ORIGINAL HYGIENE 120 ML JO RENEW VAGINAL MOISTURIZER es una crema hidratante intensiva dise\u00f1ada\" \/>\n<meta property=\"og:url\" content=\"https:\/\/demoweb.info\/sexshop001\/producto\/system-jo-hidratante-vaginal-renew-original-hygiene-120-ml\/\" \/>\n<meta property=\"og:site_name\" content=\"Tienda Er\u00f3tica\" \/>\n<meta property=\"article:modified_time\" content=\"2022-01-22T09:27:28+00:00\" \/>\n<meta property=\"og:image\" content=\"https:\/\/demoweb.info\/sexshop001\/wp-content\/uploads\/2022\/01\/SYSTEM-JO-HIDRATANTE-VAGINAL-RENEW-ORIGINAL-HYGIENE-120-ML.jpg\" \/>\n\t<meta property=\"og:image:width\" content=\"550\" \/>\n\t<meta property=\"og:image:height\" content=\"550\" \/>\n\t<meta property=\"og:image:type\" content=\"image\/jpeg\" \/>\n<meta name=\"twitter:card\" content=\"summary_large_image\" \/>\n<meta name=\"twitter:label1\" content=\"Tiempo de lectura\" \/>\n\t<meta name=\"twitter:data1\" content=\"1 minuto\" \/>\n<script type=\"application\/ld+json\" class=\"yoast-schema-graph\">{\"@context\":\"https:\/\/schema.org\",\"@graph\":[{\"@type\":\"WebPage\",\"@id\":\"https:\/\/demoweb.info\/sexshop001\/producto\/system-jo-hidratante-vaginal-renew-original-hygiene-120-ml\/\",\"url\":\"https:\/\/demoweb.info\/sexshop001\/producto\/system-jo-hidratante-vaginal-renew-original-hygiene-120-ml\/\",\"name\":\"SYSTEM JO - HIDRATANTE VAGINAL RENEW ORIGINAL HYGIENE 120 ML - Tienda Er\u00f3tica\",\"isPartOf\":{\"@id\":\"https:\/\/demoweb.info\/sexshop001\/#website\"},\"datePublished\":\"2022-01-22T09:27:25+00:00\",\"dateModified\":\"2022-01-22T09:27:28+00:00\",\"breadcrumb\":{\"@id\":\"https:\/\/demoweb.info\/sexshop001\/producto\/system-jo-hidratante-vaginal-renew-original-hygiene-120-ml\/#breadcrumb\"},\"inLanguage\":\"es\",\"potentialAction\":[{\"@type\":\"ReadAction\",\"target\":[\"https:\/\/demoweb.info\/sexshop001\/producto\/system-jo-hidratante-vaginal-renew-original-hygiene-120-ml\/\"]}]},{\"@type\":\"BreadcrumbList\",\"@id\":\"https:\/\/demoweb.info\/sexshop001\/producto\/system-jo-hidratante-vaginal-renew-original-hygiene-120-ml\/#breadcrumb\",\"itemListElement\":[{\"@type\":\"ListItem\",\"position\":1,\"name\":\"Portada\",\"item\":\"https:\/\/demoweb.info\/sexshop001\/\"},{\"@type\":\"ListItem\",\"position\":2,\"name\":\"Tienda\",\"item\":\"https:\/\/demoweb.info\/sexshop001\/tienda\/\"},{\"@type\":\"ListItem\",\"position\":3,\"name\":\"SYSTEM JO &#8211; HIDRATANTE VAGINAL RENEW ORIGINAL HYGIENE 120 ML\"}]},{\"@type\":\"WebSite\",\"@id\":\"https:\/\/demoweb.info\/sexshop001\/#website\",\"url\":\"https:\/\/demoweb.info\/sexshop001\/\",\"name\":\"Tienda Er\u00f3tica\",\"description\":\"DEMOWEB SL\",\"potentialAction\":[{\"@type\":\"SearchAction\",\"target\":{\"@type\":\"EntryPoint\",\"urlTemplate\":\"https:\/\/demoweb.info\/sexshop001\/?s={search_term_string}\"},\"query-input\":\"required name=search_term_string\"}],\"inLanguage\":\"es\"}]}<\/script>\n<!-- \/ Yoast SEO plugin. -->","yoast_head_json":{"title":"SYSTEM JO - HIDRATANTE VAGINAL RENEW ORIGINAL HYGIENE 120 ML - Tienda Er\u00f3tica","robots":{"index":"noindex","follow":"follow","max-snippet":"max-snippet:-1","max-image-preview":"max-image-preview:large","max-video-preview":"max-video-preview:-1"},"og_locale":"es_ES","og_type":"article","og_title":"SYSTEM JO - HIDRATANTE VAGINAL RENEW ORIGINAL HYGIENE 120 ML - Tienda Er\u00f3tica","og_description":"SYSTEM JO &#8211; RENEW VAGINAL MOISTURIZER ORIGINAL HYGIENE 120 ML JO RENEW VAGINAL MOISTURIZER es una crema hidratante intensiva dise\u00f1ada","og_url":"https:\/\/demoweb.info\/sexshop001\/producto\/system-jo-hidratante-vaginal-renew-original-hygiene-120-ml\/","og_site_name":"Tienda Er\u00f3tica","article_modified_time":"2022-01-22T09:27:28+00:00","og_image":[{"width":550,"height":550,"url":"https:\/\/demoweb.info\/sexshop001\/wp-content\/uploads\/2022\/01\/SYSTEM-JO-HIDRATANTE-VAGINAL-RENEW-ORIGINAL-HYGIENE-120-ML.jpg","type":"image\/jpeg"}],"twitter_card":"summary_large_image","twitter_misc":{"Tiempo de lectura":"1 minuto"},"schema":{"@context":"https:\/\/schema.org","@graph":[{"@type":"WebPage","@id":"https:\/\/demoweb.info\/sexshop001\/producto\/system-jo-hidratante-vaginal-renew-original-hygiene-120-ml\/","url":"https:\/\/demoweb.info\/sexshop001\/producto\/system-jo-hidratante-vaginal-renew-original-hygiene-120-ml\/","name":"SYSTEM JO - HIDRATANTE VAGINAL RENEW ORIGINAL HYGIENE 120 ML - Tienda Er\u00f3tica","isPartOf":{"@id":"https:\/\/demoweb.info\/sexshop001\/#website"},"datePublished":"2022-01-22T09:27:25+00:00","dateModified":"2022-01-22T09:27:28+00:00","breadcrumb":{"@id":"https:\/\/demoweb.info\/sexshop001\/producto\/system-jo-hidratante-vaginal-renew-original-hygiene-120-ml\/#breadcrumb"},"inLanguage":"es","potentialAction":[{"@type":"ReadAction","target":["https:\/\/demoweb.info\/sexshop001\/producto\/system-jo-hidratante-vaginal-renew-original-hygiene-120-ml\/"]}]},{"@type":"BreadcrumbList","@id":"https:\/\/demoweb.info\/sexshop001\/producto\/system-jo-hidratante-vaginal-renew-original-hygiene-120-ml\/#breadcrumb","itemListElement":[{"@type":"ListItem","position":1,"name":"Portada","item":"https:\/\/demoweb.info\/sexshop001\/"},{"@type":"ListItem","position":2,"name":"Tienda","item":"https:\/\/demoweb.info\/sexshop001\/tienda\/"},{"@type":"ListItem","position":3,"name":"SYSTEM JO &#8211; HIDRATANTE VAGINAL RENEW ORIGINAL HYGIENE 120 ML"}]},{"@type":"WebSite","@id":"https:\/\/demoweb.info\/sexshop001\/#website","url":"https:\/\/demoweb.info\/sexshop001\/","name":"Tienda Er\u00f3tica","description":"DEMOWEB SL","potentialAction":[{"@type":"SearchAction","target":{"@type":"EntryPoint","urlTemplate":"https:\/\/demoweb.info\/sexshop001\/?s={search_term_string}"},"query-input":"required name=search_term_string"}],"inLanguage":"es"}]}},"_links":{"self":[{"href":"https:\/\/demoweb.info\/sexshop001\/wp-json\/wp\/v3\/product\/15249","targetHints":{"allow":["GET"]}}],"collection":[{"href":"https:\/\/demoweb.info\/sexshop001\/wp-json\/wp\/v3\/product"}],"about":[{"href":"https:\/\/demoweb.info\/sexshop001\/wp-json\/wp\/v2\/types\/product"}],"replies":[{"embeddable":true,"href":"https:\/\/demoweb.info\/sexshop001\/wp-json\/wp\/v2\/comments?post=15249"}],"wp:featuredmedia":[{"embeddable":true,"href":"https:\/\/demoweb.info\/sexshop001\/wp-json\/wp\/v2\/media\/15250"}],"wp:attachment":[{"href":"https:\/\/demoweb.info\/sexshop001\/wp-json\/wp\/v2\/media?parent=15249"}],"wp:term":[{"taxonomy":"product_cat","embeddable":true,"href":"https:\/\/demoweb.info\/sexshop001\/wp-json\/wp\/v2\/product_cat?post=15249"},{"taxonomy":"product_tag","embeddable":true,"href":"https:\/\/demoweb.info\/sexshop001\/wp-json\/wp\/v2\/product_tag?post=15249"}],"curies":[{"name":"wp","href":"https:\/\/api.w.org\/{rel}","templated":true}]}}