{"id":15231,"date":"2022-01-22T10:27:00","date_gmt":"2022-01-22T09:27:00","guid":{"rendered":"https:\/\/demoweb.info\/sexshop001\/producto\/dona-bombas-de-bano-naughty-sinful-spring-140-gr\/"},"modified":"2022-01-22T10:27:17","modified_gmt":"2022-01-22T09:27:17","slug":"dona-bombas-de-bano-naughty-sinful-spring-140-gr","status":"publish","type":"product","link":"https:\/\/demoweb.info\/sexshop001\/producto\/dona-bombas-de-bano-naughty-sinful-spring-140-gr\/","title":{"rendered":"DONA &#8211; BOMBAS DE BA\u00d1O NAUGHTY SINFUL SPRING 140 GR"},"content":{"rendered":"<p><strong>DONA &#8211; BATH BOMB NAUGHTY SINFUL SPRING 140 GR<\/strong><\/p>\n<p>Las bombas de ba\u00f1o DONA convierten el tiempo normal en la ba\u00f1era en una experiencia sensual y relajante. Cuando se sumerge en el agua de la ba\u00f1era, cada esfera emana efervescente y fragancia relajante. <\/p>\n<p>Sin feromonas ni afrodis\u00edacos, las bombas de ba\u00f1o DONA est\u00e1n disponibles en tres aromas exclusivos: coqueta, atrevida y traviesa, cada una con una personalidad propia.<\/p>\n<p>Consejos de venta:<\/p>\n<p>&#8211; Calma, desestresa y relaja<br \/>\n&#8211; Ideal como regalo o complemento de lencer\u00eda u otros accesorios sensuales.<br \/>\n&#8211; Libre de feromonas y afrodis\u00edacos<br \/>\n&#8211; Tres fragancias incre\u00edbles<br \/>\n&#8211; 140 gramos<\/p>\n","protected":false},"excerpt":{"rendered":"<p>DONA &#8211; BATH BOMB NAUGHTY SINFUL SPRING 140 GR Las bombas de ba\u00f1o DONA convierten el tiempo normal en la<\/p>\n","protected":false},"featured_media":15232,"comment_status":"open","ping_status":"open","template":"","meta":[],"product_cat":[822],"product_tag":[823,617],"class_list":["post-15231","product","type-product","status-publish","has-post-thumbnail","hentry","product_cat-espumas-de-bano","product_tag-dona","product_tag-jo"],"bundled_by":[],"bundle_stock_status":"outofstock","bundle_stock_quantity":0,"bundle_virtual":false,"bundle_layout":"","bundle_add_to_cart_form_location":"","bundle_editable_in_cart":false,"bundle_sold_individually_context":"","bundle_item_grouping":"","bundle_min_size":"","bundle_max_size":"","bundled_items":[],"yoast_head":"<!-- This site is optimized with the Yoast SEO plugin v20.6 - https:\/\/yoast.com\/wordpress\/plugins\/seo\/ -->\n<title>DONA - BOMBAS DE BA\u00d1O NAUGHTY SINFUL SPRING 140 GR - Tienda Er\u00f3tica<\/title>\n<meta name=\"robots\" content=\"noindex, follow, max-snippet:-1, max-image-preview:large, max-video-preview:-1\" \/>\n<meta property=\"og:locale\" content=\"es_ES\" \/>\n<meta property=\"og:type\" content=\"article\" \/>\n<meta property=\"og:title\" content=\"DONA - BOMBAS DE BA\u00d1O NAUGHTY SINFUL SPRING 140 GR - Tienda Er\u00f3tica\" \/>\n<meta property=\"og:description\" content=\"DONA &#8211; BATH BOMB NAUGHTY SINFUL SPRING 140 GR Las bombas de ba\u00f1o DONA convierten el tiempo normal en la\" \/>\n<meta property=\"og:url\" content=\"https:\/\/demoweb.info\/sexshop001\/producto\/dona-bombas-de-bano-naughty-sinful-spring-140-gr\/\" \/>\n<meta property=\"og:site_name\" content=\"Tienda Er\u00f3tica\" \/>\n<meta property=\"article:modified_time\" content=\"2022-01-22T09:27:17+00:00\" \/>\n<meta property=\"og:image\" content=\"https:\/\/demoweb.info\/sexshop001\/wp-content\/uploads\/2022\/01\/DONA-BOMBAS-DE-BANO-NAUGHTY-SINFUL-SPRING-140-GR.jpg\" \/>\n\t<meta property=\"og:image:width\" content=\"550\" \/>\n\t<meta property=\"og:image:height\" content=\"550\" \/>\n\t<meta property=\"og:image:type\" content=\"image\/jpeg\" \/>\n<meta name=\"twitter:card\" content=\"summary_large_image\" \/>\n<meta name=\"twitter:label1\" content=\"Tiempo de lectura\" \/>\n\t<meta name=\"twitter:data1\" content=\"1 minuto\" \/>\n<script type=\"application\/ld+json\" class=\"yoast-schema-graph\">{\"@context\":\"https:\/\/schema.org\",\"@graph\":[{\"@type\":\"WebPage\",\"@id\":\"https:\/\/demoweb.info\/sexshop001\/producto\/dona-bombas-de-bano-naughty-sinful-spring-140-gr\/\",\"url\":\"https:\/\/demoweb.info\/sexshop001\/producto\/dona-bombas-de-bano-naughty-sinful-spring-140-gr\/\",\"name\":\"DONA - BOMBAS DE BA\u00d1O NAUGHTY SINFUL SPRING 140 GR - Tienda Er\u00f3tica\",\"isPartOf\":{\"@id\":\"https:\/\/demoweb.info\/sexshop001\/#website\"},\"datePublished\":\"2022-01-22T09:27:00+00:00\",\"dateModified\":\"2022-01-22T09:27:17+00:00\",\"breadcrumb\":{\"@id\":\"https:\/\/demoweb.info\/sexshop001\/producto\/dona-bombas-de-bano-naughty-sinful-spring-140-gr\/#breadcrumb\"},\"inLanguage\":\"es\",\"potentialAction\":[{\"@type\":\"ReadAction\",\"target\":[\"https:\/\/demoweb.info\/sexshop001\/producto\/dona-bombas-de-bano-naughty-sinful-spring-140-gr\/\"]}]},{\"@type\":\"BreadcrumbList\",\"@id\":\"https:\/\/demoweb.info\/sexshop001\/producto\/dona-bombas-de-bano-naughty-sinful-spring-140-gr\/#breadcrumb\",\"itemListElement\":[{\"@type\":\"ListItem\",\"position\":1,\"name\":\"Portada\",\"item\":\"https:\/\/demoweb.info\/sexshop001\/\"},{\"@type\":\"ListItem\",\"position\":2,\"name\":\"Tienda\",\"item\":\"https:\/\/demoweb.info\/sexshop001\/tienda\/\"},{\"@type\":\"ListItem\",\"position\":3,\"name\":\"DONA &#8211; BOMBAS DE BA\u00d1O NAUGHTY SINFUL SPRING 140 GR\"}]},{\"@type\":\"WebSite\",\"@id\":\"https:\/\/demoweb.info\/sexshop001\/#website\",\"url\":\"https:\/\/demoweb.info\/sexshop001\/\",\"name\":\"Tienda Er\u00f3tica\",\"description\":\"DEMOWEB SL\",\"potentialAction\":[{\"@type\":\"SearchAction\",\"target\":{\"@type\":\"EntryPoint\",\"urlTemplate\":\"https:\/\/demoweb.info\/sexshop001\/?s={search_term_string}\"},\"query-input\":\"required name=search_term_string\"}],\"inLanguage\":\"es\"}]}<\/script>\n<!-- \/ Yoast SEO plugin. -->","yoast_head_json":{"title":"DONA - BOMBAS DE BA\u00d1O NAUGHTY SINFUL SPRING 140 GR - Tienda Er\u00f3tica","robots":{"index":"noindex","follow":"follow","max-snippet":"max-snippet:-1","max-image-preview":"max-image-preview:large","max-video-preview":"max-video-preview:-1"},"og_locale":"es_ES","og_type":"article","og_title":"DONA - BOMBAS DE BA\u00d1O NAUGHTY SINFUL SPRING 140 GR - Tienda Er\u00f3tica","og_description":"DONA &#8211; BATH BOMB NAUGHTY SINFUL SPRING 140 GR Las bombas de ba\u00f1o DONA convierten el tiempo normal en la","og_url":"https:\/\/demoweb.info\/sexshop001\/producto\/dona-bombas-de-bano-naughty-sinful-spring-140-gr\/","og_site_name":"Tienda Er\u00f3tica","article_modified_time":"2022-01-22T09:27:17+00:00","og_image":[{"width":550,"height":550,"url":"https:\/\/demoweb.info\/sexshop001\/wp-content\/uploads\/2022\/01\/DONA-BOMBAS-DE-BANO-NAUGHTY-SINFUL-SPRING-140-GR.jpg","type":"image\/jpeg"}],"twitter_card":"summary_large_image","twitter_misc":{"Tiempo de lectura":"1 minuto"},"schema":{"@context":"https:\/\/schema.org","@graph":[{"@type":"WebPage","@id":"https:\/\/demoweb.info\/sexshop001\/producto\/dona-bombas-de-bano-naughty-sinful-spring-140-gr\/","url":"https:\/\/demoweb.info\/sexshop001\/producto\/dona-bombas-de-bano-naughty-sinful-spring-140-gr\/","name":"DONA - BOMBAS DE BA\u00d1O NAUGHTY SINFUL SPRING 140 GR - Tienda Er\u00f3tica","isPartOf":{"@id":"https:\/\/demoweb.info\/sexshop001\/#website"},"datePublished":"2022-01-22T09:27:00+00:00","dateModified":"2022-01-22T09:27:17+00:00","breadcrumb":{"@id":"https:\/\/demoweb.info\/sexshop001\/producto\/dona-bombas-de-bano-naughty-sinful-spring-140-gr\/#breadcrumb"},"inLanguage":"es","potentialAction":[{"@type":"ReadAction","target":["https:\/\/demoweb.info\/sexshop001\/producto\/dona-bombas-de-bano-naughty-sinful-spring-140-gr\/"]}]},{"@type":"BreadcrumbList","@id":"https:\/\/demoweb.info\/sexshop001\/producto\/dona-bombas-de-bano-naughty-sinful-spring-140-gr\/#breadcrumb","itemListElement":[{"@type":"ListItem","position":1,"name":"Portada","item":"https:\/\/demoweb.info\/sexshop001\/"},{"@type":"ListItem","position":2,"name":"Tienda","item":"https:\/\/demoweb.info\/sexshop001\/tienda\/"},{"@type":"ListItem","position":3,"name":"DONA &#8211; BOMBAS DE BA\u00d1O NAUGHTY SINFUL SPRING 140 GR"}]},{"@type":"WebSite","@id":"https:\/\/demoweb.info\/sexshop001\/#website","url":"https:\/\/demoweb.info\/sexshop001\/","name":"Tienda Er\u00f3tica","description":"DEMOWEB SL","potentialAction":[{"@type":"SearchAction","target":{"@type":"EntryPoint","urlTemplate":"https:\/\/demoweb.info\/sexshop001\/?s={search_term_string}"},"query-input":"required name=search_term_string"}],"inLanguage":"es"}]}},"_links":{"self":[{"href":"https:\/\/demoweb.info\/sexshop001\/wp-json\/wp\/v3\/product\/15231","targetHints":{"allow":["GET"]}}],"collection":[{"href":"https:\/\/demoweb.info\/sexshop001\/wp-json\/wp\/v3\/product"}],"about":[{"href":"https:\/\/demoweb.info\/sexshop001\/wp-json\/wp\/v2\/types\/product"}],"replies":[{"embeddable":true,"href":"https:\/\/demoweb.info\/sexshop001\/wp-json\/wp\/v2\/comments?post=15231"}],"wp:featuredmedia":[{"embeddable":true,"href":"https:\/\/demoweb.info\/sexshop001\/wp-json\/wp\/v2\/media\/15232"}],"wp:attachment":[{"href":"https:\/\/demoweb.info\/sexshop001\/wp-json\/wp\/v2\/media?parent=15231"}],"wp:term":[{"taxonomy":"product_cat","embeddable":true,"href":"https:\/\/demoweb.info\/sexshop001\/wp-json\/wp\/v2\/product_cat?post=15231"},{"taxonomy":"product_tag","embeddable":true,"href":"https:\/\/demoweb.info\/sexshop001\/wp-json\/wp\/v2\/product_tag?post=15231"}],"curies":[{"name":"wp","href":"https:\/\/api.w.org\/{rel}","templated":true}]}}