{"id":15221,"date":"2022-01-22T10:27:00","date_gmt":"2022-01-22T09:27:00","guid":{"rendered":"https:\/\/demoweb.info\/sexshop001\/producto\/loverspremium-o-pal-vibrador-glory-morado\/"},"modified":"2022-01-22T10:27:13","modified_gmt":"2022-01-22T09:27:13","slug":"loverspremium-o-pal-vibrador-glory-morado","status":"publish","type":"product","link":"https:\/\/demoweb.info\/sexshop001\/producto\/loverspremium-o-pal-vibrador-glory-morado\/","title":{"rendered":"LOVERSPREMIUM &#8211; O-PAL VIBRADOR GLORY &#8211; MORADO"},"content":{"rendered":"<p><strong>LOVERSPREMIUM &#8211; O-PAL VIBRATOR GLORY <\/strong><\/p>\n<p>Lujoso vibrador de conejo de cabeza estilizada y redonda que llega a todas las zonas er\u00f3genas. Con la adici\u00f3n del pr\u00e1ctico y c\u00f3modo mango en O, la vibraci\u00f3n se puede controlar con un solo dedo.<\/p>\n<p>La luz LED sensual integrada en el mango en O parpadea sincr\u00f3nicamente con la vibraci\u00f3n. Disfrute tanto externo como interno con cuatro emocionantes modos de estimulaci\u00f3n con vibraciones potentes y silenciosas. Fabricado en silicona de alta calidad.<\/p>\n<ul>\n<li>Materiales: ABS y silicona de grado m\u00e9dico.<\/li>\n<li>Acabado: mango brillante, parte de vibraci\u00f3n mate<\/li>\n<li>Tama\u00f1o: 201 (L) x37 (W) x37 (D) mm<\/li>\n<li>Peso: 146 gramos<\/li>\n<li>N\u00famero de intensidades: 3<\/li>\n<li>N\u00famero de modos de pulsaci\u00f3n: 4<\/li>\n<li>Nivel de sonido (m\u00e1x.): &lt;49dB<\/li>\n<li>Tipo de bater\u00eda: 2x AAA (no incluidas)<\/li>\n<li>Voltaje: 3 V<\/li>\n<li>Tiempo de uso: m\u00e1s de 2 horas.<\/li>\n<li>Resistente al agua: a prueba de salpicaduras, limpiar con agua corriente o un pa\u00f1o h\u00famedo<\/li>\n<\/ul>\n","protected":false},"excerpt":{"rendered":"<p>LOVERSPREMIUM &#8211; O-PAL VIBRATOR GLORY Lujoso vibrador de conejo de cabeza estilizada y redonda que llega a todas las zonas<\/p>\n","protected":false},"featured_media":15222,"comment_status":"open","ping_status":"open","template":"","meta":[],"product_cat":[434],"product_tag":[821],"class_list":["post-15221","product","type-product","status-publish","has-post-thumbnail","hentry","product_cat-doble-estimulacion-vibradores-juguetes-xxx","product_tag-loverspremium"],"bundled_by":[],"bundle_stock_status":"instock","bundle_stock_quantity":1,"bundle_virtual":false,"bundle_layout":"","bundle_add_to_cart_form_location":"","bundle_editable_in_cart":false,"bundle_sold_individually_context":"","bundle_item_grouping":"","bundle_min_size":"","bundle_max_size":"","bundled_items":[],"yoast_head":"<!-- This site is optimized with the Yoast SEO plugin v20.6 - https:\/\/yoast.com\/wordpress\/plugins\/seo\/ -->\n<title>LOVERSPREMIUM - O-PAL VIBRADOR GLORY - MORADO - Tienda Er\u00f3tica<\/title>\n<meta name=\"robots\" content=\"noindex, follow, max-snippet:-1, max-image-preview:large, max-video-preview:-1\" \/>\n<meta property=\"og:locale\" content=\"es_ES\" \/>\n<meta property=\"og:type\" content=\"article\" \/>\n<meta property=\"og:title\" content=\"LOVERSPREMIUM - O-PAL VIBRADOR GLORY - MORADO - Tienda Er\u00f3tica\" \/>\n<meta property=\"og:description\" content=\"LOVERSPREMIUM &#8211; O-PAL VIBRATOR GLORY Lujoso vibrador de conejo de cabeza estilizada y redonda que llega a todas las zonas\" \/>\n<meta property=\"og:url\" content=\"https:\/\/demoweb.info\/sexshop001\/producto\/loverspremium-o-pal-vibrador-glory-morado\/\" \/>\n<meta property=\"og:site_name\" content=\"Tienda Er\u00f3tica\" \/>\n<meta property=\"article:modified_time\" content=\"2022-01-22T09:27:13+00:00\" \/>\n<meta property=\"og:image\" content=\"https:\/\/demoweb.info\/sexshop001\/wp-content\/uploads\/2022\/01\/LOVERSPREMIUM-O-PAL-VIBRADOR-GLORY-MORADO.jpg\" \/>\n\t<meta property=\"og:image:width\" content=\"550\" \/>\n\t<meta property=\"og:image:height\" content=\"550\" \/>\n\t<meta property=\"og:image:type\" content=\"image\/jpeg\" \/>\n<meta name=\"twitter:card\" content=\"summary_large_image\" \/>\n<meta name=\"twitter:label1\" content=\"Tiempo de lectura\" \/>\n\t<meta name=\"twitter:data1\" content=\"1 minuto\" \/>\n<script type=\"application\/ld+json\" class=\"yoast-schema-graph\">{\"@context\":\"https:\/\/schema.org\",\"@graph\":[{\"@type\":\"WebPage\",\"@id\":\"https:\/\/demoweb.info\/sexshop001\/producto\/loverspremium-o-pal-vibrador-glory-morado\/\",\"url\":\"https:\/\/demoweb.info\/sexshop001\/producto\/loverspremium-o-pal-vibrador-glory-morado\/\",\"name\":\"LOVERSPREMIUM - O-PAL VIBRADOR GLORY - MORADO - Tienda Er\u00f3tica\",\"isPartOf\":{\"@id\":\"https:\/\/demoweb.info\/sexshop001\/#website\"},\"datePublished\":\"2022-01-22T09:27:00+00:00\",\"dateModified\":\"2022-01-22T09:27:13+00:00\",\"breadcrumb\":{\"@id\":\"https:\/\/demoweb.info\/sexshop001\/producto\/loverspremium-o-pal-vibrador-glory-morado\/#breadcrumb\"},\"inLanguage\":\"es\",\"potentialAction\":[{\"@type\":\"ReadAction\",\"target\":[\"https:\/\/demoweb.info\/sexshop001\/producto\/loverspremium-o-pal-vibrador-glory-morado\/\"]}]},{\"@type\":\"BreadcrumbList\",\"@id\":\"https:\/\/demoweb.info\/sexshop001\/producto\/loverspremium-o-pal-vibrador-glory-morado\/#breadcrumb\",\"itemListElement\":[{\"@type\":\"ListItem\",\"position\":1,\"name\":\"Portada\",\"item\":\"https:\/\/demoweb.info\/sexshop001\/\"},{\"@type\":\"ListItem\",\"position\":2,\"name\":\"Tienda\",\"item\":\"https:\/\/demoweb.info\/sexshop001\/tienda\/\"},{\"@type\":\"ListItem\",\"position\":3,\"name\":\"LOVERSPREMIUM &#8211; O-PAL VIBRADOR GLORY &#8211; MORADO\"}]},{\"@type\":\"WebSite\",\"@id\":\"https:\/\/demoweb.info\/sexshop001\/#website\",\"url\":\"https:\/\/demoweb.info\/sexshop001\/\",\"name\":\"Tienda Er\u00f3tica\",\"description\":\"DEMOWEB SL\",\"potentialAction\":[{\"@type\":\"SearchAction\",\"target\":{\"@type\":\"EntryPoint\",\"urlTemplate\":\"https:\/\/demoweb.info\/sexshop001\/?s={search_term_string}\"},\"query-input\":\"required name=search_term_string\"}],\"inLanguage\":\"es\"}]}<\/script>\n<!-- \/ Yoast SEO plugin. -->","yoast_head_json":{"title":"LOVERSPREMIUM - O-PAL VIBRADOR GLORY - MORADO - Tienda Er\u00f3tica","robots":{"index":"noindex","follow":"follow","max-snippet":"max-snippet:-1","max-image-preview":"max-image-preview:large","max-video-preview":"max-video-preview:-1"},"og_locale":"es_ES","og_type":"article","og_title":"LOVERSPREMIUM - O-PAL VIBRADOR GLORY - MORADO - Tienda Er\u00f3tica","og_description":"LOVERSPREMIUM &#8211; O-PAL VIBRATOR GLORY Lujoso vibrador de conejo de cabeza estilizada y redonda que llega a todas las zonas","og_url":"https:\/\/demoweb.info\/sexshop001\/producto\/loverspremium-o-pal-vibrador-glory-morado\/","og_site_name":"Tienda Er\u00f3tica","article_modified_time":"2022-01-22T09:27:13+00:00","og_image":[{"width":550,"height":550,"url":"https:\/\/demoweb.info\/sexshop001\/wp-content\/uploads\/2022\/01\/LOVERSPREMIUM-O-PAL-VIBRADOR-GLORY-MORADO.jpg","type":"image\/jpeg"}],"twitter_card":"summary_large_image","twitter_misc":{"Tiempo de lectura":"1 minuto"},"schema":{"@context":"https:\/\/schema.org","@graph":[{"@type":"WebPage","@id":"https:\/\/demoweb.info\/sexshop001\/producto\/loverspremium-o-pal-vibrador-glory-morado\/","url":"https:\/\/demoweb.info\/sexshop001\/producto\/loverspremium-o-pal-vibrador-glory-morado\/","name":"LOVERSPREMIUM - O-PAL VIBRADOR GLORY - MORADO - Tienda Er\u00f3tica","isPartOf":{"@id":"https:\/\/demoweb.info\/sexshop001\/#website"},"datePublished":"2022-01-22T09:27:00+00:00","dateModified":"2022-01-22T09:27:13+00:00","breadcrumb":{"@id":"https:\/\/demoweb.info\/sexshop001\/producto\/loverspremium-o-pal-vibrador-glory-morado\/#breadcrumb"},"inLanguage":"es","potentialAction":[{"@type":"ReadAction","target":["https:\/\/demoweb.info\/sexshop001\/producto\/loverspremium-o-pal-vibrador-glory-morado\/"]}]},{"@type":"BreadcrumbList","@id":"https:\/\/demoweb.info\/sexshop001\/producto\/loverspremium-o-pal-vibrador-glory-morado\/#breadcrumb","itemListElement":[{"@type":"ListItem","position":1,"name":"Portada","item":"https:\/\/demoweb.info\/sexshop001\/"},{"@type":"ListItem","position":2,"name":"Tienda","item":"https:\/\/demoweb.info\/sexshop001\/tienda\/"},{"@type":"ListItem","position":3,"name":"LOVERSPREMIUM &#8211; O-PAL VIBRADOR GLORY &#8211; MORADO"}]},{"@type":"WebSite","@id":"https:\/\/demoweb.info\/sexshop001\/#website","url":"https:\/\/demoweb.info\/sexshop001\/","name":"Tienda Er\u00f3tica","description":"DEMOWEB SL","potentialAction":[{"@type":"SearchAction","target":{"@type":"EntryPoint","urlTemplate":"https:\/\/demoweb.info\/sexshop001\/?s={search_term_string}"},"query-input":"required name=search_term_string"}],"inLanguage":"es"}]}},"_links":{"self":[{"href":"https:\/\/demoweb.info\/sexshop001\/wp-json\/wp\/v3\/product\/15221","targetHints":{"allow":["GET"]}}],"collection":[{"href":"https:\/\/demoweb.info\/sexshop001\/wp-json\/wp\/v3\/product"}],"about":[{"href":"https:\/\/demoweb.info\/sexshop001\/wp-json\/wp\/v2\/types\/product"}],"replies":[{"embeddable":true,"href":"https:\/\/demoweb.info\/sexshop001\/wp-json\/wp\/v2\/comments?post=15221"}],"wp:featuredmedia":[{"embeddable":true,"href":"https:\/\/demoweb.info\/sexshop001\/wp-json\/wp\/v2\/media\/15222"}],"wp:attachment":[{"href":"https:\/\/demoweb.info\/sexshop001\/wp-json\/wp\/v2\/media?parent=15221"}],"wp:term":[{"taxonomy":"product_cat","embeddable":true,"href":"https:\/\/demoweb.info\/sexshop001\/wp-json\/wp\/v2\/product_cat?post=15221"},{"taxonomy":"product_tag","embeddable":true,"href":"https:\/\/demoweb.info\/sexshop001\/wp-json\/wp\/v2\/product_tag?post=15221"}],"curies":[{"name":"wp","href":"https:\/\/api.w.org\/{rel}","templated":true}]}}