{"id":15203,"date":"2022-01-22T10:27:00","date_gmt":"2022-01-22T09:27:00","guid":{"rendered":"https:\/\/demoweb.info\/sexshop001\/producto\/365-dias\/"},"modified":"2022-01-22T10:27:06","modified_gmt":"2022-01-22T09:27:06","slug":"365-dias","status":"publish","type":"product","link":"https:\/\/demoweb.info\/sexshop001\/producto\/365-dias\/","title":{"rendered":"365 D\u00cdAS"},"content":{"rendered":"<p><strong>365 D\u00cdAS <\/strong><\/p>\n<p>Blanka Lipinska.<\/p>\n<p><strong>BEST SELLER INTERNACIONAL N.&ordm; 1<\/strong><\/p>\n<p>1.500.000 ejemplares vendidos.<\/p>\n<p>La novela que inspir\u00f3 el fen\u00f3meno mundial emitido por Netflix.<\/p>\n<p>Una excitante historia de sexo de alto voltaje, lujo y poder que no olvidar\u00e1s.<\/p>\n<p>Una pasi\u00f3n sin medida.<\/p>\n<p>Un mundo donde no existen los l\u00edmites ni la clemencia.<\/p>\n<p>Tiene 365 d\u00edas para enamorarse de el.<\/p>\n<p>Massimo Toricelli es el capo de una familia de la mafia siciliana. Oscuro, peligroso y tremendamente atractivo, busca obsesionado desde hace a\u00f1os a una mujer que se le apareci\u00f3 en una visi\u00f3n cuando estuvo a punto de morir.<\/p>\n<p>Laura es una joven ejecutiva polaca, quemada por el trabajo y atrapada en una relaci\u00f3n sin pasi\u00f3n.<\/p>\n<p>Durante unas vacaciones en las que Laura viaja a Sicilia, el poderoso Massimo la reconoce y, dispuesto a hacerla suya a cualquier precio, la secuestra en su lujosa mansi\u00f3n y le da un plazo de un a\u00f1o para que se enamore de el.<\/p>\n<ul>\n<li>N&ordm; de p\u00e1ginas: 384 p\u00e1gs.<\/li>\n<li>Encuadernaci\u00f3n: Tapa blanda<\/li>\n<li>A\u00f1o de edici\u00f3n: 2021<\/li>\n<\/ul>\n","protected":false},"excerpt":{"rendered":"<p>365 D\u00cdAS Blanka Lipinska. BEST SELLER INTERNACIONAL N.&ordm; 1 1.500.000 ejemplares vendidos. La novela que inspir\u00f3 el fen\u00f3meno mundial emitido<\/p>\n","protected":false},"featured_media":15204,"comment_status":"open","ping_status":"open","template":"","meta":[],"product_cat":[414],"product_tag":[416,415],"class_list":["post-15203","product","type-product","status-publish","has-post-thumbnail","hentry","product_cat-libros","product_tag-grijalbo","product_tag-random-house"],"bundled_by":[],"bundle_stock_status":"instock","bundle_stock_quantity":5,"bundle_virtual":false,"bundle_layout":"","bundle_add_to_cart_form_location":"","bundle_editable_in_cart":false,"bundle_sold_individually_context":"","bundle_item_grouping":"","bundle_min_size":"","bundle_max_size":"","bundled_items":[],"yoast_head":"<!-- This site is optimized with the Yoast SEO plugin v20.6 - https:\/\/yoast.com\/wordpress\/plugins\/seo\/ -->\n<title>365 D\u00cdAS - Tienda Er\u00f3tica<\/title>\n<meta name=\"robots\" content=\"noindex, follow, max-snippet:-1, max-image-preview:large, max-video-preview:-1\" \/>\n<meta property=\"og:locale\" content=\"es_ES\" \/>\n<meta property=\"og:type\" content=\"article\" \/>\n<meta property=\"og:title\" content=\"365 D\u00cdAS - Tienda Er\u00f3tica\" \/>\n<meta property=\"og:description\" content=\"365 D\u00cdAS Blanka Lipinska. BEST SELLER INTERNACIONAL N.&ordm; 1 1.500.000 ejemplares vendidos. La novela que inspir\u00f3 el fen\u00f3meno mundial emitido\" \/>\n<meta property=\"og:url\" content=\"https:\/\/demoweb.info\/sexshop001\/producto\/365-dias\/\" \/>\n<meta property=\"og:site_name\" content=\"Tienda Er\u00f3tica\" \/>\n<meta property=\"article:modified_time\" content=\"2022-01-22T09:27:06+00:00\" \/>\n<meta property=\"og:image\" content=\"https:\/\/demoweb.info\/sexshop001\/wp-content\/uploads\/2022\/01\/365-DIAS.jpg\" \/>\n\t<meta property=\"og:image:width\" content=\"550\" \/>\n\t<meta property=\"og:image:height\" content=\"550\" \/>\n\t<meta property=\"og:image:type\" content=\"image\/jpeg\" \/>\n<meta name=\"twitter:card\" content=\"summary_large_image\" \/>\n<meta name=\"twitter:label1\" content=\"Tiempo de lectura\" \/>\n\t<meta name=\"twitter:data1\" content=\"1 minuto\" \/>\n<script type=\"application\/ld+json\" class=\"yoast-schema-graph\">{\"@context\":\"https:\/\/schema.org\",\"@graph\":[{\"@type\":\"WebPage\",\"@id\":\"https:\/\/demoweb.info\/sexshop001\/producto\/365-dias\/\",\"url\":\"https:\/\/demoweb.info\/sexshop001\/producto\/365-dias\/\",\"name\":\"365 D\u00cdAS - Tienda Er\u00f3tica\",\"isPartOf\":{\"@id\":\"https:\/\/demoweb.info\/sexshop001\/#website\"},\"datePublished\":\"2022-01-22T09:27:00+00:00\",\"dateModified\":\"2022-01-22T09:27:06+00:00\",\"breadcrumb\":{\"@id\":\"https:\/\/demoweb.info\/sexshop001\/producto\/365-dias\/#breadcrumb\"},\"inLanguage\":\"es\",\"potentialAction\":[{\"@type\":\"ReadAction\",\"target\":[\"https:\/\/demoweb.info\/sexshop001\/producto\/365-dias\/\"]}]},{\"@type\":\"BreadcrumbList\",\"@id\":\"https:\/\/demoweb.info\/sexshop001\/producto\/365-dias\/#breadcrumb\",\"itemListElement\":[{\"@type\":\"ListItem\",\"position\":1,\"name\":\"Portada\",\"item\":\"https:\/\/demoweb.info\/sexshop001\/\"},{\"@type\":\"ListItem\",\"position\":2,\"name\":\"Tienda\",\"item\":\"https:\/\/demoweb.info\/sexshop001\/tienda\/\"},{\"@type\":\"ListItem\",\"position\":3,\"name\":\"365 D\u00cdAS\"}]},{\"@type\":\"WebSite\",\"@id\":\"https:\/\/demoweb.info\/sexshop001\/#website\",\"url\":\"https:\/\/demoweb.info\/sexshop001\/\",\"name\":\"Tienda Er\u00f3tica\",\"description\":\"DEMOWEB SL\",\"potentialAction\":[{\"@type\":\"SearchAction\",\"target\":{\"@type\":\"EntryPoint\",\"urlTemplate\":\"https:\/\/demoweb.info\/sexshop001\/?s={search_term_string}\"},\"query-input\":\"required name=search_term_string\"}],\"inLanguage\":\"es\"}]}<\/script>\n<!-- \/ Yoast SEO plugin. -->","yoast_head_json":{"title":"365 D\u00cdAS - Tienda Er\u00f3tica","robots":{"index":"noindex","follow":"follow","max-snippet":"max-snippet:-1","max-image-preview":"max-image-preview:large","max-video-preview":"max-video-preview:-1"},"og_locale":"es_ES","og_type":"article","og_title":"365 D\u00cdAS - Tienda Er\u00f3tica","og_description":"365 D\u00cdAS Blanka Lipinska. BEST SELLER INTERNACIONAL N.&ordm; 1 1.500.000 ejemplares vendidos. La novela que inspir\u00f3 el fen\u00f3meno mundial emitido","og_url":"https:\/\/demoweb.info\/sexshop001\/producto\/365-dias\/","og_site_name":"Tienda Er\u00f3tica","article_modified_time":"2022-01-22T09:27:06+00:00","og_image":[{"width":550,"height":550,"url":"https:\/\/demoweb.info\/sexshop001\/wp-content\/uploads\/2022\/01\/365-DIAS.jpg","type":"image\/jpeg"}],"twitter_card":"summary_large_image","twitter_misc":{"Tiempo de lectura":"1 minuto"},"schema":{"@context":"https:\/\/schema.org","@graph":[{"@type":"WebPage","@id":"https:\/\/demoweb.info\/sexshop001\/producto\/365-dias\/","url":"https:\/\/demoweb.info\/sexshop001\/producto\/365-dias\/","name":"365 D\u00cdAS - Tienda Er\u00f3tica","isPartOf":{"@id":"https:\/\/demoweb.info\/sexshop001\/#website"},"datePublished":"2022-01-22T09:27:00+00:00","dateModified":"2022-01-22T09:27:06+00:00","breadcrumb":{"@id":"https:\/\/demoweb.info\/sexshop001\/producto\/365-dias\/#breadcrumb"},"inLanguage":"es","potentialAction":[{"@type":"ReadAction","target":["https:\/\/demoweb.info\/sexshop001\/producto\/365-dias\/"]}]},{"@type":"BreadcrumbList","@id":"https:\/\/demoweb.info\/sexshop001\/producto\/365-dias\/#breadcrumb","itemListElement":[{"@type":"ListItem","position":1,"name":"Portada","item":"https:\/\/demoweb.info\/sexshop001\/"},{"@type":"ListItem","position":2,"name":"Tienda","item":"https:\/\/demoweb.info\/sexshop001\/tienda\/"},{"@type":"ListItem","position":3,"name":"365 D\u00cdAS"}]},{"@type":"WebSite","@id":"https:\/\/demoweb.info\/sexshop001\/#website","url":"https:\/\/demoweb.info\/sexshop001\/","name":"Tienda Er\u00f3tica","description":"DEMOWEB SL","potentialAction":[{"@type":"SearchAction","target":{"@type":"EntryPoint","urlTemplate":"https:\/\/demoweb.info\/sexshop001\/?s={search_term_string}"},"query-input":"required name=search_term_string"}],"inLanguage":"es"}]}},"_links":{"self":[{"href":"https:\/\/demoweb.info\/sexshop001\/wp-json\/wp\/v3\/product\/15203","targetHints":{"allow":["GET"]}}],"collection":[{"href":"https:\/\/demoweb.info\/sexshop001\/wp-json\/wp\/v3\/product"}],"about":[{"href":"https:\/\/demoweb.info\/sexshop001\/wp-json\/wp\/v2\/types\/product"}],"replies":[{"embeddable":true,"href":"https:\/\/demoweb.info\/sexshop001\/wp-json\/wp\/v2\/comments?post=15203"}],"wp:featuredmedia":[{"embeddable":true,"href":"https:\/\/demoweb.info\/sexshop001\/wp-json\/wp\/v2\/media\/15204"}],"wp:attachment":[{"href":"https:\/\/demoweb.info\/sexshop001\/wp-json\/wp\/v2\/media?parent=15203"}],"wp:term":[{"taxonomy":"product_cat","embeddable":true,"href":"https:\/\/demoweb.info\/sexshop001\/wp-json\/wp\/v2\/product_cat?post=15203"},{"taxonomy":"product_tag","embeddable":true,"href":"https:\/\/demoweb.info\/sexshop001\/wp-json\/wp\/v2\/product_tag?post=15203"}],"curies":[{"name":"wp","href":"https:\/\/api.w.org\/{rel}","templated":true}]}}