{"id":15176,"date":"2022-01-22T10:26:42","date_gmt":"2022-01-22T09:26:42","guid":{"rendered":"https:\/\/demoweb.info\/sexshop001\/producto\/lelo-soraya-wave-negro\/"},"modified":"2022-01-22T10:26:53","modified_gmt":"2022-01-22T09:26:53","slug":"lelo-soraya-wave-negro","status":"publish","type":"product","link":"https:\/\/demoweb.info\/sexshop001\/producto\/lelo-soraya-wave-negro\/","title":{"rendered":"LELO SORAYA WAVE &#8211; NEGRO"},"content":{"rendered":"<p><strong>LELO SORAYA WAVE <\/strong><\/p>\n<p>Disfruta de un placer desbordante con este lujoso conejito vibrador. Experimenta una intensa estimulaci\u00f3n simult\u00e1nea de cl\u00edtoris y Punto G, gracias a la patentada tecnolog\u00eda Wave Motion\u2122, que te ofrece un masaje interno con balanceo como las caricias de los dedos de un amante ilustrado, para alcanzar un tsunami de orgasmos.<\/p>\n<p>EXCITANTE TECNOLOG\u00cdA WAVE MOTION VENTAJAS<\/p>\n<p>Experimenta un tsunami de orgasmos, gracias al balanceo inspirado en las caricias de los dedos de los amantes ilustrados y una punta moldeada para masajear con precisi\u00f3n tu Punto G.<\/p>\n<p>ESTIMULADOR EXTERNO ERGON\u00d3MICO<\/p>\n<p>Con un estimulador externo flexible para adaptarse con facilidad a todas las formas y vibraciones h\u00edper potentes para desbordarte de placer.<\/p>\n<p>SILICONA EXTRA-SUAVE<\/p>\n<p>Con silicona premium extra-suave y biocompatible tan higi\u00e9nica como placentera al tacto.<\/p>\n<p>COMPLETAMENTE SUMERGIBLE Y RECARGABLE<\/p>\n<p>Con el cable de recarga USB, podr\u00e1s llevar y usar tu SORAYA WAVE all\u00e1 donde vayas. Adem\u00e1s, al ser sumergible, tambi\u00e9n es incre\u00edblemente f\u00e1cil de limpiar.<\/p>\n<p>Caracter\u00edsticas t\u00e9cnicas:<\/p>\n<ul>\n<li>Material: ABS y silicona biocompatible<\/li>\n<li>Tama\u00f1o: 220 x 75 x 44 mm<\/li>\n<li>Longitud insertable: 110 mm<\/li>\n<li>Peso: 186 g<\/li>\n<li>Bater\u00eda: Li-Ion 850mAh 3.7V<\/li>\n<li>Tiempo de carga: 2 horas a 5,0 V 750mA<\/li>\n<li>Tiempo de uso: Hasta 2 horas<\/li>\n<li>Tiempo en espera: Hasta 90 d\u00edas<\/li>\n<li>Frecuencia: 120HZ<\/li>\n<li>Interfaz: 3 botones<\/li>\n<\/ul>\n","protected":false},"excerpt":{"rendered":"<p>LELO SORAYA WAVE Disfruta de un placer desbordante con este lujoso conejito vibrador. Experimenta una intensa estimulaci\u00f3n simult\u00e1nea de cl\u00edtoris<\/p>\n","protected":false},"featured_media":15177,"comment_status":"open","ping_status":"open","template":"","meta":[],"product_cat":[434],"product_tag":[406],"class_list":["post-15176","product","type-product","status-publish","has-post-thumbnail","hentry","product_cat-doble-estimulacion-vibradores-juguetes-xxx","product_tag-lelo"],"bundled_by":[],"bundle_stock_status":"instock","bundle_stock_quantity":2,"bundle_virtual":false,"bundle_layout":"","bundle_add_to_cart_form_location":"","bundle_editable_in_cart":false,"bundle_sold_individually_context":"","bundle_item_grouping":"","bundle_min_size":"","bundle_max_size":"","bundled_items":[],"yoast_head":"<!-- This site is optimized with the Yoast SEO plugin v20.6 - https:\/\/yoast.com\/wordpress\/plugins\/seo\/ -->\n<title>LELO SORAYA WAVE - NEGRO - Tienda Er\u00f3tica<\/title>\n<meta name=\"robots\" content=\"noindex, follow, max-snippet:-1, max-image-preview:large, max-video-preview:-1\" \/>\n<meta property=\"og:locale\" content=\"es_ES\" \/>\n<meta property=\"og:type\" content=\"article\" \/>\n<meta property=\"og:title\" content=\"LELO SORAYA WAVE - NEGRO - Tienda Er\u00f3tica\" \/>\n<meta property=\"og:description\" content=\"LELO SORAYA WAVE Disfruta de un placer desbordante con este lujoso conejito vibrador. Experimenta una intensa estimulaci\u00f3n simult\u00e1nea de cl\u00edtoris\" \/>\n<meta property=\"og:url\" content=\"https:\/\/demoweb.info\/sexshop001\/producto\/lelo-soraya-wave-negro\/\" \/>\n<meta property=\"og:site_name\" content=\"Tienda Er\u00f3tica\" \/>\n<meta property=\"article:modified_time\" content=\"2022-01-22T09:26:53+00:00\" \/>\n<meta property=\"og:image\" content=\"https:\/\/demoweb.info\/sexshop001\/wp-content\/uploads\/2022\/01\/LELO-SORAYA-WAVE-NEGRO.jpg\" \/>\n\t<meta property=\"og:image:width\" content=\"550\" \/>\n\t<meta property=\"og:image:height\" content=\"550\" \/>\n\t<meta property=\"og:image:type\" content=\"image\/jpeg\" \/>\n<meta name=\"twitter:card\" content=\"summary_large_image\" \/>\n<meta name=\"twitter:label1\" content=\"Tiempo de lectura\" \/>\n\t<meta name=\"twitter:data1\" content=\"1 minuto\" \/>\n<script type=\"application\/ld+json\" class=\"yoast-schema-graph\">{\"@context\":\"https:\/\/schema.org\",\"@graph\":[{\"@type\":\"WebPage\",\"@id\":\"https:\/\/demoweb.info\/sexshop001\/producto\/lelo-soraya-wave-negro\/\",\"url\":\"https:\/\/demoweb.info\/sexshop001\/producto\/lelo-soraya-wave-negro\/\",\"name\":\"LELO SORAYA WAVE - NEGRO - Tienda Er\u00f3tica\",\"isPartOf\":{\"@id\":\"https:\/\/demoweb.info\/sexshop001\/#website\"},\"datePublished\":\"2022-01-22T09:26:42+00:00\",\"dateModified\":\"2022-01-22T09:26:53+00:00\",\"breadcrumb\":{\"@id\":\"https:\/\/demoweb.info\/sexshop001\/producto\/lelo-soraya-wave-negro\/#breadcrumb\"},\"inLanguage\":\"es\",\"potentialAction\":[{\"@type\":\"ReadAction\",\"target\":[\"https:\/\/demoweb.info\/sexshop001\/producto\/lelo-soraya-wave-negro\/\"]}]},{\"@type\":\"BreadcrumbList\",\"@id\":\"https:\/\/demoweb.info\/sexshop001\/producto\/lelo-soraya-wave-negro\/#breadcrumb\",\"itemListElement\":[{\"@type\":\"ListItem\",\"position\":1,\"name\":\"Portada\",\"item\":\"https:\/\/demoweb.info\/sexshop001\/\"},{\"@type\":\"ListItem\",\"position\":2,\"name\":\"Tienda\",\"item\":\"https:\/\/demoweb.info\/sexshop001\/tienda\/\"},{\"@type\":\"ListItem\",\"position\":3,\"name\":\"LELO SORAYA WAVE &#8211; NEGRO\"}]},{\"@type\":\"WebSite\",\"@id\":\"https:\/\/demoweb.info\/sexshop001\/#website\",\"url\":\"https:\/\/demoweb.info\/sexshop001\/\",\"name\":\"Tienda Er\u00f3tica\",\"description\":\"DEMOWEB SL\",\"potentialAction\":[{\"@type\":\"SearchAction\",\"target\":{\"@type\":\"EntryPoint\",\"urlTemplate\":\"https:\/\/demoweb.info\/sexshop001\/?s={search_term_string}\"},\"query-input\":\"required name=search_term_string\"}],\"inLanguage\":\"es\"}]}<\/script>\n<!-- \/ Yoast SEO plugin. -->","yoast_head_json":{"title":"LELO SORAYA WAVE - NEGRO - Tienda Er\u00f3tica","robots":{"index":"noindex","follow":"follow","max-snippet":"max-snippet:-1","max-image-preview":"max-image-preview:large","max-video-preview":"max-video-preview:-1"},"og_locale":"es_ES","og_type":"article","og_title":"LELO SORAYA WAVE - NEGRO - Tienda Er\u00f3tica","og_description":"LELO SORAYA WAVE Disfruta de un placer desbordante con este lujoso conejito vibrador. Experimenta una intensa estimulaci\u00f3n simult\u00e1nea de cl\u00edtoris","og_url":"https:\/\/demoweb.info\/sexshop001\/producto\/lelo-soraya-wave-negro\/","og_site_name":"Tienda Er\u00f3tica","article_modified_time":"2022-01-22T09:26:53+00:00","og_image":[{"width":550,"height":550,"url":"https:\/\/demoweb.info\/sexshop001\/wp-content\/uploads\/2022\/01\/LELO-SORAYA-WAVE-NEGRO.jpg","type":"image\/jpeg"}],"twitter_card":"summary_large_image","twitter_misc":{"Tiempo de lectura":"1 minuto"},"schema":{"@context":"https:\/\/schema.org","@graph":[{"@type":"WebPage","@id":"https:\/\/demoweb.info\/sexshop001\/producto\/lelo-soraya-wave-negro\/","url":"https:\/\/demoweb.info\/sexshop001\/producto\/lelo-soraya-wave-negro\/","name":"LELO SORAYA WAVE - NEGRO - Tienda Er\u00f3tica","isPartOf":{"@id":"https:\/\/demoweb.info\/sexshop001\/#website"},"datePublished":"2022-01-22T09:26:42+00:00","dateModified":"2022-01-22T09:26:53+00:00","breadcrumb":{"@id":"https:\/\/demoweb.info\/sexshop001\/producto\/lelo-soraya-wave-negro\/#breadcrumb"},"inLanguage":"es","potentialAction":[{"@type":"ReadAction","target":["https:\/\/demoweb.info\/sexshop001\/producto\/lelo-soraya-wave-negro\/"]}]},{"@type":"BreadcrumbList","@id":"https:\/\/demoweb.info\/sexshop001\/producto\/lelo-soraya-wave-negro\/#breadcrumb","itemListElement":[{"@type":"ListItem","position":1,"name":"Portada","item":"https:\/\/demoweb.info\/sexshop001\/"},{"@type":"ListItem","position":2,"name":"Tienda","item":"https:\/\/demoweb.info\/sexshop001\/tienda\/"},{"@type":"ListItem","position":3,"name":"LELO SORAYA WAVE &#8211; NEGRO"}]},{"@type":"WebSite","@id":"https:\/\/demoweb.info\/sexshop001\/#website","url":"https:\/\/demoweb.info\/sexshop001\/","name":"Tienda Er\u00f3tica","description":"DEMOWEB SL","potentialAction":[{"@type":"SearchAction","target":{"@type":"EntryPoint","urlTemplate":"https:\/\/demoweb.info\/sexshop001\/?s={search_term_string}"},"query-input":"required name=search_term_string"}],"inLanguage":"es"}]}},"_links":{"self":[{"href":"https:\/\/demoweb.info\/sexshop001\/wp-json\/wp\/v3\/product\/15176","targetHints":{"allow":["GET"]}}],"collection":[{"href":"https:\/\/demoweb.info\/sexshop001\/wp-json\/wp\/v3\/product"}],"about":[{"href":"https:\/\/demoweb.info\/sexshop001\/wp-json\/wp\/v2\/types\/product"}],"replies":[{"embeddable":true,"href":"https:\/\/demoweb.info\/sexshop001\/wp-json\/wp\/v2\/comments?post=15176"}],"wp:featuredmedia":[{"embeddable":true,"href":"https:\/\/demoweb.info\/sexshop001\/wp-json\/wp\/v2\/media\/15177"}],"wp:attachment":[{"href":"https:\/\/demoweb.info\/sexshop001\/wp-json\/wp\/v2\/media?parent=15176"}],"wp:term":[{"taxonomy":"product_cat","embeddable":true,"href":"https:\/\/demoweb.info\/sexshop001\/wp-json\/wp\/v2\/product_cat?post=15176"},{"taxonomy":"product_tag","embeddable":true,"href":"https:\/\/demoweb.info\/sexshop001\/wp-json\/wp\/v2\/product_tag?post=15176"}],"curies":[{"name":"wp","href":"https:\/\/api.w.org\/{rel}","templated":true}]}}