{"id":15138,"date":"2022-01-22T10:26:23","date_gmt":"2022-01-22T09:26:23","guid":{"rendered":"https:\/\/demoweb.info\/sexshop001\/producto\/irisana-bolsa-esterilizadora-5-unidades\/"},"modified":"2022-01-22T10:26:38","modified_gmt":"2022-01-22T09:26:38","slug":"irisana-bolsa-esterilizadora-5-unidades","status":"publish","type":"product","link":"https:\/\/demoweb.info\/sexshop001\/producto\/irisana-bolsa-esterilizadora-5-unidades\/","title":{"rendered":"IRISANA BOLSA ESTERILIZADORA 5 UNIDADES"},"content":{"rendered":"<p><strong>IRISANA STERILISING BAG<\/strong><\/p>\n<p>\u00bfQu\u00e9 es la<strong> Bolsa Esterilizadora<\/strong> de IRISANA?<\/p>\n<p>La bolsa Esterilizadora IRISANA es una bolsa de uso exclusivo para microondas con la que podr\u00e1 esterilizar <strong>cepillos dentales, biberones, tetinas, copas menstruales, chupetes, etc.,<\/strong> eliminando hasta el 99,9% de las bacterias y g\u00e9rmenes m\u00e1s comunes. La esterilizaci\u00f3n es r\u00e1pida, f\u00e1cil y sin riesgos, ya que el material de que est\u00e1 hecha la bolsa no contiene BPA y su dise\u00f1o dispone de zona de manipulaci\u00f3n segura.<\/p>\n<p><strong>Duraci\u00f3n:<\/strong> Este producto tiene una gran vida \u00fatil que se extiende hasta los<strong> 20 usos<\/strong>. Para mayor practicidad, la bolsa viene con un calendario donde podr\u00e1 marcar cada uno de dichos usos.<\/p>\n<p><strong>Formato:<\/strong>La bolsa Esterilizadora IRISANA se comercializa en cajas de 5 unidades (que suponen unos 100 usos en total)<\/p>\n","protected":false},"excerpt":{"rendered":"<p>IRISANA STERILISING BAG \u00bfQu\u00e9 es la Bolsa Esterilizadora de IRISANA? La bolsa Esterilizadora IRISANA es una bolsa de uso exclusivo<\/p>\n","protected":false},"featured_media":15139,"comment_status":"open","ping_status":"open","template":"","meta":[],"product_cat":[732],"product_tag":[733],"class_list":["post-15138","product","type-product","status-publish","has-post-thumbnail","hentry","product_cat-copas-menstruales-menstruacion-parafarmacia","product_tag-iriscup"],"bundled_by":[],"bundle_stock_status":"instock","bundle_stock_quantity":9,"bundle_virtual":false,"bundle_layout":"","bundle_add_to_cart_form_location":"","bundle_editable_in_cart":false,"bundle_sold_individually_context":"","bundle_item_grouping":"","bundle_min_size":"","bundle_max_size":"","bundled_items":[],"yoast_head":"<!-- This site is optimized with the Yoast SEO plugin v20.6 - https:\/\/yoast.com\/wordpress\/plugins\/seo\/ -->\n<title>IRISANA BOLSA ESTERILIZADORA 5 UNIDADES - Tienda Er\u00f3tica<\/title>\n<meta name=\"robots\" content=\"noindex, follow, max-snippet:-1, max-image-preview:large, max-video-preview:-1\" \/>\n<meta property=\"og:locale\" content=\"es_ES\" \/>\n<meta property=\"og:type\" content=\"article\" \/>\n<meta property=\"og:title\" content=\"IRISANA BOLSA ESTERILIZADORA 5 UNIDADES - Tienda Er\u00f3tica\" \/>\n<meta property=\"og:description\" content=\"IRISANA STERILISING BAG \u00bfQu\u00e9 es la Bolsa Esterilizadora de IRISANA? La bolsa Esterilizadora IRISANA es una bolsa de uso exclusivo\" \/>\n<meta property=\"og:url\" content=\"https:\/\/demoweb.info\/sexshop001\/producto\/irisana-bolsa-esterilizadora-5-unidades\/\" \/>\n<meta property=\"og:site_name\" content=\"Tienda Er\u00f3tica\" \/>\n<meta property=\"article:modified_time\" content=\"2022-01-22T09:26:38+00:00\" \/>\n<meta property=\"og:image\" content=\"https:\/\/demoweb.info\/sexshop001\/wp-content\/uploads\/2022\/01\/IRISANA-BOLSA-ESTERILIZADORA-5-UNIDADES.jpg\" \/>\n\t<meta property=\"og:image:width\" content=\"550\" \/>\n\t<meta property=\"og:image:height\" content=\"550\" \/>\n\t<meta property=\"og:image:type\" content=\"image\/jpeg\" \/>\n<meta name=\"twitter:card\" content=\"summary_large_image\" \/>\n<meta name=\"twitter:label1\" content=\"Tiempo de lectura\" \/>\n\t<meta name=\"twitter:data1\" content=\"1 minuto\" \/>\n<script type=\"application\/ld+json\" class=\"yoast-schema-graph\">{\"@context\":\"https:\/\/schema.org\",\"@graph\":[{\"@type\":\"WebPage\",\"@id\":\"https:\/\/demoweb.info\/sexshop001\/producto\/irisana-bolsa-esterilizadora-5-unidades\/\",\"url\":\"https:\/\/demoweb.info\/sexshop001\/producto\/irisana-bolsa-esterilizadora-5-unidades\/\",\"name\":\"IRISANA BOLSA ESTERILIZADORA 5 UNIDADES - Tienda Er\u00f3tica\",\"isPartOf\":{\"@id\":\"https:\/\/demoweb.info\/sexshop001\/#website\"},\"datePublished\":\"2022-01-22T09:26:23+00:00\",\"dateModified\":\"2022-01-22T09:26:38+00:00\",\"breadcrumb\":{\"@id\":\"https:\/\/demoweb.info\/sexshop001\/producto\/irisana-bolsa-esterilizadora-5-unidades\/#breadcrumb\"},\"inLanguage\":\"es\",\"potentialAction\":[{\"@type\":\"ReadAction\",\"target\":[\"https:\/\/demoweb.info\/sexshop001\/producto\/irisana-bolsa-esterilizadora-5-unidades\/\"]}]},{\"@type\":\"BreadcrumbList\",\"@id\":\"https:\/\/demoweb.info\/sexshop001\/producto\/irisana-bolsa-esterilizadora-5-unidades\/#breadcrumb\",\"itemListElement\":[{\"@type\":\"ListItem\",\"position\":1,\"name\":\"Portada\",\"item\":\"https:\/\/demoweb.info\/sexshop001\/\"},{\"@type\":\"ListItem\",\"position\":2,\"name\":\"Tienda\",\"item\":\"https:\/\/demoweb.info\/sexshop001\/tienda\/\"},{\"@type\":\"ListItem\",\"position\":3,\"name\":\"IRISANA BOLSA ESTERILIZADORA 5 UNIDADES\"}]},{\"@type\":\"WebSite\",\"@id\":\"https:\/\/demoweb.info\/sexshop001\/#website\",\"url\":\"https:\/\/demoweb.info\/sexshop001\/\",\"name\":\"Tienda Er\u00f3tica\",\"description\":\"DEMOWEB SL\",\"potentialAction\":[{\"@type\":\"SearchAction\",\"target\":{\"@type\":\"EntryPoint\",\"urlTemplate\":\"https:\/\/demoweb.info\/sexshop001\/?s={search_term_string}\"},\"query-input\":\"required name=search_term_string\"}],\"inLanguage\":\"es\"}]}<\/script>\n<!-- \/ Yoast SEO plugin. -->","yoast_head_json":{"title":"IRISANA BOLSA ESTERILIZADORA 5 UNIDADES - Tienda Er\u00f3tica","robots":{"index":"noindex","follow":"follow","max-snippet":"max-snippet:-1","max-image-preview":"max-image-preview:large","max-video-preview":"max-video-preview:-1"},"og_locale":"es_ES","og_type":"article","og_title":"IRISANA BOLSA ESTERILIZADORA 5 UNIDADES - Tienda Er\u00f3tica","og_description":"IRISANA STERILISING BAG \u00bfQu\u00e9 es la Bolsa Esterilizadora de IRISANA? La bolsa Esterilizadora IRISANA es una bolsa de uso exclusivo","og_url":"https:\/\/demoweb.info\/sexshop001\/producto\/irisana-bolsa-esterilizadora-5-unidades\/","og_site_name":"Tienda Er\u00f3tica","article_modified_time":"2022-01-22T09:26:38+00:00","og_image":[{"width":550,"height":550,"url":"https:\/\/demoweb.info\/sexshop001\/wp-content\/uploads\/2022\/01\/IRISANA-BOLSA-ESTERILIZADORA-5-UNIDADES.jpg","type":"image\/jpeg"}],"twitter_card":"summary_large_image","twitter_misc":{"Tiempo de lectura":"1 minuto"},"schema":{"@context":"https:\/\/schema.org","@graph":[{"@type":"WebPage","@id":"https:\/\/demoweb.info\/sexshop001\/producto\/irisana-bolsa-esterilizadora-5-unidades\/","url":"https:\/\/demoweb.info\/sexshop001\/producto\/irisana-bolsa-esterilizadora-5-unidades\/","name":"IRISANA BOLSA ESTERILIZADORA 5 UNIDADES - Tienda Er\u00f3tica","isPartOf":{"@id":"https:\/\/demoweb.info\/sexshop001\/#website"},"datePublished":"2022-01-22T09:26:23+00:00","dateModified":"2022-01-22T09:26:38+00:00","breadcrumb":{"@id":"https:\/\/demoweb.info\/sexshop001\/producto\/irisana-bolsa-esterilizadora-5-unidades\/#breadcrumb"},"inLanguage":"es","potentialAction":[{"@type":"ReadAction","target":["https:\/\/demoweb.info\/sexshop001\/producto\/irisana-bolsa-esterilizadora-5-unidades\/"]}]},{"@type":"BreadcrumbList","@id":"https:\/\/demoweb.info\/sexshop001\/producto\/irisana-bolsa-esterilizadora-5-unidades\/#breadcrumb","itemListElement":[{"@type":"ListItem","position":1,"name":"Portada","item":"https:\/\/demoweb.info\/sexshop001\/"},{"@type":"ListItem","position":2,"name":"Tienda","item":"https:\/\/demoweb.info\/sexshop001\/tienda\/"},{"@type":"ListItem","position":3,"name":"IRISANA BOLSA ESTERILIZADORA 5 UNIDADES"}]},{"@type":"WebSite","@id":"https:\/\/demoweb.info\/sexshop001\/#website","url":"https:\/\/demoweb.info\/sexshop001\/","name":"Tienda Er\u00f3tica","description":"DEMOWEB SL","potentialAction":[{"@type":"SearchAction","target":{"@type":"EntryPoint","urlTemplate":"https:\/\/demoweb.info\/sexshop001\/?s={search_term_string}"},"query-input":"required name=search_term_string"}],"inLanguage":"es"}]}},"_links":{"self":[{"href":"https:\/\/demoweb.info\/sexshop001\/wp-json\/wp\/v3\/product\/15138","targetHints":{"allow":["GET"]}}],"collection":[{"href":"https:\/\/demoweb.info\/sexshop001\/wp-json\/wp\/v3\/product"}],"about":[{"href":"https:\/\/demoweb.info\/sexshop001\/wp-json\/wp\/v2\/types\/product"}],"replies":[{"embeddable":true,"href":"https:\/\/demoweb.info\/sexshop001\/wp-json\/wp\/v2\/comments?post=15138"}],"wp:featuredmedia":[{"embeddable":true,"href":"https:\/\/demoweb.info\/sexshop001\/wp-json\/wp\/v2\/media\/15139"}],"wp:attachment":[{"href":"https:\/\/demoweb.info\/sexshop001\/wp-json\/wp\/v2\/media?parent=15138"}],"wp:term":[{"taxonomy":"product_cat","embeddable":true,"href":"https:\/\/demoweb.info\/sexshop001\/wp-json\/wp\/v2\/product_cat?post=15138"},{"taxonomy":"product_tag","embeddable":true,"href":"https:\/\/demoweb.info\/sexshop001\/wp-json\/wp\/v2\/product_tag?post=15138"}],"curies":[{"name":"wp","href":"https:\/\/api.w.org\/{rel}","templated":true}]}}