{"id":15126,"date":"2022-01-22T10:26:23","date_gmt":"2022-01-22T09:26:23","guid":{"rendered":"https:\/\/demoweb.info\/sexshop001\/producto\/ouch-rueda-del-placer\/"},"modified":"2022-01-22T10:26:33","modified_gmt":"2022-01-22T09:26:33","slug":"ouch-rueda-del-placer","status":"publish","type":"product","link":"https:\/\/demoweb.info\/sexshop001\/producto\/ouch-rueda-del-placer\/","title":{"rendered":"OUCH RUEDA DEL PLACER"},"content":{"rendered":"<p><strong>OUCH WHEEL OF PLEASURE BLACK<\/strong><\/p>\n<p>La rueda<strong> Wheel of Pleasure de Ouch!<\/strong> es un peque\u00f1o juguete, aunque puede llegar a hacer bastante da\u00f1o si se empuja con m\u00e1s fuerza. Las peque\u00f1as protuberancias afiladas har\u00e1n que sienta que est\u00e1 siendo dominado por quien lo controla. Este peque\u00f1o juguete convertir\u00e1 su dormitorio en un relajante estudio de masaje o en un s\u00f3rdido s\u00f3tano de SM.<\/p>\n","protected":false},"excerpt":{"rendered":"<p>OUCH WHEEL OF PLEASURE BLACK La rueda Wheel of Pleasure de Ouch! es un peque\u00f1o juguete, aunque puede llegar a<\/p>\n","protected":false},"featured_media":15127,"comment_status":"open","ping_status":"open","template":"","meta":[],"product_cat":[649],"product_tag":[307,302],"class_list":["post-15126","product","type-product","status-publish","has-post-thumbnail","hentry","product_cat-ruedas-estimulacion","product_tag-ouch","product_tag-shots"],"bundled_by":[],"bundle_stock_status":"instock","bundle_stock_quantity":1,"bundle_virtual":false,"bundle_layout":"","bundle_add_to_cart_form_location":"","bundle_editable_in_cart":false,"bundle_sold_individually_context":"","bundle_item_grouping":"","bundle_min_size":"","bundle_max_size":"","bundled_items":[],"yoast_head":"<!-- This site is optimized with the Yoast SEO plugin v20.6 - https:\/\/yoast.com\/wordpress\/plugins\/seo\/ -->\n<title>OUCH RUEDA DEL PLACER - Tienda Er\u00f3tica<\/title>\n<meta name=\"robots\" content=\"noindex, follow, max-snippet:-1, max-image-preview:large, max-video-preview:-1\" \/>\n<meta property=\"og:locale\" content=\"es_ES\" \/>\n<meta property=\"og:type\" content=\"article\" \/>\n<meta property=\"og:title\" content=\"OUCH RUEDA DEL PLACER - Tienda Er\u00f3tica\" \/>\n<meta property=\"og:description\" content=\"OUCH WHEEL OF PLEASURE BLACK La rueda Wheel of Pleasure de Ouch! es un peque\u00f1o juguete, aunque puede llegar a\" \/>\n<meta property=\"og:url\" content=\"https:\/\/demoweb.info\/sexshop001\/producto\/ouch-rueda-del-placer\/\" \/>\n<meta property=\"og:site_name\" content=\"Tienda Er\u00f3tica\" \/>\n<meta property=\"article:modified_time\" content=\"2022-01-22T09:26:33+00:00\" \/>\n<meta property=\"og:image\" content=\"https:\/\/demoweb.info\/sexshop001\/wp-content\/uploads\/2022\/01\/OUCH-RUEDA-DEL-PLACER.jpg\" \/>\n\t<meta property=\"og:image:width\" content=\"550\" \/>\n\t<meta property=\"og:image:height\" content=\"550\" \/>\n\t<meta property=\"og:image:type\" content=\"image\/jpeg\" \/>\n<meta name=\"twitter:card\" content=\"summary_large_image\" \/>\n<script type=\"application\/ld+json\" class=\"yoast-schema-graph\">{\"@context\":\"https:\/\/schema.org\",\"@graph\":[{\"@type\":\"WebPage\",\"@id\":\"https:\/\/demoweb.info\/sexshop001\/producto\/ouch-rueda-del-placer\/\",\"url\":\"https:\/\/demoweb.info\/sexshop001\/producto\/ouch-rueda-del-placer\/\",\"name\":\"OUCH RUEDA DEL PLACER - Tienda Er\u00f3tica\",\"isPartOf\":{\"@id\":\"https:\/\/demoweb.info\/sexshop001\/#website\"},\"datePublished\":\"2022-01-22T09:26:23+00:00\",\"dateModified\":\"2022-01-22T09:26:33+00:00\",\"breadcrumb\":{\"@id\":\"https:\/\/demoweb.info\/sexshop001\/producto\/ouch-rueda-del-placer\/#breadcrumb\"},\"inLanguage\":\"es\",\"potentialAction\":[{\"@type\":\"ReadAction\",\"target\":[\"https:\/\/demoweb.info\/sexshop001\/producto\/ouch-rueda-del-placer\/\"]}]},{\"@type\":\"BreadcrumbList\",\"@id\":\"https:\/\/demoweb.info\/sexshop001\/producto\/ouch-rueda-del-placer\/#breadcrumb\",\"itemListElement\":[{\"@type\":\"ListItem\",\"position\":1,\"name\":\"Portada\",\"item\":\"https:\/\/demoweb.info\/sexshop001\/\"},{\"@type\":\"ListItem\",\"position\":2,\"name\":\"Tienda\",\"item\":\"https:\/\/demoweb.info\/sexshop001\/tienda\/\"},{\"@type\":\"ListItem\",\"position\":3,\"name\":\"OUCH RUEDA DEL PLACER\"}]},{\"@type\":\"WebSite\",\"@id\":\"https:\/\/demoweb.info\/sexshop001\/#website\",\"url\":\"https:\/\/demoweb.info\/sexshop001\/\",\"name\":\"Tienda Er\u00f3tica\",\"description\":\"DEMOWEB SL\",\"potentialAction\":[{\"@type\":\"SearchAction\",\"target\":{\"@type\":\"EntryPoint\",\"urlTemplate\":\"https:\/\/demoweb.info\/sexshop001\/?s={search_term_string}\"},\"query-input\":\"required name=search_term_string\"}],\"inLanguage\":\"es\"}]}<\/script>\n<!-- \/ Yoast SEO plugin. -->","yoast_head_json":{"title":"OUCH RUEDA DEL PLACER - Tienda Er\u00f3tica","robots":{"index":"noindex","follow":"follow","max-snippet":"max-snippet:-1","max-image-preview":"max-image-preview:large","max-video-preview":"max-video-preview:-1"},"og_locale":"es_ES","og_type":"article","og_title":"OUCH RUEDA DEL PLACER - Tienda Er\u00f3tica","og_description":"OUCH WHEEL OF PLEASURE BLACK La rueda Wheel of Pleasure de Ouch! es un peque\u00f1o juguete, aunque puede llegar a","og_url":"https:\/\/demoweb.info\/sexshop001\/producto\/ouch-rueda-del-placer\/","og_site_name":"Tienda Er\u00f3tica","article_modified_time":"2022-01-22T09:26:33+00:00","og_image":[{"width":550,"height":550,"url":"https:\/\/demoweb.info\/sexshop001\/wp-content\/uploads\/2022\/01\/OUCH-RUEDA-DEL-PLACER.jpg","type":"image\/jpeg"}],"twitter_card":"summary_large_image","schema":{"@context":"https:\/\/schema.org","@graph":[{"@type":"WebPage","@id":"https:\/\/demoweb.info\/sexshop001\/producto\/ouch-rueda-del-placer\/","url":"https:\/\/demoweb.info\/sexshop001\/producto\/ouch-rueda-del-placer\/","name":"OUCH RUEDA DEL PLACER - Tienda Er\u00f3tica","isPartOf":{"@id":"https:\/\/demoweb.info\/sexshop001\/#website"},"datePublished":"2022-01-22T09:26:23+00:00","dateModified":"2022-01-22T09:26:33+00:00","breadcrumb":{"@id":"https:\/\/demoweb.info\/sexshop001\/producto\/ouch-rueda-del-placer\/#breadcrumb"},"inLanguage":"es","potentialAction":[{"@type":"ReadAction","target":["https:\/\/demoweb.info\/sexshop001\/producto\/ouch-rueda-del-placer\/"]}]},{"@type":"BreadcrumbList","@id":"https:\/\/demoweb.info\/sexshop001\/producto\/ouch-rueda-del-placer\/#breadcrumb","itemListElement":[{"@type":"ListItem","position":1,"name":"Portada","item":"https:\/\/demoweb.info\/sexshop001\/"},{"@type":"ListItem","position":2,"name":"Tienda","item":"https:\/\/demoweb.info\/sexshop001\/tienda\/"},{"@type":"ListItem","position":3,"name":"OUCH RUEDA DEL PLACER"}]},{"@type":"WebSite","@id":"https:\/\/demoweb.info\/sexshop001\/#website","url":"https:\/\/demoweb.info\/sexshop001\/","name":"Tienda Er\u00f3tica","description":"DEMOWEB SL","potentialAction":[{"@type":"SearchAction","target":{"@type":"EntryPoint","urlTemplate":"https:\/\/demoweb.info\/sexshop001\/?s={search_term_string}"},"query-input":"required name=search_term_string"}],"inLanguage":"es"}]}},"_links":{"self":[{"href":"https:\/\/demoweb.info\/sexshop001\/wp-json\/wp\/v3\/product\/15126","targetHints":{"allow":["GET"]}}],"collection":[{"href":"https:\/\/demoweb.info\/sexshop001\/wp-json\/wp\/v3\/product"}],"about":[{"href":"https:\/\/demoweb.info\/sexshop001\/wp-json\/wp\/v2\/types\/product"}],"replies":[{"embeddable":true,"href":"https:\/\/demoweb.info\/sexshop001\/wp-json\/wp\/v2\/comments?post=15126"}],"wp:featuredmedia":[{"embeddable":true,"href":"https:\/\/demoweb.info\/sexshop001\/wp-json\/wp\/v2\/media\/15127"}],"wp:attachment":[{"href":"https:\/\/demoweb.info\/sexshop001\/wp-json\/wp\/v2\/media?parent=15126"}],"wp:term":[{"taxonomy":"product_cat","embeddable":true,"href":"https:\/\/demoweb.info\/sexshop001\/wp-json\/wp\/v2\/product_cat?post=15126"},{"taxonomy":"product_tag","embeddable":true,"href":"https:\/\/demoweb.info\/sexshop001\/wp-json\/wp\/v2\/product_tag?post=15126"}],"curies":[{"name":"wp","href":"https:\/\/api.w.org\/{rel}","templated":true}]}}