{"id":15057,"date":"2022-01-22T10:25:48","date_gmt":"2022-01-22T09:25:48","guid":{"rendered":"https:\/\/demoweb.info\/sexshop001\/producto\/pjur-back-door-anal-serum-comfort-20ml\/"},"modified":"2022-01-22T10:26:01","modified_gmt":"2022-01-22T09:26:01","slug":"pjur-back-door-anal-serum-comfort-20ml","status":"publish","type":"product","link":"https:\/\/demoweb.info\/sexshop001\/producto\/pjur-back-door-anal-serum-comfort-20ml\/","title":{"rendered":"PJUR BACK DOOR ANAL SERUM COMFORT 20ML"},"content":{"rendered":"<p><strong>PJUR BACK DOOR ANAL COMFORT SERUM 20ML.<\/strong><\/p>\n<p>El suero especial para el sexo anal impulsivo. El gel forma una pel\u00edcula protectora en la piel y reduce as\u00ed la sensibilidad sin entumecer. Sin lidoca\u00edna ni benzoca\u00edna. Apto para el uso con preservativo y para su aplicaci\u00f3n diaria. Combina de forma ideal con el lubricante anal pjur BACK DOOR.<\/p>\n<p>Reduce la sensibilidad, no las sensaciones &#8211; \u00a1 sin entumecer !<br \/>\nPel\u00edcula protectora innovadora e invisible.<br \/>\nSuero de alta concentraci\u00f3n para el sexo anal impulsivo.<\/p>\n<p>Envase de 20 ml.<\/p>\n","protected":false},"excerpt":{"rendered":"<p>PJUR BACK DOOR ANAL COMFORT SERUM 20ML. El suero especial para el sexo anal impulsivo. El gel forma una pel\u00edcula<\/p>\n","protected":false},"featured_media":15058,"comment_status":"open","ping_status":"open","template":"","meta":[],"product_cat":[816],"product_tag":[256,255],"class_list":["post-15057","product","type-product","status-publish","has-post-thumbnail","hentry","product_cat-relajantes","product_tag-anal-play","product_tag-pjur"],"bundled_by":[],"bundle_stock_status":"instock","bundle_stock_quantity":2,"bundle_virtual":false,"bundle_layout":"","bundle_add_to_cart_form_location":"","bundle_editable_in_cart":false,"bundle_sold_individually_context":"","bundle_item_grouping":"","bundle_min_size":"","bundle_max_size":"","bundled_items":[],"yoast_head":"<!-- This site is optimized with the Yoast SEO plugin v20.6 - https:\/\/yoast.com\/wordpress\/plugins\/seo\/ -->\n<title>PJUR BACK DOOR ANAL SERUM COMFORT 20ML - Tienda Er\u00f3tica<\/title>\n<meta name=\"robots\" content=\"noindex, follow, max-snippet:-1, max-image-preview:large, max-video-preview:-1\" \/>\n<meta property=\"og:locale\" content=\"es_ES\" \/>\n<meta property=\"og:type\" content=\"article\" \/>\n<meta property=\"og:title\" content=\"PJUR BACK DOOR ANAL SERUM COMFORT 20ML - Tienda Er\u00f3tica\" \/>\n<meta property=\"og:description\" content=\"PJUR BACK DOOR ANAL COMFORT SERUM 20ML. El suero especial para el sexo anal impulsivo. El gel forma una pel\u00edcula\" \/>\n<meta property=\"og:url\" content=\"https:\/\/demoweb.info\/sexshop001\/producto\/pjur-back-door-anal-serum-comfort-20ml\/\" \/>\n<meta property=\"og:site_name\" content=\"Tienda Er\u00f3tica\" \/>\n<meta property=\"article:modified_time\" content=\"2022-01-22T09:26:01+00:00\" \/>\n<meta property=\"og:image\" content=\"https:\/\/demoweb.info\/sexshop001\/wp-content\/uploads\/2022\/01\/PJUR-BACK-DOOR-ANAL-SERUM-COMFORT-20ML.jpg\" \/>\n\t<meta property=\"og:image:width\" content=\"550\" \/>\n\t<meta property=\"og:image:height\" content=\"550\" \/>\n\t<meta property=\"og:image:type\" content=\"image\/jpeg\" \/>\n<meta name=\"twitter:card\" content=\"summary_large_image\" \/>\n<script type=\"application\/ld+json\" class=\"yoast-schema-graph\">{\"@context\":\"https:\/\/schema.org\",\"@graph\":[{\"@type\":\"WebPage\",\"@id\":\"https:\/\/demoweb.info\/sexshop001\/producto\/pjur-back-door-anal-serum-comfort-20ml\/\",\"url\":\"https:\/\/demoweb.info\/sexshop001\/producto\/pjur-back-door-anal-serum-comfort-20ml\/\",\"name\":\"PJUR BACK DOOR ANAL SERUM COMFORT 20ML - Tienda Er\u00f3tica\",\"isPartOf\":{\"@id\":\"https:\/\/demoweb.info\/sexshop001\/#website\"},\"datePublished\":\"2022-01-22T09:25:48+00:00\",\"dateModified\":\"2022-01-22T09:26:01+00:00\",\"breadcrumb\":{\"@id\":\"https:\/\/demoweb.info\/sexshop001\/producto\/pjur-back-door-anal-serum-comfort-20ml\/#breadcrumb\"},\"inLanguage\":\"es\",\"potentialAction\":[{\"@type\":\"ReadAction\",\"target\":[\"https:\/\/demoweb.info\/sexshop001\/producto\/pjur-back-door-anal-serum-comfort-20ml\/\"]}]},{\"@type\":\"BreadcrumbList\",\"@id\":\"https:\/\/demoweb.info\/sexshop001\/producto\/pjur-back-door-anal-serum-comfort-20ml\/#breadcrumb\",\"itemListElement\":[{\"@type\":\"ListItem\",\"position\":1,\"name\":\"Portada\",\"item\":\"https:\/\/demoweb.info\/sexshop001\/\"},{\"@type\":\"ListItem\",\"position\":2,\"name\":\"Tienda\",\"item\":\"https:\/\/demoweb.info\/sexshop001\/tienda\/\"},{\"@type\":\"ListItem\",\"position\":3,\"name\":\"PJUR BACK DOOR ANAL SERUM COMFORT 20ML\"}]},{\"@type\":\"WebSite\",\"@id\":\"https:\/\/demoweb.info\/sexshop001\/#website\",\"url\":\"https:\/\/demoweb.info\/sexshop001\/\",\"name\":\"Tienda Er\u00f3tica\",\"description\":\"DEMOWEB SL\",\"potentialAction\":[{\"@type\":\"SearchAction\",\"target\":{\"@type\":\"EntryPoint\",\"urlTemplate\":\"https:\/\/demoweb.info\/sexshop001\/?s={search_term_string}\"},\"query-input\":\"required name=search_term_string\"}],\"inLanguage\":\"es\"}]}<\/script>\n<!-- \/ Yoast SEO plugin. -->","yoast_head_json":{"title":"PJUR BACK DOOR ANAL SERUM COMFORT 20ML - Tienda Er\u00f3tica","robots":{"index":"noindex","follow":"follow","max-snippet":"max-snippet:-1","max-image-preview":"max-image-preview:large","max-video-preview":"max-video-preview:-1"},"og_locale":"es_ES","og_type":"article","og_title":"PJUR BACK DOOR ANAL SERUM COMFORT 20ML - Tienda Er\u00f3tica","og_description":"PJUR BACK DOOR ANAL COMFORT SERUM 20ML. El suero especial para el sexo anal impulsivo. El gel forma una pel\u00edcula","og_url":"https:\/\/demoweb.info\/sexshop001\/producto\/pjur-back-door-anal-serum-comfort-20ml\/","og_site_name":"Tienda Er\u00f3tica","article_modified_time":"2022-01-22T09:26:01+00:00","og_image":[{"width":550,"height":550,"url":"https:\/\/demoweb.info\/sexshop001\/wp-content\/uploads\/2022\/01\/PJUR-BACK-DOOR-ANAL-SERUM-COMFORT-20ML.jpg","type":"image\/jpeg"}],"twitter_card":"summary_large_image","schema":{"@context":"https:\/\/schema.org","@graph":[{"@type":"WebPage","@id":"https:\/\/demoweb.info\/sexshop001\/producto\/pjur-back-door-anal-serum-comfort-20ml\/","url":"https:\/\/demoweb.info\/sexshop001\/producto\/pjur-back-door-anal-serum-comfort-20ml\/","name":"PJUR BACK DOOR ANAL SERUM COMFORT 20ML - Tienda Er\u00f3tica","isPartOf":{"@id":"https:\/\/demoweb.info\/sexshop001\/#website"},"datePublished":"2022-01-22T09:25:48+00:00","dateModified":"2022-01-22T09:26:01+00:00","breadcrumb":{"@id":"https:\/\/demoweb.info\/sexshop001\/producto\/pjur-back-door-anal-serum-comfort-20ml\/#breadcrumb"},"inLanguage":"es","potentialAction":[{"@type":"ReadAction","target":["https:\/\/demoweb.info\/sexshop001\/producto\/pjur-back-door-anal-serum-comfort-20ml\/"]}]},{"@type":"BreadcrumbList","@id":"https:\/\/demoweb.info\/sexshop001\/producto\/pjur-back-door-anal-serum-comfort-20ml\/#breadcrumb","itemListElement":[{"@type":"ListItem","position":1,"name":"Portada","item":"https:\/\/demoweb.info\/sexshop001\/"},{"@type":"ListItem","position":2,"name":"Tienda","item":"https:\/\/demoweb.info\/sexshop001\/tienda\/"},{"@type":"ListItem","position":3,"name":"PJUR BACK DOOR ANAL SERUM COMFORT 20ML"}]},{"@type":"WebSite","@id":"https:\/\/demoweb.info\/sexshop001\/#website","url":"https:\/\/demoweb.info\/sexshop001\/","name":"Tienda Er\u00f3tica","description":"DEMOWEB SL","potentialAction":[{"@type":"SearchAction","target":{"@type":"EntryPoint","urlTemplate":"https:\/\/demoweb.info\/sexshop001\/?s={search_term_string}"},"query-input":"required name=search_term_string"}],"inLanguage":"es"}]}},"_links":{"self":[{"href":"https:\/\/demoweb.info\/sexshop001\/wp-json\/wp\/v3\/product\/15057","targetHints":{"allow":["GET"]}}],"collection":[{"href":"https:\/\/demoweb.info\/sexshop001\/wp-json\/wp\/v3\/product"}],"about":[{"href":"https:\/\/demoweb.info\/sexshop001\/wp-json\/wp\/v2\/types\/product"}],"replies":[{"embeddable":true,"href":"https:\/\/demoweb.info\/sexshop001\/wp-json\/wp\/v2\/comments?post=15057"}],"wp:featuredmedia":[{"embeddable":true,"href":"https:\/\/demoweb.info\/sexshop001\/wp-json\/wp\/v2\/media\/15058"}],"wp:attachment":[{"href":"https:\/\/demoweb.info\/sexshop001\/wp-json\/wp\/v2\/media?parent=15057"}],"wp:term":[{"taxonomy":"product_cat","embeddable":true,"href":"https:\/\/demoweb.info\/sexshop001\/wp-json\/wp\/v2\/product_cat?post=15057"},{"taxonomy":"product_tag","embeddable":true,"href":"https:\/\/demoweb.info\/sexshop001\/wp-json\/wp\/v2\/product_tag?post=15057"}],"curies":[{"name":"wp","href":"https:\/\/api.w.org\/{rel}","templated":true}]}}