{"id":15024,"date":"2022-01-22T10:25:48","date_gmt":"2022-01-22T09:25:48","guid":{"rendered":"https:\/\/demoweb.info\/sexshop001\/producto\/durex-real-feel-24-uds\/"},"modified":"2022-01-22T10:25:49","modified_gmt":"2022-01-22T09:25:49","slug":"durex-real-feel-24-uds","status":"publish","type":"product","link":"https:\/\/demoweb.info\/sexshop001\/producto\/durex-real-feel-24-uds\/","title":{"rendered":"DUREX REAL FEEL 24 UDS"},"content":{"rendered":"<p><strong>DUREX SENSITIVO REAL FEEL 24 UDS.<\/strong><\/p>\n<p>Los preservativos de \u00faltima generaci\u00f3n <strong>Durex Real Feel<\/strong> est\u00e1n fabricados con un material sin l\u00e1tex de avanzada tecnolog\u00eda para obtener una sensibilidad natural, piel con piel. Lee el folleto que contiene el interior de este estuche cuidadosamente, en especial si utilizas los preservativos para el sexo oral o anal. Utilizar los lubricantes <strong>Durex Play<\/strong> con preservativos puede dar m\u00e1s intensidad a tus relaciones sexuales. Todos los lubricantes <strong>Durex Play<\/strong> son seguros, a diferencia de los lubricantes de base oleosa que pueden da\u00f1ar los preservativos. ning\u00fan m\u00e9todo anticonceptivo puede proporcionar 100% de protecci\u00f3n frente al embarazo, VIH (SIDA) u otras enfermedades de transmisi\u00f3n sexual. Utiliza el preservativo una sola vez. Dermatol\u00f3gicamente testados. <strong>Durex, RealFeel, Easy-On, Play<\/strong> y el <strong>Sello de Calidad Durex<\/strong> son marcas del grupo SSL.<\/p>\n<p>&#8211; Preservativos de material sint\u00e9tico, sin l\u00e1tex.<br \/>\n&#8211; Cl\u00ednicamente probados.<br \/>\n&#8211; Transparentes y lubricados.<br \/>\n&#8211; Forma anat\u00f3mica Easy-On con dep\u00f3sito.<\/p>\n<p>Anchura nominal: 56mm.<\/p>\n<p>Caja 24 preservativos.<\/p>\n","protected":false},"excerpt":{"rendered":"<p>DUREX SENSITIVO REAL FEEL 24 UDS. Los preservativos de \u00faltima generaci\u00f3n Durex Real Feel est\u00e1n fabricados con un material sin<\/p>\n","protected":false},"featured_media":15025,"comment_status":"open","ping_status":"open","template":"","meta":[],"product_cat":[395],"product_tag":[396],"class_list":["post-15024","product","type-product","status-publish","has-post-thumbnail","hentry","product_cat-sensitivos","product_tag-durex"],"bundled_by":[],"bundle_stock_status":"instock","bundle_stock_quantity":14,"bundle_virtual":false,"bundle_layout":"","bundle_add_to_cart_form_location":"","bundle_editable_in_cart":false,"bundle_sold_individually_context":"","bundle_item_grouping":"","bundle_min_size":"","bundle_max_size":"","bundled_items":[],"yoast_head":"<!-- This site is optimized with the Yoast SEO plugin v20.6 - https:\/\/yoast.com\/wordpress\/plugins\/seo\/ -->\n<title>DUREX REAL FEEL 24 UDS - Tienda Er\u00f3tica<\/title>\n<meta name=\"robots\" content=\"noindex, follow, max-snippet:-1, max-image-preview:large, max-video-preview:-1\" \/>\n<meta property=\"og:locale\" content=\"es_ES\" \/>\n<meta property=\"og:type\" content=\"article\" \/>\n<meta property=\"og:title\" content=\"DUREX REAL FEEL 24 UDS - Tienda Er\u00f3tica\" \/>\n<meta property=\"og:description\" content=\"DUREX SENSITIVO REAL FEEL 24 UDS. Los preservativos de \u00faltima generaci\u00f3n Durex Real Feel est\u00e1n fabricados con un material sin\" \/>\n<meta property=\"og:url\" content=\"https:\/\/demoweb.info\/sexshop001\/producto\/durex-real-feel-24-uds\/\" \/>\n<meta property=\"og:site_name\" content=\"Tienda Er\u00f3tica\" \/>\n<meta property=\"article:modified_time\" content=\"2022-01-22T09:25:49+00:00\" \/>\n<meta property=\"og:image\" content=\"https:\/\/demoweb.info\/sexshop001\/wp-content\/uploads\/2022\/01\/DUREX-REAL-FEEL-24-UDS.jpg\" \/>\n\t<meta property=\"og:image:width\" content=\"550\" \/>\n\t<meta property=\"og:image:height\" content=\"550\" \/>\n\t<meta property=\"og:image:type\" content=\"image\/jpeg\" \/>\n<meta name=\"twitter:card\" content=\"summary_large_image\" \/>\n<meta name=\"twitter:label1\" content=\"Tiempo de lectura\" \/>\n\t<meta name=\"twitter:data1\" content=\"1 minuto\" \/>\n<script type=\"application\/ld+json\" class=\"yoast-schema-graph\">{\"@context\":\"https:\/\/schema.org\",\"@graph\":[{\"@type\":\"WebPage\",\"@id\":\"https:\/\/demoweb.info\/sexshop001\/producto\/durex-real-feel-24-uds\/\",\"url\":\"https:\/\/demoweb.info\/sexshop001\/producto\/durex-real-feel-24-uds\/\",\"name\":\"DUREX REAL FEEL 24 UDS - Tienda Er\u00f3tica\",\"isPartOf\":{\"@id\":\"https:\/\/demoweb.info\/sexshop001\/#website\"},\"datePublished\":\"2022-01-22T09:25:48+00:00\",\"dateModified\":\"2022-01-22T09:25:49+00:00\",\"breadcrumb\":{\"@id\":\"https:\/\/demoweb.info\/sexshop001\/producto\/durex-real-feel-24-uds\/#breadcrumb\"},\"inLanguage\":\"es\",\"potentialAction\":[{\"@type\":\"ReadAction\",\"target\":[\"https:\/\/demoweb.info\/sexshop001\/producto\/durex-real-feel-24-uds\/\"]}]},{\"@type\":\"BreadcrumbList\",\"@id\":\"https:\/\/demoweb.info\/sexshop001\/producto\/durex-real-feel-24-uds\/#breadcrumb\",\"itemListElement\":[{\"@type\":\"ListItem\",\"position\":1,\"name\":\"Portada\",\"item\":\"https:\/\/demoweb.info\/sexshop001\/\"},{\"@type\":\"ListItem\",\"position\":2,\"name\":\"Tienda\",\"item\":\"https:\/\/demoweb.info\/sexshop001\/tienda\/\"},{\"@type\":\"ListItem\",\"position\":3,\"name\":\"DUREX REAL FEEL 24 UDS\"}]},{\"@type\":\"WebSite\",\"@id\":\"https:\/\/demoweb.info\/sexshop001\/#website\",\"url\":\"https:\/\/demoweb.info\/sexshop001\/\",\"name\":\"Tienda Er\u00f3tica\",\"description\":\"DEMOWEB SL\",\"potentialAction\":[{\"@type\":\"SearchAction\",\"target\":{\"@type\":\"EntryPoint\",\"urlTemplate\":\"https:\/\/demoweb.info\/sexshop001\/?s={search_term_string}\"},\"query-input\":\"required name=search_term_string\"}],\"inLanguage\":\"es\"}]}<\/script>\n<!-- \/ Yoast SEO plugin. -->","yoast_head_json":{"title":"DUREX REAL FEEL 24 UDS - Tienda Er\u00f3tica","robots":{"index":"noindex","follow":"follow","max-snippet":"max-snippet:-1","max-image-preview":"max-image-preview:large","max-video-preview":"max-video-preview:-1"},"og_locale":"es_ES","og_type":"article","og_title":"DUREX REAL FEEL 24 UDS - Tienda Er\u00f3tica","og_description":"DUREX SENSITIVO REAL FEEL 24 UDS. Los preservativos de \u00faltima generaci\u00f3n Durex Real Feel est\u00e1n fabricados con un material sin","og_url":"https:\/\/demoweb.info\/sexshop001\/producto\/durex-real-feel-24-uds\/","og_site_name":"Tienda Er\u00f3tica","article_modified_time":"2022-01-22T09:25:49+00:00","og_image":[{"width":550,"height":550,"url":"https:\/\/demoweb.info\/sexshop001\/wp-content\/uploads\/2022\/01\/DUREX-REAL-FEEL-24-UDS.jpg","type":"image\/jpeg"}],"twitter_card":"summary_large_image","twitter_misc":{"Tiempo de lectura":"1 minuto"},"schema":{"@context":"https:\/\/schema.org","@graph":[{"@type":"WebPage","@id":"https:\/\/demoweb.info\/sexshop001\/producto\/durex-real-feel-24-uds\/","url":"https:\/\/demoweb.info\/sexshop001\/producto\/durex-real-feel-24-uds\/","name":"DUREX REAL FEEL 24 UDS - Tienda Er\u00f3tica","isPartOf":{"@id":"https:\/\/demoweb.info\/sexshop001\/#website"},"datePublished":"2022-01-22T09:25:48+00:00","dateModified":"2022-01-22T09:25:49+00:00","breadcrumb":{"@id":"https:\/\/demoweb.info\/sexshop001\/producto\/durex-real-feel-24-uds\/#breadcrumb"},"inLanguage":"es","potentialAction":[{"@type":"ReadAction","target":["https:\/\/demoweb.info\/sexshop001\/producto\/durex-real-feel-24-uds\/"]}]},{"@type":"BreadcrumbList","@id":"https:\/\/demoweb.info\/sexshop001\/producto\/durex-real-feel-24-uds\/#breadcrumb","itemListElement":[{"@type":"ListItem","position":1,"name":"Portada","item":"https:\/\/demoweb.info\/sexshop001\/"},{"@type":"ListItem","position":2,"name":"Tienda","item":"https:\/\/demoweb.info\/sexshop001\/tienda\/"},{"@type":"ListItem","position":3,"name":"DUREX REAL FEEL 24 UDS"}]},{"@type":"WebSite","@id":"https:\/\/demoweb.info\/sexshop001\/#website","url":"https:\/\/demoweb.info\/sexshop001\/","name":"Tienda Er\u00f3tica","description":"DEMOWEB SL","potentialAction":[{"@type":"SearchAction","target":{"@type":"EntryPoint","urlTemplate":"https:\/\/demoweb.info\/sexshop001\/?s={search_term_string}"},"query-input":"required name=search_term_string"}],"inLanguage":"es"}]}},"_links":{"self":[{"href":"https:\/\/demoweb.info\/sexshop001\/wp-json\/wp\/v3\/product\/15024","targetHints":{"allow":["GET"]}}],"collection":[{"href":"https:\/\/demoweb.info\/sexshop001\/wp-json\/wp\/v3\/product"}],"about":[{"href":"https:\/\/demoweb.info\/sexshop001\/wp-json\/wp\/v2\/types\/product"}],"replies":[{"embeddable":true,"href":"https:\/\/demoweb.info\/sexshop001\/wp-json\/wp\/v2\/comments?post=15024"}],"wp:featuredmedia":[{"embeddable":true,"href":"https:\/\/demoweb.info\/sexshop001\/wp-json\/wp\/v2\/media\/15025"}],"wp:attachment":[{"href":"https:\/\/demoweb.info\/sexshop001\/wp-json\/wp\/v2\/media?parent=15024"}],"wp:term":[{"taxonomy":"product_cat","embeddable":true,"href":"https:\/\/demoweb.info\/sexshop001\/wp-json\/wp\/v2\/product_cat?post=15024"},{"taxonomy":"product_tag","embeddable":true,"href":"https:\/\/demoweb.info\/sexshop001\/wp-json\/wp\/v2\/product_tag?post=15024"}],"curies":[{"name":"wp","href":"https:\/\/api.w.org\/{rel}","templated":true}]}}