{"id":15012,"date":"2022-01-22T10:25:30","date_gmt":"2022-01-22T09:25:30","guid":{"rendered":"https:\/\/demoweb.info\/sexshop001\/producto\/irisana-cinta-autoadhesiva-para-dolores-menstruales\/"},"modified":"2022-01-22T10:25:43","modified_gmt":"2022-01-22T09:25:43","slug":"irisana-cinta-autoadhesiva-para-dolores-menstruales","status":"publish","type":"product","link":"https:\/\/demoweb.info\/sexshop001\/producto\/irisana-cinta-autoadhesiva-para-dolores-menstruales\/","title":{"rendered":"IRISANA CINTA AUTOADHESIVA PARA DOLORES MENSTRUALES"},"content":{"rendered":"<p><strong>IRISANA KINESIOLOGY TAPE <\/strong><\/p>\n<p><strong>\u00bfQu\u00e9 es Kinesiology Tape IRISANA para dolores menstruales?<\/strong><br \/>\nEs una cinta autoadhesiva y el\u00e1stica utilizada para el vendaje neuromuscular y con excelentes resultados en el alivio de los dolores menstruales.<\/p>\n<p>Est\u00e1 fabricada en algod\u00f3n y poliuretano e incorpora autoadhesivo de uso m\u00e9dico y turmalina. Es hipoalerg\u00e9nica, resistente al agua, no contiene l\u00e1tex ni medicamentos y posee una \u00f3ptima elasticidad en sentido longitudinal.<\/p>\n<p><strong>\u00bfComo funciona?<\/strong><br \/>\nKinesiology Tape Irisana posee una elasticidad semejante a la de la piel. Al aplicarla de forma correcta, se activan los receptores de la piel enviando informaci\u00f3n al sistema neurovegetativo, que controla las constracciones del \u00fatero.<\/p>\n<p>Kinesiology Tape Irisana contituye, por lo tanto, una terapia nautral favorecidad por la Turmalina, que en contacto con la piel genera el calor, penetrando en profundidad y produciendo un efecto calmante a nivel local.<\/p>\n<p><strong>Duraci\u00f3n:<\/strong><br \/>\nLa cinta Kinesiology Tape Irisana puede llevarse puesta varios d\u00edas y mientras se practican actividades deportivas. Se recomienda utilizarla desde los primero s\u00edntomas, incluso antes de que se inicie la menstruaci\u00f3n, para que sea m\u00e1s efectiva. Puede mojarse sin que sus efectos sean reducidos.<\/p>\n<p><strong>CONTIENE: 2 cintas de 10 cm y 1 cinta de 15 cm<\/strong><\/p><\/p>\n","protected":false},"excerpt":{"rendered":"<p>IRISANA KINESIOLOGY TAPE \u00bfQu\u00e9 es Kinesiology Tape IRISANA para dolores menstruales? Es una cinta autoadhesiva y el\u00e1stica utilizada para el<\/p>\n","protected":false},"featured_media":15013,"comment_status":"open","ping_status":"open","template":"","meta":[],"product_cat":[433],"product_tag":[733],"class_list":["post-15012","product","type-product","status-publish","has-post-thumbnail","hentry","product_cat-copas-menstruales","product_tag-iriscup"],"bundled_by":[],"bundle_stock_status":"instock","bundle_stock_quantity":10,"bundle_virtual":false,"bundle_layout":"","bundle_add_to_cart_form_location":"","bundle_editable_in_cart":false,"bundle_sold_individually_context":"","bundle_item_grouping":"","bundle_min_size":"","bundle_max_size":"","bundled_items":[],"yoast_head":"<!-- This site is optimized with the Yoast SEO plugin v20.6 - https:\/\/yoast.com\/wordpress\/plugins\/seo\/ -->\n<title>IRISANA CINTA AUTOADHESIVA PARA DOLORES MENSTRUALES - Tienda Er\u00f3tica<\/title>\n<meta name=\"robots\" content=\"noindex, follow, max-snippet:-1, max-image-preview:large, max-video-preview:-1\" \/>\n<meta property=\"og:locale\" content=\"es_ES\" \/>\n<meta property=\"og:type\" content=\"article\" \/>\n<meta property=\"og:title\" content=\"IRISANA CINTA AUTOADHESIVA PARA DOLORES MENSTRUALES - Tienda Er\u00f3tica\" \/>\n<meta property=\"og:description\" content=\"IRISANA KINESIOLOGY TAPE \u00bfQu\u00e9 es Kinesiology Tape IRISANA para dolores menstruales? Es una cinta autoadhesiva y el\u00e1stica utilizada para el\" \/>\n<meta property=\"og:url\" content=\"https:\/\/demoweb.info\/sexshop001\/producto\/irisana-cinta-autoadhesiva-para-dolores-menstruales\/\" \/>\n<meta property=\"og:site_name\" content=\"Tienda Er\u00f3tica\" \/>\n<meta property=\"article:modified_time\" content=\"2022-01-22T09:25:43+00:00\" \/>\n<meta property=\"og:image\" content=\"https:\/\/demoweb.info\/sexshop001\/wp-content\/uploads\/2022\/01\/IRISANA-CINTA-AUTOADHESIVA-PARA-DOLORES-MENSTRUALES.jpg\" \/>\n\t<meta property=\"og:image:width\" content=\"550\" \/>\n\t<meta property=\"og:image:height\" content=\"550\" \/>\n\t<meta property=\"og:image:type\" content=\"image\/jpeg\" \/>\n<meta name=\"twitter:card\" content=\"summary_large_image\" \/>\n<meta name=\"twitter:label1\" content=\"Tiempo de lectura\" \/>\n\t<meta name=\"twitter:data1\" content=\"1 minuto\" \/>\n<script type=\"application\/ld+json\" class=\"yoast-schema-graph\">{\"@context\":\"https:\/\/schema.org\",\"@graph\":[{\"@type\":\"WebPage\",\"@id\":\"https:\/\/demoweb.info\/sexshop001\/producto\/irisana-cinta-autoadhesiva-para-dolores-menstruales\/\",\"url\":\"https:\/\/demoweb.info\/sexshop001\/producto\/irisana-cinta-autoadhesiva-para-dolores-menstruales\/\",\"name\":\"IRISANA CINTA AUTOADHESIVA PARA DOLORES MENSTRUALES - Tienda Er\u00f3tica\",\"isPartOf\":{\"@id\":\"https:\/\/demoweb.info\/sexshop001\/#website\"},\"datePublished\":\"2022-01-22T09:25:30+00:00\",\"dateModified\":\"2022-01-22T09:25:43+00:00\",\"breadcrumb\":{\"@id\":\"https:\/\/demoweb.info\/sexshop001\/producto\/irisana-cinta-autoadhesiva-para-dolores-menstruales\/#breadcrumb\"},\"inLanguage\":\"es\",\"potentialAction\":[{\"@type\":\"ReadAction\",\"target\":[\"https:\/\/demoweb.info\/sexshop001\/producto\/irisana-cinta-autoadhesiva-para-dolores-menstruales\/\"]}]},{\"@type\":\"BreadcrumbList\",\"@id\":\"https:\/\/demoweb.info\/sexshop001\/producto\/irisana-cinta-autoadhesiva-para-dolores-menstruales\/#breadcrumb\",\"itemListElement\":[{\"@type\":\"ListItem\",\"position\":1,\"name\":\"Portada\",\"item\":\"https:\/\/demoweb.info\/sexshop001\/\"},{\"@type\":\"ListItem\",\"position\":2,\"name\":\"Tienda\",\"item\":\"https:\/\/demoweb.info\/sexshop001\/tienda\/\"},{\"@type\":\"ListItem\",\"position\":3,\"name\":\"IRISANA CINTA AUTOADHESIVA PARA DOLORES MENSTRUALES\"}]},{\"@type\":\"WebSite\",\"@id\":\"https:\/\/demoweb.info\/sexshop001\/#website\",\"url\":\"https:\/\/demoweb.info\/sexshop001\/\",\"name\":\"Tienda Er\u00f3tica\",\"description\":\"DEMOWEB SL\",\"potentialAction\":[{\"@type\":\"SearchAction\",\"target\":{\"@type\":\"EntryPoint\",\"urlTemplate\":\"https:\/\/demoweb.info\/sexshop001\/?s={search_term_string}\"},\"query-input\":\"required name=search_term_string\"}],\"inLanguage\":\"es\"}]}<\/script>\n<!-- \/ Yoast SEO plugin. -->","yoast_head_json":{"title":"IRISANA CINTA AUTOADHESIVA PARA DOLORES MENSTRUALES - Tienda Er\u00f3tica","robots":{"index":"noindex","follow":"follow","max-snippet":"max-snippet:-1","max-image-preview":"max-image-preview:large","max-video-preview":"max-video-preview:-1"},"og_locale":"es_ES","og_type":"article","og_title":"IRISANA CINTA AUTOADHESIVA PARA DOLORES MENSTRUALES - Tienda Er\u00f3tica","og_description":"IRISANA KINESIOLOGY TAPE \u00bfQu\u00e9 es Kinesiology Tape IRISANA para dolores menstruales? Es una cinta autoadhesiva y el\u00e1stica utilizada para el","og_url":"https:\/\/demoweb.info\/sexshop001\/producto\/irisana-cinta-autoadhesiva-para-dolores-menstruales\/","og_site_name":"Tienda Er\u00f3tica","article_modified_time":"2022-01-22T09:25:43+00:00","og_image":[{"width":550,"height":550,"url":"https:\/\/demoweb.info\/sexshop001\/wp-content\/uploads\/2022\/01\/IRISANA-CINTA-AUTOADHESIVA-PARA-DOLORES-MENSTRUALES.jpg","type":"image\/jpeg"}],"twitter_card":"summary_large_image","twitter_misc":{"Tiempo de lectura":"1 minuto"},"schema":{"@context":"https:\/\/schema.org","@graph":[{"@type":"WebPage","@id":"https:\/\/demoweb.info\/sexshop001\/producto\/irisana-cinta-autoadhesiva-para-dolores-menstruales\/","url":"https:\/\/demoweb.info\/sexshop001\/producto\/irisana-cinta-autoadhesiva-para-dolores-menstruales\/","name":"IRISANA CINTA AUTOADHESIVA PARA DOLORES MENSTRUALES - Tienda Er\u00f3tica","isPartOf":{"@id":"https:\/\/demoweb.info\/sexshop001\/#website"},"datePublished":"2022-01-22T09:25:30+00:00","dateModified":"2022-01-22T09:25:43+00:00","breadcrumb":{"@id":"https:\/\/demoweb.info\/sexshop001\/producto\/irisana-cinta-autoadhesiva-para-dolores-menstruales\/#breadcrumb"},"inLanguage":"es","potentialAction":[{"@type":"ReadAction","target":["https:\/\/demoweb.info\/sexshop001\/producto\/irisana-cinta-autoadhesiva-para-dolores-menstruales\/"]}]},{"@type":"BreadcrumbList","@id":"https:\/\/demoweb.info\/sexshop001\/producto\/irisana-cinta-autoadhesiva-para-dolores-menstruales\/#breadcrumb","itemListElement":[{"@type":"ListItem","position":1,"name":"Portada","item":"https:\/\/demoweb.info\/sexshop001\/"},{"@type":"ListItem","position":2,"name":"Tienda","item":"https:\/\/demoweb.info\/sexshop001\/tienda\/"},{"@type":"ListItem","position":3,"name":"IRISANA CINTA AUTOADHESIVA PARA DOLORES MENSTRUALES"}]},{"@type":"WebSite","@id":"https:\/\/demoweb.info\/sexshop001\/#website","url":"https:\/\/demoweb.info\/sexshop001\/","name":"Tienda Er\u00f3tica","description":"DEMOWEB SL","potentialAction":[{"@type":"SearchAction","target":{"@type":"EntryPoint","urlTemplate":"https:\/\/demoweb.info\/sexshop001\/?s={search_term_string}"},"query-input":"required name=search_term_string"}],"inLanguage":"es"}]}},"_links":{"self":[{"href":"https:\/\/demoweb.info\/sexshop001\/wp-json\/wp\/v3\/product\/15012","targetHints":{"allow":["GET"]}}],"collection":[{"href":"https:\/\/demoweb.info\/sexshop001\/wp-json\/wp\/v3\/product"}],"about":[{"href":"https:\/\/demoweb.info\/sexshop001\/wp-json\/wp\/v2\/types\/product"}],"replies":[{"embeddable":true,"href":"https:\/\/demoweb.info\/sexshop001\/wp-json\/wp\/v2\/comments?post=15012"}],"wp:featuredmedia":[{"embeddable":true,"href":"https:\/\/demoweb.info\/sexshop001\/wp-json\/wp\/v2\/media\/15013"}],"wp:attachment":[{"href":"https:\/\/demoweb.info\/sexshop001\/wp-json\/wp\/v2\/media?parent=15012"}],"wp:term":[{"taxonomy":"product_cat","embeddable":true,"href":"https:\/\/demoweb.info\/sexshop001\/wp-json\/wp\/v2\/product_cat?post=15012"},{"taxonomy":"product_tag","embeddable":true,"href":"https:\/\/demoweb.info\/sexshop001\/wp-json\/wp\/v2\/product_tag?post=15012"}],"curies":[{"name":"wp","href":"https:\/\/api.w.org\/{rel}","templated":true}]}}