{"id":14995,"date":"2022-01-22T10:25:30","date_gmt":"2022-01-22T09:25:30","guid":{"rendered":"https:\/\/demoweb.info\/sexshop001\/producto\/saninex-aceite-afrodisiaco-provocative\/"},"modified":"2022-01-22T10:25:37","modified_gmt":"2022-01-22T09:25:37","slug":"saninex-aceite-afrodisiaco-provocative","status":"publish","type":"product","link":"https:\/\/demoweb.info\/sexshop001\/producto\/saninex-aceite-afrodisiaco-provocative\/","title":{"rendered":"SANINEX ACEITE AFRODISIACO PROVOCATIVE"},"content":{"rendered":"<p><strong>SANINEX APHRODISIAC MASSAGE OIL PROVOCATIVE<\/strong><\/p>\n<p><strong>Aceite \u00edntimo afrodisiaco y personal Saninex.<\/strong> Encargado de crear atracci\u00f3n al mismo tiempo que te atrapa libremente, para dejarte llevar por la tan buscada fusi\u00f3n del deseo y la pasi\u00f3n.<br \/>\nExclusivo aceite Saninex, que se har\u00e1 fiel amante de ti y de tus momentos, al mismo tiempo que le ofrece <strong>salud a la piel<\/strong> de todo tu cuerpo.<br \/>\nDosif\u00edcalo con suavidad por todo tu cuerpo y conc\u00e9dete a ti y a tu pareja el placer de sentiros m\u00e1ximos amantes imparables. Siente como las manos aplic\u00e1ndolo, se convierten en erotismo puro.<\/p>\n<p>Formulado con m\u00faltiples<strong> ingredientes afrodisiacos<\/strong> a base de extractos naturales 100% potenciados y ba\u00f1ados el intenso aroma Saninex y el principio activo de la <strong>vainilla<\/strong>, que aportandolo suavemente en las zonas er\u00f3genas, tanto en las tuyas como en las de tu pareja, producir\u00e1 una excitaci\u00f3n en conjunto que genera m\u00e1s facilidad para alcanzar un pleno orgasmo mutuo al mismo tiempo.<\/p>\n<p>Utiliza Saninex provocative y vive disfrutando los mejores momentos de la pareja.<br \/>\nUso indicado en juegos er\u00f3ticos o momentos previos a la pasi\u00f3n acompa\u00f1ada.<br \/>\nUso indicado para conseguir una piel sana y suavemente excitante despues de cada ducha o ba\u00f1o.<\/p>\n<p>Permitido uso diario moderado. M\u00e1ximo 150 ml cada 24h.<\/p>\n<p>Contiene: 200ml<\/p>\n<p>Saninex actualiza tus aceites sexuales, potenci\u00e1ndolos con exclusivos perfumes de elegantes aromas, con m\u00e1s poder afrodis\u00edaco y siempre acompa\u00f1ados de las m\u00e1s altas calidades en cuidado y salud corporal.<\/p>\n<p>Ahora aportando tambi\u00e9n m\u00e1s todav\u00eda nuestro primordial respeto al medio ambiente, eliminando los colorantes en esta nueva generaci\u00f3n de aceites afrodis\u00edacos Saninex.<\/p>\n<p>Saninex productos cosm\u00e9ticos sexuales afrodis\u00edacos, naturales, veganos y con las m\u00e1ximas calidades para potenciar tu salud \u00edntima y corporal, otorg\u00e1ndote siempre y al mismo tiempo los extremos poderes afrodis\u00edacos SANINEX que siempre te sumaran para una vida sexual plena del m\u00e1s alto placer.<\/p>\n<p>Saninex avanza por y para ti.<\/p>\n<p><strong>Eres\/somos Saninex.<\/strong><\/p>\n","protected":false},"excerpt":{"rendered":"<p>SANINEX APHRODISIAC MASSAGE OIL PROVOCATIVE Aceite \u00edntimo afrodisiaco y personal Saninex. Encargado de crear atracci\u00f3n al mismo tiempo que te<\/p>\n","protected":false},"featured_media":14996,"comment_status":"open","ping_status":"open","template":"","meta":[],"product_cat":[517],"product_tag":[673],"class_list":["post-14995","product","type-product","status-publish","has-post-thumbnail","hentry","product_cat-de-masaje","product_tag-saninex"],"bundled_by":[],"bundle_stock_status":"instock","bundle_stock_quantity":5,"bundle_virtual":false,"bundle_layout":"","bundle_add_to_cart_form_location":"","bundle_editable_in_cart":false,"bundle_sold_individually_context":"","bundle_item_grouping":"","bundle_min_size":"","bundle_max_size":"","bundled_items":[],"yoast_head":"<!-- This site is optimized with the Yoast SEO plugin v20.6 - https:\/\/yoast.com\/wordpress\/plugins\/seo\/ -->\n<title>SANINEX ACEITE AFRODISIACO PROVOCATIVE - Tienda Er\u00f3tica<\/title>\n<meta name=\"robots\" content=\"noindex, follow, max-snippet:-1, max-image-preview:large, max-video-preview:-1\" \/>\n<meta property=\"og:locale\" content=\"es_ES\" \/>\n<meta property=\"og:type\" content=\"article\" \/>\n<meta property=\"og:title\" content=\"SANINEX ACEITE AFRODISIACO PROVOCATIVE - Tienda Er\u00f3tica\" \/>\n<meta property=\"og:description\" content=\"SANINEX APHRODISIAC MASSAGE OIL PROVOCATIVE Aceite \u00edntimo afrodisiaco y personal Saninex. Encargado de crear atracci\u00f3n al mismo tiempo que te\" \/>\n<meta property=\"og:url\" content=\"https:\/\/demoweb.info\/sexshop001\/producto\/saninex-aceite-afrodisiaco-provocative\/\" \/>\n<meta property=\"og:site_name\" content=\"Tienda Er\u00f3tica\" \/>\n<meta property=\"article:modified_time\" content=\"2022-01-22T09:25:37+00:00\" \/>\n<meta property=\"og:image\" content=\"https:\/\/demoweb.info\/sexshop001\/wp-content\/uploads\/2022\/01\/SANINEX-ACEITE-AFRODISIACO-PROVOCATIVE.jpg\" \/>\n\t<meta property=\"og:image:width\" content=\"550\" \/>\n\t<meta property=\"og:image:height\" content=\"550\" \/>\n\t<meta property=\"og:image:type\" content=\"image\/jpeg\" \/>\n<meta name=\"twitter:card\" content=\"summary_large_image\" \/>\n<meta name=\"twitter:label1\" content=\"Tiempo de lectura\" \/>\n\t<meta name=\"twitter:data1\" content=\"2 minutos\" \/>\n<script type=\"application\/ld+json\" class=\"yoast-schema-graph\">{\"@context\":\"https:\/\/schema.org\",\"@graph\":[{\"@type\":\"WebPage\",\"@id\":\"https:\/\/demoweb.info\/sexshop001\/producto\/saninex-aceite-afrodisiaco-provocative\/\",\"url\":\"https:\/\/demoweb.info\/sexshop001\/producto\/saninex-aceite-afrodisiaco-provocative\/\",\"name\":\"SANINEX ACEITE AFRODISIACO PROVOCATIVE - Tienda Er\u00f3tica\",\"isPartOf\":{\"@id\":\"https:\/\/demoweb.info\/sexshop001\/#website\"},\"datePublished\":\"2022-01-22T09:25:30+00:00\",\"dateModified\":\"2022-01-22T09:25:37+00:00\",\"breadcrumb\":{\"@id\":\"https:\/\/demoweb.info\/sexshop001\/producto\/saninex-aceite-afrodisiaco-provocative\/#breadcrumb\"},\"inLanguage\":\"es\",\"potentialAction\":[{\"@type\":\"ReadAction\",\"target\":[\"https:\/\/demoweb.info\/sexshop001\/producto\/saninex-aceite-afrodisiaco-provocative\/\"]}]},{\"@type\":\"BreadcrumbList\",\"@id\":\"https:\/\/demoweb.info\/sexshop001\/producto\/saninex-aceite-afrodisiaco-provocative\/#breadcrumb\",\"itemListElement\":[{\"@type\":\"ListItem\",\"position\":1,\"name\":\"Portada\",\"item\":\"https:\/\/demoweb.info\/sexshop001\/\"},{\"@type\":\"ListItem\",\"position\":2,\"name\":\"Tienda\",\"item\":\"https:\/\/demoweb.info\/sexshop001\/tienda\/\"},{\"@type\":\"ListItem\",\"position\":3,\"name\":\"SANINEX ACEITE AFRODISIACO PROVOCATIVE\"}]},{\"@type\":\"WebSite\",\"@id\":\"https:\/\/demoweb.info\/sexshop001\/#website\",\"url\":\"https:\/\/demoweb.info\/sexshop001\/\",\"name\":\"Tienda Er\u00f3tica\",\"description\":\"DEMOWEB SL\",\"potentialAction\":[{\"@type\":\"SearchAction\",\"target\":{\"@type\":\"EntryPoint\",\"urlTemplate\":\"https:\/\/demoweb.info\/sexshop001\/?s={search_term_string}\"},\"query-input\":\"required name=search_term_string\"}],\"inLanguage\":\"es\"}]}<\/script>\n<!-- \/ Yoast SEO plugin. -->","yoast_head_json":{"title":"SANINEX ACEITE AFRODISIACO PROVOCATIVE - Tienda Er\u00f3tica","robots":{"index":"noindex","follow":"follow","max-snippet":"max-snippet:-1","max-image-preview":"max-image-preview:large","max-video-preview":"max-video-preview:-1"},"og_locale":"es_ES","og_type":"article","og_title":"SANINEX ACEITE AFRODISIACO PROVOCATIVE - Tienda Er\u00f3tica","og_description":"SANINEX APHRODISIAC MASSAGE OIL PROVOCATIVE Aceite \u00edntimo afrodisiaco y personal Saninex. Encargado de crear atracci\u00f3n al mismo tiempo que te","og_url":"https:\/\/demoweb.info\/sexshop001\/producto\/saninex-aceite-afrodisiaco-provocative\/","og_site_name":"Tienda Er\u00f3tica","article_modified_time":"2022-01-22T09:25:37+00:00","og_image":[{"width":550,"height":550,"url":"https:\/\/demoweb.info\/sexshop001\/wp-content\/uploads\/2022\/01\/SANINEX-ACEITE-AFRODISIACO-PROVOCATIVE.jpg","type":"image\/jpeg"}],"twitter_card":"summary_large_image","twitter_misc":{"Tiempo de lectura":"2 minutos"},"schema":{"@context":"https:\/\/schema.org","@graph":[{"@type":"WebPage","@id":"https:\/\/demoweb.info\/sexshop001\/producto\/saninex-aceite-afrodisiaco-provocative\/","url":"https:\/\/demoweb.info\/sexshop001\/producto\/saninex-aceite-afrodisiaco-provocative\/","name":"SANINEX ACEITE AFRODISIACO PROVOCATIVE - Tienda Er\u00f3tica","isPartOf":{"@id":"https:\/\/demoweb.info\/sexshop001\/#website"},"datePublished":"2022-01-22T09:25:30+00:00","dateModified":"2022-01-22T09:25:37+00:00","breadcrumb":{"@id":"https:\/\/demoweb.info\/sexshop001\/producto\/saninex-aceite-afrodisiaco-provocative\/#breadcrumb"},"inLanguage":"es","potentialAction":[{"@type":"ReadAction","target":["https:\/\/demoweb.info\/sexshop001\/producto\/saninex-aceite-afrodisiaco-provocative\/"]}]},{"@type":"BreadcrumbList","@id":"https:\/\/demoweb.info\/sexshop001\/producto\/saninex-aceite-afrodisiaco-provocative\/#breadcrumb","itemListElement":[{"@type":"ListItem","position":1,"name":"Portada","item":"https:\/\/demoweb.info\/sexshop001\/"},{"@type":"ListItem","position":2,"name":"Tienda","item":"https:\/\/demoweb.info\/sexshop001\/tienda\/"},{"@type":"ListItem","position":3,"name":"SANINEX ACEITE AFRODISIACO PROVOCATIVE"}]},{"@type":"WebSite","@id":"https:\/\/demoweb.info\/sexshop001\/#website","url":"https:\/\/demoweb.info\/sexshop001\/","name":"Tienda Er\u00f3tica","description":"DEMOWEB SL","potentialAction":[{"@type":"SearchAction","target":{"@type":"EntryPoint","urlTemplate":"https:\/\/demoweb.info\/sexshop001\/?s={search_term_string}"},"query-input":"required name=search_term_string"}],"inLanguage":"es"}]}},"_links":{"self":[{"href":"https:\/\/demoweb.info\/sexshop001\/wp-json\/wp\/v3\/product\/14995","targetHints":{"allow":["GET"]}}],"collection":[{"href":"https:\/\/demoweb.info\/sexshop001\/wp-json\/wp\/v3\/product"}],"about":[{"href":"https:\/\/demoweb.info\/sexshop001\/wp-json\/wp\/v2\/types\/product"}],"replies":[{"embeddable":true,"href":"https:\/\/demoweb.info\/sexshop001\/wp-json\/wp\/v2\/comments?post=14995"}],"wp:featuredmedia":[{"embeddable":true,"href":"https:\/\/demoweb.info\/sexshop001\/wp-json\/wp\/v2\/media\/14996"}],"wp:attachment":[{"href":"https:\/\/demoweb.info\/sexshop001\/wp-json\/wp\/v2\/media?parent=14995"}],"wp:term":[{"taxonomy":"product_cat","embeddable":true,"href":"https:\/\/demoweb.info\/sexshop001\/wp-json\/wp\/v2\/product_cat?post=14995"},{"taxonomy":"product_tag","embeddable":true,"href":"https:\/\/demoweb.info\/sexshop001\/wp-json\/wp\/v2\/product_tag?post=14995"}],"curies":[{"name":"wp","href":"https:\/\/api.w.org\/{rel}","templated":true}]}}