{"id":14981,"date":"2022-01-22T10:25:30","date_gmt":"2022-01-22T09:25:30","guid":{"rendered":"https:\/\/demoweb.info\/sexshop001\/producto\/solo-para-adultos\/"},"modified":"2022-01-22T10:25:31","modified_gmt":"2022-01-22T09:25:31","slug":"solo-para-adultos","status":"publish","type":"product","link":"https:\/\/demoweb.info\/sexshop001\/producto\/solo-para-adultos\/","title":{"rendered":"SOLO PARA ADULTOS"},"content":{"rendered":"<p><strong>SOLO PARA ADULTOS.<\/strong><\/p>\n<p><strong>ASA AKIRA.<\/strong><\/p>\n<p>En Solo para adultos, la estrella del cine er\u00f3tico Asa Akira nos desvela los curiosos entresijos de un mundo tab\u00fa para algunos, atractivo para otros y desconocido para casi todos.<\/p>\n<p>Asa ha tenido una educaci\u00f3n privilegiada y una infancia con todo lo que una ni\u00f1a podr\u00eda desear. Sin embargo, al llegar a la adolescencia, la curiosidad por los placeres er\u00f3ticos la lleva a experimentar con multitud de situaciones, cargadas de sensualidad pero tambi\u00e9n de riesgo. Poco a poco, Asa comprende que solo el llamado \u00abcine para adultos\u00bb le ofrece la posibilidad de realizar todas sus fantas\u00edas.<br \/>\nEs as\u00ed como, ante el equipo de rodaje, mientras piensa en los millones de espectadores que disfrutar\u00e1n contemplando las escenas m\u00e1s atrevidas, Asa Akira se siente como una reina. Deseada, poderosa y bella. Pero triunfar en ese mundo exige un coste muy alto&#8230; Un precio que pocos est\u00e1n dispuestos a pagar.<\/p>\n<p>Sincera y cargada de iron\u00eda, la novela de Asa Akira nos abre la puerta al backstage del cine er\u00f3tico, pero a la vez es el relato divertido y honesto de una de sus estrellas m\u00e1s fulgurantes. Una mujer brillante y profundamente sexual.<\/p>\n<p>247 P\u00e1ginas.<\/p>\n<p>Tapa blanda 23 X 15 cm.<\/p>\n","protected":false},"excerpt":{"rendered":"<p>SOLO PARA ADULTOS. ASA AKIRA. En Solo para adultos, la estrella del cine er\u00f3tico Asa Akira nos desvela los curiosos<\/p>\n","protected":false},"featured_media":14982,"comment_status":"open","ping_status":"open","template":"","meta":[],"product_cat":[414],"product_tag":[416,415],"class_list":["post-14981","product","type-product","status-publish","has-post-thumbnail","hentry","product_cat-libros","product_tag-grijalbo","product_tag-random-house"],"bundled_by":[],"bundle_stock_status":"instock","bundle_stock_quantity":2,"bundle_virtual":false,"bundle_layout":"","bundle_add_to_cart_form_location":"","bundle_editable_in_cart":false,"bundle_sold_individually_context":"","bundle_item_grouping":"","bundle_min_size":"","bundle_max_size":"","bundled_items":[],"yoast_head":"<!-- This site is optimized with the Yoast SEO plugin v20.6 - https:\/\/yoast.com\/wordpress\/plugins\/seo\/ -->\n<title>SOLO PARA ADULTOS - Tienda Er\u00f3tica<\/title>\n<meta name=\"robots\" content=\"noindex, follow, max-snippet:-1, max-image-preview:large, max-video-preview:-1\" \/>\n<meta property=\"og:locale\" content=\"es_ES\" \/>\n<meta property=\"og:type\" content=\"article\" \/>\n<meta property=\"og:title\" content=\"SOLO PARA ADULTOS - Tienda Er\u00f3tica\" \/>\n<meta property=\"og:description\" content=\"SOLO PARA ADULTOS. ASA AKIRA. En Solo para adultos, la estrella del cine er\u00f3tico Asa Akira nos desvela los curiosos\" \/>\n<meta property=\"og:url\" content=\"https:\/\/demoweb.info\/sexshop001\/producto\/solo-para-adultos\/\" \/>\n<meta property=\"og:site_name\" content=\"Tienda Er\u00f3tica\" \/>\n<meta property=\"article:modified_time\" content=\"2022-01-22T09:25:31+00:00\" \/>\n<meta property=\"og:image\" content=\"https:\/\/demoweb.info\/sexshop001\/wp-content\/uploads\/2022\/01\/SOLO-PARA-ADULTOS.jpg\" \/>\n\t<meta property=\"og:image:width\" content=\"550\" \/>\n\t<meta property=\"og:image:height\" content=\"550\" \/>\n\t<meta property=\"og:image:type\" content=\"image\/jpeg\" \/>\n<meta name=\"twitter:card\" content=\"summary_large_image\" \/>\n<meta name=\"twitter:label1\" content=\"Tiempo de lectura\" \/>\n\t<meta name=\"twitter:data1\" content=\"1 minuto\" \/>\n<script type=\"application\/ld+json\" class=\"yoast-schema-graph\">{\"@context\":\"https:\/\/schema.org\",\"@graph\":[{\"@type\":\"WebPage\",\"@id\":\"https:\/\/demoweb.info\/sexshop001\/producto\/solo-para-adultos\/\",\"url\":\"https:\/\/demoweb.info\/sexshop001\/producto\/solo-para-adultos\/\",\"name\":\"SOLO PARA ADULTOS - Tienda Er\u00f3tica\",\"isPartOf\":{\"@id\":\"https:\/\/demoweb.info\/sexshop001\/#website\"},\"datePublished\":\"2022-01-22T09:25:30+00:00\",\"dateModified\":\"2022-01-22T09:25:31+00:00\",\"breadcrumb\":{\"@id\":\"https:\/\/demoweb.info\/sexshop001\/producto\/solo-para-adultos\/#breadcrumb\"},\"inLanguage\":\"es\",\"potentialAction\":[{\"@type\":\"ReadAction\",\"target\":[\"https:\/\/demoweb.info\/sexshop001\/producto\/solo-para-adultos\/\"]}]},{\"@type\":\"BreadcrumbList\",\"@id\":\"https:\/\/demoweb.info\/sexshop001\/producto\/solo-para-adultos\/#breadcrumb\",\"itemListElement\":[{\"@type\":\"ListItem\",\"position\":1,\"name\":\"Portada\",\"item\":\"https:\/\/demoweb.info\/sexshop001\/\"},{\"@type\":\"ListItem\",\"position\":2,\"name\":\"Tienda\",\"item\":\"https:\/\/demoweb.info\/sexshop001\/tienda\/\"},{\"@type\":\"ListItem\",\"position\":3,\"name\":\"SOLO PARA ADULTOS\"}]},{\"@type\":\"WebSite\",\"@id\":\"https:\/\/demoweb.info\/sexshop001\/#website\",\"url\":\"https:\/\/demoweb.info\/sexshop001\/\",\"name\":\"Tienda Er\u00f3tica\",\"description\":\"DEMOWEB SL\",\"potentialAction\":[{\"@type\":\"SearchAction\",\"target\":{\"@type\":\"EntryPoint\",\"urlTemplate\":\"https:\/\/demoweb.info\/sexshop001\/?s={search_term_string}\"},\"query-input\":\"required name=search_term_string\"}],\"inLanguage\":\"es\"}]}<\/script>\n<!-- \/ Yoast SEO plugin. -->","yoast_head_json":{"title":"SOLO PARA ADULTOS - Tienda Er\u00f3tica","robots":{"index":"noindex","follow":"follow","max-snippet":"max-snippet:-1","max-image-preview":"max-image-preview:large","max-video-preview":"max-video-preview:-1"},"og_locale":"es_ES","og_type":"article","og_title":"SOLO PARA ADULTOS - Tienda Er\u00f3tica","og_description":"SOLO PARA ADULTOS. ASA AKIRA. En Solo para adultos, la estrella del cine er\u00f3tico Asa Akira nos desvela los curiosos","og_url":"https:\/\/demoweb.info\/sexshop001\/producto\/solo-para-adultos\/","og_site_name":"Tienda Er\u00f3tica","article_modified_time":"2022-01-22T09:25:31+00:00","og_image":[{"width":550,"height":550,"url":"https:\/\/demoweb.info\/sexshop001\/wp-content\/uploads\/2022\/01\/SOLO-PARA-ADULTOS.jpg","type":"image\/jpeg"}],"twitter_card":"summary_large_image","twitter_misc":{"Tiempo de lectura":"1 minuto"},"schema":{"@context":"https:\/\/schema.org","@graph":[{"@type":"WebPage","@id":"https:\/\/demoweb.info\/sexshop001\/producto\/solo-para-adultos\/","url":"https:\/\/demoweb.info\/sexshop001\/producto\/solo-para-adultos\/","name":"SOLO PARA ADULTOS - Tienda Er\u00f3tica","isPartOf":{"@id":"https:\/\/demoweb.info\/sexshop001\/#website"},"datePublished":"2022-01-22T09:25:30+00:00","dateModified":"2022-01-22T09:25:31+00:00","breadcrumb":{"@id":"https:\/\/demoweb.info\/sexshop001\/producto\/solo-para-adultos\/#breadcrumb"},"inLanguage":"es","potentialAction":[{"@type":"ReadAction","target":["https:\/\/demoweb.info\/sexshop001\/producto\/solo-para-adultos\/"]}]},{"@type":"BreadcrumbList","@id":"https:\/\/demoweb.info\/sexshop001\/producto\/solo-para-adultos\/#breadcrumb","itemListElement":[{"@type":"ListItem","position":1,"name":"Portada","item":"https:\/\/demoweb.info\/sexshop001\/"},{"@type":"ListItem","position":2,"name":"Tienda","item":"https:\/\/demoweb.info\/sexshop001\/tienda\/"},{"@type":"ListItem","position":3,"name":"SOLO PARA ADULTOS"}]},{"@type":"WebSite","@id":"https:\/\/demoweb.info\/sexshop001\/#website","url":"https:\/\/demoweb.info\/sexshop001\/","name":"Tienda Er\u00f3tica","description":"DEMOWEB SL","potentialAction":[{"@type":"SearchAction","target":{"@type":"EntryPoint","urlTemplate":"https:\/\/demoweb.info\/sexshop001\/?s={search_term_string}"},"query-input":"required name=search_term_string"}],"inLanguage":"es"}]}},"_links":{"self":[{"href":"https:\/\/demoweb.info\/sexshop001\/wp-json\/wp\/v3\/product\/14981","targetHints":{"allow":["GET"]}}],"collection":[{"href":"https:\/\/demoweb.info\/sexshop001\/wp-json\/wp\/v3\/product"}],"about":[{"href":"https:\/\/demoweb.info\/sexshop001\/wp-json\/wp\/v2\/types\/product"}],"replies":[{"embeddable":true,"href":"https:\/\/demoweb.info\/sexshop001\/wp-json\/wp\/v2\/comments?post=14981"}],"wp:featuredmedia":[{"embeddable":true,"href":"https:\/\/demoweb.info\/sexshop001\/wp-json\/wp\/v2\/media\/14982"}],"wp:attachment":[{"href":"https:\/\/demoweb.info\/sexshop001\/wp-json\/wp\/v2\/media?parent=14981"}],"wp:term":[{"taxonomy":"product_cat","embeddable":true,"href":"https:\/\/demoweb.info\/sexshop001\/wp-json\/wp\/v2\/product_cat?post=14981"},{"taxonomy":"product_tag","embeddable":true,"href":"https:\/\/demoweb.info\/sexshop001\/wp-json\/wp\/v2\/product_tag?post=14981"}],"curies":[{"name":"wp","href":"https:\/\/api.w.org\/{rel}","templated":true}]}}