{"id":14932,"date":"2022-01-22T10:24:30","date_gmt":"2022-01-22T09:24:30","guid":{"rendered":"https:\/\/demoweb.info\/sexshop001\/producto\/deseado\/"},"modified":"2022-01-22T10:25:06","modified_gmt":"2022-01-22T09:25:06","slug":"deseado","status":"publish","type":"product","link":"https:\/\/demoweb.info\/sexshop001\/producto\/deseado\/","title":{"rendered":"DESEADO"},"content":{"rendered":"<p><strong>DESEADO<\/p>\n<p>J. KENNER<\/strong><\/p>\n<p>A sus veintitr\u00e9s a\u00f1os, Angelina Raine no est\u00e1 pasando por su mejor momento. Su t\u00edo y mentor, un marchante de arte comprensivo y culto, acaba de fallecer. Adem\u00e1s, \u00e9l era el \u00fanico que sab\u00eda que, tras esa fachada de chica perfecta y responsable, en realidad se esconde un alma m\u00e1s fr\u00e1gil de lo que nadie sospecha. Y es entonces cuando, de repente, reaparece en su vida alguien especial. Su nombre es Evan Black.<\/p>\n<p>Pocas mujeres pueden resistirse al poderoso atractivo de ese hombre del que emana un aire de peligro, un magnetismo salvaje&#8230; Pero Angie no es como las dem\u00e1s; ella lleva a\u00f1os secretamente enamorada de \u00e9l, desde que ella era una adolescente y Evan un joven ambicioso que, junto con sus dos amigos inseparables, Tyler y Cole, estaba dispuesto a comerse el mundo a cualquier precio.Ahora \u00e9l ha conseguido lo que se propon\u00eda: \u00e9xito, dinero y poder. Y, Angie, a pesar del halo misterioso que rodea a Evan, est\u00e1 decidida a conquistarlo.<\/p>\n<p>Deseado, la primera entrega de la nueva trilog\u00eda de J. Kenner, nos sumerge en una historia llena de emocion<\/p>\n<p>375 P\u00e1ginas.<\/p>\n<p>ISBN: 978-84-253-5231-7<\/p>\n","protected":false},"excerpt":{"rendered":"<p>DESEADO J. KENNER A sus veintitr\u00e9s a\u00f1os, Angelina Raine no est\u00e1 pasando por su mejor momento. Su t\u00edo y mentor,<\/p>\n","protected":false},"featured_media":14933,"comment_status":"open","ping_status":"open","template":"","meta":[],"product_cat":[414],"product_tag":[416,415],"class_list":["post-14932","product","type-product","status-publish","has-post-thumbnail","hentry","product_cat-libros","product_tag-grijalbo","product_tag-random-house"],"bundled_by":[],"bundle_stock_status":"instock","bundle_stock_quantity":1,"bundle_virtual":false,"bundle_layout":"","bundle_add_to_cart_form_location":"","bundle_editable_in_cart":false,"bundle_sold_individually_context":"","bundle_item_grouping":"","bundle_min_size":"","bundle_max_size":"","bundled_items":[],"yoast_head":"<!-- This site is optimized with the Yoast SEO plugin v20.6 - https:\/\/yoast.com\/wordpress\/plugins\/seo\/ -->\n<title>DESEADO - Tienda Er\u00f3tica<\/title>\n<meta name=\"robots\" content=\"noindex, follow, max-snippet:-1, max-image-preview:large, max-video-preview:-1\" \/>\n<meta property=\"og:locale\" content=\"es_ES\" \/>\n<meta property=\"og:type\" content=\"article\" \/>\n<meta property=\"og:title\" content=\"DESEADO - Tienda Er\u00f3tica\" \/>\n<meta property=\"og:description\" content=\"DESEADO J. KENNER A sus veintitr\u00e9s a\u00f1os, Angelina Raine no est\u00e1 pasando por su mejor momento. Su t\u00edo y mentor,\" \/>\n<meta property=\"og:url\" content=\"https:\/\/demoweb.info\/sexshop001\/producto\/deseado\/\" \/>\n<meta property=\"og:site_name\" content=\"Tienda Er\u00f3tica\" \/>\n<meta property=\"article:modified_time\" content=\"2022-01-22T09:25:06+00:00\" \/>\n<meta property=\"og:image\" content=\"https:\/\/demoweb.info\/sexshop001\/wp-content\/uploads\/2022\/01\/DESEADO.jpg\" \/>\n\t<meta property=\"og:image:width\" content=\"550\" \/>\n\t<meta property=\"og:image:height\" content=\"550\" \/>\n\t<meta property=\"og:image:type\" content=\"image\/jpeg\" \/>\n<meta name=\"twitter:card\" content=\"summary_large_image\" \/>\n<meta name=\"twitter:label1\" content=\"Tiempo de lectura\" \/>\n\t<meta name=\"twitter:data1\" content=\"1 minuto\" \/>\n<script type=\"application\/ld+json\" class=\"yoast-schema-graph\">{\"@context\":\"https:\/\/schema.org\",\"@graph\":[{\"@type\":\"WebPage\",\"@id\":\"https:\/\/demoweb.info\/sexshop001\/producto\/deseado\/\",\"url\":\"https:\/\/demoweb.info\/sexshop001\/producto\/deseado\/\",\"name\":\"DESEADO - Tienda Er\u00f3tica\",\"isPartOf\":{\"@id\":\"https:\/\/demoweb.info\/sexshop001\/#website\"},\"datePublished\":\"2022-01-22T09:24:30+00:00\",\"dateModified\":\"2022-01-22T09:25:06+00:00\",\"breadcrumb\":{\"@id\":\"https:\/\/demoweb.info\/sexshop001\/producto\/deseado\/#breadcrumb\"},\"inLanguage\":\"es\",\"potentialAction\":[{\"@type\":\"ReadAction\",\"target\":[\"https:\/\/demoweb.info\/sexshop001\/producto\/deseado\/\"]}]},{\"@type\":\"BreadcrumbList\",\"@id\":\"https:\/\/demoweb.info\/sexshop001\/producto\/deseado\/#breadcrumb\",\"itemListElement\":[{\"@type\":\"ListItem\",\"position\":1,\"name\":\"Portada\",\"item\":\"https:\/\/demoweb.info\/sexshop001\/\"},{\"@type\":\"ListItem\",\"position\":2,\"name\":\"Tienda\",\"item\":\"https:\/\/demoweb.info\/sexshop001\/tienda\/\"},{\"@type\":\"ListItem\",\"position\":3,\"name\":\"DESEADO\"}]},{\"@type\":\"WebSite\",\"@id\":\"https:\/\/demoweb.info\/sexshop001\/#website\",\"url\":\"https:\/\/demoweb.info\/sexshop001\/\",\"name\":\"Tienda Er\u00f3tica\",\"description\":\"DEMOWEB SL\",\"potentialAction\":[{\"@type\":\"SearchAction\",\"target\":{\"@type\":\"EntryPoint\",\"urlTemplate\":\"https:\/\/demoweb.info\/sexshop001\/?s={search_term_string}\"},\"query-input\":\"required name=search_term_string\"}],\"inLanguage\":\"es\"}]}<\/script>\n<!-- \/ Yoast SEO plugin. -->","yoast_head_json":{"title":"DESEADO - Tienda Er\u00f3tica","robots":{"index":"noindex","follow":"follow","max-snippet":"max-snippet:-1","max-image-preview":"max-image-preview:large","max-video-preview":"max-video-preview:-1"},"og_locale":"es_ES","og_type":"article","og_title":"DESEADO - Tienda Er\u00f3tica","og_description":"DESEADO J. KENNER A sus veintitr\u00e9s a\u00f1os, Angelina Raine no est\u00e1 pasando por su mejor momento. Su t\u00edo y mentor,","og_url":"https:\/\/demoweb.info\/sexshop001\/producto\/deseado\/","og_site_name":"Tienda Er\u00f3tica","article_modified_time":"2022-01-22T09:25:06+00:00","og_image":[{"width":550,"height":550,"url":"https:\/\/demoweb.info\/sexshop001\/wp-content\/uploads\/2022\/01\/DESEADO.jpg","type":"image\/jpeg"}],"twitter_card":"summary_large_image","twitter_misc":{"Tiempo de lectura":"1 minuto"},"schema":{"@context":"https:\/\/schema.org","@graph":[{"@type":"WebPage","@id":"https:\/\/demoweb.info\/sexshop001\/producto\/deseado\/","url":"https:\/\/demoweb.info\/sexshop001\/producto\/deseado\/","name":"DESEADO - Tienda Er\u00f3tica","isPartOf":{"@id":"https:\/\/demoweb.info\/sexshop001\/#website"},"datePublished":"2022-01-22T09:24:30+00:00","dateModified":"2022-01-22T09:25:06+00:00","breadcrumb":{"@id":"https:\/\/demoweb.info\/sexshop001\/producto\/deseado\/#breadcrumb"},"inLanguage":"es","potentialAction":[{"@type":"ReadAction","target":["https:\/\/demoweb.info\/sexshop001\/producto\/deseado\/"]}]},{"@type":"BreadcrumbList","@id":"https:\/\/demoweb.info\/sexshop001\/producto\/deseado\/#breadcrumb","itemListElement":[{"@type":"ListItem","position":1,"name":"Portada","item":"https:\/\/demoweb.info\/sexshop001\/"},{"@type":"ListItem","position":2,"name":"Tienda","item":"https:\/\/demoweb.info\/sexshop001\/tienda\/"},{"@type":"ListItem","position":3,"name":"DESEADO"}]},{"@type":"WebSite","@id":"https:\/\/demoweb.info\/sexshop001\/#website","url":"https:\/\/demoweb.info\/sexshop001\/","name":"Tienda Er\u00f3tica","description":"DEMOWEB SL","potentialAction":[{"@type":"SearchAction","target":{"@type":"EntryPoint","urlTemplate":"https:\/\/demoweb.info\/sexshop001\/?s={search_term_string}"},"query-input":"required name=search_term_string"}],"inLanguage":"es"}]}},"_links":{"self":[{"href":"https:\/\/demoweb.info\/sexshop001\/wp-json\/wp\/v3\/product\/14932","targetHints":{"allow":["GET"]}}],"collection":[{"href":"https:\/\/demoweb.info\/sexshop001\/wp-json\/wp\/v3\/product"}],"about":[{"href":"https:\/\/demoweb.info\/sexshop001\/wp-json\/wp\/v2\/types\/product"}],"replies":[{"embeddable":true,"href":"https:\/\/demoweb.info\/sexshop001\/wp-json\/wp\/v2\/comments?post=14932"}],"wp:featuredmedia":[{"embeddable":true,"href":"https:\/\/demoweb.info\/sexshop001\/wp-json\/wp\/v2\/media\/14933"}],"wp:attachment":[{"href":"https:\/\/demoweb.info\/sexshop001\/wp-json\/wp\/v2\/media?parent=14932"}],"wp:term":[{"taxonomy":"product_cat","embeddable":true,"href":"https:\/\/demoweb.info\/sexshop001\/wp-json\/wp\/v2\/product_cat?post=14932"},{"taxonomy":"product_tag","embeddable":true,"href":"https:\/\/demoweb.info\/sexshop001\/wp-json\/wp\/v2\/product_tag?post=14932"}],"curies":[{"name":"wp","href":"https:\/\/api.w.org\/{rel}","templated":true}]}}