{"id":14920,"date":"2022-01-22T10:24:30","date_gmt":"2022-01-22T09:24:30","guid":{"rendered":"https:\/\/demoweb.info\/sexshop001\/producto\/french-kiss-casanova-estimulador-sexo-oral\/"},"modified":"2022-01-22T10:25:01","modified_gmt":"2022-01-22T09:25:01","slug":"french-kiss-casanova-estimulador-sexo-oral","status":"publish","type":"product","link":"https:\/\/demoweb.info\/sexshop001\/producto\/french-kiss-casanova-estimulador-sexo-oral\/","title":{"rendered":"FRENCH KISS CASANOVA &#8211; ESTIMULADOR SEXO ORAL"},"content":{"rendered":"<p><strong>FRENCH KISS CASANOVA<\/strong><\/p>\n<p>Oh Casanova! El sensual French Kiss Casanova es un teaser parpadeante irresistible con una poderosa bala vibrante que hace que el juego sea realmente apasionante. Esta vibraci\u00f3n poderosa le mostrar\u00e1 un verdadero \u00e9xtasis con cada parpadeo del teaser, motores de vibraci\u00f3n duales y 12 funciones de vibraci\u00f3n.<\/p>\n<p>Mientras que el teaser parpadeante hace su magia, la poderosa bala se flexiona y se mueve con su cuerpo para ofrecer vibraciones que le sacuden las rodillas. El teaser y la bala se pueden usar de forma independiente o simult\u00e1nea para una estimulaci\u00f3n impresionante. La cucharada de contacto completo y el teaser aleteo de la lengua han sido dise\u00f1ados para contornear perfectamente tus puntos de placer m\u00e1s \u00edntimos.<\/p>\n<p>La silicona suave y flexible y el cuerpo contorneado sensualmente le permiten ofrecer un placer puro y preciso casi en \u00e1ngulo. Use el bot\u00f3n de toque f\u00e1cil para controlar hasta 70 minutos de placer vibratorio a baja velocidad y 50 minutos a alta velocidad. Recargue su placer en solo 100 minutos con el cable USB provisto en el puerto de carga de recuperaci\u00f3n autom\u00e1tica del masajeador.<\/p>\n<p>El tama\u00f1o discreto del mini masajeador y el bot\u00f3n de bloqueo de viaje lo convierten en el compa\u00f1ero de viaje perfecto, permiti\u00e9ndote abrazar el placer radiante donde sea que te lleven tus fantas\u00edas.<\/p>\n<p>Caracter\u00edsticas:<\/p>\n<ul>\n<li>12 modos de vibraci\u00f3n<\/li>\n<li>Impermeable<\/li>\n<li>Material: Silicona y pl\u00e1stico ABS<\/li>\n<li>Recargable con USB<\/li>\n<li>Medidas bala: 7 x 3,75 cm<\/li>\n<li>Longitud total: 42 cm<\/li>\n<\/ul>\n","protected":false},"excerpt":{"rendered":"<p>FRENCH KISS CASANOVA Oh Casanova! El sensual French Kiss Casanova es un teaser parpadeante irresistible con una poderosa bala vibrante<\/p>\n","protected":false},"featured_media":14921,"comment_status":"open","ping_status":"open","template":"","meta":[],"product_cat":[370],"product_tag":[660,811],"class_list":["post-14920","product","type-product","status-publish","has-post-thumbnail","hentry","product_cat-clitoris","product_tag-calexotics","product_tag-calexotics-french-kiss"],"bundled_by":[],"bundle_stock_status":"instock","bundle_stock_quantity":2,"bundle_virtual":false,"bundle_layout":"","bundle_add_to_cart_form_location":"","bundle_editable_in_cart":false,"bundle_sold_individually_context":"","bundle_item_grouping":"","bundle_min_size":"","bundle_max_size":"","bundled_items":[],"yoast_head":"<!-- This site is optimized with the Yoast SEO plugin v20.6 - https:\/\/yoast.com\/wordpress\/plugins\/seo\/ -->\n<title>FRENCH KISS CASANOVA - ESTIMULADOR SEXO ORAL - Tienda Er\u00f3tica<\/title>\n<meta name=\"robots\" content=\"noindex, follow, max-snippet:-1, max-image-preview:large, max-video-preview:-1\" \/>\n<meta property=\"og:locale\" content=\"es_ES\" \/>\n<meta property=\"og:type\" content=\"article\" \/>\n<meta property=\"og:title\" content=\"FRENCH KISS CASANOVA - ESTIMULADOR SEXO ORAL - Tienda Er\u00f3tica\" \/>\n<meta property=\"og:description\" content=\"FRENCH KISS CASANOVA Oh Casanova! El sensual French Kiss Casanova es un teaser parpadeante irresistible con una poderosa bala vibrante\" \/>\n<meta property=\"og:url\" content=\"https:\/\/demoweb.info\/sexshop001\/producto\/french-kiss-casanova-estimulador-sexo-oral\/\" \/>\n<meta property=\"og:site_name\" content=\"Tienda Er\u00f3tica\" \/>\n<meta property=\"article:modified_time\" content=\"2022-01-22T09:25:01+00:00\" \/>\n<meta property=\"og:image\" content=\"https:\/\/demoweb.info\/sexshop001\/wp-content\/uploads\/2022\/01\/FRENCH-KISS-CASANOVA-ESTIMULADOR-SEXO-ORAL.jpg\" \/>\n\t<meta property=\"og:image:width\" content=\"550\" \/>\n\t<meta property=\"og:image:height\" content=\"550\" \/>\n\t<meta property=\"og:image:type\" content=\"image\/jpeg\" \/>\n<meta name=\"twitter:card\" content=\"summary_large_image\" \/>\n<meta name=\"twitter:label1\" content=\"Tiempo de lectura\" \/>\n\t<meta name=\"twitter:data1\" content=\"1 minuto\" \/>\n<script type=\"application\/ld+json\" class=\"yoast-schema-graph\">{\"@context\":\"https:\/\/schema.org\",\"@graph\":[{\"@type\":\"WebPage\",\"@id\":\"https:\/\/demoweb.info\/sexshop001\/producto\/french-kiss-casanova-estimulador-sexo-oral\/\",\"url\":\"https:\/\/demoweb.info\/sexshop001\/producto\/french-kiss-casanova-estimulador-sexo-oral\/\",\"name\":\"FRENCH KISS CASANOVA - ESTIMULADOR SEXO ORAL - Tienda Er\u00f3tica\",\"isPartOf\":{\"@id\":\"https:\/\/demoweb.info\/sexshop001\/#website\"},\"datePublished\":\"2022-01-22T09:24:30+00:00\",\"dateModified\":\"2022-01-22T09:25:01+00:00\",\"breadcrumb\":{\"@id\":\"https:\/\/demoweb.info\/sexshop001\/producto\/french-kiss-casanova-estimulador-sexo-oral\/#breadcrumb\"},\"inLanguage\":\"es\",\"potentialAction\":[{\"@type\":\"ReadAction\",\"target\":[\"https:\/\/demoweb.info\/sexshop001\/producto\/french-kiss-casanova-estimulador-sexo-oral\/\"]}]},{\"@type\":\"BreadcrumbList\",\"@id\":\"https:\/\/demoweb.info\/sexshop001\/producto\/french-kiss-casanova-estimulador-sexo-oral\/#breadcrumb\",\"itemListElement\":[{\"@type\":\"ListItem\",\"position\":1,\"name\":\"Portada\",\"item\":\"https:\/\/demoweb.info\/sexshop001\/\"},{\"@type\":\"ListItem\",\"position\":2,\"name\":\"Tienda\",\"item\":\"https:\/\/demoweb.info\/sexshop001\/tienda\/\"},{\"@type\":\"ListItem\",\"position\":3,\"name\":\"FRENCH KISS CASANOVA &#8211; ESTIMULADOR SEXO ORAL\"}]},{\"@type\":\"WebSite\",\"@id\":\"https:\/\/demoweb.info\/sexshop001\/#website\",\"url\":\"https:\/\/demoweb.info\/sexshop001\/\",\"name\":\"Tienda Er\u00f3tica\",\"description\":\"DEMOWEB SL\",\"potentialAction\":[{\"@type\":\"SearchAction\",\"target\":{\"@type\":\"EntryPoint\",\"urlTemplate\":\"https:\/\/demoweb.info\/sexshop001\/?s={search_term_string}\"},\"query-input\":\"required name=search_term_string\"}],\"inLanguage\":\"es\"}]}<\/script>\n<!-- \/ Yoast SEO plugin. -->","yoast_head_json":{"title":"FRENCH KISS CASANOVA - ESTIMULADOR SEXO ORAL - Tienda Er\u00f3tica","robots":{"index":"noindex","follow":"follow","max-snippet":"max-snippet:-1","max-image-preview":"max-image-preview:large","max-video-preview":"max-video-preview:-1"},"og_locale":"es_ES","og_type":"article","og_title":"FRENCH KISS CASANOVA - ESTIMULADOR SEXO ORAL - Tienda Er\u00f3tica","og_description":"FRENCH KISS CASANOVA Oh Casanova! El sensual French Kiss Casanova es un teaser parpadeante irresistible con una poderosa bala vibrante","og_url":"https:\/\/demoweb.info\/sexshop001\/producto\/french-kiss-casanova-estimulador-sexo-oral\/","og_site_name":"Tienda Er\u00f3tica","article_modified_time":"2022-01-22T09:25:01+00:00","og_image":[{"width":550,"height":550,"url":"https:\/\/demoweb.info\/sexshop001\/wp-content\/uploads\/2022\/01\/FRENCH-KISS-CASANOVA-ESTIMULADOR-SEXO-ORAL.jpg","type":"image\/jpeg"}],"twitter_card":"summary_large_image","twitter_misc":{"Tiempo de lectura":"1 minuto"},"schema":{"@context":"https:\/\/schema.org","@graph":[{"@type":"WebPage","@id":"https:\/\/demoweb.info\/sexshop001\/producto\/french-kiss-casanova-estimulador-sexo-oral\/","url":"https:\/\/demoweb.info\/sexshop001\/producto\/french-kiss-casanova-estimulador-sexo-oral\/","name":"FRENCH KISS CASANOVA - ESTIMULADOR SEXO ORAL - Tienda Er\u00f3tica","isPartOf":{"@id":"https:\/\/demoweb.info\/sexshop001\/#website"},"datePublished":"2022-01-22T09:24:30+00:00","dateModified":"2022-01-22T09:25:01+00:00","breadcrumb":{"@id":"https:\/\/demoweb.info\/sexshop001\/producto\/french-kiss-casanova-estimulador-sexo-oral\/#breadcrumb"},"inLanguage":"es","potentialAction":[{"@type":"ReadAction","target":["https:\/\/demoweb.info\/sexshop001\/producto\/french-kiss-casanova-estimulador-sexo-oral\/"]}]},{"@type":"BreadcrumbList","@id":"https:\/\/demoweb.info\/sexshop001\/producto\/french-kiss-casanova-estimulador-sexo-oral\/#breadcrumb","itemListElement":[{"@type":"ListItem","position":1,"name":"Portada","item":"https:\/\/demoweb.info\/sexshop001\/"},{"@type":"ListItem","position":2,"name":"Tienda","item":"https:\/\/demoweb.info\/sexshop001\/tienda\/"},{"@type":"ListItem","position":3,"name":"FRENCH KISS CASANOVA &#8211; ESTIMULADOR SEXO ORAL"}]},{"@type":"WebSite","@id":"https:\/\/demoweb.info\/sexshop001\/#website","url":"https:\/\/demoweb.info\/sexshop001\/","name":"Tienda Er\u00f3tica","description":"DEMOWEB SL","potentialAction":[{"@type":"SearchAction","target":{"@type":"EntryPoint","urlTemplate":"https:\/\/demoweb.info\/sexshop001\/?s={search_term_string}"},"query-input":"required name=search_term_string"}],"inLanguage":"es"}]}},"_links":{"self":[{"href":"https:\/\/demoweb.info\/sexshop001\/wp-json\/wp\/v3\/product\/14920","targetHints":{"allow":["GET"]}}],"collection":[{"href":"https:\/\/demoweb.info\/sexshop001\/wp-json\/wp\/v3\/product"}],"about":[{"href":"https:\/\/demoweb.info\/sexshop001\/wp-json\/wp\/v2\/types\/product"}],"replies":[{"embeddable":true,"href":"https:\/\/demoweb.info\/sexshop001\/wp-json\/wp\/v2\/comments?post=14920"}],"wp:featuredmedia":[{"embeddable":true,"href":"https:\/\/demoweb.info\/sexshop001\/wp-json\/wp\/v2\/media\/14921"}],"wp:attachment":[{"href":"https:\/\/demoweb.info\/sexshop001\/wp-json\/wp\/v2\/media?parent=14920"}],"wp:term":[{"taxonomy":"product_cat","embeddable":true,"href":"https:\/\/demoweb.info\/sexshop001\/wp-json\/wp\/v2\/product_cat?post=14920"},{"taxonomy":"product_tag","embeddable":true,"href":"https:\/\/demoweb.info\/sexshop001\/wp-json\/wp\/v2\/product_tag?post=14920"}],"curies":[{"name":"wp","href":"https:\/\/api.w.org\/{rel}","templated":true}]}}