{"id":14884,"date":"2022-01-22T10:24:30","date_gmt":"2022-01-22T09:24:30","guid":{"rendered":"https:\/\/demoweb.info\/sexshop001\/producto\/ultimate-stud-extender-funda-estimuladora-gris\/"},"modified":"2022-01-22T10:24:44","modified_gmt":"2022-01-22T09:24:44","slug":"ultimate-stud-extender-funda-estimuladora-gris","status":"publish","type":"product","link":"https:\/\/demoweb.info\/sexshop001\/producto\/ultimate-stud-extender-funda-estimuladora-gris\/","title":{"rendered":"ULTIMATE STUD EXTENDER &#8211; FUNDA ESTIMULADORA GRIS"},"content":{"rendered":"<p><strong>ULTIMATE STUD EXTENDER <\/strong><\/p>\n<p>Disfruta de una satisfacci\u00f3n mutua con el poderoso potenciador masculino Ultimate Extender. Si bien la succi\u00f3n de la manga del extremo cerrado y la c\u00e1mara acanalada lo emocionan, la circunferencia adicional, la textura tachonada emocionante y las 16 cm de longitud dejar\u00e1n a tu dama temblando.<\/p>\n<p>La correa de escroto incorporada y la manga gruesa proporcionaron un soporte de erecci\u00f3n adicional y aumentaron la resistencia para prolongar e intensificar el placer de cualquier pareja. Aumenta tu placer y nunca te conformes con menos cuando se trata de tama\u00f1o, este extensor s\u00faper el\u00e1stico con correa de escroto de apoyo har\u00e1 que tu y tu amante anheleis m\u00e1s, m\u00e1s, m\u00e1s.<\/p>\n<p>Nuestro potenciador s\u00faper el\u00e1stico se estira para adaptarse a cualquier tama\u00f1o de hombre. El TPE suave y el\u00e1stico no tiene perfume, no contiene ftalato ni mantenimiento para mantener sus puntos m\u00e1s sensibles, felices y saludables. Disfruta de una limpieza f\u00e1cil con esta funda de estimulador libre de mantenimiento, simplemente l\u00e1vese con jab\u00f3n y agua tibia antes y despu\u00e9s de cada uso. Use abundante lubricante para una f\u00e1cil inserci\u00f3n.<\/p>\n<p>Caracter\u00edsticas:<\/p>\n<ul>\n<li>Impermeable<\/li>\n<li>Material: TPE<\/li>\n<li>Medidas: 16 x 4,5 cm<\/li>\n<\/ul>\n","protected":false},"excerpt":{"rendered":"<p>ULTIMATE STUD EXTENDER Disfruta de una satisfacci\u00f3n mutua con el poderoso potenciador masculino Ultimate Extender. Si bien la succi\u00f3n de<\/p>\n","protected":false},"featured_media":14885,"comment_status":"open","ping_status":"open","template":"","meta":[],"product_cat":[543],"product_tag":[660,808],"class_list":["post-14884","product","type-product","status-publish","has-post-thumbnail","hentry","product_cat-fundas","product_tag-calexotics","product_tag-extensions"],"bundled_by":[],"bundle_stock_status":"outofstock","bundle_stock_quantity":0,"bundle_virtual":false,"bundle_layout":"","bundle_add_to_cart_form_location":"","bundle_editable_in_cart":false,"bundle_sold_individually_context":"","bundle_item_grouping":"","bundle_min_size":"","bundle_max_size":"","bundled_items":[],"yoast_head":"<!-- This site is optimized with the Yoast SEO plugin v20.6 - https:\/\/yoast.com\/wordpress\/plugins\/seo\/ -->\n<title>ULTIMATE STUD EXTENDER - FUNDA ESTIMULADORA GRIS - Tienda Er\u00f3tica<\/title>\n<meta name=\"robots\" content=\"noindex, follow, max-snippet:-1, max-image-preview:large, max-video-preview:-1\" \/>\n<meta property=\"og:locale\" content=\"es_ES\" \/>\n<meta property=\"og:type\" content=\"article\" \/>\n<meta property=\"og:title\" content=\"ULTIMATE STUD EXTENDER - FUNDA ESTIMULADORA GRIS - Tienda Er\u00f3tica\" \/>\n<meta property=\"og:description\" content=\"ULTIMATE STUD EXTENDER Disfruta de una satisfacci\u00f3n mutua con el poderoso potenciador masculino Ultimate Extender. Si bien la succi\u00f3n de\" \/>\n<meta property=\"og:url\" content=\"https:\/\/demoweb.info\/sexshop001\/producto\/ultimate-stud-extender-funda-estimuladora-gris\/\" \/>\n<meta property=\"og:site_name\" content=\"Tienda Er\u00f3tica\" \/>\n<meta property=\"article:modified_time\" content=\"2022-01-22T09:24:44+00:00\" \/>\n<meta property=\"og:image\" content=\"https:\/\/demoweb.info\/sexshop001\/wp-content\/uploads\/2022\/01\/ULTIMATE-STUD-EXTENDER-FUNDA-ESTIMULADORA-GRIS.jpg\" \/>\n\t<meta property=\"og:image:width\" content=\"550\" \/>\n\t<meta property=\"og:image:height\" content=\"550\" \/>\n\t<meta property=\"og:image:type\" content=\"image\/jpeg\" \/>\n<meta name=\"twitter:card\" content=\"summary_large_image\" \/>\n<meta name=\"twitter:label1\" content=\"Tiempo de lectura\" \/>\n\t<meta name=\"twitter:data1\" content=\"1 minuto\" \/>\n<script type=\"application\/ld+json\" class=\"yoast-schema-graph\">{\"@context\":\"https:\/\/schema.org\",\"@graph\":[{\"@type\":\"WebPage\",\"@id\":\"https:\/\/demoweb.info\/sexshop001\/producto\/ultimate-stud-extender-funda-estimuladora-gris\/\",\"url\":\"https:\/\/demoweb.info\/sexshop001\/producto\/ultimate-stud-extender-funda-estimuladora-gris\/\",\"name\":\"ULTIMATE STUD EXTENDER - FUNDA ESTIMULADORA GRIS - Tienda Er\u00f3tica\",\"isPartOf\":{\"@id\":\"https:\/\/demoweb.info\/sexshop001\/#website\"},\"datePublished\":\"2022-01-22T09:24:30+00:00\",\"dateModified\":\"2022-01-22T09:24:44+00:00\",\"breadcrumb\":{\"@id\":\"https:\/\/demoweb.info\/sexshop001\/producto\/ultimate-stud-extender-funda-estimuladora-gris\/#breadcrumb\"},\"inLanguage\":\"es\",\"potentialAction\":[{\"@type\":\"ReadAction\",\"target\":[\"https:\/\/demoweb.info\/sexshop001\/producto\/ultimate-stud-extender-funda-estimuladora-gris\/\"]}]},{\"@type\":\"BreadcrumbList\",\"@id\":\"https:\/\/demoweb.info\/sexshop001\/producto\/ultimate-stud-extender-funda-estimuladora-gris\/#breadcrumb\",\"itemListElement\":[{\"@type\":\"ListItem\",\"position\":1,\"name\":\"Portada\",\"item\":\"https:\/\/demoweb.info\/sexshop001\/\"},{\"@type\":\"ListItem\",\"position\":2,\"name\":\"Tienda\",\"item\":\"https:\/\/demoweb.info\/sexshop001\/tienda\/\"},{\"@type\":\"ListItem\",\"position\":3,\"name\":\"ULTIMATE STUD EXTENDER &#8211; FUNDA ESTIMULADORA GRIS\"}]},{\"@type\":\"WebSite\",\"@id\":\"https:\/\/demoweb.info\/sexshop001\/#website\",\"url\":\"https:\/\/demoweb.info\/sexshop001\/\",\"name\":\"Tienda Er\u00f3tica\",\"description\":\"DEMOWEB SL\",\"potentialAction\":[{\"@type\":\"SearchAction\",\"target\":{\"@type\":\"EntryPoint\",\"urlTemplate\":\"https:\/\/demoweb.info\/sexshop001\/?s={search_term_string}\"},\"query-input\":\"required name=search_term_string\"}],\"inLanguage\":\"es\"}]}<\/script>\n<!-- \/ Yoast SEO plugin. -->","yoast_head_json":{"title":"ULTIMATE STUD EXTENDER - FUNDA ESTIMULADORA GRIS - Tienda Er\u00f3tica","robots":{"index":"noindex","follow":"follow","max-snippet":"max-snippet:-1","max-image-preview":"max-image-preview:large","max-video-preview":"max-video-preview:-1"},"og_locale":"es_ES","og_type":"article","og_title":"ULTIMATE STUD EXTENDER - FUNDA ESTIMULADORA GRIS - Tienda Er\u00f3tica","og_description":"ULTIMATE STUD EXTENDER Disfruta de una satisfacci\u00f3n mutua con el poderoso potenciador masculino Ultimate Extender. Si bien la succi\u00f3n de","og_url":"https:\/\/demoweb.info\/sexshop001\/producto\/ultimate-stud-extender-funda-estimuladora-gris\/","og_site_name":"Tienda Er\u00f3tica","article_modified_time":"2022-01-22T09:24:44+00:00","og_image":[{"width":550,"height":550,"url":"https:\/\/demoweb.info\/sexshop001\/wp-content\/uploads\/2022\/01\/ULTIMATE-STUD-EXTENDER-FUNDA-ESTIMULADORA-GRIS.jpg","type":"image\/jpeg"}],"twitter_card":"summary_large_image","twitter_misc":{"Tiempo de lectura":"1 minuto"},"schema":{"@context":"https:\/\/schema.org","@graph":[{"@type":"WebPage","@id":"https:\/\/demoweb.info\/sexshop001\/producto\/ultimate-stud-extender-funda-estimuladora-gris\/","url":"https:\/\/demoweb.info\/sexshop001\/producto\/ultimate-stud-extender-funda-estimuladora-gris\/","name":"ULTIMATE STUD EXTENDER - FUNDA ESTIMULADORA GRIS - Tienda Er\u00f3tica","isPartOf":{"@id":"https:\/\/demoweb.info\/sexshop001\/#website"},"datePublished":"2022-01-22T09:24:30+00:00","dateModified":"2022-01-22T09:24:44+00:00","breadcrumb":{"@id":"https:\/\/demoweb.info\/sexshop001\/producto\/ultimate-stud-extender-funda-estimuladora-gris\/#breadcrumb"},"inLanguage":"es","potentialAction":[{"@type":"ReadAction","target":["https:\/\/demoweb.info\/sexshop001\/producto\/ultimate-stud-extender-funda-estimuladora-gris\/"]}]},{"@type":"BreadcrumbList","@id":"https:\/\/demoweb.info\/sexshop001\/producto\/ultimate-stud-extender-funda-estimuladora-gris\/#breadcrumb","itemListElement":[{"@type":"ListItem","position":1,"name":"Portada","item":"https:\/\/demoweb.info\/sexshop001\/"},{"@type":"ListItem","position":2,"name":"Tienda","item":"https:\/\/demoweb.info\/sexshop001\/tienda\/"},{"@type":"ListItem","position":3,"name":"ULTIMATE STUD EXTENDER &#8211; FUNDA ESTIMULADORA GRIS"}]},{"@type":"WebSite","@id":"https:\/\/demoweb.info\/sexshop001\/#website","url":"https:\/\/demoweb.info\/sexshop001\/","name":"Tienda Er\u00f3tica","description":"DEMOWEB SL","potentialAction":[{"@type":"SearchAction","target":{"@type":"EntryPoint","urlTemplate":"https:\/\/demoweb.info\/sexshop001\/?s={search_term_string}"},"query-input":"required name=search_term_string"}],"inLanguage":"es"}]}},"_links":{"self":[{"href":"https:\/\/demoweb.info\/sexshop001\/wp-json\/wp\/v3\/product\/14884","targetHints":{"allow":["GET"]}}],"collection":[{"href":"https:\/\/demoweb.info\/sexshop001\/wp-json\/wp\/v3\/product"}],"about":[{"href":"https:\/\/demoweb.info\/sexshop001\/wp-json\/wp\/v2\/types\/product"}],"replies":[{"embeddable":true,"href":"https:\/\/demoweb.info\/sexshop001\/wp-json\/wp\/v2\/comments?post=14884"}],"wp:featuredmedia":[{"embeddable":true,"href":"https:\/\/demoweb.info\/sexshop001\/wp-json\/wp\/v2\/media\/14885"}],"wp:attachment":[{"href":"https:\/\/demoweb.info\/sexshop001\/wp-json\/wp\/v2\/media?parent=14884"}],"wp:term":[{"taxonomy":"product_cat","embeddable":true,"href":"https:\/\/demoweb.info\/sexshop001\/wp-json\/wp\/v2\/product_cat?post=14884"},{"taxonomy":"product_tag","embeddable":true,"href":"https:\/\/demoweb.info\/sexshop001\/wp-json\/wp\/v2\/product_tag?post=14884"}],"curies":[{"name":"wp","href":"https:\/\/api.w.org\/{rel}","templated":true}]}}