{"id":14842,"date":"2022-01-22T10:24:01","date_gmt":"2022-01-22T09:24:01","guid":{"rendered":"https:\/\/demoweb.info\/sexshop001\/producto\/the-royal-sensual-set-gris\/"},"modified":"2022-01-22T10:24:25","modified_gmt":"2022-01-22T09:24:25","slug":"the-royal-sensual-set-gris","status":"publish","type":"product","link":"https:\/\/demoweb.info\/sexshop001\/producto\/the-royal-sensual-set-gris\/","title":{"rendered":"THE ROYAL SENSUAL SET &#8211; GRIS"},"content":{"rendered":"<p><strong>THE ROYAL SENSUAL SET <\/strong><\/p>\n<p>Hecho para sumergirte en el emocionante mundo de un placer profundamente satisfactorio con Her Royal Harness The Royal Sensual Set. Cada juego incluye la Regal Princess y la Sensual Probe con 3 anillos intercambiables.<\/p>\n<p>El eje perfectamente angulado, la punta bulbosa y la fuerte base de la ventosa le permiten proporcionar una estimulaci\u00f3n precisa con cada empuje de la Sensual Probe. El eje curvo y la punta acentuada del punto G proporcionan una estimulaci\u00f3n mutua interna profundamente org\u00e1smica.<\/p>\n<p>La potente base de ventosa es perfecta para el juego creativo de manos libres, simplemente desl\u00edzate en tu arn\u00e9s favorito o m\u00f3ntalo en una superficie plana para pasar un mal momento.<\/p>\n<p>Mant\u00e9ngase c\u00f3modo mientras se sienta c\u00f3modo con su amante con este arn\u00e9s de mujer, cuero vegano suave, forro de terciopelo de felpa y correa ancha de soporte para la espalda baja. Disfrute de la lencer\u00eda de dise\u00f1o con cuero sint\u00e9tico gris y detalles en metal sin n\u00edquel.<\/p>\n<p>Abraza el juego sin inhibiciones, el placer sin l\u00edmites y deja volar tus fantas\u00edas con este dise\u00f1o lujurioso sin entrepierna de este arn\u00e9s. Este delicado arn\u00e9s es compatible con la mayor\u00eda de las sondas y todas las sondas ME2.<\/p>\n<p>Materiales: dildo de silicona; arn\u00e9s de pvc sin phalatos y poli\u00e9ster; y anillos de acero sin niquel.<\/p>\n<p>Medidas: <\/p>\n<ul>\n<li>Arn\u00e9s ajustable hasta 162,5 cm<\/li>\n<li>Dildo: 16,5 x 3,75 cm<\/li>\n<li>Di\u00e1metros de los anillos: 3,75 cm (peque\u00f1o); 4,5 cm (mediano); 5 cm (grande).<\/li>\n<\/ul>\n","protected":false},"excerpt":{"rendered":"<p>THE ROYAL SENSUAL SET Hecho para sumergirte en el emocionante mundo de un placer profundamente satisfactorio con Her Royal Harness<\/p>\n","protected":false},"featured_media":14843,"comment_status":"open","ping_status":"open","template":"","meta":[],"product_cat":[632],"product_tag":[660,807],"class_list":["post-14842","product","type-product","status-publish","has-post-thumbnail","hentry","product_cat-silicona-con-dildo","product_tag-calexotics","product_tag-her-royal"],"bundled_by":[],"bundle_stock_status":"outofstock","bundle_stock_quantity":0,"bundle_virtual":false,"bundle_layout":"","bundle_add_to_cart_form_location":"","bundle_editable_in_cart":false,"bundle_sold_individually_context":"","bundle_item_grouping":"","bundle_min_size":"","bundle_max_size":"","bundled_items":[],"yoast_head":"<!-- This site is optimized with the Yoast SEO plugin v20.6 - https:\/\/yoast.com\/wordpress\/plugins\/seo\/ -->\n<title>THE ROYAL SENSUAL SET - GRIS - Tienda Er\u00f3tica<\/title>\n<meta name=\"robots\" content=\"noindex, follow, max-snippet:-1, max-image-preview:large, max-video-preview:-1\" \/>\n<meta property=\"og:locale\" content=\"es_ES\" \/>\n<meta property=\"og:type\" content=\"article\" \/>\n<meta property=\"og:title\" content=\"THE ROYAL SENSUAL SET - GRIS - Tienda Er\u00f3tica\" \/>\n<meta property=\"og:description\" content=\"THE ROYAL SENSUAL SET Hecho para sumergirte en el emocionante mundo de un placer profundamente satisfactorio con Her Royal Harness\" \/>\n<meta property=\"og:url\" content=\"https:\/\/demoweb.info\/sexshop001\/producto\/the-royal-sensual-set-gris\/\" \/>\n<meta property=\"og:site_name\" content=\"Tienda Er\u00f3tica\" \/>\n<meta property=\"article:modified_time\" content=\"2022-01-22T09:24:25+00:00\" \/>\n<meta property=\"og:image\" content=\"https:\/\/demoweb.info\/sexshop001\/wp-content\/uploads\/2022\/01\/THE-ROYAL-SENSUAL-SET-GRIS.jpg\" \/>\n\t<meta property=\"og:image:width\" content=\"550\" \/>\n\t<meta property=\"og:image:height\" content=\"550\" \/>\n\t<meta property=\"og:image:type\" content=\"image\/jpeg\" \/>\n<meta name=\"twitter:card\" content=\"summary_large_image\" \/>\n<meta name=\"twitter:label1\" content=\"Tiempo de lectura\" \/>\n\t<meta name=\"twitter:data1\" content=\"1 minuto\" \/>\n<script type=\"application\/ld+json\" class=\"yoast-schema-graph\">{\"@context\":\"https:\/\/schema.org\",\"@graph\":[{\"@type\":\"WebPage\",\"@id\":\"https:\/\/demoweb.info\/sexshop001\/producto\/the-royal-sensual-set-gris\/\",\"url\":\"https:\/\/demoweb.info\/sexshop001\/producto\/the-royal-sensual-set-gris\/\",\"name\":\"THE ROYAL SENSUAL SET - GRIS - Tienda Er\u00f3tica\",\"isPartOf\":{\"@id\":\"https:\/\/demoweb.info\/sexshop001\/#website\"},\"datePublished\":\"2022-01-22T09:24:01+00:00\",\"dateModified\":\"2022-01-22T09:24:25+00:00\",\"breadcrumb\":{\"@id\":\"https:\/\/demoweb.info\/sexshop001\/producto\/the-royal-sensual-set-gris\/#breadcrumb\"},\"inLanguage\":\"es\",\"potentialAction\":[{\"@type\":\"ReadAction\",\"target\":[\"https:\/\/demoweb.info\/sexshop001\/producto\/the-royal-sensual-set-gris\/\"]}]},{\"@type\":\"BreadcrumbList\",\"@id\":\"https:\/\/demoweb.info\/sexshop001\/producto\/the-royal-sensual-set-gris\/#breadcrumb\",\"itemListElement\":[{\"@type\":\"ListItem\",\"position\":1,\"name\":\"Portada\",\"item\":\"https:\/\/demoweb.info\/sexshop001\/\"},{\"@type\":\"ListItem\",\"position\":2,\"name\":\"Tienda\",\"item\":\"https:\/\/demoweb.info\/sexshop001\/tienda\/\"},{\"@type\":\"ListItem\",\"position\":3,\"name\":\"THE ROYAL SENSUAL SET &#8211; GRIS\"}]},{\"@type\":\"WebSite\",\"@id\":\"https:\/\/demoweb.info\/sexshop001\/#website\",\"url\":\"https:\/\/demoweb.info\/sexshop001\/\",\"name\":\"Tienda Er\u00f3tica\",\"description\":\"DEMOWEB SL\",\"potentialAction\":[{\"@type\":\"SearchAction\",\"target\":{\"@type\":\"EntryPoint\",\"urlTemplate\":\"https:\/\/demoweb.info\/sexshop001\/?s={search_term_string}\"},\"query-input\":\"required name=search_term_string\"}],\"inLanguage\":\"es\"}]}<\/script>\n<!-- \/ Yoast SEO plugin. -->","yoast_head_json":{"title":"THE ROYAL SENSUAL SET - GRIS - Tienda Er\u00f3tica","robots":{"index":"noindex","follow":"follow","max-snippet":"max-snippet:-1","max-image-preview":"max-image-preview:large","max-video-preview":"max-video-preview:-1"},"og_locale":"es_ES","og_type":"article","og_title":"THE ROYAL SENSUAL SET - GRIS - Tienda Er\u00f3tica","og_description":"THE ROYAL SENSUAL SET Hecho para sumergirte en el emocionante mundo de un placer profundamente satisfactorio con Her Royal Harness","og_url":"https:\/\/demoweb.info\/sexshop001\/producto\/the-royal-sensual-set-gris\/","og_site_name":"Tienda Er\u00f3tica","article_modified_time":"2022-01-22T09:24:25+00:00","og_image":[{"width":550,"height":550,"url":"https:\/\/demoweb.info\/sexshop001\/wp-content\/uploads\/2022\/01\/THE-ROYAL-SENSUAL-SET-GRIS.jpg","type":"image\/jpeg"}],"twitter_card":"summary_large_image","twitter_misc":{"Tiempo de lectura":"1 minuto"},"schema":{"@context":"https:\/\/schema.org","@graph":[{"@type":"WebPage","@id":"https:\/\/demoweb.info\/sexshop001\/producto\/the-royal-sensual-set-gris\/","url":"https:\/\/demoweb.info\/sexshop001\/producto\/the-royal-sensual-set-gris\/","name":"THE ROYAL SENSUAL SET - GRIS - Tienda Er\u00f3tica","isPartOf":{"@id":"https:\/\/demoweb.info\/sexshop001\/#website"},"datePublished":"2022-01-22T09:24:01+00:00","dateModified":"2022-01-22T09:24:25+00:00","breadcrumb":{"@id":"https:\/\/demoweb.info\/sexshop001\/producto\/the-royal-sensual-set-gris\/#breadcrumb"},"inLanguage":"es","potentialAction":[{"@type":"ReadAction","target":["https:\/\/demoweb.info\/sexshop001\/producto\/the-royal-sensual-set-gris\/"]}]},{"@type":"BreadcrumbList","@id":"https:\/\/demoweb.info\/sexshop001\/producto\/the-royal-sensual-set-gris\/#breadcrumb","itemListElement":[{"@type":"ListItem","position":1,"name":"Portada","item":"https:\/\/demoweb.info\/sexshop001\/"},{"@type":"ListItem","position":2,"name":"Tienda","item":"https:\/\/demoweb.info\/sexshop001\/tienda\/"},{"@type":"ListItem","position":3,"name":"THE ROYAL SENSUAL SET &#8211; GRIS"}]},{"@type":"WebSite","@id":"https:\/\/demoweb.info\/sexshop001\/#website","url":"https:\/\/demoweb.info\/sexshop001\/","name":"Tienda Er\u00f3tica","description":"DEMOWEB SL","potentialAction":[{"@type":"SearchAction","target":{"@type":"EntryPoint","urlTemplate":"https:\/\/demoweb.info\/sexshop001\/?s={search_term_string}"},"query-input":"required name=search_term_string"}],"inLanguage":"es"}]}},"_links":{"self":[{"href":"https:\/\/demoweb.info\/sexshop001\/wp-json\/wp\/v3\/product\/14842","targetHints":{"allow":["GET"]}}],"collection":[{"href":"https:\/\/demoweb.info\/sexshop001\/wp-json\/wp\/v3\/product"}],"about":[{"href":"https:\/\/demoweb.info\/sexshop001\/wp-json\/wp\/v2\/types\/product"}],"replies":[{"embeddable":true,"href":"https:\/\/demoweb.info\/sexshop001\/wp-json\/wp\/v2\/comments?post=14842"}],"wp:featuredmedia":[{"embeddable":true,"href":"https:\/\/demoweb.info\/sexshop001\/wp-json\/wp\/v2\/media\/14843"}],"wp:attachment":[{"href":"https:\/\/demoweb.info\/sexshop001\/wp-json\/wp\/v2\/media?parent=14842"}],"wp:term":[{"taxonomy":"product_cat","embeddable":true,"href":"https:\/\/demoweb.info\/sexshop001\/wp-json\/wp\/v2\/product_cat?post=14842"},{"taxonomy":"product_tag","embeddable":true,"href":"https:\/\/demoweb.info\/sexshop001\/wp-json\/wp\/v2\/product_tag?post=14842"}],"curies":[{"name":"wp","href":"https:\/\/api.w.org\/{rel}","templated":true}]}}