{"id":14826,"date":"2022-01-22T10:24:01","date_gmt":"2022-01-22T09:24:01","guid":{"rendered":"https:\/\/demoweb.info\/sexshop001\/producto\/fetish-fantasy-gold-anillo-vibrador-para-el-pene\/"},"modified":"2022-01-22T10:24:19","modified_gmt":"2022-01-22T09:24:19","slug":"fetish-fantasy-gold-anillo-vibrador-para-el-pene","status":"publish","type":"product","link":"https:\/\/demoweb.info\/sexshop001\/producto\/fetish-fantasy-gold-anillo-vibrador-para-el-pene\/","title":{"rendered":"FETISH FANTASY GOLD ANILLO VIBRADOR PARA EL PENE"},"content":{"rendered":"<p><strong>NEON VIBRATING VIBRATING COCKRING<\/strong>.<\/p>\n<p>Para las parejas fetiche que demandan lo mejor, tenemos el orgullo de presentar <strong>Fetish Fantasy Oro<\/strong>, la nueva colecci\u00f3n exquisita de fetiche premium.. Esta l\u00ednea contempor\u00e1nea de audaces y nuevos elementos esenciales bondage cuenta con originales dise\u00f1os, estilo sofisticado y conceptos personalizados creados para excitar e incitar a la moderna conocedor fetiche.<\/p>\n<p>Prolongar la diversi\u00f3n y llegar al placer con este lujoso <strong>Vibrating Cockring.<\/strong> Basta con pulsar el bot\u00f3n de f\u00e1cil acceso en la bala de oro para disfrutar de <strong>tres velocidades potentes<\/strong> para la estimulaci\u00f3n incre\u00edble. Con un solo bot\u00f3n de apagado\/encendido hace que sea f\u00e1cil de operar, con vibraciones silenciosas mientr\u00e1s el cosquilleo te ofrecer\u00e1 el orgasmo m\u00e1s intenso que jam\u00e1s hayas imaginado. Es perfecto para aumentar el placer del usuario, as\u00ed como ofrecer la estimulaci\u00f3n cl\u00edtoris emocionante para su pareja. Ll\u00e9velo en la ducha o hidromasaje y convertir el ba\u00f1o en vez de placer!<\/p>\n<p>Di\u00e1metro: 3,2 cm<\/p>\n","protected":false},"excerpt":{"rendered":"<p>NEON VIBRATING VIBRATING COCKRING. Para las parejas fetiche que demandan lo mejor, tenemos el orgullo de presentar Fetish Fantasy Oro,<\/p>\n","protected":false},"featured_media":14827,"comment_status":"open","ping_status":"open","template":"","meta":[],"product_cat":[438],"product_tag":[762,259],"class_list":["post-14826","product","type-product","status-publish","has-post-thumbnail","hentry","product_cat-con-vibrador-anillos","product_tag-fetish-fantasy-gold","product_tag-pipedream"],"bundled_by":[],"bundle_stock_status":"instock","bundle_stock_quantity":1,"bundle_virtual":false,"bundle_layout":"","bundle_add_to_cart_form_location":"","bundle_editable_in_cart":false,"bundle_sold_individually_context":"","bundle_item_grouping":"","bundle_min_size":"","bundle_max_size":"","bundled_items":[],"yoast_head":"<!-- This site is optimized with the Yoast SEO plugin v20.6 - https:\/\/yoast.com\/wordpress\/plugins\/seo\/ -->\n<title>FETISH FANTASY GOLD ANILLO VIBRADOR PARA EL PENE - Tienda Er\u00f3tica<\/title>\n<meta name=\"robots\" content=\"noindex, follow, max-snippet:-1, max-image-preview:large, max-video-preview:-1\" \/>\n<meta property=\"og:locale\" content=\"es_ES\" \/>\n<meta property=\"og:type\" content=\"article\" \/>\n<meta property=\"og:title\" content=\"FETISH FANTASY GOLD ANILLO VIBRADOR PARA EL PENE - Tienda Er\u00f3tica\" \/>\n<meta property=\"og:description\" content=\"NEON VIBRATING VIBRATING COCKRING. Para las parejas fetiche que demandan lo mejor, tenemos el orgullo de presentar Fetish Fantasy Oro,\" \/>\n<meta property=\"og:url\" content=\"https:\/\/demoweb.info\/sexshop001\/producto\/fetish-fantasy-gold-anillo-vibrador-para-el-pene\/\" \/>\n<meta property=\"og:site_name\" content=\"Tienda Er\u00f3tica\" \/>\n<meta property=\"article:modified_time\" content=\"2022-01-22T09:24:19+00:00\" \/>\n<meta property=\"og:image\" content=\"https:\/\/demoweb.info\/sexshop001\/wp-content\/uploads\/2022\/01\/FETISH-FANTASY-GOLD-ANILLO-VIBRADOR-PARA-EL-PENE.jpg\" \/>\n\t<meta property=\"og:image:width\" content=\"550\" \/>\n\t<meta property=\"og:image:height\" content=\"550\" \/>\n\t<meta property=\"og:image:type\" content=\"image\/jpeg\" \/>\n<meta name=\"twitter:card\" content=\"summary_large_image\" \/>\n<meta name=\"twitter:label1\" content=\"Tiempo de lectura\" \/>\n\t<meta name=\"twitter:data1\" content=\"1 minuto\" \/>\n<script type=\"application\/ld+json\" class=\"yoast-schema-graph\">{\"@context\":\"https:\/\/schema.org\",\"@graph\":[{\"@type\":\"WebPage\",\"@id\":\"https:\/\/demoweb.info\/sexshop001\/producto\/fetish-fantasy-gold-anillo-vibrador-para-el-pene\/\",\"url\":\"https:\/\/demoweb.info\/sexshop001\/producto\/fetish-fantasy-gold-anillo-vibrador-para-el-pene\/\",\"name\":\"FETISH FANTASY GOLD ANILLO VIBRADOR PARA EL PENE - Tienda Er\u00f3tica\",\"isPartOf\":{\"@id\":\"https:\/\/demoweb.info\/sexshop001\/#website\"},\"datePublished\":\"2022-01-22T09:24:01+00:00\",\"dateModified\":\"2022-01-22T09:24:19+00:00\",\"breadcrumb\":{\"@id\":\"https:\/\/demoweb.info\/sexshop001\/producto\/fetish-fantasy-gold-anillo-vibrador-para-el-pene\/#breadcrumb\"},\"inLanguage\":\"es\",\"potentialAction\":[{\"@type\":\"ReadAction\",\"target\":[\"https:\/\/demoweb.info\/sexshop001\/producto\/fetish-fantasy-gold-anillo-vibrador-para-el-pene\/\"]}]},{\"@type\":\"BreadcrumbList\",\"@id\":\"https:\/\/demoweb.info\/sexshop001\/producto\/fetish-fantasy-gold-anillo-vibrador-para-el-pene\/#breadcrumb\",\"itemListElement\":[{\"@type\":\"ListItem\",\"position\":1,\"name\":\"Portada\",\"item\":\"https:\/\/demoweb.info\/sexshop001\/\"},{\"@type\":\"ListItem\",\"position\":2,\"name\":\"Tienda\",\"item\":\"https:\/\/demoweb.info\/sexshop001\/tienda\/\"},{\"@type\":\"ListItem\",\"position\":3,\"name\":\"FETISH FANTASY GOLD ANILLO VIBRADOR PARA EL PENE\"}]},{\"@type\":\"WebSite\",\"@id\":\"https:\/\/demoweb.info\/sexshop001\/#website\",\"url\":\"https:\/\/demoweb.info\/sexshop001\/\",\"name\":\"Tienda Er\u00f3tica\",\"description\":\"DEMOWEB SL\",\"potentialAction\":[{\"@type\":\"SearchAction\",\"target\":{\"@type\":\"EntryPoint\",\"urlTemplate\":\"https:\/\/demoweb.info\/sexshop001\/?s={search_term_string}\"},\"query-input\":\"required name=search_term_string\"}],\"inLanguage\":\"es\"}]}<\/script>\n<!-- \/ Yoast SEO plugin. -->","yoast_head_json":{"title":"FETISH FANTASY GOLD ANILLO VIBRADOR PARA EL PENE - Tienda Er\u00f3tica","robots":{"index":"noindex","follow":"follow","max-snippet":"max-snippet:-1","max-image-preview":"max-image-preview:large","max-video-preview":"max-video-preview:-1"},"og_locale":"es_ES","og_type":"article","og_title":"FETISH FANTASY GOLD ANILLO VIBRADOR PARA EL PENE - Tienda Er\u00f3tica","og_description":"NEON VIBRATING VIBRATING COCKRING. Para las parejas fetiche que demandan lo mejor, tenemos el orgullo de presentar Fetish Fantasy Oro,","og_url":"https:\/\/demoweb.info\/sexshop001\/producto\/fetish-fantasy-gold-anillo-vibrador-para-el-pene\/","og_site_name":"Tienda Er\u00f3tica","article_modified_time":"2022-01-22T09:24:19+00:00","og_image":[{"width":550,"height":550,"url":"https:\/\/demoweb.info\/sexshop001\/wp-content\/uploads\/2022\/01\/FETISH-FANTASY-GOLD-ANILLO-VIBRADOR-PARA-EL-PENE.jpg","type":"image\/jpeg"}],"twitter_card":"summary_large_image","twitter_misc":{"Tiempo de lectura":"1 minuto"},"schema":{"@context":"https:\/\/schema.org","@graph":[{"@type":"WebPage","@id":"https:\/\/demoweb.info\/sexshop001\/producto\/fetish-fantasy-gold-anillo-vibrador-para-el-pene\/","url":"https:\/\/demoweb.info\/sexshop001\/producto\/fetish-fantasy-gold-anillo-vibrador-para-el-pene\/","name":"FETISH FANTASY GOLD ANILLO VIBRADOR PARA EL PENE - Tienda Er\u00f3tica","isPartOf":{"@id":"https:\/\/demoweb.info\/sexshop001\/#website"},"datePublished":"2022-01-22T09:24:01+00:00","dateModified":"2022-01-22T09:24:19+00:00","breadcrumb":{"@id":"https:\/\/demoweb.info\/sexshop001\/producto\/fetish-fantasy-gold-anillo-vibrador-para-el-pene\/#breadcrumb"},"inLanguage":"es","potentialAction":[{"@type":"ReadAction","target":["https:\/\/demoweb.info\/sexshop001\/producto\/fetish-fantasy-gold-anillo-vibrador-para-el-pene\/"]}]},{"@type":"BreadcrumbList","@id":"https:\/\/demoweb.info\/sexshop001\/producto\/fetish-fantasy-gold-anillo-vibrador-para-el-pene\/#breadcrumb","itemListElement":[{"@type":"ListItem","position":1,"name":"Portada","item":"https:\/\/demoweb.info\/sexshop001\/"},{"@type":"ListItem","position":2,"name":"Tienda","item":"https:\/\/demoweb.info\/sexshop001\/tienda\/"},{"@type":"ListItem","position":3,"name":"FETISH FANTASY GOLD ANILLO VIBRADOR PARA EL PENE"}]},{"@type":"WebSite","@id":"https:\/\/demoweb.info\/sexshop001\/#website","url":"https:\/\/demoweb.info\/sexshop001\/","name":"Tienda Er\u00f3tica","description":"DEMOWEB SL","potentialAction":[{"@type":"SearchAction","target":{"@type":"EntryPoint","urlTemplate":"https:\/\/demoweb.info\/sexshop001\/?s={search_term_string}"},"query-input":"required name=search_term_string"}],"inLanguage":"es"}]}},"_links":{"self":[{"href":"https:\/\/demoweb.info\/sexshop001\/wp-json\/wp\/v3\/product\/14826","targetHints":{"allow":["GET"]}}],"collection":[{"href":"https:\/\/demoweb.info\/sexshop001\/wp-json\/wp\/v3\/product"}],"about":[{"href":"https:\/\/demoweb.info\/sexshop001\/wp-json\/wp\/v2\/types\/product"}],"replies":[{"embeddable":true,"href":"https:\/\/demoweb.info\/sexshop001\/wp-json\/wp\/v2\/comments?post=14826"}],"wp:featuredmedia":[{"embeddable":true,"href":"https:\/\/demoweb.info\/sexshop001\/wp-json\/wp\/v2\/media\/14827"}],"wp:attachment":[{"href":"https:\/\/demoweb.info\/sexshop001\/wp-json\/wp\/v2\/media?parent=14826"}],"wp:term":[{"taxonomy":"product_cat","embeddable":true,"href":"https:\/\/demoweb.info\/sexshop001\/wp-json\/wp\/v2\/product_cat?post=14826"},{"taxonomy":"product_tag","embeddable":true,"href":"https:\/\/demoweb.info\/sexshop001\/wp-json\/wp\/v2\/product_tag?post=14826"}],"curies":[{"name":"wp","href":"https:\/\/api.w.org\/{rel}","templated":true}]}}