{"id":14813,"date":"2022-01-22T10:24:01","date_gmt":"2022-01-22T09:24:01","guid":{"rendered":"https:\/\/demoweb.info\/sexshop001\/producto\/ultimate-douche-enema-de-limpieza-rosa\/"},"modified":"2022-01-22T10:24:14","modified_gmt":"2022-01-22T09:24:14","slug":"ultimate-douche-enema-de-limpieza-rosa","status":"publish","type":"product","link":"https:\/\/demoweb.info\/sexshop001\/producto\/ultimate-douche-enema-de-limpieza-rosa\/","title":{"rendered":"ULTIMATE DOUCHE &#8211; ENEMA DE LIMPIEZA &#8211; ROSA"},"content":{"rendered":"<p><strong>ULTIMATE DOUCHE <\/strong><\/p>\n<p>El CalExotics Ultimate Douche es exactamente como se describe: el \u00faltimo aparato de ducha anal. Con la ducha inhalada, puede estar seguro de que mantiene el m\u00e1s alto nivel de higiene anal: cualquier preocupaci\u00f3n sobre la limpieza se puede dejar en la puerta con nuestra ducha anal premium.<\/p>\n<p>Este sistema de ducha anal completamente reutilizable es f\u00e1cil de desmontar, lo que significa que puede limpiarlo r\u00e1pida y f\u00e1cilmente, y la construcci\u00f3n resistente significa que su unidad est\u00e1 dise\u00f1ada para durar. Cuenta con una botella completamente transparente, lo que permite al usuario medir exactamente cu\u00e1nta agua hay en la ducha.<\/p>\n<p>No solo es higi\u00e9nico, sino que tambi\u00e9n es incre\u00edblemente seguro de usar, por lo que tiene total tranquilidad al usar nuestro producto. Este sistema de limpieza superior viene completo con dos accesorios, lo que le permite una serie de opciones cuando se trata de duchas vaginales.<\/p>\n<p>Opte por el accesorio m\u00e1s discreto, f\u00e1cil de usar y m\u00e1s peque\u00f1o cuando el tiempo es esencial, o use el accesorio m\u00e1s grande cuando use su Ultimate Douche como parte de su experiencia de juego acu\u00e1tico.<\/p>\n<p>Caracter\u00edsticas:<\/p>\n<ul>\n<li>Impermeable<\/li>\n<li>Seguro para el cuerpo<\/li>\n<li>De Poluetileno<\/li>\n<li>Medidas: 8,25 x 0,75 cm<\/li>\n<\/ul>\n","protected":false},"excerpt":{"rendered":"<p>ULTIMATE DOUCHE El CalExotics Ultimate Douche es exactamente como se describe: el \u00faltimo aparato de ducha anal. Con la ducha<\/p>\n","protected":false},"featured_media":14814,"comment_status":"open","ping_status":"open","template":"","meta":[],"product_cat":[558],"product_tag":[660,805],"class_list":["post-14813","product","type-product","status-publish","has-post-thumbnail","hentry","product_cat-enemas","product_tag-calexotics","product_tag-water-systems"],"bundled_by":[],"bundle_stock_status":"outofstock","bundle_stock_quantity":0,"bundle_virtual":false,"bundle_layout":"","bundle_add_to_cart_form_location":"","bundle_editable_in_cart":false,"bundle_sold_individually_context":"","bundle_item_grouping":"","bundle_min_size":"","bundle_max_size":"","bundled_items":[],"yoast_head":"<!-- This site is optimized with the Yoast SEO plugin v20.6 - https:\/\/yoast.com\/wordpress\/plugins\/seo\/ -->\n<title>ULTIMATE DOUCHE - ENEMA DE LIMPIEZA - ROSA - Tienda Er\u00f3tica<\/title>\n<meta name=\"robots\" content=\"noindex, follow, max-snippet:-1, max-image-preview:large, max-video-preview:-1\" \/>\n<meta property=\"og:locale\" content=\"es_ES\" \/>\n<meta property=\"og:type\" content=\"article\" \/>\n<meta property=\"og:title\" content=\"ULTIMATE DOUCHE - ENEMA DE LIMPIEZA - ROSA - Tienda Er\u00f3tica\" \/>\n<meta property=\"og:description\" content=\"ULTIMATE DOUCHE El CalExotics Ultimate Douche es exactamente como se describe: el \u00faltimo aparato de ducha anal. Con la ducha\" \/>\n<meta property=\"og:url\" content=\"https:\/\/demoweb.info\/sexshop001\/producto\/ultimate-douche-enema-de-limpieza-rosa\/\" \/>\n<meta property=\"og:site_name\" content=\"Tienda Er\u00f3tica\" \/>\n<meta property=\"article:modified_time\" content=\"2022-01-22T09:24:14+00:00\" \/>\n<meta property=\"og:image\" content=\"https:\/\/demoweb.info\/sexshop001\/wp-content\/uploads\/2022\/01\/ULTIMATE-DOUCHE-ENEMA-DE-LIMPIEZA-ROSA.jpg\" \/>\n\t<meta property=\"og:image:width\" content=\"550\" \/>\n\t<meta property=\"og:image:height\" content=\"550\" \/>\n\t<meta property=\"og:image:type\" content=\"image\/jpeg\" \/>\n<meta name=\"twitter:card\" content=\"summary_large_image\" \/>\n<meta name=\"twitter:label1\" content=\"Tiempo de lectura\" \/>\n\t<meta name=\"twitter:data1\" content=\"1 minuto\" \/>\n<script type=\"application\/ld+json\" class=\"yoast-schema-graph\">{\"@context\":\"https:\/\/schema.org\",\"@graph\":[{\"@type\":\"WebPage\",\"@id\":\"https:\/\/demoweb.info\/sexshop001\/producto\/ultimate-douche-enema-de-limpieza-rosa\/\",\"url\":\"https:\/\/demoweb.info\/sexshop001\/producto\/ultimate-douche-enema-de-limpieza-rosa\/\",\"name\":\"ULTIMATE DOUCHE - ENEMA DE LIMPIEZA - ROSA - Tienda Er\u00f3tica\",\"isPartOf\":{\"@id\":\"https:\/\/demoweb.info\/sexshop001\/#website\"},\"datePublished\":\"2022-01-22T09:24:01+00:00\",\"dateModified\":\"2022-01-22T09:24:14+00:00\",\"breadcrumb\":{\"@id\":\"https:\/\/demoweb.info\/sexshop001\/producto\/ultimate-douche-enema-de-limpieza-rosa\/#breadcrumb\"},\"inLanguage\":\"es\",\"potentialAction\":[{\"@type\":\"ReadAction\",\"target\":[\"https:\/\/demoweb.info\/sexshop001\/producto\/ultimate-douche-enema-de-limpieza-rosa\/\"]}]},{\"@type\":\"BreadcrumbList\",\"@id\":\"https:\/\/demoweb.info\/sexshop001\/producto\/ultimate-douche-enema-de-limpieza-rosa\/#breadcrumb\",\"itemListElement\":[{\"@type\":\"ListItem\",\"position\":1,\"name\":\"Portada\",\"item\":\"https:\/\/demoweb.info\/sexshop001\/\"},{\"@type\":\"ListItem\",\"position\":2,\"name\":\"Tienda\",\"item\":\"https:\/\/demoweb.info\/sexshop001\/tienda\/\"},{\"@type\":\"ListItem\",\"position\":3,\"name\":\"ULTIMATE DOUCHE &#8211; ENEMA DE LIMPIEZA &#8211; ROSA\"}]},{\"@type\":\"WebSite\",\"@id\":\"https:\/\/demoweb.info\/sexshop001\/#website\",\"url\":\"https:\/\/demoweb.info\/sexshop001\/\",\"name\":\"Tienda Er\u00f3tica\",\"description\":\"DEMOWEB SL\",\"potentialAction\":[{\"@type\":\"SearchAction\",\"target\":{\"@type\":\"EntryPoint\",\"urlTemplate\":\"https:\/\/demoweb.info\/sexshop001\/?s={search_term_string}\"},\"query-input\":\"required name=search_term_string\"}],\"inLanguage\":\"es\"}]}<\/script>\n<!-- \/ Yoast SEO plugin. -->","yoast_head_json":{"title":"ULTIMATE DOUCHE - ENEMA DE LIMPIEZA - ROSA - Tienda Er\u00f3tica","robots":{"index":"noindex","follow":"follow","max-snippet":"max-snippet:-1","max-image-preview":"max-image-preview:large","max-video-preview":"max-video-preview:-1"},"og_locale":"es_ES","og_type":"article","og_title":"ULTIMATE DOUCHE - ENEMA DE LIMPIEZA - ROSA - Tienda Er\u00f3tica","og_description":"ULTIMATE DOUCHE El CalExotics Ultimate Douche es exactamente como se describe: el \u00faltimo aparato de ducha anal. Con la ducha","og_url":"https:\/\/demoweb.info\/sexshop001\/producto\/ultimate-douche-enema-de-limpieza-rosa\/","og_site_name":"Tienda Er\u00f3tica","article_modified_time":"2022-01-22T09:24:14+00:00","og_image":[{"width":550,"height":550,"url":"https:\/\/demoweb.info\/sexshop001\/wp-content\/uploads\/2022\/01\/ULTIMATE-DOUCHE-ENEMA-DE-LIMPIEZA-ROSA.jpg","type":"image\/jpeg"}],"twitter_card":"summary_large_image","twitter_misc":{"Tiempo de lectura":"1 minuto"},"schema":{"@context":"https:\/\/schema.org","@graph":[{"@type":"WebPage","@id":"https:\/\/demoweb.info\/sexshop001\/producto\/ultimate-douche-enema-de-limpieza-rosa\/","url":"https:\/\/demoweb.info\/sexshop001\/producto\/ultimate-douche-enema-de-limpieza-rosa\/","name":"ULTIMATE DOUCHE - ENEMA DE LIMPIEZA - ROSA - Tienda Er\u00f3tica","isPartOf":{"@id":"https:\/\/demoweb.info\/sexshop001\/#website"},"datePublished":"2022-01-22T09:24:01+00:00","dateModified":"2022-01-22T09:24:14+00:00","breadcrumb":{"@id":"https:\/\/demoweb.info\/sexshop001\/producto\/ultimate-douche-enema-de-limpieza-rosa\/#breadcrumb"},"inLanguage":"es","potentialAction":[{"@type":"ReadAction","target":["https:\/\/demoweb.info\/sexshop001\/producto\/ultimate-douche-enema-de-limpieza-rosa\/"]}]},{"@type":"BreadcrumbList","@id":"https:\/\/demoweb.info\/sexshop001\/producto\/ultimate-douche-enema-de-limpieza-rosa\/#breadcrumb","itemListElement":[{"@type":"ListItem","position":1,"name":"Portada","item":"https:\/\/demoweb.info\/sexshop001\/"},{"@type":"ListItem","position":2,"name":"Tienda","item":"https:\/\/demoweb.info\/sexshop001\/tienda\/"},{"@type":"ListItem","position":3,"name":"ULTIMATE DOUCHE &#8211; ENEMA DE LIMPIEZA &#8211; ROSA"}]},{"@type":"WebSite","@id":"https:\/\/demoweb.info\/sexshop001\/#website","url":"https:\/\/demoweb.info\/sexshop001\/","name":"Tienda Er\u00f3tica","description":"DEMOWEB SL","potentialAction":[{"@type":"SearchAction","target":{"@type":"EntryPoint","urlTemplate":"https:\/\/demoweb.info\/sexshop001\/?s={search_term_string}"},"query-input":"required name=search_term_string"}],"inLanguage":"es"}]}},"_links":{"self":[{"href":"https:\/\/demoweb.info\/sexshop001\/wp-json\/wp\/v3\/product\/14813","targetHints":{"allow":["GET"]}}],"collection":[{"href":"https:\/\/demoweb.info\/sexshop001\/wp-json\/wp\/v3\/product"}],"about":[{"href":"https:\/\/demoweb.info\/sexshop001\/wp-json\/wp\/v2\/types\/product"}],"replies":[{"embeddable":true,"href":"https:\/\/demoweb.info\/sexshop001\/wp-json\/wp\/v2\/comments?post=14813"}],"wp:featuredmedia":[{"embeddable":true,"href":"https:\/\/demoweb.info\/sexshop001\/wp-json\/wp\/v2\/media\/14814"}],"wp:attachment":[{"href":"https:\/\/demoweb.info\/sexshop001\/wp-json\/wp\/v2\/media?parent=14813"}],"wp:term":[{"taxonomy":"product_cat","embeddable":true,"href":"https:\/\/demoweb.info\/sexshop001\/wp-json\/wp\/v2\/product_cat?post=14813"},{"taxonomy":"product_tag","embeddable":true,"href":"https:\/\/demoweb.info\/sexshop001\/wp-json\/wp\/v2\/product_tag?post=14813"}],"curies":[{"name":"wp","href":"https:\/\/api.w.org\/{rel}","templated":true}]}}