{"id":14799,"date":"2022-01-22T10:24:01","date_gmt":"2022-01-22T09:24:01","guid":{"rendered":"https:\/\/demoweb.info\/sexshop001\/producto\/magnificent-estimulador-de-clitoris-morado\/"},"modified":"2022-01-22T10:24:09","modified_gmt":"2022-01-22T09:24:09","slug":"magnificent-estimulador-de-clitoris-morado","status":"publish","type":"product","link":"https:\/\/demoweb.info\/sexshop001\/producto\/magnificent-estimulador-de-clitoris-morado\/","title":{"rendered":"MAGNIFICENT &#8211; ESTIMULADOR DE CL\u00cdTORIS MORADO"},"content":{"rendered":"<p><strong>MAGNIFICENT <\/strong><\/p>\n<p>El estimulador Magnificent es un nuevo e innovador imprescindible en la colecci\u00f3n SeXentials by TOYJOY.<\/p>\n<p>Este simulador de \u00faltima generaci\u00f3n cuenta con hasta 20,000 vibraciones por minuto e incluye dos archivos adjuntos, lo que permite escenarios infinitos de juego \u00edntimo. Disfruta de un mini masaje en tus zonas er\u00f3genas con el accesorio de masajeador bulboso, disfruta de la estimulaci\u00f3n del cl\u00edtoris puntiagudo con el cosquilleador de doble extremo o atrae los sentidos usando el estimulador como un estimulante de Kegel travieso.<\/p>\n<p>Las opciones son simplemente magn\u00edficas. Este art\u00edculo premium de la colecci\u00f3n SeXentials by TOYJOY es recargable por USB, est\u00e1 hecho de silicona de primera calidad y cuenta con 6 funciones de pulsaci\u00f3n y 5 velocidades de vibraci\u00f3n. El estimulador Magnificent hace que el dise\u00f1o innovador sea asequible para todos los consumidores.<\/p>\n<p>Caracter\u00edsticas:<\/p>\n<ul>\n<li>6 modos de vibraci\u00f3n<\/li>\n<li>5 velocidades<\/li>\n<li>Impermeable<\/li>\n<li>Silicona y pl\u00e1stico ABS<\/li>\n<li>Recargable con USB<\/li>\n<li>Longitud total: 19 cm<\/li>\n<\/ul>\n","protected":false},"excerpt":{"rendered":"<p>MAGNIFICENT El estimulador Magnificent es un nuevo e innovador imprescindible en la colecci\u00f3n SeXentials by TOYJOY. Este simulador de \u00faltima<\/p>\n","protected":false},"featured_media":14800,"comment_status":"open","ping_status":"open","template":"","meta":[],"product_cat":[370],"product_tag":[804,247],"class_list":["post-14799","product","type-product","status-publish","has-post-thumbnail","hentry","product_cat-clitoris","product_tag-sexentials","product_tag-toyjoy"],"bundled_by":[],"bundle_stock_status":"outofstock","bundle_stock_quantity":0,"bundle_virtual":false,"bundle_layout":"","bundle_add_to_cart_form_location":"","bundle_editable_in_cart":false,"bundle_sold_individually_context":"","bundle_item_grouping":"","bundle_min_size":"","bundle_max_size":"","bundled_items":[],"yoast_head":"<!-- This site is optimized with the Yoast SEO plugin v20.6 - https:\/\/yoast.com\/wordpress\/plugins\/seo\/ -->\n<title>MAGNIFICENT - ESTIMULADOR DE CL\u00cdTORIS MORADO - Tienda Er\u00f3tica<\/title>\n<meta name=\"robots\" content=\"noindex, follow, max-snippet:-1, max-image-preview:large, max-video-preview:-1\" \/>\n<meta property=\"og:locale\" content=\"es_ES\" \/>\n<meta property=\"og:type\" content=\"article\" \/>\n<meta property=\"og:title\" content=\"MAGNIFICENT - ESTIMULADOR DE CL\u00cdTORIS MORADO - Tienda Er\u00f3tica\" \/>\n<meta property=\"og:description\" content=\"MAGNIFICENT El estimulador Magnificent es un nuevo e innovador imprescindible en la colecci\u00f3n SeXentials by TOYJOY. Este simulador de \u00faltima\" \/>\n<meta property=\"og:url\" content=\"https:\/\/demoweb.info\/sexshop001\/producto\/magnificent-estimulador-de-clitoris-morado\/\" \/>\n<meta property=\"og:site_name\" content=\"Tienda Er\u00f3tica\" \/>\n<meta property=\"article:modified_time\" content=\"2022-01-22T09:24:09+00:00\" \/>\n<meta property=\"og:image\" content=\"https:\/\/demoweb.info\/sexshop001\/wp-content\/uploads\/2022\/01\/MAGNIFICENT-ESTIMULADOR-DE-CLITORIS-MORADO.jpg\" \/>\n\t<meta property=\"og:image:width\" content=\"550\" \/>\n\t<meta property=\"og:image:height\" content=\"550\" \/>\n\t<meta property=\"og:image:type\" content=\"image\/jpeg\" \/>\n<meta name=\"twitter:card\" content=\"summary_large_image\" \/>\n<meta name=\"twitter:label1\" content=\"Tiempo de lectura\" \/>\n\t<meta name=\"twitter:data1\" content=\"1 minuto\" \/>\n<script type=\"application\/ld+json\" class=\"yoast-schema-graph\">{\"@context\":\"https:\/\/schema.org\",\"@graph\":[{\"@type\":\"WebPage\",\"@id\":\"https:\/\/demoweb.info\/sexshop001\/producto\/magnificent-estimulador-de-clitoris-morado\/\",\"url\":\"https:\/\/demoweb.info\/sexshop001\/producto\/magnificent-estimulador-de-clitoris-morado\/\",\"name\":\"MAGNIFICENT - ESTIMULADOR DE CL\u00cdTORIS MORADO - Tienda Er\u00f3tica\",\"isPartOf\":{\"@id\":\"https:\/\/demoweb.info\/sexshop001\/#website\"},\"datePublished\":\"2022-01-22T09:24:01+00:00\",\"dateModified\":\"2022-01-22T09:24:09+00:00\",\"breadcrumb\":{\"@id\":\"https:\/\/demoweb.info\/sexshop001\/producto\/magnificent-estimulador-de-clitoris-morado\/#breadcrumb\"},\"inLanguage\":\"es\",\"potentialAction\":[{\"@type\":\"ReadAction\",\"target\":[\"https:\/\/demoweb.info\/sexshop001\/producto\/magnificent-estimulador-de-clitoris-morado\/\"]}]},{\"@type\":\"BreadcrumbList\",\"@id\":\"https:\/\/demoweb.info\/sexshop001\/producto\/magnificent-estimulador-de-clitoris-morado\/#breadcrumb\",\"itemListElement\":[{\"@type\":\"ListItem\",\"position\":1,\"name\":\"Portada\",\"item\":\"https:\/\/demoweb.info\/sexshop001\/\"},{\"@type\":\"ListItem\",\"position\":2,\"name\":\"Tienda\",\"item\":\"https:\/\/demoweb.info\/sexshop001\/tienda\/\"},{\"@type\":\"ListItem\",\"position\":3,\"name\":\"MAGNIFICENT &#8211; ESTIMULADOR DE CL\u00cdTORIS MORADO\"}]},{\"@type\":\"WebSite\",\"@id\":\"https:\/\/demoweb.info\/sexshop001\/#website\",\"url\":\"https:\/\/demoweb.info\/sexshop001\/\",\"name\":\"Tienda Er\u00f3tica\",\"description\":\"DEMOWEB SL\",\"potentialAction\":[{\"@type\":\"SearchAction\",\"target\":{\"@type\":\"EntryPoint\",\"urlTemplate\":\"https:\/\/demoweb.info\/sexshop001\/?s={search_term_string}\"},\"query-input\":\"required name=search_term_string\"}],\"inLanguage\":\"es\"}]}<\/script>\n<!-- \/ Yoast SEO plugin. -->","yoast_head_json":{"title":"MAGNIFICENT - ESTIMULADOR DE CL\u00cdTORIS MORADO - Tienda Er\u00f3tica","robots":{"index":"noindex","follow":"follow","max-snippet":"max-snippet:-1","max-image-preview":"max-image-preview:large","max-video-preview":"max-video-preview:-1"},"og_locale":"es_ES","og_type":"article","og_title":"MAGNIFICENT - ESTIMULADOR DE CL\u00cdTORIS MORADO - Tienda Er\u00f3tica","og_description":"MAGNIFICENT El estimulador Magnificent es un nuevo e innovador imprescindible en la colecci\u00f3n SeXentials by TOYJOY. Este simulador de \u00faltima","og_url":"https:\/\/demoweb.info\/sexshop001\/producto\/magnificent-estimulador-de-clitoris-morado\/","og_site_name":"Tienda Er\u00f3tica","article_modified_time":"2022-01-22T09:24:09+00:00","og_image":[{"width":550,"height":550,"url":"https:\/\/demoweb.info\/sexshop001\/wp-content\/uploads\/2022\/01\/MAGNIFICENT-ESTIMULADOR-DE-CLITORIS-MORADO.jpg","type":"image\/jpeg"}],"twitter_card":"summary_large_image","twitter_misc":{"Tiempo de lectura":"1 minuto"},"schema":{"@context":"https:\/\/schema.org","@graph":[{"@type":"WebPage","@id":"https:\/\/demoweb.info\/sexshop001\/producto\/magnificent-estimulador-de-clitoris-morado\/","url":"https:\/\/demoweb.info\/sexshop001\/producto\/magnificent-estimulador-de-clitoris-morado\/","name":"MAGNIFICENT - ESTIMULADOR DE CL\u00cdTORIS MORADO - Tienda Er\u00f3tica","isPartOf":{"@id":"https:\/\/demoweb.info\/sexshop001\/#website"},"datePublished":"2022-01-22T09:24:01+00:00","dateModified":"2022-01-22T09:24:09+00:00","breadcrumb":{"@id":"https:\/\/demoweb.info\/sexshop001\/producto\/magnificent-estimulador-de-clitoris-morado\/#breadcrumb"},"inLanguage":"es","potentialAction":[{"@type":"ReadAction","target":["https:\/\/demoweb.info\/sexshop001\/producto\/magnificent-estimulador-de-clitoris-morado\/"]}]},{"@type":"BreadcrumbList","@id":"https:\/\/demoweb.info\/sexshop001\/producto\/magnificent-estimulador-de-clitoris-morado\/#breadcrumb","itemListElement":[{"@type":"ListItem","position":1,"name":"Portada","item":"https:\/\/demoweb.info\/sexshop001\/"},{"@type":"ListItem","position":2,"name":"Tienda","item":"https:\/\/demoweb.info\/sexshop001\/tienda\/"},{"@type":"ListItem","position":3,"name":"MAGNIFICENT &#8211; ESTIMULADOR DE CL\u00cdTORIS MORADO"}]},{"@type":"WebSite","@id":"https:\/\/demoweb.info\/sexshop001\/#website","url":"https:\/\/demoweb.info\/sexshop001\/","name":"Tienda Er\u00f3tica","description":"DEMOWEB SL","potentialAction":[{"@type":"SearchAction","target":{"@type":"EntryPoint","urlTemplate":"https:\/\/demoweb.info\/sexshop001\/?s={search_term_string}"},"query-input":"required name=search_term_string"}],"inLanguage":"es"}]}},"_links":{"self":[{"href":"https:\/\/demoweb.info\/sexshop001\/wp-json\/wp\/v3\/product\/14799","targetHints":{"allow":["GET"]}}],"collection":[{"href":"https:\/\/demoweb.info\/sexshop001\/wp-json\/wp\/v3\/product"}],"about":[{"href":"https:\/\/demoweb.info\/sexshop001\/wp-json\/wp\/v2\/types\/product"}],"replies":[{"embeddable":true,"href":"https:\/\/demoweb.info\/sexshop001\/wp-json\/wp\/v2\/comments?post=14799"}],"wp:featuredmedia":[{"embeddable":true,"href":"https:\/\/demoweb.info\/sexshop001\/wp-json\/wp\/v2\/media\/14800"}],"wp:attachment":[{"href":"https:\/\/demoweb.info\/sexshop001\/wp-json\/wp\/v2\/media?parent=14799"}],"wp:term":[{"taxonomy":"product_cat","embeddable":true,"href":"https:\/\/demoweb.info\/sexshop001\/wp-json\/wp\/v2\/product_cat?post=14799"},{"taxonomy":"product_tag","embeddable":true,"href":"https:\/\/demoweb.info\/sexshop001\/wp-json\/wp\/v2\/product_tag?post=14799"}],"curies":[{"name":"wp","href":"https:\/\/api.w.org\/{rel}","templated":true}]}}