{"id":14710,"date":"2022-01-22T10:23:18","date_gmt":"2022-01-22T09:23:18","guid":{"rendered":"https:\/\/demoweb.info\/sexshop001\/producto\/aquaglide-liquid-50-ml-lubricante-liquido-base-agua\/"},"modified":"2022-01-22T10:23:30","modified_gmt":"2022-01-22T09:23:30","slug":"aquaglide-liquid-50-ml-lubricante-liquido-base-agua","status":"publish","type":"product","link":"https:\/\/demoweb.info\/sexshop001\/producto\/aquaglide-liquid-50-ml-lubricante-liquido-base-agua\/","title":{"rendered":"AQUAGLIDE LIQUID, 50 ML &#8211; LUBRICANTE L\u00cdQUIDO BASE AGUA"},"content":{"rendered":"<p><strong>AQUAGLIDE LIQUID, 50 ML FLASCHE<\/strong><\/p>\n<p>Original AQUAglide liquid \u2013 el \u00fanico l\u00edquido lubricante a base de agua.<\/p>\n<p>La consistencia l\u00edquida \u00fanica del lubricante m\u00e9dico probado un mill\u00f3n de veces ofrece una lubricaci\u00f3n \u00f3ptima durante las relaciones \u00edntimas. Cristalino, sensible, agradable y extremadamente amigable con la piel. Para la sequedad vaginal y anal, oral \u2013 tambi\u00e9n con condones de l\u00e1tex \u2013 y diversi\u00f3n con lovetoys (incluso de silicona).<\/p>\n<p>Uso: Aplique la cantidad deseada en las zonas \u00edntimas y disfrute de la cascada de sensaciones.<\/p>\n<p>Ingredientes: Aqua, Vegetable Glycerin, Hydroxyethylcellulose, Sodium Methylparaben, Sodium Benzoate, Lactic Acid<\/p>\n<p>Caracter\u00edsticas:<\/p>\n<ul>\n<li>el \u00fanico lubricante l\u00edquido a base de agua<\/li>\n<li>consistencia fluida para una mayor diversi\u00f3n en pareja<\/li>\n<li>para una sensaci\u00f3n de placer particularmente intensa \u2013 sorprendentemente diferente<\/li>\n<li>para una sensaci\u00f3n natural \u00fanica<\/li>\n<li>f\u00e1cil y pr\u00e1ctico de usar<\/li>\n<li>calidad alimentaria<\/li>\n<li>testado dermatol\u00f3gicamente<\/li>\n<li>compatible con condones de l\u00e1tex<\/li>\n<li>producto m\u00e9dico<\/li>\n<li>pH optimizado (para el equilibrio \u00edntimo)<\/li>\n<li>tambi\u00e9n apto para el mimado oral<\/li>\n<li>para una obra de amor particularmente larga<\/li>\n<li>cristal<\/li>\n<li>vegano (como todos los productos AQUAglide)<\/li>\n<li>pr\u00e1ctico dispensador de la bomba para en el camino<\/li>\n<li>Made in Germany<\/li>\n<\/ul>\n","protected":false},"excerpt":{"rendered":"<p>AQUAGLIDE LIQUID, 50 ML FLASCHE Original AQUAglide liquid \u2013 el \u00fanico l\u00edquido lubricante a base de agua. La consistencia l\u00edquida<\/p>\n","protected":false},"featured_media":14711,"comment_status":"open","ping_status":"open","template":"","meta":[],"product_cat":[268],"product_tag":[797,725],"class_list":["post-14710","product","type-product","status-publish","has-post-thumbnail","hentry","product_cat-base-agua-lubricantes-aceites-y-lubricantes","product_tag-aquaglide","product_tag-joydivision"],"bundled_by":[],"bundle_stock_status":"instock","bundle_stock_quantity":25,"bundle_virtual":false,"bundle_layout":"","bundle_add_to_cart_form_location":"","bundle_editable_in_cart":false,"bundle_sold_individually_context":"","bundle_item_grouping":"","bundle_min_size":"","bundle_max_size":"","bundled_items":[],"yoast_head":"<!-- This site is optimized with the Yoast SEO plugin v20.6 - https:\/\/yoast.com\/wordpress\/plugins\/seo\/ -->\n<title>AQUAGLIDE LIQUID, 50 ML - LUBRICANTE L\u00cdQUIDO BASE AGUA - Tienda Er\u00f3tica<\/title>\n<meta name=\"robots\" content=\"noindex, follow, max-snippet:-1, max-image-preview:large, max-video-preview:-1\" \/>\n<meta property=\"og:locale\" content=\"es_ES\" \/>\n<meta property=\"og:type\" content=\"article\" \/>\n<meta property=\"og:title\" content=\"AQUAGLIDE LIQUID, 50 ML - LUBRICANTE L\u00cdQUIDO BASE AGUA - Tienda Er\u00f3tica\" \/>\n<meta property=\"og:description\" content=\"AQUAGLIDE LIQUID, 50 ML FLASCHE Original AQUAglide liquid \u2013 el \u00fanico l\u00edquido lubricante a base de agua. La consistencia l\u00edquida\" \/>\n<meta property=\"og:url\" content=\"https:\/\/demoweb.info\/sexshop001\/producto\/aquaglide-liquid-50-ml-lubricante-liquido-base-agua\/\" \/>\n<meta property=\"og:site_name\" content=\"Tienda Er\u00f3tica\" \/>\n<meta property=\"article:modified_time\" content=\"2022-01-22T09:23:30+00:00\" \/>\n<meta property=\"og:image\" content=\"https:\/\/demoweb.info\/sexshop001\/wp-content\/uploads\/2022\/01\/AQUAGLIDE-LIQUID-50-ML-LUBRICANTE-LIQUIDO-BASE-AGUA.jpg\" \/>\n\t<meta property=\"og:image:width\" content=\"550\" \/>\n\t<meta property=\"og:image:height\" content=\"550\" \/>\n\t<meta property=\"og:image:type\" content=\"image\/jpeg\" \/>\n<meta name=\"twitter:card\" content=\"summary_large_image\" \/>\n<meta name=\"twitter:label1\" content=\"Tiempo de lectura\" \/>\n\t<meta name=\"twitter:data1\" content=\"1 minuto\" \/>\n<script type=\"application\/ld+json\" class=\"yoast-schema-graph\">{\"@context\":\"https:\/\/schema.org\",\"@graph\":[{\"@type\":\"WebPage\",\"@id\":\"https:\/\/demoweb.info\/sexshop001\/producto\/aquaglide-liquid-50-ml-lubricante-liquido-base-agua\/\",\"url\":\"https:\/\/demoweb.info\/sexshop001\/producto\/aquaglide-liquid-50-ml-lubricante-liquido-base-agua\/\",\"name\":\"AQUAGLIDE LIQUID, 50 ML - LUBRICANTE L\u00cdQUIDO BASE AGUA - Tienda Er\u00f3tica\",\"isPartOf\":{\"@id\":\"https:\/\/demoweb.info\/sexshop001\/#website\"},\"datePublished\":\"2022-01-22T09:23:18+00:00\",\"dateModified\":\"2022-01-22T09:23:30+00:00\",\"breadcrumb\":{\"@id\":\"https:\/\/demoweb.info\/sexshop001\/producto\/aquaglide-liquid-50-ml-lubricante-liquido-base-agua\/#breadcrumb\"},\"inLanguage\":\"es\",\"potentialAction\":[{\"@type\":\"ReadAction\",\"target\":[\"https:\/\/demoweb.info\/sexshop001\/producto\/aquaglide-liquid-50-ml-lubricante-liquido-base-agua\/\"]}]},{\"@type\":\"BreadcrumbList\",\"@id\":\"https:\/\/demoweb.info\/sexshop001\/producto\/aquaglide-liquid-50-ml-lubricante-liquido-base-agua\/#breadcrumb\",\"itemListElement\":[{\"@type\":\"ListItem\",\"position\":1,\"name\":\"Portada\",\"item\":\"https:\/\/demoweb.info\/sexshop001\/\"},{\"@type\":\"ListItem\",\"position\":2,\"name\":\"Tienda\",\"item\":\"https:\/\/demoweb.info\/sexshop001\/tienda\/\"},{\"@type\":\"ListItem\",\"position\":3,\"name\":\"AQUAGLIDE LIQUID, 50 ML &#8211; LUBRICANTE L\u00cdQUIDO BASE AGUA\"}]},{\"@type\":\"WebSite\",\"@id\":\"https:\/\/demoweb.info\/sexshop001\/#website\",\"url\":\"https:\/\/demoweb.info\/sexshop001\/\",\"name\":\"Tienda Er\u00f3tica\",\"description\":\"DEMOWEB SL\",\"potentialAction\":[{\"@type\":\"SearchAction\",\"target\":{\"@type\":\"EntryPoint\",\"urlTemplate\":\"https:\/\/demoweb.info\/sexshop001\/?s={search_term_string}\"},\"query-input\":\"required name=search_term_string\"}],\"inLanguage\":\"es\"}]}<\/script>\n<!-- \/ Yoast SEO plugin. -->","yoast_head_json":{"title":"AQUAGLIDE LIQUID, 50 ML - LUBRICANTE L\u00cdQUIDO BASE AGUA - Tienda Er\u00f3tica","robots":{"index":"noindex","follow":"follow","max-snippet":"max-snippet:-1","max-image-preview":"max-image-preview:large","max-video-preview":"max-video-preview:-1"},"og_locale":"es_ES","og_type":"article","og_title":"AQUAGLIDE LIQUID, 50 ML - LUBRICANTE L\u00cdQUIDO BASE AGUA - Tienda Er\u00f3tica","og_description":"AQUAGLIDE LIQUID, 50 ML FLASCHE Original AQUAglide liquid \u2013 el \u00fanico l\u00edquido lubricante a base de agua. La consistencia l\u00edquida","og_url":"https:\/\/demoweb.info\/sexshop001\/producto\/aquaglide-liquid-50-ml-lubricante-liquido-base-agua\/","og_site_name":"Tienda Er\u00f3tica","article_modified_time":"2022-01-22T09:23:30+00:00","og_image":[{"width":550,"height":550,"url":"https:\/\/demoweb.info\/sexshop001\/wp-content\/uploads\/2022\/01\/AQUAGLIDE-LIQUID-50-ML-LUBRICANTE-LIQUIDO-BASE-AGUA.jpg","type":"image\/jpeg"}],"twitter_card":"summary_large_image","twitter_misc":{"Tiempo de lectura":"1 minuto"},"schema":{"@context":"https:\/\/schema.org","@graph":[{"@type":"WebPage","@id":"https:\/\/demoweb.info\/sexshop001\/producto\/aquaglide-liquid-50-ml-lubricante-liquido-base-agua\/","url":"https:\/\/demoweb.info\/sexshop001\/producto\/aquaglide-liquid-50-ml-lubricante-liquido-base-agua\/","name":"AQUAGLIDE LIQUID, 50 ML - LUBRICANTE L\u00cdQUIDO BASE AGUA - Tienda Er\u00f3tica","isPartOf":{"@id":"https:\/\/demoweb.info\/sexshop001\/#website"},"datePublished":"2022-01-22T09:23:18+00:00","dateModified":"2022-01-22T09:23:30+00:00","breadcrumb":{"@id":"https:\/\/demoweb.info\/sexshop001\/producto\/aquaglide-liquid-50-ml-lubricante-liquido-base-agua\/#breadcrumb"},"inLanguage":"es","potentialAction":[{"@type":"ReadAction","target":["https:\/\/demoweb.info\/sexshop001\/producto\/aquaglide-liquid-50-ml-lubricante-liquido-base-agua\/"]}]},{"@type":"BreadcrumbList","@id":"https:\/\/demoweb.info\/sexshop001\/producto\/aquaglide-liquid-50-ml-lubricante-liquido-base-agua\/#breadcrumb","itemListElement":[{"@type":"ListItem","position":1,"name":"Portada","item":"https:\/\/demoweb.info\/sexshop001\/"},{"@type":"ListItem","position":2,"name":"Tienda","item":"https:\/\/demoweb.info\/sexshop001\/tienda\/"},{"@type":"ListItem","position":3,"name":"AQUAGLIDE LIQUID, 50 ML &#8211; LUBRICANTE L\u00cdQUIDO BASE AGUA"}]},{"@type":"WebSite","@id":"https:\/\/demoweb.info\/sexshop001\/#website","url":"https:\/\/demoweb.info\/sexshop001\/","name":"Tienda Er\u00f3tica","description":"DEMOWEB SL","potentialAction":[{"@type":"SearchAction","target":{"@type":"EntryPoint","urlTemplate":"https:\/\/demoweb.info\/sexshop001\/?s={search_term_string}"},"query-input":"required name=search_term_string"}],"inLanguage":"es"}]}},"_links":{"self":[{"href":"https:\/\/demoweb.info\/sexshop001\/wp-json\/wp\/v3\/product\/14710","targetHints":{"allow":["GET"]}}],"collection":[{"href":"https:\/\/demoweb.info\/sexshop001\/wp-json\/wp\/v3\/product"}],"about":[{"href":"https:\/\/demoweb.info\/sexshop001\/wp-json\/wp\/v2\/types\/product"}],"replies":[{"embeddable":true,"href":"https:\/\/demoweb.info\/sexshop001\/wp-json\/wp\/v2\/comments?post=14710"}],"wp:featuredmedia":[{"embeddable":true,"href":"https:\/\/demoweb.info\/sexshop001\/wp-json\/wp\/v2\/media\/14711"}],"wp:attachment":[{"href":"https:\/\/demoweb.info\/sexshop001\/wp-json\/wp\/v2\/media?parent=14710"}],"wp:term":[{"taxonomy":"product_cat","embeddable":true,"href":"https:\/\/demoweb.info\/sexshop001\/wp-json\/wp\/v2\/product_cat?post=14710"},{"taxonomy":"product_tag","embeddable":true,"href":"https:\/\/demoweb.info\/sexshop001\/wp-json\/wp\/v2\/product_tag?post=14710"}],"curies":[{"name":"wp","href":"https:\/\/api.w.org\/{rel}","templated":true}]}}