{"id":14707,"date":"2022-01-22T10:23:18","date_gmt":"2022-01-22T09:23:18","guid":{"rendered":"https:\/\/demoweb.info\/sexshop001\/producto\/aquaglide-neutral-lubricante-base-agua-75ml\/"},"modified":"2022-01-22T10:23:29","modified_gmt":"2022-01-22T09:23:29","slug":"aquaglide-neutral-lubricante-base-agua-75ml","status":"publish","type":"product","link":"https:\/\/demoweb.info\/sexshop001\/producto\/aquaglide-neutral-lubricante-base-agua-75ml\/","title":{"rendered":"AQUAGLIDE NEUTRAL &#8211; LUBRICANTE BASE AGUA 75ML"},"content":{"rendered":"<p><strong>AQUAGLIDE NEUTRAL, 75 ML<\/strong><\/p>\n<p>AQUAglide \u2013 El Original<\/p>\n<p>Sum\u00e9rjase en una sensaci\u00f3n abrumadora durante el juego amoroso: El cristalino Original AQUAglide es un lubricante m\u00e9dico que proporciona un nivel de humedad \u00f3ptimo durante las relaciones \u00edntimas y duradero con s\u00f3lo unas pocas gotas. AQUAglide ha sido el lubricante m\u00e1s conocido y popular en el mercado europeo durante 20 a\u00f1os.<\/p>\n<p>AQUAglide proporciona momentos de pasi\u00f3n pulsante y horas interminables de devoci\u00f3n y fusi\u00f3n. Millones de clientes satisfechos conf\u00edan en la calidad de primera clase de AQUAglide. Es 100% Made with Love in Germany, sensible, agradable y extremadamente amigable con la pie y muy productivo.<\/p>\n<p>Para la sequedad vaginal y anal, oral \u2013 tambi\u00e9n con condones de l\u00e1tex \u2013 y diversi\u00f3n con lovetoys (incluso de silicona).<\/p>\n<p>Uso: Aplique la cantidad deseada en las zonas \u00edntimas.<\/p>\n<p>Ingredientes: Aqua, Vegetable Glycerin, Hydroxyethylcellulose, Sodium Methylparaben, Sodium Benzoate, Lactic Acid<\/p>\n<p>Caracter\u00edsticas:<\/p>\n<ul>\n<li>soluble en agua y sin grasa<\/li>\n<li>excelentes propiedades de deslizamiento a largo plazo<\/li>\n<li>calidad alimentaria<\/li>\n<li>dermatol\u00f3gicamente + cl\u00ednicamente probado<\/li>\n<li>compatible con condones de l\u00e1tex<\/li>\n<li>dispositivo m\u00e9dico<\/li>\n<li>pH optimizado (para el equilibrio \u00edntimo)<\/li>\n<li>tambi\u00e9n adecuado para placer oral<\/li>\n<li>cristal<\/li>\n<li>vegano (como todos los productos AQUAglide)<\/li>\n<li>en el pr\u00e1ctico dispensador de la bomba para en el camino<\/li>\n<li>Made in Germany<\/li>\n<\/ul>\n","protected":false},"excerpt":{"rendered":"<p>AQUAGLIDE NEUTRAL, 75 ML AQUAglide \u2013 El Original Sum\u00e9rjase en una sensaci\u00f3n abrumadora durante el juego amoroso: El cristalino Original<\/p>\n","protected":false},"featured_media":14708,"comment_status":"open","ping_status":"open","template":"","meta":[],"product_cat":[268],"product_tag":[797,725],"class_list":["post-14707","product","type-product","status-publish","has-post-thumbnail","hentry","product_cat-base-agua-lubricantes-aceites-y-lubricantes","product_tag-aquaglide","product_tag-joydivision"],"bundled_by":[],"bundle_stock_status":"instock","bundle_stock_quantity":25,"bundle_virtual":false,"bundle_layout":"","bundle_add_to_cart_form_location":"","bundle_editable_in_cart":false,"bundle_sold_individually_context":"","bundle_item_grouping":"","bundle_min_size":"","bundle_max_size":"","bundled_items":[],"yoast_head":"<!-- This site is optimized with the Yoast SEO plugin v20.6 - https:\/\/yoast.com\/wordpress\/plugins\/seo\/ -->\n<title>AQUAGLIDE NEUTRAL - LUBRICANTE BASE AGUA 75ML - Tienda Er\u00f3tica<\/title>\n<meta name=\"robots\" content=\"noindex, follow, max-snippet:-1, max-image-preview:large, max-video-preview:-1\" \/>\n<meta property=\"og:locale\" content=\"es_ES\" \/>\n<meta property=\"og:type\" content=\"article\" \/>\n<meta property=\"og:title\" content=\"AQUAGLIDE NEUTRAL - LUBRICANTE BASE AGUA 75ML - Tienda Er\u00f3tica\" \/>\n<meta property=\"og:description\" content=\"AQUAGLIDE NEUTRAL, 75 ML AQUAglide \u2013 El Original Sum\u00e9rjase en una sensaci\u00f3n abrumadora durante el juego amoroso: El cristalino Original\" \/>\n<meta property=\"og:url\" content=\"https:\/\/demoweb.info\/sexshop001\/producto\/aquaglide-neutral-lubricante-base-agua-75ml\/\" \/>\n<meta property=\"og:site_name\" content=\"Tienda Er\u00f3tica\" \/>\n<meta property=\"article:modified_time\" content=\"2022-01-22T09:23:29+00:00\" \/>\n<meta property=\"og:image\" content=\"https:\/\/demoweb.info\/sexshop001\/wp-content\/uploads\/2022\/01\/AQUAGLIDE-NEUTRAL-LUBRICANTE-BASE-AGUA-75ML.jpg\" \/>\n\t<meta property=\"og:image:width\" content=\"550\" \/>\n\t<meta property=\"og:image:height\" content=\"550\" \/>\n\t<meta property=\"og:image:type\" content=\"image\/jpeg\" \/>\n<meta name=\"twitter:card\" content=\"summary_large_image\" \/>\n<meta name=\"twitter:label1\" content=\"Tiempo de lectura\" \/>\n\t<meta name=\"twitter:data1\" content=\"1 minuto\" \/>\n<script type=\"application\/ld+json\" class=\"yoast-schema-graph\">{\"@context\":\"https:\/\/schema.org\",\"@graph\":[{\"@type\":\"WebPage\",\"@id\":\"https:\/\/demoweb.info\/sexshop001\/producto\/aquaglide-neutral-lubricante-base-agua-75ml\/\",\"url\":\"https:\/\/demoweb.info\/sexshop001\/producto\/aquaglide-neutral-lubricante-base-agua-75ml\/\",\"name\":\"AQUAGLIDE NEUTRAL - LUBRICANTE BASE AGUA 75ML - Tienda Er\u00f3tica\",\"isPartOf\":{\"@id\":\"https:\/\/demoweb.info\/sexshop001\/#website\"},\"datePublished\":\"2022-01-22T09:23:18+00:00\",\"dateModified\":\"2022-01-22T09:23:29+00:00\",\"breadcrumb\":{\"@id\":\"https:\/\/demoweb.info\/sexshop001\/producto\/aquaglide-neutral-lubricante-base-agua-75ml\/#breadcrumb\"},\"inLanguage\":\"es\",\"potentialAction\":[{\"@type\":\"ReadAction\",\"target\":[\"https:\/\/demoweb.info\/sexshop001\/producto\/aquaglide-neutral-lubricante-base-agua-75ml\/\"]}]},{\"@type\":\"BreadcrumbList\",\"@id\":\"https:\/\/demoweb.info\/sexshop001\/producto\/aquaglide-neutral-lubricante-base-agua-75ml\/#breadcrumb\",\"itemListElement\":[{\"@type\":\"ListItem\",\"position\":1,\"name\":\"Portada\",\"item\":\"https:\/\/demoweb.info\/sexshop001\/\"},{\"@type\":\"ListItem\",\"position\":2,\"name\":\"Tienda\",\"item\":\"https:\/\/demoweb.info\/sexshop001\/tienda\/\"},{\"@type\":\"ListItem\",\"position\":3,\"name\":\"AQUAGLIDE NEUTRAL &#8211; LUBRICANTE BASE AGUA 75ML\"}]},{\"@type\":\"WebSite\",\"@id\":\"https:\/\/demoweb.info\/sexshop001\/#website\",\"url\":\"https:\/\/demoweb.info\/sexshop001\/\",\"name\":\"Tienda Er\u00f3tica\",\"description\":\"DEMOWEB SL\",\"potentialAction\":[{\"@type\":\"SearchAction\",\"target\":{\"@type\":\"EntryPoint\",\"urlTemplate\":\"https:\/\/demoweb.info\/sexshop001\/?s={search_term_string}\"},\"query-input\":\"required name=search_term_string\"}],\"inLanguage\":\"es\"}]}<\/script>\n<!-- \/ Yoast SEO plugin. -->","yoast_head_json":{"title":"AQUAGLIDE NEUTRAL - LUBRICANTE BASE AGUA 75ML - Tienda Er\u00f3tica","robots":{"index":"noindex","follow":"follow","max-snippet":"max-snippet:-1","max-image-preview":"max-image-preview:large","max-video-preview":"max-video-preview:-1"},"og_locale":"es_ES","og_type":"article","og_title":"AQUAGLIDE NEUTRAL - LUBRICANTE BASE AGUA 75ML - Tienda Er\u00f3tica","og_description":"AQUAGLIDE NEUTRAL, 75 ML AQUAglide \u2013 El Original Sum\u00e9rjase en una sensaci\u00f3n abrumadora durante el juego amoroso: El cristalino Original","og_url":"https:\/\/demoweb.info\/sexshop001\/producto\/aquaglide-neutral-lubricante-base-agua-75ml\/","og_site_name":"Tienda Er\u00f3tica","article_modified_time":"2022-01-22T09:23:29+00:00","og_image":[{"width":550,"height":550,"url":"https:\/\/demoweb.info\/sexshop001\/wp-content\/uploads\/2022\/01\/AQUAGLIDE-NEUTRAL-LUBRICANTE-BASE-AGUA-75ML.jpg","type":"image\/jpeg"}],"twitter_card":"summary_large_image","twitter_misc":{"Tiempo de lectura":"1 minuto"},"schema":{"@context":"https:\/\/schema.org","@graph":[{"@type":"WebPage","@id":"https:\/\/demoweb.info\/sexshop001\/producto\/aquaglide-neutral-lubricante-base-agua-75ml\/","url":"https:\/\/demoweb.info\/sexshop001\/producto\/aquaglide-neutral-lubricante-base-agua-75ml\/","name":"AQUAGLIDE NEUTRAL - LUBRICANTE BASE AGUA 75ML - Tienda Er\u00f3tica","isPartOf":{"@id":"https:\/\/demoweb.info\/sexshop001\/#website"},"datePublished":"2022-01-22T09:23:18+00:00","dateModified":"2022-01-22T09:23:29+00:00","breadcrumb":{"@id":"https:\/\/demoweb.info\/sexshop001\/producto\/aquaglide-neutral-lubricante-base-agua-75ml\/#breadcrumb"},"inLanguage":"es","potentialAction":[{"@type":"ReadAction","target":["https:\/\/demoweb.info\/sexshop001\/producto\/aquaglide-neutral-lubricante-base-agua-75ml\/"]}]},{"@type":"BreadcrumbList","@id":"https:\/\/demoweb.info\/sexshop001\/producto\/aquaglide-neutral-lubricante-base-agua-75ml\/#breadcrumb","itemListElement":[{"@type":"ListItem","position":1,"name":"Portada","item":"https:\/\/demoweb.info\/sexshop001\/"},{"@type":"ListItem","position":2,"name":"Tienda","item":"https:\/\/demoweb.info\/sexshop001\/tienda\/"},{"@type":"ListItem","position":3,"name":"AQUAGLIDE NEUTRAL &#8211; LUBRICANTE BASE AGUA 75ML"}]},{"@type":"WebSite","@id":"https:\/\/demoweb.info\/sexshop001\/#website","url":"https:\/\/demoweb.info\/sexshop001\/","name":"Tienda Er\u00f3tica","description":"DEMOWEB SL","potentialAction":[{"@type":"SearchAction","target":{"@type":"EntryPoint","urlTemplate":"https:\/\/demoweb.info\/sexshop001\/?s={search_term_string}"},"query-input":"required name=search_term_string"}],"inLanguage":"es"}]}},"_links":{"self":[{"href":"https:\/\/demoweb.info\/sexshop001\/wp-json\/wp\/v3\/product\/14707","targetHints":{"allow":["GET"]}}],"collection":[{"href":"https:\/\/demoweb.info\/sexshop001\/wp-json\/wp\/v3\/product"}],"about":[{"href":"https:\/\/demoweb.info\/sexshop001\/wp-json\/wp\/v2\/types\/product"}],"replies":[{"embeddable":true,"href":"https:\/\/demoweb.info\/sexshop001\/wp-json\/wp\/v2\/comments?post=14707"}],"wp:featuredmedia":[{"embeddable":true,"href":"https:\/\/demoweb.info\/sexshop001\/wp-json\/wp\/v2\/media\/14708"}],"wp:attachment":[{"href":"https:\/\/demoweb.info\/sexshop001\/wp-json\/wp\/v2\/media?parent=14707"}],"wp:term":[{"taxonomy":"product_cat","embeddable":true,"href":"https:\/\/demoweb.info\/sexshop001\/wp-json\/wp\/v2\/product_cat?post=14707"},{"taxonomy":"product_tag","embeddable":true,"href":"https:\/\/demoweb.info\/sexshop001\/wp-json\/wp\/v2\/product_tag?post=14707"}],"curies":[{"name":"wp","href":"https:\/\/api.w.org\/{rel}","templated":true}]}}