{"id":14696,"date":"2022-01-22T10:23:18","date_gmt":"2022-01-22T09:23:18","guid":{"rendered":"https:\/\/demoweb.info\/sexshop001\/producto\/aquaglide-massage-glide-lemongrass-200-ml\/"},"modified":"2022-01-22T10:23:24","modified_gmt":"2022-01-22T09:23:24","slug":"aquaglide-massage-glide-lemongrass-200-ml","status":"publish","type":"product","link":"https:\/\/demoweb.info\/sexshop001\/producto\/aquaglide-massage-glide-lemongrass-200-ml\/","title":{"rendered":"AQUAGLIDE MASSAGE + GLIDE LEMONGRASS, 200 ML"},"content":{"rendered":"<p><strong>AQUAGLIDE MASSAGE + GLIDE LEMONGRASS, 200 ML<\/strong><\/p>\n<p>Original AQUAglide Massage + Glide \u2013 el gel lubricante y de masaje 2 in1 m\u00e9dico para experiencias sensuales en todo el cuerpo. Disfruta del fresco y delicado aroma de la hierba de lim\u00f3n id\u00e9ntica a la naturaleza.<\/p>\n<p>La textura delicada ofrece unas propiedades de masaje ideales, es solu&not;ble en agua y tiene un pH optimizado. Para la sequedad vaginal y anal \u2013 tambi\u00e9n con condones de l\u00e1tex \u2013 y diversi\u00f3n con lovetoys (incluso de silicona).<\/p>\n<p>Uso: Aplique la cantidad deseada.<\/p>\n<p>Ingredientes: Vegetable Glycerin, Aqua, Propylenglycol, Isopentyldiol, Inulin, Cellulose Gum, Cellulose, Glucose, Fructose, Carbomer, Xanthan Gum, Sodium Gluconate, Sodium Hydroxide, Aroma, Sodium Levulinate, Sodium Benzoate, Limonene, Citral<\/p>\n<p>Caracter\u00edsticas:<\/p>\n<ul>\n<li>combinaci\u00f3n de masaje a base de agua y gel lubricante<\/li>\n<li>propiedades de masaje ideales<\/li>\n<li>adecuado para la aplicaci\u00f3n en todo el cuerpo<\/li>\n<li>SIN aceite y f\u00e1cilmente lavable<\/li>\n<li>compatible con el cond\u00f3n de l\u00e1tex<\/li>\n<li>con limoncillo id\u00e9ntico a la naturaleza<\/li>\n<li>pH-optimizado (para el equilibrio \u00edntimo)<\/li>\n<li>textura suave y nutritiva<\/li>\n<li>producto m\u00e9dico<\/li>\n<li>probado dermatol\u00f3gicamente<\/li>\n<li>vegano (como todos los productos AQUAglide)<\/li>\n<li>Made in Germany<\/li>\n<\/ul>\n","protected":false},"excerpt":{"rendered":"<p>AQUAGLIDE MASSAGE + GLIDE LEMONGRASS, 200 ML Original AQUAglide Massage + Glide \u2013 el gel lubricante y de masaje 2<\/p>\n","protected":false},"featured_media":14697,"comment_status":"open","ping_status":"open","template":"","meta":[],"product_cat":[268],"product_tag":[797,725],"class_list":["post-14696","product","type-product","status-publish","has-post-thumbnail","hentry","product_cat-base-agua-lubricantes-aceites-y-lubricantes","product_tag-aquaglide","product_tag-joydivision"],"bundled_by":[],"bundle_stock_status":"instock","bundle_stock_quantity":25,"bundle_virtual":false,"bundle_layout":"","bundle_add_to_cart_form_location":"","bundle_editable_in_cart":false,"bundle_sold_individually_context":"","bundle_item_grouping":"","bundle_min_size":"","bundle_max_size":"","bundled_items":[],"yoast_head":"<!-- This site is optimized with the Yoast SEO plugin v20.6 - https:\/\/yoast.com\/wordpress\/plugins\/seo\/ -->\n<title>AQUAGLIDE MASSAGE + GLIDE LEMONGRASS, 200 ML - Tienda Er\u00f3tica<\/title>\n<meta name=\"robots\" content=\"noindex, follow, max-snippet:-1, max-image-preview:large, max-video-preview:-1\" \/>\n<meta property=\"og:locale\" content=\"es_ES\" \/>\n<meta property=\"og:type\" content=\"article\" \/>\n<meta property=\"og:title\" content=\"AQUAGLIDE MASSAGE + GLIDE LEMONGRASS, 200 ML - Tienda Er\u00f3tica\" \/>\n<meta property=\"og:description\" content=\"AQUAGLIDE MASSAGE + GLIDE LEMONGRASS, 200 ML Original AQUAglide Massage + Glide \u2013 el gel lubricante y de masaje 2\" \/>\n<meta property=\"og:url\" content=\"https:\/\/demoweb.info\/sexshop001\/producto\/aquaglide-massage-glide-lemongrass-200-ml\/\" \/>\n<meta property=\"og:site_name\" content=\"Tienda Er\u00f3tica\" \/>\n<meta property=\"article:modified_time\" content=\"2022-01-22T09:23:24+00:00\" \/>\n<meta property=\"og:image\" content=\"https:\/\/demoweb.info\/sexshop001\/wp-content\/uploads\/2022\/01\/AQUAGLIDE-MASSAGE-GLIDE-LEMONGRASS-200-ML.jpg\" \/>\n\t<meta property=\"og:image:width\" content=\"550\" \/>\n\t<meta property=\"og:image:height\" content=\"550\" \/>\n\t<meta property=\"og:image:type\" content=\"image\/jpeg\" \/>\n<meta name=\"twitter:card\" content=\"summary_large_image\" \/>\n<meta name=\"twitter:label1\" content=\"Tiempo de lectura\" \/>\n\t<meta name=\"twitter:data1\" content=\"1 minuto\" \/>\n<script type=\"application\/ld+json\" class=\"yoast-schema-graph\">{\"@context\":\"https:\/\/schema.org\",\"@graph\":[{\"@type\":\"WebPage\",\"@id\":\"https:\/\/demoweb.info\/sexshop001\/producto\/aquaglide-massage-glide-lemongrass-200-ml\/\",\"url\":\"https:\/\/demoweb.info\/sexshop001\/producto\/aquaglide-massage-glide-lemongrass-200-ml\/\",\"name\":\"AQUAGLIDE MASSAGE + GLIDE LEMONGRASS, 200 ML - Tienda Er\u00f3tica\",\"isPartOf\":{\"@id\":\"https:\/\/demoweb.info\/sexshop001\/#website\"},\"datePublished\":\"2022-01-22T09:23:18+00:00\",\"dateModified\":\"2022-01-22T09:23:24+00:00\",\"breadcrumb\":{\"@id\":\"https:\/\/demoweb.info\/sexshop001\/producto\/aquaglide-massage-glide-lemongrass-200-ml\/#breadcrumb\"},\"inLanguage\":\"es\",\"potentialAction\":[{\"@type\":\"ReadAction\",\"target\":[\"https:\/\/demoweb.info\/sexshop001\/producto\/aquaglide-massage-glide-lemongrass-200-ml\/\"]}]},{\"@type\":\"BreadcrumbList\",\"@id\":\"https:\/\/demoweb.info\/sexshop001\/producto\/aquaglide-massage-glide-lemongrass-200-ml\/#breadcrumb\",\"itemListElement\":[{\"@type\":\"ListItem\",\"position\":1,\"name\":\"Portada\",\"item\":\"https:\/\/demoweb.info\/sexshop001\/\"},{\"@type\":\"ListItem\",\"position\":2,\"name\":\"Tienda\",\"item\":\"https:\/\/demoweb.info\/sexshop001\/tienda\/\"},{\"@type\":\"ListItem\",\"position\":3,\"name\":\"AQUAGLIDE MASSAGE + GLIDE LEMONGRASS, 200 ML\"}]},{\"@type\":\"WebSite\",\"@id\":\"https:\/\/demoweb.info\/sexshop001\/#website\",\"url\":\"https:\/\/demoweb.info\/sexshop001\/\",\"name\":\"Tienda Er\u00f3tica\",\"description\":\"DEMOWEB SL\",\"potentialAction\":[{\"@type\":\"SearchAction\",\"target\":{\"@type\":\"EntryPoint\",\"urlTemplate\":\"https:\/\/demoweb.info\/sexshop001\/?s={search_term_string}\"},\"query-input\":\"required name=search_term_string\"}],\"inLanguage\":\"es\"}]}<\/script>\n<!-- \/ Yoast SEO plugin. -->","yoast_head_json":{"title":"AQUAGLIDE MASSAGE + GLIDE LEMONGRASS, 200 ML - Tienda Er\u00f3tica","robots":{"index":"noindex","follow":"follow","max-snippet":"max-snippet:-1","max-image-preview":"max-image-preview:large","max-video-preview":"max-video-preview:-1"},"og_locale":"es_ES","og_type":"article","og_title":"AQUAGLIDE MASSAGE + GLIDE LEMONGRASS, 200 ML - Tienda Er\u00f3tica","og_description":"AQUAGLIDE MASSAGE + GLIDE LEMONGRASS, 200 ML Original AQUAglide Massage + Glide \u2013 el gel lubricante y de masaje 2","og_url":"https:\/\/demoweb.info\/sexshop001\/producto\/aquaglide-massage-glide-lemongrass-200-ml\/","og_site_name":"Tienda Er\u00f3tica","article_modified_time":"2022-01-22T09:23:24+00:00","og_image":[{"width":550,"height":550,"url":"https:\/\/demoweb.info\/sexshop001\/wp-content\/uploads\/2022\/01\/AQUAGLIDE-MASSAGE-GLIDE-LEMONGRASS-200-ML.jpg","type":"image\/jpeg"}],"twitter_card":"summary_large_image","twitter_misc":{"Tiempo de lectura":"1 minuto"},"schema":{"@context":"https:\/\/schema.org","@graph":[{"@type":"WebPage","@id":"https:\/\/demoweb.info\/sexshop001\/producto\/aquaglide-massage-glide-lemongrass-200-ml\/","url":"https:\/\/demoweb.info\/sexshop001\/producto\/aquaglide-massage-glide-lemongrass-200-ml\/","name":"AQUAGLIDE MASSAGE + GLIDE LEMONGRASS, 200 ML - Tienda Er\u00f3tica","isPartOf":{"@id":"https:\/\/demoweb.info\/sexshop001\/#website"},"datePublished":"2022-01-22T09:23:18+00:00","dateModified":"2022-01-22T09:23:24+00:00","breadcrumb":{"@id":"https:\/\/demoweb.info\/sexshop001\/producto\/aquaglide-massage-glide-lemongrass-200-ml\/#breadcrumb"},"inLanguage":"es","potentialAction":[{"@type":"ReadAction","target":["https:\/\/demoweb.info\/sexshop001\/producto\/aquaglide-massage-glide-lemongrass-200-ml\/"]}]},{"@type":"BreadcrumbList","@id":"https:\/\/demoweb.info\/sexshop001\/producto\/aquaglide-massage-glide-lemongrass-200-ml\/#breadcrumb","itemListElement":[{"@type":"ListItem","position":1,"name":"Portada","item":"https:\/\/demoweb.info\/sexshop001\/"},{"@type":"ListItem","position":2,"name":"Tienda","item":"https:\/\/demoweb.info\/sexshop001\/tienda\/"},{"@type":"ListItem","position":3,"name":"AQUAGLIDE MASSAGE + GLIDE LEMONGRASS, 200 ML"}]},{"@type":"WebSite","@id":"https:\/\/demoweb.info\/sexshop001\/#website","url":"https:\/\/demoweb.info\/sexshop001\/","name":"Tienda Er\u00f3tica","description":"DEMOWEB SL","potentialAction":[{"@type":"SearchAction","target":{"@type":"EntryPoint","urlTemplate":"https:\/\/demoweb.info\/sexshop001\/?s={search_term_string}"},"query-input":"required name=search_term_string"}],"inLanguage":"es"}]}},"_links":{"self":[{"href":"https:\/\/demoweb.info\/sexshop001\/wp-json\/wp\/v3\/product\/14696","targetHints":{"allow":["GET"]}}],"collection":[{"href":"https:\/\/demoweb.info\/sexshop001\/wp-json\/wp\/v3\/product"}],"about":[{"href":"https:\/\/demoweb.info\/sexshop001\/wp-json\/wp\/v2\/types\/product"}],"replies":[{"embeddable":true,"href":"https:\/\/demoweb.info\/sexshop001\/wp-json\/wp\/v2\/comments?post=14696"}],"wp:featuredmedia":[{"embeddable":true,"href":"https:\/\/demoweb.info\/sexshop001\/wp-json\/wp\/v2\/media\/14697"}],"wp:attachment":[{"href":"https:\/\/demoweb.info\/sexshop001\/wp-json\/wp\/v2\/media?parent=14696"}],"wp:term":[{"taxonomy":"product_cat","embeddable":true,"href":"https:\/\/demoweb.info\/sexshop001\/wp-json\/wp\/v2\/product_cat?post=14696"},{"taxonomy":"product_tag","embeddable":true,"href":"https:\/\/demoweb.info\/sexshop001\/wp-json\/wp\/v2\/product_tag?post=14696"}],"curies":[{"name":"wp","href":"https:\/\/api.w.org\/{rel}","templated":true}]}}